{"id":35605,"date":"2026-02-26T21:02:20","date_gmt":"2026-02-26T21:02:20","guid":{"rendered":"https:\/\/comprasyconsejos.store\/product\/gana-hdmi-switch-3-inputs-1-output-switch-hdmi-splitter-supports-full-hd-1080p-3d-duplicator-h-dmi-thief-for-hdtv-xbox-ps3-ps4-apple-tv-fire-stick-blu-ray-dvd-player\/"},"modified":"2026-02-26T21:02:23","modified_gmt":"2026-02-26T21:02:23","slug":"gana-hdmi-switch-3-inputs-1-output-switch-hdmi-splitter-supports-full-hd-1080p-3d-duplicator-h-dmi-thief-for-hdtv-xbox-ps3-ps4-apple-tv-fire-stick-blu-ray-dvd-player","status":"publish","type":"product","link":"https:\/\/comprasyconsejos.store\/en\/product\/gana-hdmi-switch-3-inputs-1-output-switch-hdmi-splitter-supports-full-hd-1080p-3d-duplicator-h-dmi-thief-for-hdtv-xbox-ps3-ps4-apple-tv-fire-stick-blu-ray-dvd-player\/","title":{"rendered":"GANA HDMI Switch, 3 Inputs 1 Output Switch HDMI Splitter Supports Full HD 1080p 3D Duplicator H-dmi Thief for HDTV\/Xbox\/PS3\/PS4\/Apple TV\/Fire Stick\/BLU-Ray DVD-Player"},"content":{"rendered":"<p>Price: <span style=\"color:#b12704\">\u20ac12.99<\/span><br \/><i><small>(as of Feb 26, 2026 21:02:20 UTC &#8211; <span class=\"wp_automatic_amazon_disclaimer\" title=\"Product prices and availability are accurate as of the date\/time indicated and are subject to change. Any price and availability information displayed on [relevant Amazon Site(s), as applicable] at the time of purchase will apply to the purchase of this product.\">Details<\/span>)<\/small><\/i><\/p>\n<p><a href=\"https:\/\/amazon.es\/dp\/B075R2DFJ1?tag=man008-21\"><img decoding=\"async\" src=\"https:\/\/valvepress.s3.amazonaws.com\/imgs\/buy_now.png\"><\/a><br \/>\n<\/p>\n<p>                                             Product Description   <\/p>\n<p>                                                         <img decoding=\"async\" alt=\"el logo de la empresa ela\" src=\"https:\/\/images-na.ssl-images-amazon.com\/images\/G\/01\/x-locale\/common\/grey-pixel.gif\" class=\"a-lazy-loaded\" data-src=\"https:\/\/m.media-amazon.com\/images\/S\/aplus-media-library-service-media\/490d9244-e918-4271-8241-d5a6c9702799.__CR0,0,600,180_PT0_SX600_V1___.jpg\"><img decoding=\"async\" alt=\"el logo de la empresa ela\" src=\"https:\/\/m.media-amazon.com\/images\/S\/aplus-media-library-service-media\/490d9244-e918-4271-8241-d5a6c9702799.__CR0,0,600,180_PT0_SX600_V1___.jpg\">      <\/p>\n<p>                                                                             <img decoding=\"async\" alt=\"2\" src=\"https:\/\/images-na.ssl-images-amazon.com\/images\/G\/01\/x-locale\/common\/grey-pixel.gif\" class=\"a-spacing-base a-lazy-loaded\" data-src=\"https:\/\/m.media-amazon.com\/images\/S\/aplus-media-library-service-media\/5fbcdc03-097d-4845-8657-52b8a79e13ce.__CR0,0,970,600_PT0_SX970_V1___.jpg\"><img decoding=\"async\" alt=\"2\" src=\"https:\/\/m.media-amazon.com\/images\/S\/aplus-media-library-service-media\/5fbcdc03-097d-4845-8657-52b8a79e13ce.__CR0,0,970,600_PT0_SX970_V1___.jpg\">                                         <\/p>\n<h3 class=\"a-spacing-mini\">  GANA HDMI Switch 3 Entradas 1 Salida <\/h3>\n<p class=\"a-spacing-base\">\n<p>Este HDMI switch puede conectar 3 dispositivos de fuentes HDMI al TV \/ proyector\/monitor simultaneamente, aumenta m\u00e1s puerto HDMI a tu TV.El TV solo puede mostrar un video de dispositivo a la vez, puede cambiar entre 3 dispositivos con un bot\u00f3n para mostrar el dispositivo que desea ver.Plug y play, obtiene corriente de los dispositivos conectados, no necesita adaptador de corriente ni software de controlador.Se lleva con cable de salida HDMI, ahorra tu dinero.     <\/p>\n<p>                                                                             <img decoding=\"async\" alt=\"3\" src=\"https:\/\/images-na.ssl-images-amazon.com\/images\/G\/01\/x-locale\/common\/grey-pixel.gif\" class=\"a-spacing-base a-lazy-loaded\" data-src=\"https:\/\/m.media-amazon.com\/images\/S\/aplus-media-library-service-media\/0ccc841a-e3e5-45cc-a4b1-4d57096580da.__CR0,0,970,600_PT0_SX970_V1___.jpg\"><img decoding=\"async\" alt=\"3\" src=\"https:\/\/m.media-amazon.com\/images\/S\/aplus-media-library-service-media\/0ccc841a-e3e5-45cc-a4b1-4d57096580da.__CR0,0,970,600_PT0_SX970_V1___.jpg\">                                         <\/p>\n<h3 class=\"a-spacing-mini\"> Especificaciones <\/h3>\n<p class=\"a-spacing-base\">\n<p>3 entradas HDMI  y 1 salida HDMI.Admite una resoluci\u00f3n de hasta 1080P@60 Hz con compatibilidad con versiones anteriores con una resoluci\u00f3n m\u00e1s baja.Admite color profundo de 12 bits por canal.Admite dispositivos 3D.Admite 3 Gbps\/30 Hz por canal.Admite audio comprimido como DTS Digital, Dolby Digital.Plug and Play, no se necesita alimentaci\u00f3n externa.     <\/p>\n<p>                                                                             <img decoding=\"async\" alt=\"4\" src=\"https:\/\/images-na.ssl-images-amazon.com\/images\/G\/01\/x-locale\/common\/grey-pixel.gif\" class=\"a-spacing-base a-lazy-loaded\" data-src=\"https:\/\/m.media-amazon.com\/images\/S\/aplus-media-library-service-media\/7ed2f5b3-4392-4482-a8c8-2ce30c9a126c.__CR0,0,970,600_PT0_SX970_V1___.jpg\"><img decoding=\"async\" alt=\"4\" src=\"https:\/\/m.media-amazon.com\/images\/S\/aplus-media-library-service-media\/7ed2f5b3-4392-4482-a8c8-2ce30c9a126c.__CR0,0,970,600_PT0_SX970_V1___.jpg\">                                         <\/p>\n<h3 class=\"a-spacing-mini\"> Consejos de uso: <\/h3>\n<p class=\"a-spacing-base\">\n<p>Este hdmi switch no puede conectar a 2 o m\u00e1s TV \/ monitores, no es 1 entrada 3 salidas.Para algunos dispositivos, el Switch HDMI puede no funcionar cuando solo un dispositivo de entrada est\u00e1 encendido debido a la corriente insuficiente. En este caso, enciende 2 o 3 dispositivos de entrada para probar.Se recomienda utilizar el cable HDMI dentro de 2M para obtener el mejor.     <\/p>\n<p class=\"apm-text-center\">\n                                                      <img decoding=\"async\" alt=\"un primer plano de un cable usb\" src=\"https:\/\/images-na.ssl-images-amazon.com\/images\/G\/01\/x-locale\/common\/grey-pixel.gif\" class=\"a-spacing-mini a-lazy-loaded\" data-src=\"https:\/\/m.media-amazon.com\/images\/S\/aplus-media-library-service-media\/0a57b309-117c-4178-ab9d-3006bdceac0b.__CR0,0,300,300_PT0_SX300_V1___.jpg\"><img decoding=\"async\" alt=\"un primer plano de un cable usb\" src=\"https:\/\/m.media-amazon.com\/images\/S\/aplus-media-library-service-media\/0a57b309-117c-4178-ab9d-3006bdceac0b.__CR0,0,300,300_PT0_SX300_V1___.jpg\">  <\/p>\n<p>                                                    Cambio manual                                       <\/p>\n<p>Cambia libremente los dispositivos de entrada por un bot\u00f3n sin enchufar y desenchufar.     <\/p>\n<p class=\"apm-text-center\">\n                                                      <img decoding=\"async\" alt=\"6\" src=\"https:\/\/images-na.ssl-images-amazon.com\/images\/G\/01\/x-locale\/common\/grey-pixel.gif\" class=\"a-spacing-mini a-lazy-loaded\" data-src=\"https:\/\/m.media-amazon.com\/images\/S\/aplus-media-library-service-media\/b668f5d2-1019-4233-8555-e18457abce05.__CR0,0,300,300_PT0_SX300_V1___.jpg\"><img decoding=\"async\" alt=\"6\" src=\"https:\/\/m.media-amazon.com\/images\/S\/aplus-media-library-service-media\/b668f5d2-1019-4233-8555-e18457abce05.__CR0,0,300,300_PT0_SX300_V1___.jpg\">  <\/p>\n<p>                                                    Amplia compatibilidad                                       <\/p>\n<p>Entrada HDMI: MacBook, XBOX, PS3\/4\/5, Ninten Wii U, FireStick, SKY-STB, TiVo, Vizio, SKY- STB, Sony, Roku, DVD, Blue-Ray, Amplificador, Host PC, Laptop PC, videoc\u00e1mara, receptor SAT, c\u00e1mara digital, etc.Salida HDMI: Adecuado para todo monitor\/TV\/proyector con interfaces HDMI     <\/p>\n<p class=\"apm-text-center\">\n                                                      <img decoding=\"async\" alt=\"el mejor cable USB para tu smartphone\" src=\"https:\/\/images-na.ssl-images-amazon.com\/images\/G\/01\/x-locale\/common\/grey-pixel.gif\" class=\"a-spacing-mini a-lazy-loaded\" data-src=\"https:\/\/m.media-amazon.com\/images\/S\/aplus-media-library-service-media\/6d89b71a-859d-4fa8-9a4e-4d43c808da98.__CR0,0,300,300_PT0_SX300_V1___.jpg\"><img decoding=\"async\" alt=\"el mejor cable USB para tu smartphone\" src=\"https:\/\/m.media-amazon.com\/images\/S\/aplus-media-library-service-media\/6d89b71a-859d-4fa8-9a4e-4d43c808da98.__CR0,0,300,300_PT0_SX300_V1___.jpg\">  <\/p>\n<p>                                                    Tama\u00f1o compacto                                       <\/p>\n<p>Longitud total\uff1a55.8cmAncho\uff1a8cm     <\/p>\n<p>                                                                             <img decoding=\"async\" alt=\"8\" src=\"https:\/\/images-na.ssl-images-amazon.com\/images\/G\/01\/x-locale\/common\/grey-pixel.gif\" class=\"a-spacing-base a-lazy-loaded\" data-src=\"https:\/\/m.media-amazon.com\/images\/S\/aplus-media-library-service-media\/f02163a4-3913-449f-a8f6-b4a13f087e65.__CR0,0,970,600_PT0_SX970_V1___.jpg\"><img decoding=\"async\" alt=\"8\" src=\"https:\/\/m.media-amazon.com\/images\/S\/aplus-media-library-service-media\/f02163a4-3913-449f-a8f6-b4a13f087e65.__CR0,0,970,600_PT0_SX970_V1___.jpg\">                                                                    <\/p>\n<p>                         Add To Basket  <\/p>\n<p>                         Add To Basket  <\/p>\n<p>                         Add To Basket  <\/p>\n<p>                             Customer Reviews  <\/p>\n<p>                    4.2 out of 5 stars  63,152  <\/p>\n<p>                    4.2 out of 5 stars  63,152  <\/p>\n<p>                    4.3 out of 5 stars  54,108  <\/p>\n<p>                             Price  <\/p>\n<p>                                    \u20ac12.99\u20ac12.99                  \u20ac13.99\u20ac13.99                  \u20ac10.98\u20ac10.98                 <\/p>\n<p>                             Resoluci\u00f3n M\u00e1xima<br \/>\n                                1080p@60Hz                 4K@30Hz                4K@60Hz                  <\/p>\n<p>                             Usado como<br \/>\n                                HDMI Switch                HDMI Switch                HDMI Switch y HDMI Splitter                  <\/p>\n<p>                              M\u00e9todo de cambio<br \/>\n                                Bot\u00f3n                Bot\u00f3n                Bot\u00f3n                  <\/p>\n<p>                             Material<br \/>\n                                ABS                ABS                Aluminio                  <\/p>\n<p> Is discontinued by manufacturer                                            \u200f                                            :                                            \u200e                                            No   <br \/> Product Dimensions                                            \u200f                                            :                                            \u200e                                            8.2 x 5.33 x 1.75 cm; 81 g   <br \/> Manufacturer                                            \u200f                                            :                                            \u200e                                            GANA   <br \/> ASIN                                            \u200f                                            :                                            \u200e                                            B075R2DFJ1   <br \/> Item model number                                            \u200f                                            :                                            \u200e                                            HS-PT-1080P   <br \/> Country\/Region of Origin                                            \u200f                                            :                                            \u200e                                            China   <br \/> Guaranteed software updates until                                            \u200f                                            :                                            \u200e                                            unknown   <br \/>  Customer reviews:                                                                                            4.2               4.2 out of 5 stars                                  (63,152)                                              var dpAcrHasRegisteredArcLinkClickAction;                    P.when(&#8216;A&#8217;, &#8216;ready&#8217;).execute(function(A) {                        if (dpAcrHasRegisteredArcLinkClickAction !== true) {                            dpAcrHasRegisteredArcLinkClickAction = true;                            A.declarative(                                &#8216;acrLink-click-metrics&#8217;, &#8216;click&#8217;,                                { \u00aballowLinkDefault\u00bb: true },                                function (event) {                                    if (window.ue) {                                        ue.count(\u00abacrLinkClickCount\u00bb, (ue.count(\u00abacrLinkClickCount\u00bb) || 0) + 1);                                    }                                }                            );                        }                    });                                             P.when(&#8216;A&#8217;, &#8216;cf&#8217;).execute(function(A) {                A.declarative(&#8216;acrStarsLink-click-metrics&#8217;, &#8216;click&#8217;, { \u00aballowLinkDefault\u00bb : true },  function(event){                    if(window.ue) {                        ue.count(\u00abacrStarsLinkWithPopoverClickCount\u00bb, (ue.count(\u00abacrStarsLinkWithPopoverClickCount\u00bb) || 0) + 1);                    }                });            });                          <\/p>\n<p>1080P RESOLUTION COMPATIBLE &#8211; This HDMI switch supports HDTV deep color, 1080P resolution (1920x1080P) and 3D video.<br \/>3 PORT HDMI SWITCH &#8211; 3 HDMI ports in and 1 HDMI output for various HDMI devices. 3 HDMI source devices to manually connect and select to play, to avoid constantly plugging and unplugging.<br \/>PLUG AND PLAY &#8211; No additional power required. The HDMI switch will automatically get power from source devices via HDMI ports.<br \/>GOLD PLATED HDMI IN AND OUT &#8211; 24k gold-plated connector resists corrosion, reduces tarnishing and increases transmission performance.<br \/>HD AUDIO AND HDCP COMPLIANT &#8211; Audio formats: LPCM, DOLBY AC3, DTS7.1, Direct Stream Digital. No audio or video distortion, no delay in signal transmission.<\/p>\n\n","protected":false},"excerpt":{"rendered":"<p> Product Description GANA HDMI Switch 3 Entradas 1 Salida Este HDMI switch puede conectar 3<\/p>","protected":false},"featured_media":35606,"comment_status":"open","ping_status":"closed","template":"","meta":[],"product_brand":[],"product_cat":[69],"product_tag":[705,2047,2044,8869,10122,560,10117,544,2052,2037,10119,447,2054,2046,1259,2049,2252,10121,1085,1062,10118,10120,2050,2042,2040],"class_list":{"0":"post-35605","1":"product","2":"type-product","3":"status-publish","4":"has-post-thumbnail","6":"product_cat-cables-adapters","7":"product_tag-1080p","8":"product_tag-charging-cable","9":"product_tag-displayport-cable","10":"product_tag-duplicator","11":"product_tag-dvdplayer","12":"product_tag-full","13":"product_tag-gana","14":"product_tag-hdmi","15":"product_tag-hdmi-adapter","16":"product_tag-hdmi-cable","17":"product_tag-hdtvxboxps3ps4apple","18":"product_tag-inputs","19":"product_tag-multiport-adapter","20":"product_tag-network-cable","21":"product_tag-output","22":"product_tag-power-cable","23":"product_tag-splitter","24":"product_tag-stickbluray","25":"product_tag-supports","26":"product_tag-switch","27":"product_tag-thief","28":"product_tag-tvfire","29":"product_tag-usb-adapter","30":"product_tag-usb-c-cable","31":"product_tag-usb-cable","33":"first","34":"instock","35":"shipping-taxable","36":"product-type-external"},"_links":{"self":[{"href":"https:\/\/comprasyconsejos.store\/en\/wp-json\/wp\/v2\/product\/35605","targetHints":{"allow":["GET"]}}],"collection":[{"href":"https:\/\/comprasyconsejos.store\/en\/wp-json\/wp\/v2\/product"}],"about":[{"href":"https:\/\/comprasyconsejos.store\/en\/wp-json\/wp\/v2\/types\/product"}],"replies":[{"embeddable":true,"href":"https:\/\/comprasyconsejos.store\/en\/wp-json\/wp\/v2\/comments?post=35605"}],"version-history":[{"count":0,"href":"https:\/\/comprasyconsejos.store\/en\/wp-json\/wp\/v2\/product\/35605\/revisions"}],"wp:featuredmedia":[{"embeddable":true,"href":"https:\/\/comprasyconsejos.store\/en\/wp-json\/wp\/v2\/media\/35606"}],"wp:attachment":[{"href":"https:\/\/comprasyconsejos.store\/en\/wp-json\/wp\/v2\/media?parent=35605"}],"wp:term":[{"taxonomy":"product_brand","embeddable":true,"href":"https:\/\/comprasyconsejos.store\/en\/wp-json\/wp\/v2\/product_brand?post=35605"},{"taxonomy":"product_cat","embeddable":true,"href":"https:\/\/comprasyconsejos.store\/en\/wp-json\/wp\/v2\/product_cat?post=35605"},{"taxonomy":"product_tag","embeddable":true,"href":"https:\/\/comprasyconsejos.store\/en\/wp-json\/wp\/v2\/product_tag?post=35605"}],"curies":[{"name":"wp","href":"https:\/\/api.w.org\/{rel}","templated":true}]}}