{"id":35611,"date":"2026-02-26T21:03:05","date_gmt":"2026-02-26T21:03:05","guid":{"rendered":"https:\/\/comprasyconsejos.store\/product\/inverboost-heat-evi-10-kw-monoblock-air-water-heat-pump-single-phase-with-single-fan-energy-class-a-heating-cooling-and-sanitary-hot-water\/"},"modified":"2026-02-26T21:03:09","modified_gmt":"2026-02-26T21:03:09","slug":"inverboost-heat-evi-10-kw-monoblock-air-water-heat-pump-single-phase-with-single-fan-energy-class-a-heating-cooling-and-sanitary-hot-water","status":"publish","type":"product","link":"https:\/\/comprasyconsejos.store\/en\/product\/inverboost-heat-evi-10-kw-monoblock-air-water-heat-pump-single-phase-with-single-fan-energy-class-a-heating-cooling-and-sanitary-hot-water\/","title":{"rendered":"INVERBOOST HEAT EVI 10 kW Monoblock Air-Water Heat Pump, Single Phase with Single Fan, Energy Class A+++, Heating, Cooling and Sanitary Hot Water"},"content":{"rendered":"<p>Price: <span style=\"color:#b12704\">\u20ac2,449.00<\/span><br \/><i><small>(as of Feb 26, 2026 21:03:05 UTC &#8211; <span class=\"wp_automatic_amazon_disclaimer\" title=\"Product prices and availability are accurate as of the date\/time indicated and are subject to change. Any price and availability information displayed on [relevant Amazon Site(s), as applicable] at the time of purchase will apply to the purchase of this product.\">Details<\/span>)<\/small><\/i><\/p>\n<p><a href=\"https:\/\/amazon.es\/dp\/B0F6D185S9?tag=man008-21\"><img decoding=\"async\" src=\"https:\/\/valvepress.s3.amazonaws.com\/imgs\/buy_now.png\"><\/a><br \/>\n<\/p>\n<p>                                             Product Description   <\/p>\n<p>The video showcases the product in use.The video guides you through product setup.The video compares multiple products.The video shows the product being unpacked. ALSAVO INVERBOOST CLASSIC R32 Merchant video<\/p>\n<p>                                                                                                                                                                                                             <img decoding=\"async\" alt=\"aplus content image\" src=\"https:\/\/m.media-amazon.com\/images\/S\/aplus-media-library-service-media\/27825426-9db4-42f3-a03f-9ee4e36eb698.__CR0,0,800,600_PT0_SX800_V1___.jpg\">                                                                                Poder al servicio del confort    <\/p>\n<p class=\"aplus-p2\"> La serie INVERBOOST CLASSIC ha sido desarrollada para ofrecer soluciones de calefacci\u00f3n, refrigeraci\u00f3n y agua caliente para viviendas unifamiliares, apartamentos, oficinas y piscinas. <\/p>\n<p class=\"aplus-p2\"> Gracias a la tecnolog\u00eda Full-Inverter de ZEALUX, estas bombas de calor ofrecen un funcionamiento extremadamente silencioso, m\u00e1xima eficiencia energ\u00e9tica (Clase A+++) y una mayor durabilidad. <\/p>\n<p>                                                              <img decoding=\"async\" alt=\"Vista en secci\u00f3n transversal de una unidad de aire acondicionado exterior que muestra los componentes internos, incluidos el ventilador, las bobinas y las piezas mec\u00e1nicas con elementos iluminados en azul.\" src=\"https:\/\/m.media-amazon.com\/images\/S\/aplus-media-library-service-media\/1a3d1f84-b6ef-49bd-b722-689b044c3541.__CR0,0,800,600_PT0_SX800_V1___.jpg\">                                                                                Bombas de calor Alsavo: calefacci\u00f3n eficiente para inviernos fr\u00edos    <\/p>\n<p class=\"aplus-p2\"> Dise\u00f1o fiable y moderno Tornillos ocultos para un aspecto elegante y un mantenimiento sencillo. <\/p>\n<p class=\"aplus-p2\"> Con certificaci\u00f3n A+++ \u2013 M\u00e1xima eficiencia energ\u00e9tica. Ahorro de energ\u00eda notable y reducci\u00f3n significativa de costos. <\/p>\n<p>                                                                                  <img decoding=\"async\" alt=\"Peque\u00f1a fila horizontal de iconos minimalistas en naranja y gris, que parecen representar diferentes categor\u00edas de servicios o funciones. Los iconos incluyen formas en forma de nube y figuras humanas simplificadas.\" src=\"https:\/\/m.media-amazon.com\/images\/S\/aplus-media-library-service-media\/a24dfe23-7d03-419d-bc8b-612a86eec2aa.__CR0,0,3000,1230_PT0_SX1464_V1___.jpg\">       <\/p>\n<p>                                                                                  <img decoding=\"async\" alt=\"aplus content image\" src=\"https:\/\/m.media-amazon.com\/images\/S\/aplus-media-library-service-media\/6df33254-12c9-4969-867b-824eb48155d8.__CR0,0,3000,1230_PT0_SX1464_V1___.jpg\">       <\/p>\n<p>                                                                                  <img decoding=\"async\" alt=\"aplus content image\" src=\"https:\/\/m.media-amazon.com\/images\/S\/aplus-media-library-service-media\/2d68a6ab-388c-4cdc-97e8-a8f718916d1a.__CR0,0,3000,1230_PT0_SX1464_V1___.jpg\">       <\/p>\n<p>                                                                                  <img decoding=\"async\" alt=\"Fila de iconos de plataformas de software o tecnolog\u00eda que incluyen logotipos de empresas de tecnolog\u00eda y redes sociales dispuestos horizontalmente.\" src=\"https:\/\/m.media-amazon.com\/images\/S\/aplus-media-library-service-media\/faf595a0-ae70-485b-a999-7bf209fe15b5.__CR0,0,3000,1230_PT0_SX1464_V1___.jpg\">       <\/p>\n<p>                                                                                  <img decoding=\"async\" alt=\"aplus content image\" src=\"https:\/\/m.media-amazon.com\/images\/S\/aplus-media-library-service-media\/7c47710d-8a91-443c-ba37-f0c7475fab66.__CR0,0,2500,1025_PT0_SX1464_V1___.jpg\">       <\/p>\n<p>                                                                                  <img decoding=\"async\" alt=\"aplus content image\" src=\"https:\/\/m.media-amazon.com\/images\/S\/aplus-media-library-service-media\/f12fc57c-e34a-48a7-ad19-efd058001500.__CR0,0,3000,1230_PT0_SX1464_V1___.jpg\">       <\/p>\n<p>                                                                                  <img decoding=\"async\" alt=\"Diagrama de flujo o mapa mental complejo con varios iconos y nodos de texto de color naranja y azul conectados que muestran varias relaciones comerciales o de procesos.\" src=\"https:\/\/m.media-amazon.com\/images\/S\/aplus-media-library-service-media\/8637d1ce-5b0b-49bf-b257-f1cc1b5fce21.__CR0,0,3000,1230_PT0_SX1464_V1___.jpg\">       <\/p>\n<p>                                                                                  <img decoding=\"async\" alt=\"Serie de pantallas de interfaz de aplicaciones que muestran los pasos del proceso de pedido con iconos e indicadores de estado. Visualizaci\u00f3n del progreso desde la colocaci\u00f3n del pedido hasta su finalizaci\u00f3n.\" src=\"https:\/\/m.media-amazon.com\/images\/S\/aplus-media-library-service-media\/33e52225-3e71-4621-b461-7b9b068c6508.__CR0,0,3000,1230_PT0_SX1464_V1___.jpg\">       <\/p>\n<p>                                                                                  <img decoding=\"async\" alt=\"Fila de iconos con texto adjunto que describe las caracter\u00edsticas y beneficios del producto, presentados en un estilo de dise\u00f1o limpio y minimalista.\" src=\"https:\/\/m.media-amazon.com\/images\/S\/aplus-media-library-service-media\/fbe3889e-28a3-4704-aa33-5727ea34a1f0.__CR0,0,3000,1230_PT0_SX1464_V1___.jpg\">       <\/p>\n<p>                                                                                  <img decoding=\"async\" alt=\"aplus content image\" src=\"https:\/\/m.media-amazon.com\/images\/S\/aplus-media-library-service-media\/a9eafeab-f935-45b1-ba3a-1b4ac0315449.__CR0,0,3000,1230_PT0_SX1464_V1___.jpg\">       <\/p>\n<p>                                                                                  <img decoding=\"async\" alt=\"aplus content image\" src=\"https:\/\/m.media-amazon.com\/images\/S\/aplus-media-library-service-media\/a6f6c717-746c-456d-9002-2c7d66a92657.__CR0,0,3000,1230_PT0_SX1464_V1___.jpg\">       <\/p>\n<p>                                                                <img decoding=\"async\" alt=\"El texto dice \u00abSG\u00bb, \u00abPV\u00bb, \u00abListo\u00bb. Vista panor\u00e1mica de una instalaci\u00f3n de energ\u00eda renovable que combina paneles solares y turbinas e\u00f3licas contra un cielo azul con c\u00e9sped verde en primer plano.\" src=\"https:\/\/images-na.ssl-images-amazon.com\/images\/G\/01\/x-locale\/common\/grey-pixel.gif\" class=\"a-lazy-loaded\" data-src=\"https:\/\/m.media-amazon.com\/images\/S\/aplus-media-library-service-media\/09cc6cca-50ef-460e-abe4-805b3153f132.__CR0,0,800,600_PT0_SX800_V1___.jpg\"><img decoding=\"async\" alt=\"El texto dice \u00abSG\u00bb, \u00abPV\u00bb, \u00abListo\u00bb. Vista panor\u00e1mica de una instalaci\u00f3n de energ\u00eda renovable que combina paneles solares y turbinas e\u00f3licas contra un cielo azul con c\u00e9sped verde en primer plano.\" src=\"https:\/\/m.media-amazon.com\/images\/S\/aplus-media-library-service-media\/09cc6cca-50ef-460e-abe4-805b3153f132.__CR0,0,800,600_PT0_SX800_V1___.jpg\">                                                                          <\/p>\n<h3 class=\"aplus-h1 aplus-module-1-heading a-text-bold\"> Alsavo \u2013 Sistemas de calefacci\u00f3n para energ\u00eda limpia <\/h3>\n<p class=\"aplus-p2 aplus-module-1-description\"> La bomba de calor Alsavo puede utilizar se\u00f1ales SG-Ready, as\u00ed como se\u00f1ales de la red el\u00e9ctrica de la instalaci\u00f3n fotovoltaica dom\u00e9stica, lo que le permite responder de forma inteligente a la electricidad de la red o a la energ\u00eda solar autoproducida. <\/p>\n<p class=\"aplus-p2 aplus-module-1-description\"> Gracias a este control inteligente de las se\u00f1ales, se aumenta la eficiencia energ\u00e9tica, se utiliza de forma \u00f3ptima la energ\u00eda limpia y se proporciona un rendimiento de calefacci\u00f3n eficiente. <\/p>\n<h3 class=\"a-text-center aplus-h1 a-text-bold\"> ALSAVO HEAT EVI Bomba de Calor  <\/h3>\n<p>                         Add To Basket  <\/p>\n<p>                         Add To Basket  <\/p>\n<p>                         Add To Basket  <\/p>\n<p>                         Add To Basket  <\/p>\n<p>                                     Price  <\/p>\n<p>                                                        \u20ac2,449.00\u20ac2,449.00     <\/p>\n<p>                                                        \u20ac3,252.00\u20ac3,252.00     <\/p>\n<p>                                                        \u20ac4,274.00\u20ac4,274.00     <\/p>\n<p>                                                        \u20ac5,000.00\u20ac5,000.00     <\/p>\n<p>                                     Aire a 7 \u2103, Agua a 30\/35 \u2103  <\/p>\n<p>                                                    \u2714       <\/p>\n<p>                                                    \u2714       <\/p>\n<p>                                                    \u2714       <\/p>\n<p>                                                    \u2714       <\/p>\n<p>                                     Capacidad de Calefacci\u00f3n  <\/p>\n<p>                                                10.11 kW    <\/p>\n<p>                                                12.00 kW    <\/p>\n<p>                                                19.00 kW    <\/p>\n<p>                                                26.00 kW    <\/p>\n<p>                                     Potencia de Entrada   <\/p>\n<p>                                                2.21 kW    <\/p>\n<p>                                                2.58 kW    <\/p>\n<p>                                                4.08 kW    <\/p>\n<p>                                                5.49 kW    <\/p>\n<p>                                     COP  <\/p>\n<p>                                                4.58    <\/p>\n<p>                                                4.65    <\/p>\n<p>                                                4.66    <\/p>\n<p>                                                4.65    <\/p>\n<p>                                     Fuente de Alimentaci\u00f3n  <\/p>\n<p>                                                220-240V\/50Hz\/1PH     <\/p>\n<p>                                                380-410V\/50Hz\/3PH    <\/p>\n<p>                                                380-410V\/50Hz\/3PH    <\/p>\n<p>                                                380-410V\/50Hz\/3PH    <\/p>\n<p>                                     Corriente Nominal  <\/p>\n<p>                                                20.5 A    <\/p>\n<p>                                                9.0 A    <\/p>\n<p>                                                13.0 A    <\/p>\n<p>                                                18.5 A    <\/p>\n<p>                                     Conexi\u00f3n de Agua  <\/p>\n<p>                                                G1    <\/p>\n<p>                                                G1    <\/p>\n<p>                                                G1 1\/4    <\/p>\n<p>                                                G1 1\/4    <\/p>\n<p>                                     Nivel de Presi\u00f3n Sonora (3 m)  <\/p>\n<p>                                                37.3 dB(A)    <\/p>\n<p>                                                41.0 dB(A)    <\/p>\n<p>                                                41.7 dB(A)    <\/p>\n<p>                                                42.1 dB(A)    <\/p>\n<p>                                     Peso Neto   <\/p>\n<p>                                                76 kg    <\/p>\n<p>                                                99 kg    <\/p>\n<p>                                                125 kg    <\/p>\n<p>                                                145 kg    <\/p>\n<p>                                     Dimensiones Netas  <\/p>\n<p>                                                1076\u00d7456\u00d7860 mm    <\/p>\n<p>                                                1052\u00d7463\u00d71260 mm    <\/p>\n<p>                                                1190\u00d7440\u00d71360 mm    <\/p>\n<p>                                                1255\u00d7460\u00d71460 mm    <\/p>\n<p>Price is not available for regions outside the EU.<br \/>Note: This is a bulky item. We do not accept returns without reason if the product has arrived in good condition.<br \/>Ultra high energy efficiency A+++.<br \/>GWP=3, PDO=0. The heat pump reaches the energy efficiency class A+++ without emissions of carbon dioxide or other pollutants.<br \/>The heat pump provides reliable heat even at -35\u00b0C and can reach a water temperature of up to 60\u00b0C.<br \/>Unique professional INVERBOOST technology, with good reputation in the market since 2013.<br \/>Control via the control panel or smartphone app.<br \/>Response within 24 hours, with a service center in France for quick assistance and maintenance.<\/p>\n\n","protected":false},"excerpt":{"rendered":"<p> Product Description The video showcases the product in use.The video guides you through product setup.The<\/p>","protected":false},"featured_media":35612,"comment_status":"open","ping_status":"closed","template":"","meta":[],"product_brand":[],"product_cat":[67],"product_tag":[10124,2039,5166,989,2045,2034,2642,10123,910,1123,2043,6604,2038,3154,9363,9362,5310,4286,10125,1905,2035,2036,2033,2041,2048,735],"class_list":{"0":"post-35611","1":"product","2":"type-product","3":"status-publish","4":"has-post-thumbnail","6":"product_cat-thermal-paste","7":"product_tag-airwater","8":"product_tag-best-thermal-paste","9":"product_tag-class","10":"product_tag-cooling","11":"product_tag-cpu-cooling-paste","12":"product_tag-cpu-thermal-paste","13":"product_tag-energy","14":"product_tag-evi","15":"product_tag-fan","16":"product_tag-heat","17":"product_tag-heat-sink-paste","18":"product_tag-heating","19":"product_tag-high-performance-thermal-paste","20":"product_tag-hot","21":"product_tag-inverboost","22":"product_tag-monoblock","23":"product_tag-phase","24":"product_tag-pump","25":"product_tag-sanitary","26":"product_tag-single","27":"product_tag-thermal-compound","28":"product_tag-thermal-grease","29":"product_tag-thermal-paste","30":"product_tag-thermal-paste-for-gaming-pc","31":"product_tag-thermal-paste-price","32":"product_tag-water","34":"first","35":"instock","36":"shipping-taxable","37":"product-type-external"},"_links":{"self":[{"href":"https:\/\/comprasyconsejos.store\/en\/wp-json\/wp\/v2\/product\/35611","targetHints":{"allow":["GET"]}}],"collection":[{"href":"https:\/\/comprasyconsejos.store\/en\/wp-json\/wp\/v2\/product"}],"about":[{"href":"https:\/\/comprasyconsejos.store\/en\/wp-json\/wp\/v2\/types\/product"}],"replies":[{"embeddable":true,"href":"https:\/\/comprasyconsejos.store\/en\/wp-json\/wp\/v2\/comments?post=35611"}],"version-history":[{"count":0,"href":"https:\/\/comprasyconsejos.store\/en\/wp-json\/wp\/v2\/product\/35611\/revisions"}],"wp:featuredmedia":[{"embeddable":true,"href":"https:\/\/comprasyconsejos.store\/en\/wp-json\/wp\/v2\/media\/35612"}],"wp:attachment":[{"href":"https:\/\/comprasyconsejos.store\/en\/wp-json\/wp\/v2\/media?parent=35611"}],"wp:term":[{"taxonomy":"product_brand","embeddable":true,"href":"https:\/\/comprasyconsejos.store\/en\/wp-json\/wp\/v2\/product_brand?post=35611"},{"taxonomy":"product_cat","embeddable":true,"href":"https:\/\/comprasyconsejos.store\/en\/wp-json\/wp\/v2\/product_cat?post=35611"},{"taxonomy":"product_tag","embeddable":true,"href":"https:\/\/comprasyconsejos.store\/en\/wp-json\/wp\/v2\/product_tag?post=35611"}],"curies":[{"name":"wp","href":"https:\/\/api.w.org\/{rel}","templated":true}]}}