{"id":35633,"date":"2026-02-26T21:12:52","date_gmt":"2026-02-26T21:12:52","guid":{"rendered":"https:\/\/comprasyconsejos.store\/product\/escaner-de-documentos-portatil-sustvita-con-resolucion-seleccionable-de-300-600-900-ppp-transferencia-usb-2-0-compatible-con-pc-para-empresas-y-estudiantes\/"},"modified":"2026-02-26T21:13:01","modified_gmt":"2026-02-26T21:13:01","slug":"escaner-de-documentos-portatil-sustvita-con-resolucion-seleccionable-de-300-600-900-ppp-transferencia-usb-2-0-compatible-con-pc-para-empresas-y-estudiantes","status":"publish","type":"product","link":"https:\/\/comprasyconsejos.store\/en\/product\/escaner-de-documentos-portatil-sustvita-con-resolucion-seleccionable-de-300-600-900-ppp-transferencia-usb-2-0-compatible-con-pc-para-empresas-y-estudiantes\/","title":{"rendered":"Esc\u00e1ner de Documentos port\u00e1til SustVita con resoluci\u00f3n Seleccionable de 300\/600\/900 PPP, Transferencia USB 2.0, Compatible con PC para Empresas y Estudiantes"},"content":{"rendered":"<p>Price: <span style=\"color:#b12704\">\u20ac64.19<\/span><br \/><i><small>(as of Feb 26, 2026 21:12:52 UTC &#8211; <span class=\"wp_automatic_amazon_disclaimer\" title=\"Product prices and availability are accurate as of the date\/time indicated and are subject to change. Any price and availability information displayed on [relevant Amazon Site(s), as applicable] at the time of purchase will apply to the purchase of this product.\">Details<\/span>)<\/small><\/i><\/p>\n<p><a href=\"https:\/\/amazon.es\/dp\/B0GJR1CLVC?tag=man008-21\"><img decoding=\"async\" src=\"https:\/\/valvepress.s3.amazonaws.com\/imgs\/buy_now.png\"><\/a><br \/>\n<br \/>\n    <span><br \/>Tipo de art\u00edculo: Esc\u00e1ner port\u00e1til<br \/>Material: ABS<br \/>Modo de escaneo: Negro y color<br \/>Rango de escaneo: A4 (aprox. 213 mm\/8,39 pulg.)<br \/>Bater\u00eda: 2 pilas AA (pilas no incluidas)<br \/>Formato de almacenamiento: JPEG, PDF seleccionable<br \/>Memoria expandible: Micro almacenamiento (1G a 32 GB) (tarjeta de almacenamiento no incluida)<br \/>Resoluci\u00f3n de escaneo:300DPI, 600DPI, 900DPI<br \/>Sistemas compatibles: para XP, para 7 y para controladores OS X 10.4 o superiores<br \/>Sensor de imagen: Sensor de imagen de contacto en color A4<br \/>M\u00e9todo de transferencia: USB 2.0<br \/>Modo de funcionamiento: Escaneo sin conexi\u00f3n<br \/>Apagado autom\u00e1tico: 3 minutos<\/p>\n<p>Lista de paquetes:<br \/>1 x esc\u00e1ner<br \/>1 x almacenamientoBolsa<br \/>1 x Cable de datos<br \/>1 x Pa\u00f1o de limpieza<br \/>1 x Manual de usuario<\/p>\n<p>Nota:<br \/>No es necesario instalar software.Necesitar\u00e1 2 pilas AA (no incluidas) y una tarjeta de memoria (no incluida) para usarlo directamente.<\/span>    <br \/> Package Dimensions                                            \u200f                                            :                                            \u200e                                            31 x 10 x 5 cm; 290 g   <br \/> Manufacturer                                            \u200f                                            :                                            \u200e                                            SustVita   <br \/> ASIN                                            \u200f                                            :                                            \u200e                                            B0GJR1CLVC   <br \/> Country\/Region of Origin                                            \u200f                                            :                                            \u200e                                            China   <br \/> Guaranteed software updates until                                            \u200f                                            :                                            \u200e                                            unknown   <\/p>\n<p>ESCANEO SIN ESFUERZO SOBRE LA MARCHA: Esta varilla de esc\u00e1ner compacta est\u00e1 dise\u00f1ada para la movilidad.Alimentado por 2 pilas AA, es perfecto para el campo, el hogar o la biblioteca.<br \/>CONECTIVIDAD USB SIMPLE: Sin configuraci\u00f3n compleja.Simplemente use el cable USB 2.0 para conectar el esc\u00e1ner de mano a su computadora para realizar transferencias r\u00e1pidas de archivos.Listo para usar nada m\u00e1s sacarlo de la caja.<br \/>COPIAS DIGITALES N\u00cdTIDAS: elija entre resoluciones de 300, 600 o 900 DPI para crear archivos JPG o PDF n\u00edtidos.Archive sus documentos A4 con confianza en su legibilidad y detalle.<br \/>AMPLIO RANGO DE APLICACIONES: Una herramienta vital para diversos entornos, incluidas agencias de seguros, oficinas legales y entornos acad\u00e9micos.Mantenga el escaneo de documentos confidenciales privado y eficiente.<br \/>ALMACENAMIENTO FLEXIBLE Y COMPATIBILIDAD: guarde miles de escaneos con soporte para tarjetas Micro de almacenamiento de 1G a 32GB.Este esc\u00e1ner de documentos es compatible con la mayor\u00eda de los sistemas OS X.<\/p>\n\n","protected":false},"excerpt":{"rendered":"<p> Tipo de art\u00edculo: Esc\u00e1ner port\u00e1tilMaterial: ABSModo de escaneo: Negro y colorRango de escaneo: A4 (aprox.<\/p>","protected":false},"featured_media":35634,"comment_status":"open","ping_status":"closed","template":"","meta":[],"product_brand":[],"product_cat":[60],"product_tag":[1990,201,3994,1982,7716,10130,7551,10131,1989,1983,1986,1987,3954,1984,1985,4217,6363,8303,1991,10129,10128,5327,133,1988],"class_list":{"0":"post-35633","1":"product","2":"type-product","3":"status-publish","4":"has-post-thumbnail","6":"product_cat-scanners","7":"product_tag-best-scanner","8":"product_tag-compatible","9":"product_tag-con","10":"product_tag-document-scanner","11":"product_tag-documentos","12":"product_tag-empresas","13":"product_tag-escaner","14":"product_tag-estudiantes","15":"product_tag-fast-document-scanner","16":"product_tag-flatbed-scanner","17":"product_tag-high-resolution-scanner","18":"product_tag-office-scanner","19":"product_tag-para","20":"product_tag-photo-scanner","21":"product_tag-portable-scanner","22":"product_tag-portatil","23":"product_tag-ppp","24":"product_tag-resolucion","25":"product_tag-scanner-price","26":"product_tag-seleccionable","27":"product_tag-sustvita","28":"product_tag-transferencia","29":"product_tag-usb","30":"product_tag-usb-scanner","32":"first","33":"instock","34":"shipping-taxable","35":"product-type-external"},"_links":{"self":[{"href":"https:\/\/comprasyconsejos.store\/en\/wp-json\/wp\/v2\/product\/35633","targetHints":{"allow":["GET"]}}],"collection":[{"href":"https:\/\/comprasyconsejos.store\/en\/wp-json\/wp\/v2\/product"}],"about":[{"href":"https:\/\/comprasyconsejos.store\/en\/wp-json\/wp\/v2\/types\/product"}],"replies":[{"embeddable":true,"href":"https:\/\/comprasyconsejos.store\/en\/wp-json\/wp\/v2\/comments?post=35633"}],"version-history":[{"count":0,"href":"https:\/\/comprasyconsejos.store\/en\/wp-json\/wp\/v2\/product\/35633\/revisions"}],"wp:featuredmedia":[{"embeddable":true,"href":"https:\/\/comprasyconsejos.store\/en\/wp-json\/wp\/v2\/media\/35634"}],"wp:attachment":[{"href":"https:\/\/comprasyconsejos.store\/en\/wp-json\/wp\/v2\/media?parent=35633"}],"wp:term":[{"taxonomy":"product_brand","embeddable":true,"href":"https:\/\/comprasyconsejos.store\/en\/wp-json\/wp\/v2\/product_brand?post=35633"},{"taxonomy":"product_cat","embeddable":true,"href":"https:\/\/comprasyconsejos.store\/en\/wp-json\/wp\/v2\/product_cat?post=35633"},{"taxonomy":"product_tag","embeddable":true,"href":"https:\/\/comprasyconsejos.store\/en\/wp-json\/wp\/v2\/product_tag?post=35633"}],"curies":[{"name":"wp","href":"https:\/\/api.w.org\/{rel}","templated":true}]}}