{"id":35671,"date":"2026-02-26T21:34:43","date_gmt":"2026-02-26T21:34:43","guid":{"rendered":"https:\/\/comprasyconsejos.store\/product\/lg-34u601sa-w-smart-monitor-34-wqhd-display-3440x1440-va-panel-219-webos24-300-nits-remote-control-tilt-white\/"},"modified":"2026-02-26T21:35:09","modified_gmt":"2026-02-26T21:35:09","slug":"lg-34u601sa-w-smart-monitor-34-wqhd-display-3440x1440-va-panel-219-webos24-300-nits-remote-control-tilt-white","status":"publish","type":"product","link":"https:\/\/comprasyconsejos.store\/en\/product\/lg-34u601sa-w-smart-monitor-34-wqhd-display-3440x1440-va-panel-219-webos24-300-nits-remote-control-tilt-white\/","title":{"rendered":"LG 34U601SA-W, Smart Monitor, 34&#8243;, WQHD Display, 3440&#215;1440, VA Panel, (21:9), webOS24, 300 nits, Remote Control, Tilt, White"},"content":{"rendered":"<p>Price: <span style=\"color:#b12704\"><del>\u20ac369.00<\/del> - \u20ac319.00<\/span><br \/><i><small>(as of Feb 26, 2026 21:34:43 UTC &#8211; <span class=\"wp_automatic_amazon_disclaimer\" title=\"Product prices and availability are accurate as of the date\/time indicated and are subject to change. Any price and availability information displayed on [relevant Amazon Site(s), as applicable] at the time of purchase will apply to the purchase of this product.\">Details<\/span>)<\/small><\/i><\/p>\n<p><a href=\"https:\/\/amazon.es\/dp\/B0FT3WT5JT?tag=man008-21\"><img decoding=\"async\" src=\"https:\/\/valvepress.s3.amazonaws.com\/imgs\/buy_now.png\"><\/a><br \/>\n<\/p>\n<p>                                             From the manufacturer   <\/p>\n<p>                                                                                                       <img decoding=\"async\" alt=\"El texto dice \u00abLG Smart Monitor\u00bb. Pantalla que muestra la interfaz del servicio de streaming con mosaicos de contenido en una sala de estar moderna.\" src=\"https:\/\/images-na.ssl-images-amazon.com\/images\/G\/01\/x-locale\/common\/grey-pixel.gif\" class=\"a-lazy-loaded\" data-src=\"https:\/\/m.media-amazon.com\/images\/S\/aplus-media-library-service-media\/ac22fd79-4588-402a-ac1f-bd0648ac9cd4.__CR1,0,1464,600_PT0_SX1464_V1___.png\"><img decoding=\"async\" alt=\"El texto dice \u00abLG Smart Monitor\u00bb. Pantalla que muestra la interfaz del servicio de streaming con mosaicos de contenido en una sala de estar moderna.\" src=\"https:\/\/m.media-amazon.com\/images\/S\/aplus-media-library-service-media\/ac22fd79-4588-402a-ac1f-bd0648ac9cd4.__CR1,0,1464,600_PT0_SX1464_V1___.png\">                                               <\/p>\n<p>                                                                                                       <img decoding=\"async\" alt=\"Espacio de trabajo digital que muestra varias pantallas de computadora que muestran varias interfaces de software y herramientas de dise\u00f1o.\" src=\"https:\/\/images-na.ssl-images-amazon.com\/images\/G\/01\/x-locale\/common\/grey-pixel.gif\" class=\"a-lazy-loaded\" data-src=\"https:\/\/m.media-amazon.com\/images\/S\/aplus-media-library-service-media\/48cfce9f-6abc-4fff-a960-cec6d630e9ac.__CR1,0,1464,600_PT0_SX1464_V1___.png\"><img decoding=\"async\" alt=\"Espacio de trabajo digital que muestra varias pantallas de computadora que muestran varias interfaces de software y herramientas de dise\u00f1o.\" src=\"https:\/\/m.media-amazon.com\/images\/S\/aplus-media-library-service-media\/48cfce9f-6abc-4fff-a960-cec6d630e9ac.__CR1,0,1464,600_PT0_SX1464_V1___.png\">                                               <\/p>\n<p>                                                                                  <img decoding=\"async\" alt=\"Texto: \u00abUna gran pantalla para jugar y disfrutar\u00bb. Sala de estar contempor\u00e1nea con sistema de entretenimiento e iluminaci\u00f3n ambiental.\" src=\"https:\/\/m.media-amazon.com\/images\/S\/aplus-media-library-service-media\/7506fbaf-75c4-4d83-8a99-03f157377194.__CR1,0,1464,600_PT0_SX1464_V1___.png\">       <\/p>\n<p>                                                                                  <img decoding=\"async\" alt=\"El texto dice \u00abDescubre m\u00e1s all\u00e1 de la pantalla\u00bb. Serie de capturas de pantalla de la interfaz que muestran un software de dise\u00f1o digital con paletas de colores y herramientas de edici\u00f3n de im\u00e1genes.\" src=\"https:\/\/m.media-amazon.com\/images\/S\/aplus-media-library-service-media\/3f292dad-99b1-4c14-b2a2-e533e26bf79f.__CR1,0,1464,600_PT0_SX1464_V1___.png\">       <\/p>\n<p>                                                                                  <img decoding=\"async\" alt=\"El texto dice \u00abColumna r\u00fastica bajo cuadrado luz\u00bb. Ambiente interior de la habitaci\u00f3n que muestra luces de pared montadas y detalles arquitect\u00f3nicos.\" src=\"https:\/\/m.media-amazon.com\/images\/S\/aplus-media-library-service-media\/3ea5763e-766d-4250-a638-aee9ad6c5776.__CR1,0,1464,600_PT0_SX1464_V1___.png\">       <\/p>\n<p>                                                                                  <img decoding=\"async\" alt=\"El texto dice \u00abSiente realismo aut\u00e9ntico en\u00bb. Captura de pantalla de la interfaz que muestra un fondo oscuro con degradados tonales de color rosa\/morado y controles de men\u00fa.\" src=\"https:\/\/m.media-amazon.com\/images\/S\/aplus-media-library-service-media\/ba30fbe0-e0e5-459f-90c7-e44415c68afa.__CR1,0,1464,600_PT0_SX1464_V1___.png\">       <\/p>\n<p>                                                                                  <img decoding=\"async\" alt=\"El texto dice \u00abSonido envolvente\u00bb. Gr\u00e1fico promocional con im\u00e1genes del equipo de audio con texto en espa\u00f1ol que describe las funciones del sistema de sonido.\" src=\"https:\/\/m.media-amazon.com\/images\/S\/aplus-media-library-service-media\/ca8db3a3-c07a-44ba-b28a-ad201bf29bde.__CR1,0,1464,600_PT0_SX1464_V1___.png\">       <\/p>\n<p>                                                                                  <img decoding=\"async\" alt=\"aplus content image\" src=\"https:\/\/m.media-amazon.com\/images\/S\/aplus-media-library-service-media\/6a021c54-a20a-4ab2-b112-eca17e4e9fb2.__CR1,0,1464,600_PT0_SX1464_V1___.png\">       <\/p>\n<p>                                                                                  <img decoding=\"async\" alt=\"aplus content image\" src=\"https:\/\/m.media-amazon.com\/images\/S\/aplus-media-library-service-media\/401af5e2-abfe-4c7a-ba7f-11ca2ba0a02d.__CR1,0,1464,600_PT0_SX1464_V1___.png\">       <\/p>\n<p>                                                                                  <img decoding=\"async\" alt=\"aplus content image\" src=\"https:\/\/m.media-amazon.com\/images\/S\/aplus-media-library-service-media\/f6454720-4ee7-4092-a7db-25866c2e4ab0.__CR1,0,1464,600_PT0_SX1464_V1___.png\">       <\/p>\n<p>                                                                                  <img decoding=\"async\" alt=\"aplus content image\" src=\"https:\/\/m.media-amazon.com\/images\/S\/aplus-media-library-service-media\/bceecea7-8507-4f03-999e-b96b62149774.__CR1,0,1464,600_PT0_SX1464_V1___.png\">       <\/p>\n<p>                                                                                  <img decoding=\"async\" alt=\"aplus content image\" src=\"https:\/\/m.media-amazon.com\/images\/S\/aplus-media-library-service-media\/987abb44-ec8e-42f6-93fe-837b38adc10f.__CR1,0,1464,600_PT0_SX1464_V1___.png\">       <\/p>\n<p>                                                                                  <img decoding=\"async\" alt=\"aplus content image\" src=\"https:\/\/m.media-amazon.com\/images\/S\/aplus-media-library-service-media\/0e915c97-9c07-49f4-b735-f66ae08871cb.__CR1,0,1464,600_PT0_SX1464_V1___.png\">       <\/p>\n<p>                                                                                  <img decoding=\"async\" alt=\"El texto dice \u00abControl r\u00e1pido\u00bb. Interfaz digital que muestra la barra de men\u00fas con miniaturas y controles de l\u00ednea de tiempo en una combinaci\u00f3n de colores naranja y oscuro.\" src=\"https:\/\/m.media-amazon.com\/images\/S\/aplus-media-library-service-media\/08854ff0-c656-43a9-9053-9ea895e69595.__CR1,0,1464,600_PT0_SX1464_V1___.png\">       <\/p>\n<p>                                                                                  <img decoding=\"async\" alt=\"aplus content image\" src=\"https:\/\/m.media-amazon.com\/images\/S\/aplus-media-library-service-media\/62da9171-49b3-4454-a926-720ba5c7b24a.__CR1,0,1464,600_PT0_SX1464_V1___.png\">       <\/p>\n<p>                                                                                  <img decoding=\"async\" alt=\"aplus content image\" src=\"https:\/\/m.media-amazon.com\/images\/S\/aplus-media-library-service-media\/4668eb05-72fb-48b8-90cd-e058842447d9.__CR1,0,1464,600_PT0_SX1464_V1___.png\">       <\/p>\n<p>                                                                                  <img decoding=\"async\" alt=\"Pantalla dividida que muestra dos vistas de la interfaz, probablemente pantallas de software o aplicaciones, con fondos oscuros y elementos coloridos.\" src=\"https:\/\/m.media-amazon.com\/images\/S\/aplus-media-library-service-media\/cbca0e93-9114-404f-b3c0-bc44f14ab4aa.__CR1,0,1464,600_PT0_SX1464_V1___.png\">       <\/p>\n<p>                                                                                  <img decoding=\"async\" alt=\"aplus content image\" src=\"https:\/\/m.media-amazon.com\/images\/S\/aplus-media-library-service-media\/d9ad046f-22df-446e-9696-ee141ddea62e.__CR1,0,1464,600_PT0_SX1464_V1___.png\">       <\/p>\n<p>                                                                                  <img decoding=\"async\" alt=\"aplus content image\" src=\"https:\/\/m.media-amazon.com\/images\/S\/aplus-media-library-service-media\/bc2a5adb-4a02-4cc5-a68a-dc30179dadd4.__CR1,0,1464,600_PT0_SX1464_V1___.png\">       <\/p>\n<p> Batteries                                            \u200f                                            :                                            \u200e                                            AA batteries required. (included)   <br \/> Product Dimensions                                            \u200f                                            :                                            \u200e                                            48.6 x 80.9 x 22 cm; 1 kg   <br \/> Manufacturer                                            \u200f                                            :                                            \u200e                                            LG   <br \/> ASIN                                            \u200f                                            :                                            \u200e                                            B0FT3WT5JT   <br \/> Item model number                                            \u200f                                            :                                            \u200e                                            34U601SA-W.AEU   <br \/> Country of origin                                            \u200f                                            :                                            \u200e                                            Korea, Republic of   <br \/> Guaranteed software updates until                                            \u200f                                            :                                            \u200e                                            unknown   <br \/>  Customer reviews:                                                                                            5.0               5.0 out of 5 stars                                  (1)                                              var dpAcrHasRegisteredArcLinkClickAction;                    P.when(&#8216;A&#8217;, &#8216;ready&#8217;).execute(function(A) {                        if (dpAcrHasRegisteredArcLinkClickAction !== true) {                            dpAcrHasRegisteredArcLinkClickAction = true;                            A.declarative(                                &#8216;acrLink-click-metrics&#8217;, &#8216;click&#8217;,                                { \u00aballowLinkDefault\u00bb: true },                                function (event) {                                    if (window.ue) {                                        ue.count(\u00abacrLinkClickCount\u00bb, (ue.count(\u00abacrLinkClickCount\u00bb) || 0) + 1);                                    }                                }                            );                        }                    });                                             P.when(&#8216;A&#8217;, &#8216;cf&#8217;).execute(function(A) {                A.declarative(&#8216;acrStarsLink-click-metrics&#8217;, &#8216;click&#8217;, { \u00aballowLinkDefault\u00bb : true },  function(event){                    if(window.ue) {                        ue.count(\u00abacrStarsLinkWithPopoverClickCount\u00bb, (ue.count(\u00abacrStarsLinkWithPopoverClickCount\u00bb) || 0) + 1);                    }                });            });                          <\/p>\n<p>Ultra Wide 21:9 UWQHD Display: Enjoy 32% more visual space and vivid colors thanks to HDR10 for an immersive work and entertainment experience.<br \/>Intuitive webOS24 Smart TV: Access to Netflix, Disney+, Spotify, YouTube, TikTok and more without the need for PC or console, with over 300 free channels via LG Channels and Portal Gaming for cloud gaming.<br \/>Advanced AI for picture and sound: LG AI technology automatically improves image quality, customizes the screen to your liking, and optimizes sound for clarity and immersion.<br \/>Smart Home Compatibility &#8211; Control smart devices from the monitor with ThinQ and Alexa, compatible with Apple HomeKit, AirPlay 2 and Google, making your daily life easier.<br \/>Easy connectivity: Share content and music from your smartphone or tablet using AirPlay 2, Screen Share or Bluetooth quickly and hassle-free.<\/p>\n\n","protected":false},"excerpt":{"rendered":"<p> From the manufacturer Batteries \u200f : \u200e AA batteries required. (included) Product Dimensions \u200f :<\/p>","protected":false},"featured_media":35672,"comment_status":"open","ping_status":"closed","template":"","meta":[],"product_brand":[],"product_cat":[54],"product_tag":[1791,2923,10138,1789,1124,1787,1788,1792,1784,1786,1783,1790,561,844,5884,1033,2515,1593,1183,1785,10139,205,2099],"class_list":{"0":"post-35671","1":"product","2":"type-product","3":"status-publish","4":"has-post-thumbnail","6":"product_cat-curved-monitors","7":"product_tag-144hz-curved-monitor","8":"product_tag-3440x1440","9":"product_tag-34u601saw","10":"product_tag-best-curved-monitor","11":"product_tag-control","12":"product_tag-curved-27-inch-monitor","13":"product_tag-curved-32-inch-monitor","14":"product_tag-curved-computer-monitor","15":"product_tag-curved-gaming-monitor","16":"product_tag-curved-led-monitor","17":"product_tag-curved-monitor","18":"product_tag-curved-monitor-price","19":"product_tag-display","20":"product_tag-monitor","21":"product_tag-nits","22":"product_tag-panel","23":"product_tag-remote","24":"product_tag-smart","25":"product_tag-tilt","26":"product_tag-ultrawide-curved-monitor","27":"product_tag-webos24","28":"product_tag-white","29":"product_tag-wqhd","31":"first","32":"instock","33":"sale","34":"shipping-taxable","35":"product-type-external"},"_links":{"self":[{"href":"https:\/\/comprasyconsejos.store\/en\/wp-json\/wp\/v2\/product\/35671","targetHints":{"allow":["GET"]}}],"collection":[{"href":"https:\/\/comprasyconsejos.store\/en\/wp-json\/wp\/v2\/product"}],"about":[{"href":"https:\/\/comprasyconsejos.store\/en\/wp-json\/wp\/v2\/types\/product"}],"replies":[{"embeddable":true,"href":"https:\/\/comprasyconsejos.store\/en\/wp-json\/wp\/v2\/comments?post=35671"}],"version-history":[{"count":0,"href":"https:\/\/comprasyconsejos.store\/en\/wp-json\/wp\/v2\/product\/35671\/revisions"}],"wp:featuredmedia":[{"embeddable":true,"href":"https:\/\/comprasyconsejos.store\/en\/wp-json\/wp\/v2\/media\/35672"}],"wp:attachment":[{"href":"https:\/\/comprasyconsejos.store\/en\/wp-json\/wp\/v2\/media?parent=35671"}],"wp:term":[{"taxonomy":"product_brand","embeddable":true,"href":"https:\/\/comprasyconsejos.store\/en\/wp-json\/wp\/v2\/product_brand?post=35671"},{"taxonomy":"product_cat","embeddable":true,"href":"https:\/\/comprasyconsejos.store\/en\/wp-json\/wp\/v2\/product_cat?post=35671"},{"taxonomy":"product_tag","embeddable":true,"href":"https:\/\/comprasyconsejos.store\/en\/wp-json\/wp\/v2\/product_tag?post=35671"}],"curies":[{"name":"wp","href":"https:\/\/api.w.org\/{rel}","templated":true}]}}