{"id":35690,"date":"2026-02-26T21:41:39","date_gmt":"2026-02-26T21:41:39","guid":{"rendered":"https:\/\/comprasyconsejos.store\/product\/msi-modern-md272uphw-27-professional-uhd-monitor-3840-x-2160-ips-panel-60-hz-vesa-mount-4-way-adjustable-hdmi-2-0b-displayport-1-4a-type-c-white\/"},"modified":"2026-02-26T21:41:44","modified_gmt":"2026-02-26T21:41:44","slug":"msi-modern-md272uphw-27-professional-uhd-monitor-3840-x-2160-ips-panel-60-hz-vesa-mount-4-way-adjustable-hdmi-2-0b-displayport-1-4a-type-c-white","status":"publish","type":"product","link":"https:\/\/comprasyconsejos.store\/en\/product\/msi-modern-md272uphw-27-professional-uhd-monitor-3840-x-2160-ips-panel-60-hz-vesa-mount-4-way-adjustable-hdmi-2-0b-displayport-1-4a-type-c-white\/","title":{"rendered":"MSI Modern MD272UPHW 27&#8243; Professional UHD Monitor &#8211; 3840 x 2160 IPS Panel, 60 Hz, VESA Mount, 4-Way Adjustable &#8211; HDMI 2.0b, DisplayPort 1.4a, Type-C &#8211; White"},"content":{"rendered":"<p>Price: <span style=\"color:#b12704\"><del>\u20ac383.99<\/del> - \u20ac309.79<\/span><br \/><i><small>(as of Feb 26, 2026 21:41:39 UTC &#8211; <span class=\"wp_automatic_amazon_disclaimer\" title=\"Product prices and availability are accurate as of the date\/time indicated and are subject to change. Any price and availability information displayed on [relevant Amazon Site(s), as applicable] at the time of purchase will apply to the purchase of this product.\">Details<\/span>)<\/small><\/i><\/p>\n<p><a href=\"https:\/\/amazon.es\/dp\/B0BYYX15GN?tag=man008-21\"><img decoding=\"async\" src=\"https:\/\/valvepress.s3.amazonaws.com\/imgs\/buy_now.png\"><\/a><br \/>\n<\/p>\n<p>                                             From the manufacturer   <\/p>\n<p>                                                  <img decoding=\"async\" alt=\"The Outstanding 27-inch UHD EyesErgo Monitor\" src=\"https:\/\/images-na.ssl-images-amazon.com\/images\/G\/01\/x-locale\/common\/grey-pixel.gif\" class=\"a-lazy-loaded\" data-src=\"https:\/\/m.media-amazon.com\/images\/S\/aplus-media-library-service-media\/e844221e-2df5-40e0-ba77-896fd391ad89.__CR0,0,1940,600_PT0_SX970_V1___.jpg\"><img decoding=\"async\" alt=\"The Outstanding 27-inch UHD EyesErgo Monitor\" src=\"https:\/\/m.media-amazon.com\/images\/S\/aplus-media-library-service-media\/e844221e-2df5-40e0-ba77-896fd391ad89.__CR0,0,1940,600_PT0_SX970_V1___.jpg\">  <\/p>\n<p>                                                      <img decoding=\"async\" alt=\"Modern MD272UPHW\" src=\"https:\/\/images-na.ssl-images-amazon.com\/images\/G\/01\/x-locale\/common\/grey-pixel.gif\" class=\"a-spacing-mini a-lazy-loaded\" data-src=\"https:\/\/m.media-amazon.com\/images\/S\/aplus-media-library-service-media\/0b100bb3-1739-4f8d-bab7-b69433cc38e5.__CR0,0,600,800_PT0_SX300_V1___.jpg\"><img decoding=\"async\" alt=\"Modern MD272UPHW\" src=\"https:\/\/m.media-amazon.com\/images\/S\/aplus-media-library-service-media\/0b100bb3-1739-4f8d-bab7-b69433cc38e5.__CR0,0,600,800_PT0_SX300_V1___.jpg\">  <\/p>\n<p>                                                              <img decoding=\"async\" alt=\"MSI: For Gamers &amp;amp; Creators\" src=\"https:\/\/images-na.ssl-images-amazon.com\/images\/G\/01\/x-locale\/common\/grey-pixel.gif\" class=\"a-spacing-mini a-lazy-loaded\" data-src=\"https:\/\/m.media-amazon.com\/images\/S\/aplus-media-library-service-media\/6faa1f28-7fa5-4dca-9dc5-f88c204cd82b.__CR0,0,350,175_PT0_SX350_V1___.png\"><img decoding=\"async\" alt=\"MSI: For Gamers &amp;amp; Creators\" src=\"https:\/\/m.media-amazon.com\/images\/S\/aplus-media-library-service-media\/6faa1f28-7fa5-4dca-9dc5-f88c204cd82b.__CR0,0,350,175_PT0_SX350_V1___.png\">                                          MSI: For Gamers &amp; Creators                                 <\/p>\n<p class=\"a-spacing-small a-size-small a-color-secondary\"> MSI is one of the most trusted names in gaming and esports with countless hours and significant resources invested into premier esports leagues and tier-1 gaming teams. By supporting and working with the best of the best, MSI is able to integrate competitive gaming knowledge and aspirations with technological innovation to create new products that shatter today&#8217;s performance limits. <\/p>\n<h3 class=\"a-spacing-mini\"> Modern MD272UPHW <\/h3>\n<p>                                          The Outstanding 27-inch UHD EyesErgo Monitor                                     <\/p>\n<p class=\"a-spacing-base\"> El monitor de oficina Modern MD272UPHW cuenta con un n\u00edtido panel IPS UHD (3840 x 2160) de 27 pulgadas, tecnolog\u00eda que protege la vista y un soporte ajustable en 4 direcciones.  El Modern MD272UPHW es ideal para entornos de trabajo que dan prioridad a la comodidad y la est\u00e9tica. <\/p>\n<p>                                                          Resoluci\u00f3n UHD de 27&#8243; con relaci\u00f3n de contraste de 1000:1       El modo alternativo DP USB tipo C con suministro de energ\u00eda de 98 W proporciona una conexi\u00f3n perfecta para la pantalla y la carga.       Compatible con software de inteligencia de productividad con funci\u00f3n KVM y PIP (PBP)       Dise\u00f1o sin herramientas, montable en VESA       Certificado T\u00dcV Rheinland Eye Comfort Reducci\u00f3n de la luz azul y antiparpadeo       HDMI 2.0b (UHD@60Hz) &amp; DP 1.4a y conectividad USB Type-C       Soporte ajustable en 4 direcciones       Altavoces integrados      <\/p>\n<p class=\"apm-text-center\">\n                                                      <img decoding=\"async\" alt=\"Diagrama t\u00e9cnico que muestra las dimensiones de la pantalla del port\u00e1til con especificaciones de medida de 27 pulgadas y resoluci\u00f3n de 3840 x 2160.\" src=\"https:\/\/images-na.ssl-images-amazon.com\/images\/G\/01\/x-locale\/common\/grey-pixel.gif\" class=\"a-lazy-loaded\" data-src=\"https:\/\/m.media-amazon.com\/images\/S\/aplus-media-library-service-media\/0b1c5dbf-c848-4f6c-b32c-51b70e61af56.__CR0,0,2000,2000_PT0_SX220_V1___.jpg\"><img decoding=\"async\" alt=\"Diagrama t\u00e9cnico que muestra las dimensiones de la pantalla del port\u00e1til con especificaciones de medida de 27 pulgadas y resoluci\u00f3n de 3840 x 2160.\" src=\"https:\/\/m.media-amazon.com\/images\/S\/aplus-media-library-service-media\/0b1c5dbf-c848-4f6c-b32c-51b70e61af56.__CR0,0,2000,2000_PT0_SX220_V1___.jpg\">  <\/p>\n<p>                                                    Panel IPS con resoluci\u00f3n UHD                                     <\/p>\n<p class=\"a-size-small\">\n<p>Cuenta con un panel IPS UHD (3840 x 2160) de 27&#8243; con amplios \u00e1ngulos de visi\u00f3n.<\/p>\n<p>El gran panel UHD 16:9 de 27&#8243; ofrece una experiencia visual mejorada.<\/p>\n<p>Certificado VESA DisplayHDR 400.<\/p>\n<p class=\"apm-text-center\">\n                                                      <img decoding=\"async\" alt=\"KVM Funtion (PI Software)\" src=\"https:\/\/images-na.ssl-images-amazon.com\/images\/G\/01\/x-locale\/common\/grey-pixel.gif\" class=\"a-lazy-loaded\" data-src=\"https:\/\/m.media-amazon.com\/images\/S\/aplus-media-library-service-media\/9362e73f-3bd0-4497-b9f7-9699b5f0c17c.__CR0,0,2000,2000_PT0_SX220_V1___.jpg\"><img decoding=\"async\" alt=\"KVM Funtion (PI Software)\" src=\"https:\/\/m.media-amazon.com\/images\/S\/aplus-media-library-service-media\/9362e73f-3bd0-4497-b9f7-9699b5f0c17c.__CR0,0,2000,2000_PT0_SX220_V1___.jpg\">  <\/p>\n<p>                                                    KVM Funtion (PI Software)                                     <\/p>\n<p class=\"a-size-small\">\n<p>Un conmutador KVM (teclado, v\u00eddeo y rat\u00f3n) te permite controlar varios dispositivos utilizando un \u00fanico conjunto de monitores y perif\u00e9ricos, lo que optimiza tu espacio de trabajo y mejora la eficiencia.<\/p>\n<p>Es perfecto para profesionales que necesitan gestionar varios sistemas simult\u00e1neamente, ya que reduce el desorden y simplifica el flujo de trabajo al permitir cambiar f\u00e1cilmente entre dispositivos.<\/p>\n<p class=\"apm-text-center\">\n                                                      <img decoding=\"async\" alt=\"PIP\/PBP Function (PI Software)\" src=\"https:\/\/images-na.ssl-images-amazon.com\/images\/G\/01\/x-locale\/common\/grey-pixel.gif\" class=\"a-lazy-loaded\" data-src=\"https:\/\/m.media-amazon.com\/images\/S\/aplus-media-library-service-media\/b081a265-62eb-48ec-9569-fd84f7b62297.__CR0,0,2000,2000_PT0_SX220_V1___.jpg\"><img decoding=\"async\" alt=\"PIP\/PBP Function (PI Software)\" src=\"https:\/\/m.media-amazon.com\/images\/S\/aplus-media-library-service-media\/b081a265-62eb-48ec-9569-fd84f7b62297.__CR0,0,2000,2000_PT0_SX220_V1___.jpg\">  <\/p>\n<p>                                                    PIP\/PBP Function (PI Software)                                     <\/p>\n<p class=\"a-size-small\">\n<p>Mejora tus capacidades multitarea con nuestro monitor Modern MD272UPHW, que cuenta con funciones avanzadas de imagen en imagen (PIP) e imagen junto a imagen (PBP). Dise\u00f1adas para mejorar tu flujo de trabajo y aumentar la productividad, estas funciones te permiten gestionar m\u00faltiples tareas a la perfecci\u00f3n.<\/p>\n<p class=\"apm-text-center\">\n                                                      <img decoding=\"async\" alt=\"USB Type-C DP Alt. w\/ 98W PD\" src=\"https:\/\/images-na.ssl-images-amazon.com\/images\/G\/01\/x-locale\/common\/grey-pixel.gif\" class=\"a-lazy-loaded\" data-src=\"https:\/\/m.media-amazon.com\/images\/S\/aplus-media-library-service-media\/09150d47-4bc7-4341-aff0-2478c6850939.__CR0,0,2000,2000_PT0_SX220_V1___.jpg\"><img decoding=\"async\" alt=\"USB Type-C DP Alt. w\/ 98W PD\" src=\"https:\/\/m.media-amazon.com\/images\/S\/aplus-media-library-service-media\/09150d47-4bc7-4341-aff0-2478c6850939.__CR0,0,2000,2000_PT0_SX220_V1___.jpg\">  <\/p>\n<p>                                                    USB Type-C DP Alt. w\/ 98W PD                                     <\/p>\n<p class=\"a-size-small\">\n<p>El modo alternativo DP USB tipo C con suministro de energ\u00eda de 98 W ofrece una conexi\u00f3n perfecta para la transferencia de v\u00eddeo, audio y datos, al tiempo que proporciona una carga de alta velocidad para tus dispositivos.<\/p>\n<p>Esta vers\u00e1til funci\u00f3n garantiza un flujo de trabajo eficiente y reduce la necesidad de cables adicionales, lo que la convierte en una opci\u00f3n ideal para configuraciones modernas y ordenadas.<\/p>\n<p class=\"apm-text-center\">\n                                                      <img decoding=\"async\" alt=\"Confort ocular superior\" src=\"https:\/\/images-na.ssl-images-amazon.com\/images\/G\/01\/x-locale\/common\/grey-pixel.gif\" class=\"a-lazy-loaded\" data-src=\"https:\/\/m.media-amazon.com\/images\/S\/aplus-media-library-service-media\/1b4e914b-d6df-4239-9480-a9f691f42083.__CR0,0,2000,2000_PT0_SX220_V1___.jpg\"><img decoding=\"async\" alt=\"Confort ocular superior\" src=\"https:\/\/m.media-amazon.com\/images\/S\/aplus-media-library-service-media\/1b4e914b-d6df-4239-9480-a9f691f42083.__CR0,0,2000,2000_PT0_SX220_V1___.jpg\">  <\/p>\n<p>                                                    Confort ocular superior                                     <\/p>\n<p class=\"a-size-small\">\n<p>Mant\u00e9n la concentraci\u00f3n y reduce la fatiga ocular con funciones integradas dise\u00f1adas para ayudar a mejorar la productividad en el trabajo: Less Blue Light emplea tecnolog\u00eda de filtro basada en hardware, al tiempo que conserva una paleta de colores vivos con un nivel de detalle sin concesiones.<\/p>\n<p>Tecnolog\u00eda Less Blue Light*<\/p>\n<p>Panel antirreflejos**<\/p>\n<p>Superficie antirreflejos<\/p>\n<p>*Certificado T\u00dcV Rheinland Low Blue Light (soluci\u00f3n de software) Q 50623201, 17\/04\/2024 **Certificado T\u00dcV Rheinland Flicker Free Q 50623201, 17\/04\/2024<\/p>\n<p class=\"apm-text-center\">\n                                                      <img decoding=\"async\" alt=\"Dise\u00f1o sin herramientas\" src=\"https:\/\/images-na.ssl-images-amazon.com\/images\/G\/01\/x-locale\/common\/grey-pixel.gif\" class=\"a-lazy-loaded\" data-src=\"https:\/\/m.media-amazon.com\/images\/S\/aplus-media-library-service-media\/a51cf95f-30b8-4850-b9d7-ee7a31a586cc.__CR0,0,2000,2000_PT0_SX220_V1___.jpg\"><img decoding=\"async\" alt=\"Dise\u00f1o sin herramientas\" src=\"https:\/\/m.media-amazon.com\/images\/S\/aplus-media-library-service-media\/a51cf95f-30b8-4850-b9d7-ee7a31a586cc.__CR0,0,2000,2000_PT0_SX220_V1___.jpg\">  <\/p>\n<p>                                                    Dise\u00f1o sin herramientas                                     <\/p>\n<p class=\"a-size-small\">\n<p>El soporte y el panel se pueden montar y desmontar f\u00e1cilmente y en cuesti\u00f3n de segundos gracias a su dise\u00f1o sencillo que no requiere herramientas e incluye un clip para organizar los cables.<\/p>\n<p class=\"apm-text-center\">\n                                                      <img decoding=\"async\" alt=\"Diagrama t\u00e9cnico que muestra los \u00e1ngulos de ajuste de la pantalla del port\u00e1til de -5\u00b0 a 25\u00b0. Las m\u00faltiples vistas muestran las capacidades de inclinaci\u00f3n y rotaci\u00f3n de la pantalla con indicadores de medici\u00f3n.\" src=\"https:\/\/images-na.ssl-images-amazon.com\/images\/G\/01\/x-locale\/common\/grey-pixel.gif\" class=\"a-lazy-loaded\" data-src=\"https:\/\/m.media-amazon.com\/images\/S\/aplus-media-library-service-media\/a872a42e-fcb5-4f9c-8a21-b73c64b11371.__CR0,0,2000,2000_PT0_SX220_V1___.jpg\"><img decoding=\"async\" alt=\"Diagrama t\u00e9cnico que muestra los \u00e1ngulos de ajuste de la pantalla del port\u00e1til de -5\u00b0 a 25\u00b0. Las m\u00faltiples vistas muestran las capacidades de inclinaci\u00f3n y rotaci\u00f3n de la pantalla con indicadores de medici\u00f3n.\" src=\"https:\/\/m.media-amazon.com\/images\/S\/aplus-media-library-service-media\/a872a42e-fcb5-4f9c-8a21-b73c64b11371.__CR0,0,2000,2000_PT0_SX220_V1___.jpg\">  <\/p>\n<p>                                                    Soporte ajustable                                     <\/p>\n<p class=\"a-size-small\">\n<p>Con el soporte ajustable, los usuarios pueden encontrar la posici\u00f3n de trabajo m\u00e1s c\u00f3moda para vosotros.<\/p>\n<p>El soporte y el monitor se pueden montar o desmontar f\u00e1cilmente y en cuesti\u00f3n de segundos gracias a un dise\u00f1o sencillo y sin herramientas, e incluyen un clip para organizar los cables y mantener el espacio de trabajo ordenado.<\/p>\n<p>La parte delantera de la base cuenta con una pr\u00e1ctica ranura para accesorios para un l\u00e1piz \u00f3ptico MSI Pen o para utilizarlo como soporte para un smartphone.<\/p>\n<p>El monitor es ajustable en 4 direcciones e incluye un candado Kensington.<\/p>\n<p>  Giro: -30\u00b0\\~30\u00b0 Inclinaci\u00f3n: -5\u00b0\\~20\u00b0 Altura: 0\\~110 mm Pivote: -90\u00b0\\~90\u00b0      <\/p>\n<p class=\"apm-text-center\">\n                                                      <img decoding=\"async\" alt=\"Altavoces integrados\" src=\"https:\/\/images-na.ssl-images-amazon.com\/images\/G\/01\/x-locale\/common\/grey-pixel.gif\" class=\"a-lazy-loaded\" data-src=\"https:\/\/m.media-amazon.com\/images\/S\/aplus-media-library-service-media\/12e50860-27bb-40b6-8a88-3eec3aed733e.__CR0,0,2000,2000_PT0_SX220_V1___.jpg\"><img decoding=\"async\" alt=\"Altavoces integrados\" src=\"https:\/\/m.media-amazon.com\/images\/S\/aplus-media-library-service-media\/12e50860-27bb-40b6-8a88-3eec3aed733e.__CR0,0,2000,2000_PT0_SX220_V1___.jpg\">  <\/p>\n<p>                                                    Altavoces integrados                                     <\/p>\n<p class=\"a-size-small\">\n<p>Dos altavoces integrados (3 W) proporcionan una c\u00f3moda salida de audio para archivos de sonido\/m\u00fasica, asistir a conferencias en l\u00ednea o editar v\u00eddeos sin necesidad de altavoces externos ni auriculares.<\/p>\n<p> Product Dimensions                                            \u200f                                            :                                            \u200e                                            20.18 x 61.35 x 41.34 cm; 6.55 kg   <br \/> Manufacturer                                            \u200f                                            :                                            \u200e                                            MSI   <br \/> ASIN                                            \u200f                                            :                                            \u200e                                            B0BYYX15GN   <br \/> Item model number                                            \u200f                                            :                                            \u200e                                            9S6-3PB19H-279   <br \/> Country of origin                                            \u200f                                            :                                            \u200e                                            China   <br \/> Guaranteed software updates until                                            \u200f                                            :                                            \u200e                                            unknown   <br \/>  Customer reviews:                                                                                            4.6               4.6 out of 5 stars                                  (11)                                              var dpAcrHasRegisteredArcLinkClickAction;                    P.when(&#8216;A&#8217;, &#8216;ready&#8217;).execute(function(A) {                        if (dpAcrHasRegisteredArcLinkClickAction !== true) {                            dpAcrHasRegisteredArcLinkClickAction = true;                            A.declarative(                                &#8216;acrLink-click-metrics&#8217;, &#8216;click&#8217;,                                { \u00aballowLinkDefault\u00bb: true },                                function (event) {                                    if (window.ue) {                                        ue.count(\u00abacrLinkClickCount\u00bb, (ue.count(\u00abacrLinkClickCount\u00bb) || 0) + 1);                                    }                                }                            );                        }                    });                                             P.when(&#8216;A&#8217;, &#8216;cf&#8217;).execute(function(A) {                A.declarative(&#8216;acrStarsLink-click-metrics&#8217;, &#8216;click&#8217;, { \u00aballowLinkDefault\u00bb : true },  function(event){                    if(window.ue) {                        ue.count(\u00abacrStarsLinkWithPopoverClickCount\u00bb, (ue.count(\u00abacrStarsLinkWithPopoverClickCount\u00bb) || 0) + 1);                    }                });            });                          <\/p>\n<p>27&#8243; UHD PANEL &#8211; The Modern MD272UPHW features a large 27&#8243; IPS monitor with UHD resolution (3840 x 2160); a high UHD resolution enhances the visual experience and reveals finer details; PIP\/PBP function<br \/>PROFESSIONAL QUALITY COLORS &#8211; The Modern MD272UPHW supports an optimal 124% sRGB color gamut \/ DCI-P3 97% (8 bits + FRC, 1.07B colors), 400 nits of brightness, and a contrast ratio of 1000:1<br \/>EYE COMFORT ORIENT: MSI EyesErgo solution includes T\u00dcV Rheinland Eye Comfort certification with blue light reduction and anti-flicker technology as well as Eye-Q Check software to prevent fatigue<br \/>SIMPLE YET FLEXIBLE: The monitor includes 75mm VESA mounts for wall or arm mounting (for example, MSI&#8217;s VESA MT81 arm), while the stand is 4-way adjustable and includes a convenient cable management clip<br \/>MODERN CONNECTIVITY -This product supports multi-system control and display with HDMI 2.0b and DP 1.4a Type-C (DP Alt.\/ 98W PD); also includes headphone output port, a USB Type-B 5Gbps port, and 3 USB Type-C ports<\/p>\n\n","protected":false},"excerpt":{"rendered":"<p> From the manufacturer MSI: For Gamers &amp; Creators MSI is one of the most trusted<\/p>","protected":false},"featured_media":35691,"comment_status":"open","ping_status":"closed","template":"","meta":[],"product_brand":[],"product_cat":[53],"product_tag":[1436,7018,1804,1801,1802,1805,1803,1799,1807,7017,876,1806,1099,544,703,10140,688,844,1923,1262,1033,814,1808,381,684,1800,2342,205],"class_list":{"0":"post-35690","1":"product","2":"type-product","3":"status-publish","4":"has-post-thumbnail","6":"product_cat-4k-monitors","7":"product_tag-1-4a","8":"product_tag-2-0b","9":"product_tag-32-inch-4k-monitor","10":"product_tag-3840x2160-monitor","11":"product_tag-4k-gaming-monitor","12":"product_tag-4k-hdr-monitor","13":"product_tag-4k-ips-monitor","14":"product_tag-4k-monitor","15":"product_tag-4k-monitor-price","16":"product_tag-4way","17":"product_tag-adjustable","18":"product_tag-best-4k-monitor","19":"product_tag-displayport","20":"product_tag-hdmi","21":"product_tag-ips","22":"product_tag-md272uphw","23":"product_tag-modern","24":"product_tag-monitor","25":"product_tag-mount","26":"product_tag-msi","27":"product_tag-panel","28":"product_tag-professional","29":"product_tag-professional-4k-monitor","30":"product_tag-typec","31":"product_tag-uhd","32":"product_tag-uhd-monitor","33":"product_tag-vesa","34":"product_tag-white","36":"first","37":"instock","38":"sale","39":"shipping-taxable","40":"product-type-external"},"_links":{"self":[{"href":"https:\/\/comprasyconsejos.store\/en\/wp-json\/wp\/v2\/product\/35690","targetHints":{"allow":["GET"]}}],"collection":[{"href":"https:\/\/comprasyconsejos.store\/en\/wp-json\/wp\/v2\/product"}],"about":[{"href":"https:\/\/comprasyconsejos.store\/en\/wp-json\/wp\/v2\/types\/product"}],"replies":[{"embeddable":true,"href":"https:\/\/comprasyconsejos.store\/en\/wp-json\/wp\/v2\/comments?post=35690"}],"version-history":[{"count":0,"href":"https:\/\/comprasyconsejos.store\/en\/wp-json\/wp\/v2\/product\/35690\/revisions"}],"wp:featuredmedia":[{"embeddable":true,"href":"https:\/\/comprasyconsejos.store\/en\/wp-json\/wp\/v2\/media\/35691"}],"wp:attachment":[{"href":"https:\/\/comprasyconsejos.store\/en\/wp-json\/wp\/v2\/media?parent=35690"}],"wp:term":[{"taxonomy":"product_brand","embeddable":true,"href":"https:\/\/comprasyconsejos.store\/en\/wp-json\/wp\/v2\/product_brand?post=35690"},{"taxonomy":"product_cat","embeddable":true,"href":"https:\/\/comprasyconsejos.store\/en\/wp-json\/wp\/v2\/product_cat?post=35690"},{"taxonomy":"product_tag","embeddable":true,"href":"https:\/\/comprasyconsejos.store\/en\/wp-json\/wp\/v2\/product_tag?post=35690"}],"curies":[{"name":"wp","href":"https:\/\/api.w.org\/{rel}","templated":true}]}}