{"id":35708,"date":"2026-02-26T21:47:32","date_gmt":"2026-02-26T21:47:32","guid":{"rendered":"https:\/\/comprasyconsejos.store\/product\/kf-concept-6pcs-hot-shoe-cap-hot-shoe-protector-for-cameras-flash-camera-hot-shoe-cover-compatible-with-canon-nikon-sony-olympus-panasonic\/"},"modified":"2026-02-26T21:47:37","modified_gmt":"2026-02-26T21:47:37","slug":"kf-concept-6pcs-hot-shoe-cap-hot-shoe-protector-for-cameras-flash-camera-hot-shoe-cover-compatible-with-canon-nikon-sony-olympus-panasonic","status":"publish","type":"product","link":"https:\/\/comprasyconsejos.store\/en\/product\/kf-concept-6pcs-hot-shoe-cap-hot-shoe-protector-for-cameras-flash-camera-hot-shoe-cover-compatible-with-canon-nikon-sony-olympus-panasonic\/","title":{"rendered":"K&#038;F Concept 6PCS Hot Shoe Cap, Hot Shoe Protector for Cameras, Flash Camera Hot Shoe Cover Compatible with Canon, Nikon, Sony, Olympus, Panasonic"},"content":{"rendered":"<p>Price: <span style=\"color:#b12704\">\u20ac8.99<\/span><br \/><i><small>(as of Feb 26, 2026 21:47:32 UTC &#8211; <span class=\"wp_automatic_amazon_disclaimer\" title=\"Product prices and availability are accurate as of the date\/time indicated and are subject to change. Any price and availability information displayed on [relevant Amazon Site(s), as applicable] at the time of purchase will apply to the purchase of this product.\">Details<\/span>)<\/small><\/i><\/p>\n<p><a href=\"https:\/\/amazon.es\/dp\/B0D4DSZ9V4?tag=man008-21\"><img decoding=\"async\" src=\"https:\/\/valvepress.s3.amazonaws.com\/imgs\/buy_now.png\"><\/a><br \/>\n<\/p>\n<p>                                             From the brand   <\/p>\n<p>                                              <img decoding=\"async\" alt=\"FILTRO DE LENTE\" src=\"https:\/\/images-na.ssl-images-amazon.com\/images\/G\/01\/x-locale\/common\/grey-pixel.gif\" class=\"a-lazy-loaded\" data-src=\"https:\/\/m.media-amazon.com\/images\/S\/aplus-media-library-service-media\/627cfca3-fbab-435a-94b6-02d12c9ed148.__CR0,1,1464,625_PT0_SX1464_V1___.jpg\"><img decoding=\"async\" alt=\"FILTRO DE LENTE\" src=\"https:\/\/m.media-amazon.com\/images\/S\/aplus-media-library-service-media\/627cfca3-fbab-435a-94b6-02d12c9ed148.__CR0,1,1464,625_PT0_SX1464_V1___.jpg\">  <\/p>\n<p>                                              <img decoding=\"async\" alt=\"Texto en espa\u00f1ol que describe la filosof\u00eda de una empresa seg\u00fan la cual la percepci\u00f3n \u00fanica es el origen de todo, mencionando K&amp;amp;F Concept\" src=\"https:\/\/images-na.ssl-images-amazon.com\/images\/G\/01\/x-locale\/common\/grey-pixel.gif\" class=\"a-lazy-loaded\" data-src=\"https:\/\/m.media-amazon.com\/images\/S\/aplus-media-library-service-media\/967daa48-faae-43b1-8c05-e1d0e85a4f87.__CR0,0,364,455_PT0_SX362_V1___.jpg\"><img decoding=\"async\" alt=\"Texto en espa\u00f1ol que describe la filosof\u00eda de una empresa seg\u00fan la cual la percepci\u00f3n \u00fanica es el origen de todo, mencionando K&amp;amp;F Concept\" src=\"https:\/\/m.media-amazon.com\/images\/S\/aplus-media-library-service-media\/967daa48-faae-43b1-8c05-e1d0e85a4f87.__CR0,0,364,455_PT0_SX362_V1___.jpg\">  <\/p>\n<p>                                              <img decoding=\"async\" alt=\"aplus content image\" src=\"https:\/\/images-na.ssl-images-amazon.com\/images\/G\/01\/x-locale\/common\/grey-pixel.gif\" class=\"a-lazy-loaded\" data-src=\"https:\/\/m.media-amazon.com\/images\/S\/aplus-media-library-service-media\/aac54959-f0a7-4eae-bec7-caadcba532da.__CR0,0,364,455_PT0_SX362_V1___.jpg\"><img decoding=\"async\" alt=\"aplus content image\" src=\"https:\/\/m.media-amazon.com\/images\/S\/aplus-media-library-service-media\/aac54959-f0a7-4eae-bec7-caadcba532da.__CR0,0,364,455_PT0_SX362_V1___.jpg\">  <\/p>\n<h3> Brazo M\u00e1gico <\/h3>\n<h3> Soporte con ventosa <\/h3>\n<h3> Accesorios para soportes <\/h3>\n<h3> Accesorios para c\u00e1maras <\/h3>\n<h3> Estuche para tarjetas de mem <\/h3>\n<h3> Juego de tapas para objetivos <\/h3>\n<h3> Parasol para lente de c\u00e1mara <\/h3>\n<h3> Protector de pantalla Sony <\/h3>\n<h3> Protector de pantalla Canon <\/h3>\n<h3> Protector de pantalla Fujifilm <\/h3>\n<p>                                              <img decoding=\"async\" alt=\"aplus content image\" src=\"https:\/\/images-na.ssl-images-amazon.com\/images\/G\/01\/x-locale\/common\/grey-pixel.gif\" class=\"a-lazy-loaded\" data-src=\"https:\/\/m.media-amazon.com\/images\/S\/aplus-media-library-service-media\/6c995ea5-dab7-4f9a-a284-9feca6ffbc38.__CR0,0,364,455_PT0_SX362_V1___.jpg\"><img decoding=\"async\" alt=\"aplus content image\" src=\"https:\/\/m.media-amazon.com\/images\/S\/aplus-media-library-service-media\/6c995ea5-dab7-4f9a-a284-9feca6ffbc38.__CR0,0,364,455_PT0_SX362_V1___.jpg\">  <\/p>\n<p> Product Dimensions                                            \u200f                                            :                                            \u200e                                            10 x 10 x 0.1 cm; 10 g   <br \/> Date First Available                                            \u200f                                            :                                            \u200e                                            21 May 2024   <br \/> Manufacturer                                            \u200f                                            :                                            \u200e                                            Shenzhen Zhuoer Photograph   <br \/> ASIN                                            \u200f                                            :                                            \u200e                                            B0D4DSZ9V4   <br \/> Item model number                                            \u200f                                            :                                            \u200e                                            SKU.2250   <br \/> Country of origin                                            \u200f                                            :                                            \u200e                                            China   <br \/> Guaranteed software updates until                                            \u200f                                            :                                            \u200e                                            unknown   <br \/>       Best Sellers Rank:  1,012 in Digital Camera Accessories       <br \/>  Customer reviews:                                                                                            4.2               4.2 out of 5 stars                                  (135)                                              var dpAcrHasRegisteredArcLinkClickAction;                    P.when(&#8216;A&#8217;, &#8216;ready&#8217;).execute(function(A) {                        if (dpAcrHasRegisteredArcLinkClickAction !== true) {                            dpAcrHasRegisteredArcLinkClickAction = true;                            A.declarative(                                &#8216;acrLink-click-metrics&#8217;, &#8216;click&#8217;,                                { \u00aballowLinkDefault\u00bb: true },                                function (event) {                                    if (window.ue) {                                        ue.count(\u00abacrLinkClickCount\u00bb, (ue.count(\u00abacrLinkClickCount\u00bb) || 0) + 1);                                    }                                }                            );                        }                    });                                             P.when(&#8216;A&#8217;, &#8216;cf&#8217;).execute(function(A) {                A.declarative(&#8216;acrStarsLink-click-metrics&#8217;, &#8216;click&#8217;, { \u00aballowLinkDefault\u00bb : true },  function(event){                    if(window.ue) {                        ue.count(\u00abacrStarsLinkWithPopoverClickCount\u00bb, (ue.count(\u00abacrStarsLinkWithPopoverClickCount\u00bb) || 0) + 1);                    }                });            });                          <\/p>\n<p>\u3010Compatibility\u3011This K&#038;F Concept Hot Shoe Cap is compatible with most Canon, Sony, Nikon, Olympus, Panasonic camera. *** NOT COMPATIBLE WITH Sony Fabrica Cameras in 2012 and Earlier***<br \/>\u3010Shoe Cap\u3011Protects the shoe interface from dust, moisture and dirt, ensuring the equipment stays in top condition.<br \/>\u3010Material\u3011Made of high-quality material and good construction, which has a good texture, and not only a protective shoe cover, but also a decorative shoe accessory.<br \/>\u3010Shoe Protector\u3011This shoe cover is slim and portable and easy to operate. It fits snugly into the shoe interface without loosening or slipping.<br \/>Package includes: 6 x hot shoe covers, 1 x cleaning cloth.<\/p>\n\n","protected":false},"excerpt":{"rendered":"<p> From the brand Brazo M\u00e1gico Soporte con ventosa Accesorios para soportes Accesorios para c\u00e1maras Estuche<\/p>","protected":false},"featured_media":35709,"comment_status":"open","ping_status":"closed","template":"","meta":[],"product_brand":[],"product_cat":[96],"product_tag":[10141,1858,681,1859,1861,1621,2184,9455,201,3809,1016,1854,1855,2598,3154,1856,3094,4421,1237,1863,1860,1021,4280,2155,1862,1857],"class_list":{"0":"post-35708","1":"product","2":"type-product","3":"status-publish","4":"has-post-thumbnail","6":"product_cat-photo-video","7":"product_tag-6pcs","8":"product_tag-action-cameras","9":"product_tag-camera","10":"product_tag-camera-accessories","11":"product_tag-camera-lenses","12":"product_tag-cameras","13":"product_tag-canon","14":"product_tag-cap","15":"product_tag-compatible","16":"product_tag-concept","17":"product_tag-cover","18":"product_tag-digital-cameras","19":"product_tag-dslr-cameras","20":"product_tag-flash","21":"product_tag-hot","22":"product_tag-mirrorless-cameras","23":"product_tag-nikon","24":"product_tag-olympus","25":"product_tag-panasonic","26":"product_tag-photo-equipment","27":"product_tag-professional-camera","28":"product_tag-protector","29":"product_tag-shoe","30":"product_tag-sony","31":"product_tag-tripods","32":"product_tag-video-cameras","34":"first","35":"instock","36":"shipping-taxable","37":"product-type-external"},"_links":{"self":[{"href":"https:\/\/comprasyconsejos.store\/en\/wp-json\/wp\/v2\/product\/35708","targetHints":{"allow":["GET"]}}],"collection":[{"href":"https:\/\/comprasyconsejos.store\/en\/wp-json\/wp\/v2\/product"}],"about":[{"href":"https:\/\/comprasyconsejos.store\/en\/wp-json\/wp\/v2\/types\/product"}],"replies":[{"embeddable":true,"href":"https:\/\/comprasyconsejos.store\/en\/wp-json\/wp\/v2\/comments?post=35708"}],"version-history":[{"count":0,"href":"https:\/\/comprasyconsejos.store\/en\/wp-json\/wp\/v2\/product\/35708\/revisions"}],"wp:featuredmedia":[{"embeddable":true,"href":"https:\/\/comprasyconsejos.store\/en\/wp-json\/wp\/v2\/media\/35709"}],"wp:attachment":[{"href":"https:\/\/comprasyconsejos.store\/en\/wp-json\/wp\/v2\/media?parent=35708"}],"wp:term":[{"taxonomy":"product_brand","embeddable":true,"href":"https:\/\/comprasyconsejos.store\/en\/wp-json\/wp\/v2\/product_brand?post=35708"},{"taxonomy":"product_cat","embeddable":true,"href":"https:\/\/comprasyconsejos.store\/en\/wp-json\/wp\/v2\/product_cat?post=35708"},{"taxonomy":"product_tag","embeddable":true,"href":"https:\/\/comprasyconsejos.store\/en\/wp-json\/wp\/v2\/product_tag?post=35708"}],"curies":[{"name":"wp","href":"https:\/\/api.w.org\/{rel}","templated":true}]}}