{"id":35720,"date":"2026-02-26T21:57:11","date_gmt":"2026-02-26T21:57:11","guid":{"rendered":"https:\/\/comprasyconsejos.store\/product\/doogee-note56-plus-telefono-movil-andriod-16-48gb256gb-2tb-6150mah-smartphone-656-90hz-50mp8mp-gemini-ai-movil-octa-core-nfc-dual-sim-widevine-l1-face-id-huella-dactilar-gms-gps-otg-moviles-4g\/"},"modified":"2026-02-26T21:57:14","modified_gmt":"2026-02-26T21:57:14","slug":"doogee-note56-plus-telefono-movil-andriod-16-48gb256gb-2tb-6150mah-smartphone-656-90hz-50mp8mp-gemini-ai-movil-octa-core-nfc-dual-sim-widevine-l1-face-id-huella-dactilar-gms-gps-otg-moviles-4g","status":"publish","type":"product","link":"https:\/\/comprasyconsejos.store\/en\/product\/doogee-note56-plus-telefono-movil-andriod-16-48gb256gb-2tb-6150mah-smartphone-656-90hz-50mp8mp-gemini-ai-movil-octa-core-nfc-dual-sim-widevine-l1-face-id-huella-dactilar-gms-gps-otg-moviles-4g\/","title":{"rendered":"DOOGEE Note56 Plus Telefono Movil Andriod 16, 48GB+256GB\/2TB 6150mAh, Smartphone 6,56&#8243; 90Hz 50MP+8MP, Gemini AI M\u00f3vil Octa Core, NFC\/Dual SIM\/Widevine L1\/Face ID\/Huella Dactilar\/GMS\/GPS\/OTG Moviles 4G"},"content":{"rendered":"<p>Price: <span style=\"color:#b12704\"><del>\u20ac219.99<\/del> - \u20ac159.99<\/span><br \/><i><small>(as of Feb 26, 2026 21:57:11 UTC &#8211; <span class=\"wp_automatic_amazon_disclaimer\" title=\"Product prices and availability are accurate as of the date\/time indicated and are subject to change. Any price and availability information displayed on [relevant Amazon Site(s), as applicable] at the time of purchase will apply to the purchase of this product.\">Details<\/span>)<\/small><\/i><\/p>\n<p><a href=\"https:\/\/amazon.es\/dp\/B0FP2CV4VH?tag=man008-21\"><img decoding=\"async\" src=\"https:\/\/valvepress.s3.amazonaws.com\/imgs\/buy_now.png\"><\/a><br \/>\n<\/p>\n<p>                                             From the brand   <\/p>\n<p>                                              <img decoding=\"async\" alt=\"\" src=\"https:\/\/images-na.ssl-images-amazon.com\/images\/G\/01\/x-locale\/common\/grey-pixel.gif\" class=\"a-lazy-loaded\" data-src=\"https:\/\/m.media-amazon.com\/images\/S\/aplus-media-library-service-media\/3305e445-11a6-4149-8204-59cb8b527a79.__CR0,0,1464,625_PT0_SX1464_V1___.jpg\"><img decoding=\"async\" alt=\"\" src=\"https:\/\/m.media-amazon.com\/images\/S\/aplus-media-library-service-media\/3305e445-11a6-4149-8204-59cb8b527a79.__CR0,0,1464,625_PT0_SX1464_V1___.jpg\">  <\/p>\n<h3> Note56 Plus Tel\u00e9fono M\u00f3vil <\/h3>\n<p>                                              <img decoding=\"async\" alt=\"\" src=\"https:\/\/images-na.ssl-images-amazon.com\/images\/G\/01\/x-locale\/common\/grey-pixel.gif\" class=\"a-lazy-loaded\" data-src=\"https:\/\/m.media-amazon.com\/images\/S\/aplus-media-library-service-media\/9bd8cc6d-8058-4bbc-8b53-d4e9c208fedf.__CR0,0,362,453_PT0_SX362_V1___.jpg\"><img decoding=\"async\" alt=\"\" src=\"https:\/\/m.media-amazon.com\/images\/S\/aplus-media-library-service-media\/9bd8cc6d-8058-4bbc-8b53-d4e9c208fedf.__CR0,0,362,453_PT0_SX362_V1___.jpg\">  <\/p>\n<h3> DOOGEE&#8211;OFFICIAL <\/h3>\n<p> La creencia de Doogee es crear un tel\u00e9fono m\u00f3vil que siempre sea impermeable, siempre duradero y tabletas buenas y baratas <\/p>\n<h3> Note56 Plus Tel\u00e9fono M\u00f3vil <\/h3>\n<p>                                              <img decoding=\"async\" alt=\"aplus content image\" src=\"https:\/\/images-na.ssl-images-amazon.com\/images\/G\/01\/x-locale\/common\/grey-pixel.gif\" class=\"a-lazy-loaded\" data-src=\"https:\/\/m.media-amazon.com\/images\/S\/aplus-media-library-service-media\/ce3dea5b-1b6e-48b7-90cd-79e20b6f0697.__CR1092,0,1905,2384_PT0_SX362_V1___.jpg\"><img decoding=\"async\" alt=\"aplus content image\" src=\"https:\/\/m.media-amazon.com\/images\/S\/aplus-media-library-service-media\/ce3dea5b-1b6e-48b7-90cd-79e20b6f0697.__CR1092,0,1905,2384_PT0_SX362_V1___.jpg\">  <\/p>\n<p>                                              <img decoding=\"async\" alt=\"aplus content image\" src=\"https:\/\/images-na.ssl-images-amazon.com\/images\/G\/01\/x-locale\/common\/grey-pixel.gif\" class=\"a-lazy-loaded\" data-src=\"https:\/\/m.media-amazon.com\/images\/S\/aplus-media-library-service-media\/795c62a9-73e1-4b89-8592-485af9cdd506.__CR1243,0,1905,2384_PT0_SX362_V1___.jpg\"><img decoding=\"async\" alt=\"aplus content image\" src=\"https:\/\/m.media-amazon.com\/images\/S\/aplus-media-library-service-media\/795c62a9-73e1-4b89-8592-485af9cdd506.__CR1243,0,1905,2384_PT0_SX362_V1___.jpg\">  <\/p>\n<p>                                                         Nuestro comienzo?                                       <\/p>\n<p> DOOGEE se fund\u00f3 en marzo de 2009, la creencia de DOOGEE es crear un tel\u00e9fono m\u00f3vil que sea resistente al agua para siempre y que nunca se da\u00f1e. <\/p>\n<p>                                                         \u00bfPor qu\u00e9 usar Doogee                                       <\/p>\n<p> Para ofrecer la experiencia perfecta a cada usuario, nos dedicamos a defender \u00abCALIDAD, EXPERIENCIA\u00bb. <\/p>\n<p>                                                         \u00bfQu\u00e9 podemos proporcionar                                       <\/p>\n<p> Para ofrecer la experiencia perfecta a cada usuario, especialmente en la calidad, todos los productos de DOOGEE deben pasar por el proceso de pruebas de alto nivel e inspecci\u00f3n de calidad de alta tecnolog\u00eda. <\/p>\n<p>                                              <img decoding=\"async\" alt=\"de la marca de la empresa DOOGEE con texto en espa\u00f1ol que describe el liderazgo en la industria de los tel\u00e9fonos inteligentes, que se muestra sobre un fondo azul claro\" src=\"https:\/\/images-na.ssl-images-amazon.com\/images\/G\/01\/x-locale\/common\/grey-pixel.gif\" class=\"a-lazy-loaded\" data-src=\"https:\/\/m.media-amazon.com\/images\/S\/aplus-media-library-service-media\/45c73b06-afc7-4990-bccf-ec688d78b0a4.__CR0,0,362,453_PT0_SX362_V1___.jpg\"><img decoding=\"async\" alt=\"de la marca de la empresa DOOGEE con texto en espa\u00f1ol que describe el liderazgo en la industria de los tel\u00e9fonos inteligentes, que se muestra sobre un fondo azul claro\" src=\"https:\/\/m.media-amazon.com\/images\/S\/aplus-media-library-service-media\/45c73b06-afc7-4990-bccf-ec688d78b0a4.__CR0,0,362,453_PT0_SX362_V1___.jpg\">  <\/p>\n<p>                                              <img decoding=\"async\" alt=\"Informaci\u00f3n de la marca DOOGEE en espa\u00f1ol, que destaca tres caracter\u00edsticas clave: resistencia al agua y a los impactos, apariencia personalizada y\" src=\"https:\/\/images-na.ssl-images-amazon.com\/images\/G\/01\/x-locale\/common\/grey-pixel.gif\" class=\"a-lazy-loaded\" data-src=\"https:\/\/m.media-amazon.com\/images\/S\/aplus-media-library-service-media\/a665ff86-10a3-472a-9504-c537ce8d8b9d.__CR0,0,362,453_PT0_SX362_V1___.jpg\"><img decoding=\"async\" alt=\"Informaci\u00f3n de la marca DOOGEE en espa\u00f1ol, que destaca tres caracter\u00edsticas clave: resistencia al agua y a los impactos, apariencia personalizada y\" src=\"https:\/\/m.media-amazon.com\/images\/S\/aplus-media-library-service-media\/a665ff86-10a3-472a-9504-c537ce8d8b9d.__CR0,0,362,453_PT0_SX362_V1___.jpg\">  <\/p>\n<p>                                              <img decoding=\"async\" alt=\"un collage de fotos que muestra a una mujer sosteniendo una c\u00e1mara y a una mujer sosteniendo una c\u00e1mara.\" src=\"https:\/\/images-na.ssl-images-amazon.com\/images\/G\/01\/x-locale\/common\/grey-pixel.gif\" class=\"a-lazy-loaded\" data-src=\"https:\/\/m.media-amazon.com\/images\/S\/aplus-media-library-service-media\/2b0f595a-3c87-444a-bac3-90baf1d3702b.__CR0,0,362,453_PT0_SX362_V1___.jpg\"><img decoding=\"async\" alt=\"un collage de fotos que muestra a una mujer sosteniendo una c\u00e1mara y a una mujer sosteniendo una c\u00e1mara.\" src=\"https:\/\/m.media-amazon.com\/images\/S\/aplus-media-library-service-media\/2b0f595a-3c87-444a-bac3-90baf1d3702b.__CR0,0,362,453_PT0_SX362_V1___.jpg\">  <\/p>\n<p>                                              <img decoding=\"async\" alt=\"de exhibici\u00f3n de productos DOOGEE con relojes inteligentes y tel\u00e9fonos inteligentes plegables. Rotulaci\u00f3n de marca iluminada y unidades de demostraci\u00f3n\" src=\"https:\/\/images-na.ssl-images-amazon.com\/images\/G\/01\/x-locale\/common\/grey-pixel.gif\" class=\"a-lazy-loaded\" data-src=\"https:\/\/m.media-amazon.com\/images\/S\/aplus-media-library-service-media\/566cff4c-038a-489d-9c76-7c2d9b32808e.__CR0,0,362,453_PT0_SX362_V1___.jpg\"><img decoding=\"async\" alt=\"de exhibici\u00f3n de productos DOOGEE con relojes inteligentes y tel\u00e9fonos inteligentes plegables. Rotulaci\u00f3n de marca iluminada y unidades de demostraci\u00f3n\" src=\"https:\/\/m.media-amazon.com\/images\/S\/aplus-media-library-service-media\/566cff4c-038a-489d-9c76-7c2d9b32808e.__CR0,0,362,453_PT0_SX362_V1___.jpg\">  <\/p>\n<p> Batteries                                            \u200f                                            :                                            \u200e                                            1 C batteries required. (included)   <br \/> Product Dimensions                                            \u200f                                            :                                            \u200e                                            7.58 x 0.85 x 16.38 cm; 195 g   <br \/> Manufacturer                                            \u200f                                            :                                            \u200e                                            DOOGEE   <br \/> ASIN                                            \u200f                                            :                                            \u200e                                            B0FP2CV4VH   <br \/> Item model number                                            \u200f                                            :                                            \u200e                                            Note56 Plus   <br \/> Country\/Region of Origin                                            \u200f                                            :                                            \u200e                                            China   <br \/> Guaranteed software updates until                                            \u200f                                            :                                            \u200e                                            unknown   <br \/>  Customer reviews:                                                                                            4.0               4.0 out of 5 stars                                  (21)                                              var dpAcrHasRegisteredArcLinkClickAction;                    P.when(&#8216;A&#8217;, &#8216;ready&#8217;).execute(function(A) {                        if (dpAcrHasRegisteredArcLinkClickAction !== true) {                            dpAcrHasRegisteredArcLinkClickAction = true;                            A.declarative(                                &#8216;acrLink-click-metrics&#8217;, &#8216;click&#8217;,                                { \u00aballowLinkDefault\u00bb: true },                                function (event) {                                    if (window.ue) {                                        ue.count(\u00abacrLinkClickCount\u00bb, (ue.count(\u00abacrLinkClickCount\u00bb) || 0) + 1);                                    }                                }                            );                        }                    });                                             P.when(&#8216;A&#8217;, &#8216;cf&#8217;).execute(function(A) {                A.declarative(&#8216;acrStarsLink-click-metrics&#8217;, &#8216;click&#8217;, { \u00aballowLinkDefault\u00bb : true },  function(event){                    if(window.ue) {                        ue.count(\u00abacrStarsLinkWithPopoverClickCount\u00bb, (ue.count(\u00abacrStarsLinkWithPopoverClickCount\u00bb) || 0) + 1);                    }                });            });                          <\/p>\n<p>\u3010Movil Android 16 + Gemini AI + UNISOC T7225 Octa Core\u3011El DOOGEE Note56 Plus telefono movil funciona con el nuevo Android 16, impulsado por el procesador octa-core UNISOC T7225 para una multitarea fluida. Gracias a Gemini AI, el moviles baratos y buenos aprende tus h\u00e1bitos y optimiza el uso diario, brindando una experiencia inteligente y personalizada. Combinando capacidades sobresalientes con tecnolog\u00eda innovadora, este doogee smartphone ofrece una experiencia de usuario excepcional.<br \/>\u301048GB RAM + 256GB ROM\/2TB TF\u3011El tel\u00e9fono m\u00f3vil DOOGEE Note56 Plus cuenta con 48GB de RAM (6GB de f\u00edsica + hasta 36GB de virtual) y 256GB de almacenamiento, ampliable mediante una tarjeta TF de 2TB, lo que le permite almacenar y descargar m\u00e1s contenido digital. El Note56 Plus DOOGEE telefono movil Andriod es un smartphone baratos y buenos con gran rendimiento, destacando entre los telefono movil libres de su categor\u00eda por su excelente relaci\u00f3n calidad-precio.<br \/>\u3010Bater\u00eda de 6150mAh\/18W + OTG + Dise\u00f1o Ultraligero\u3011El Note56 Plus smartphone Android 16 cuenta con una potente bater\u00eda de 6150mAh y un cargador de 18W, no tendr\u00e1s que preocuparte por quedarte sin bater\u00eda cuando est\u00e9s fuera de casa. Gracias a la funci\u00f3n OTG, este movil barato y bueno puede cargar otros dispositivos cuando viajas. El doogee movil tiene solo 8,45 mm de grosor, lo que lo hace delgado, elegante y f\u00e1cil de transportar, ideal como movil para mayores o movil para ni\u00f1os.<br \/>\u3010Movil 6,56 Pulgadas HD+ 90Hz + Desbloqueo Facial y Huellas Dactilares\u3011El m\u00f3vil Android 16 DOOGEE Note56 Plus cuenta con una pantalla IPS HD+ 6,56 pulgadas y frecuencia de actualizaci\u00f3n de 90Hz, ofrece una experiencia visual fluida y agradable. Este movil baratos admite reconocimiento facial y huellas dactilares, lo que garantiza un desbloqueo r\u00e1pido y seguro. Su funcionamiento sencillo y pr\u00e1ctico lo convierte en la opci\u00f3n ideal como m\u00f3vil personas mayores, m\u00f3vil ni\u00f1a o m\u00f3vil ni\u00f1os.<br \/>\u3010C\u00e1mara Principal de 50MP y Frontal de 8MP + Widevine L1 +GMS\u3011 El DOOGEE telefono movil baratos cuenta con una c\u00e1mara principal trasera de 50MP que captura fotos n\u00edtidas y coloridas. La c\u00e1mara frontal de 8MP del Note56 Plus movil 4G incorpora un modo belleza, que a\u00f1ade un toque distintivo a tus selfies. Este doogee m\u00f3vil barato y bueno tambi\u00e9n soporta Widevine L1 y GMS para ver contenidos 4K HDR en video, lo que lo convierte en uno de los tel\u00e9fonos m\u00f3viles baratos del mercado.<br \/>\u3010Movil NFC\/Doble SIM 4G\/GPS\/3,5mm Jack\u3011El telefono movil DOOGEE es compatible con NFC para Google Pay, lo que permite realizar pagos r\u00e1pidos y seguros. Este Andriod 16 tel\u00e9fono m\u00f3vil admite doble SIM 4G, navegaci\u00f3n precisa gracias a GPS y puerto 3,5mm, ofreciendo comodidad y versatilidad. El movil Note56 Plus es un smartphone pr\u00e1ctico y confiable con una excelente relaci\u00f3n calidad-precio, destac\u00e1ndose entre muchos moviles baratos y buenos, telefono Android y movil 256GB.<\/p>\n\n","protected":false},"excerpt":{"rendered":"<p> From the brand Note56 Plus Tel\u00e9fono M\u00f3vil DOOGEE&#8211;OFFICIAL La creencia de Doogee es crear un<\/p>","protected":false},"featured_media":35721,"comment_status":"open","ping_status":"closed","template":"","meta":[],"product_brand":[],"product_cat":[100],"product_tag":[10147,10148,1890,6944,833,1686,1891,1896,1893,698,10151,6113,912,10150,1892,6726,1889,1888,4491,10152,8006,6943,6118,10149,1897,1894,1895,1588,4816],"class_list":{"0":"post-35720","1":"product","2":"type-product","3":"status-publish","4":"has-post-thumbnail","6":"product_cat-smartphones","7":"product_tag-48gb256gb2tb","8":"product_tag-50mp8mp","9":"product_tag-5g-smartphones","10":"product_tag-6150mah","11":"product_tag-90hz","12":"product_tag-andriod","13":"product_tag-android-phones","14":"product_tag-best-smartphones","15":"product_tag-budget-smartphones","16":"product_tag-core","17":"product_tag-dactilargmsgpsotg","18":"product_tag-doogee","19":"product_tag-gemini","20":"product_tag-idhuella","21":"product_tag-iphone-smartphones","22":"product_tag-l1face","23":"product_tag-latest-smartphones","24":"product_tag-mobile-phones","25":"product_tag-movil","26":"product_tag-moviles","27":"product_tag-nfcdual","28":"product_tag-note56","29":"product_tag-octa","30":"product_tag-simwidevine","31":"product_tag-smartphone","32":"product_tag-smartphone-deals","33":"product_tag-smartphone-price","34":"product_tag-smartphones","35":"product_tag-telefono","37":"first","38":"instock","39":"sale","40":"shipping-taxable","41":"product-type-external"},"_links":{"self":[{"href":"https:\/\/comprasyconsejos.store\/en\/wp-json\/wp\/v2\/product\/35720","targetHints":{"allow":["GET"]}}],"collection":[{"href":"https:\/\/comprasyconsejos.store\/en\/wp-json\/wp\/v2\/product"}],"about":[{"href":"https:\/\/comprasyconsejos.store\/en\/wp-json\/wp\/v2\/types\/product"}],"replies":[{"embeddable":true,"href":"https:\/\/comprasyconsejos.store\/en\/wp-json\/wp\/v2\/comments?post=35720"}],"version-history":[{"count":0,"href":"https:\/\/comprasyconsejos.store\/en\/wp-json\/wp\/v2\/product\/35720\/revisions"}],"wp:featuredmedia":[{"embeddable":true,"href":"https:\/\/comprasyconsejos.store\/en\/wp-json\/wp\/v2\/media\/35721"}],"wp:attachment":[{"href":"https:\/\/comprasyconsejos.store\/en\/wp-json\/wp\/v2\/media?parent=35720"}],"wp:term":[{"taxonomy":"product_brand","embeddable":true,"href":"https:\/\/comprasyconsejos.store\/en\/wp-json\/wp\/v2\/product_brand?post=35720"},{"taxonomy":"product_cat","embeddable":true,"href":"https:\/\/comprasyconsejos.store\/en\/wp-json\/wp\/v2\/product_cat?post=35720"},{"taxonomy":"product_tag","embeddable":true,"href":"https:\/\/comprasyconsejos.store\/en\/wp-json\/wp\/v2\/product_tag?post=35720"}],"curies":[{"name":"wp","href":"https:\/\/api.w.org\/{rel}","templated":true}]}}