{"id":35726,"date":"2026-02-26T22:05:41","date_gmt":"2026-02-26T22:05:41","guid":{"rendered":"https:\/\/comprasyconsejos.store\/product\/kingspec-ssd-512gb-2-5-sata-iii-tlc-3d-nand-flash-internal-hard-drive-read-up-to-570mb-s-for-desktops-laptops-all-in-one\/"},"modified":"2026-02-26T22:05:42","modified_gmt":"2026-02-26T22:05:42","slug":"kingspec-ssd-512gb-2-5-sata-iii-tlc-3d-nand-flash-internal-hard-drive-read-up-to-570mb-s-for-desktops-laptops-all-in-one","status":"publish","type":"product","link":"https:\/\/comprasyconsejos.store\/en\/product\/kingspec-ssd-512gb-2-5-sata-iii-tlc-3d-nand-flash-internal-hard-drive-read-up-to-570mb-s-for-desktops-laptops-all-in-one\/","title":{"rendered":"Kingspec SSD 512GB 2.5&#8243; SATA III, TLC 3D NAND Flash Internal Hard Drive, Read Up to 570MB\/s, for Desktops\/Laptops\/All-in-One"},"content":{"rendered":"<p>Price: <span style=\"color:#b12704\"><del>\u20ac499.00<\/del> - \u20ac77.99<\/span><br \/><i><small>(as of Feb 26, 2026 22:05:41 UTC &#8211; <span class=\"wp_automatic_amazon_disclaimer\" title=\"Product prices and availability are accurate as of the date\/time indicated and are subject to change. Any price and availability information displayed on [relevant Amazon Site(s), as applicable] at the time of purchase will apply to the purchase of this product.\">Details<\/span>)<\/small><\/i><\/p>\n<p><a href=\"https:\/\/amazon.es\/dp\/B0B2K3ZCHH?tag=man008-21\"><img decoding=\"async\" src=\"https:\/\/valvepress.s3.amazonaws.com\/imgs\/buy_now.png\"><\/a><br \/>\n<\/p>\n<p>                                             From the brand   <\/p>\n<p>                                              <img decoding=\"async\" alt=\"m2 ssd\" src=\"https:\/\/images-na.ssl-images-amazon.com\/images\/G\/01\/x-locale\/common\/grey-pixel.gif\" class=\"a-lazy-loaded\" data-src=\"https:\/\/m.media-amazon.com\/images\/S\/aplus-media-library-service-media\/1836b8e9-ab76-4041-aa49-1f45d9a6e769.__CR0,0,1464,625_PT0_SX1464_V1___.jpg\"><img decoding=\"async\" alt=\"m2 ssd\" src=\"https:\/\/m.media-amazon.com\/images\/S\/aplus-media-library-service-media\/1836b8e9-ab76-4041-aa49-1f45d9a6e769.__CR0,0,1464,625_PT0_SX1464_V1___.jpg\">  <\/p>\n<p>                                              <img decoding=\"async\" alt=\"\" src=\"https:\/\/images-na.ssl-images-amazon.com\/images\/G\/01\/x-locale\/common\/grey-pixel.gif\" class=\"a-lazy-loaded\" data-src=\"https:\/\/m.media-amazon.com\/images\/S\/aplus-media-library-service-media\/a6a987ef-75cf-4df9-8242-86d961654a78.__CR0,0,315,145_PT0_SX315_V1___.png\"><img decoding=\"async\" alt=\"\" src=\"https:\/\/m.media-amazon.com\/images\/S\/aplus-media-library-service-media\/a6a987ef-75cf-4df9-8242-86d961654a78.__CR0,0,315,145_PT0_SX315_V1___.png\">  <\/p>\n<p> KingSpec se fund\u00f3 en 2007 y se ha comprometido con el dise\u00f1o, la investigaci\u00f3n y el desarrollo, la producci\u00f3n y las ventas de almacenamiento de computadoras. Es uno de los mejores fabricantes de la industria, proporcionando soluciones de almacenamiento de disco duro de primera clase para diversas industrias. <\/p>\n<p> La gama de productos es completa, incluyendo SSD SATA de 2.5&#8243;, SSD M.2, tarjeta de memoria de c\u00e1mara, DDR RAM, etc. satisfacen las necesidades de almacenamiento de los consumidores. <\/p>\n<h3> KingSpec M.2 SSD &amp; SATA SSD <\/h3>\n<p>                                              <img decoding=\"async\" alt=\"ssd nvme m.2\" src=\"https:\/\/images-na.ssl-images-amazon.com\/images\/G\/01\/x-locale\/common\/grey-pixel.gif\" class=\"a-lazy-loaded\" data-src=\"https:\/\/m.media-amazon.com\/images\/S\/aplus-media-library-service-media\/1bd0e9dc-dd3f-45bf-a72c-653478f6ea26.__CR0,0,362,453_PT0_SX362_V1___.jpg\"><img decoding=\"async\" alt=\"ssd nvme m.2\" src=\"https:\/\/m.media-amazon.com\/images\/S\/aplus-media-library-service-media\/1bd0e9dc-dd3f-45bf-a72c-653478f6ea26.__CR0,0,362,453_PT0_SX362_V1___.jpg\">  <\/p>\n<p> Manufacturer                                            \u200f                                            :                                            \u200e                                            KingSpec   <br \/> ASIN                                            \u200f                                            :                                            \u200e                                            B0B2K3ZCHH   <br \/> Item model number                                            \u200f                                            :                                            \u200e                                            P3-512GB   <br \/> Country of origin                                            \u200f                                            :                                            \u200e                                            China   <br \/> Guaranteed software updates until                                            \u200f                                            :                                            \u200e                                            unknown   <br \/>  Customer reviews:                                                                                            4.6               4.6 out of 5 stars                                  (7,874)                                              var dpAcrHasRegisteredArcLinkClickAction;                    P.when(&#8216;A&#8217;, &#8216;ready&#8217;).execute(function(A) {                        if (dpAcrHasRegisteredArcLinkClickAction !== true) {                            dpAcrHasRegisteredArcLinkClickAction = true;                            A.declarative(                                &#8216;acrLink-click-metrics&#8217;, &#8216;click&#8217;,                                { \u00aballowLinkDefault\u00bb: true },                                function (event) {                                    if (window.ue) {                                        ue.count(\u00abacrLinkClickCount\u00bb, (ue.count(\u00abacrLinkClickCount\u00bb) || 0) + 1);                                    }                                }                            );                        }                    });                                             P.when(&#8216;A&#8217;, &#8216;cf&#8217;).execute(function(A) {                A.declarative(&#8216;acrStarsLink-click-metrics&#8217;, &#8216;click&#8217;, { \u00aballowLinkDefault\u00bb : true },  function(event){                    if(window.ue) {                        ue.count(\u00abacrStarsLinkWithPopoverClickCount\u00bb, (ue.count(\u00abacrStarsLinkWithPopoverClickCount\u00bb) || 0) + 1);                    }                });            });                          <\/p>\n<p>[Fast and Extraordinary]: Kingspec 2.5 SATAIII SSD adopts 3D NAND flash memory and semiconductor components, making it a high-performance and reliable storage device. The maximum sequential read speeds are up to 550MB\/s and the maximum sequential write speeds are up to 520MB\/s, which greatly improves the performance and efficiency of your computer. You&#8217;ll get a faster transfer and faster file upload experience.<br \/>[High Performance]: Kingspec 2.5 SATA SSD has shock and drop resistance features, so you won&#8217;t have to worry even if the computer drops. It is quiet and noiseless, has low power consumption, resistance to high and low temperatures, and higher speed of startup and program loading.<br \/>[More Reliable and Stable]: The 2.5&#8243; SATA SSD supports wear leveling, garbage collection, over-provisioning, native command queue, TRIM, S.M.A.R.T, etc., and has also gone through strict quality testing during the production process. This gives you stable and reliable performance, being ideal for business and entertainment.<br \/>[Wide Compatibility]: The internal SATA SSD is compatible with Windows 10 \/ 8.1 \/ 8 \/ 7 or later, DOS, Linux, Unix. The SATA Rev. 3.0 (6Gb\/s) is backwards compatible with SATA Rev. 2.0 It is compatible with laptops, desktops and all-in-one computers.<br \/>[3-Year Warranty]: All Kingspec internal SSDs come with a 3-year limited warranty and enjoy lifetime technical support. We have strict control standards for our products; every hard drive has been tested countless times to ensure that there are no quality problems before shipping. Any questions or suggestions about the product, we will provide you with the most sincere service.<\/p>\n\n","protected":false},"excerpt":{"rendered":"<p> From the brand KingSpec se fund\u00f3 en 2007 y se ha comprometido con el dise\u00f1o,<\/p>","protected":false},"featured_media":35727,"comment_status":"open","ping_status":"closed","template":"","meta":[],"product_brand":[],"product_cat":[81],"product_tag":[1455,536,1457,9217,1468,9218,795,2598,1461,794,1647,1120,4676,1459,1644,1452,1465,1726,1646,1463,513,1466,1645],"class_list":{"0":"post-35726","1":"product","2":"type-product","3":"status-publish","4":"has-post-thumbnail","6":"product_cat-ssd-drive","7":"product_tag-1tb-ssd","8":"product_tag-512gb","9":"product_tag-512gb-ssd","10":"product_tag-570mbs","11":"product_tag-best-ssd","12":"product_tag-desktopslaptopsallinone","13":"product_tag-drive","14":"product_tag-flash","15":"product_tag-gaming-ssd","16":"product_tag-hard","17":"product_tag-iii","18":"product_tag-internal","19":"product_tag-kingspec","20":"product_tag-m-2-ssd","21":"product_tag-nand","22":"product_tag-nvme-ssd","23":"product_tag-portable-ssd","24":"product_tag-read","25":"product_tag-sata","26":"product_tag-sata-ssd","27":"product_tag-ssd","28":"product_tag-ssd-price","29":"product_tag-tlc","31":"first","32":"instock","33":"sale","34":"shipping-taxable","35":"product-type-external"},"_links":{"self":[{"href":"https:\/\/comprasyconsejos.store\/en\/wp-json\/wp\/v2\/product\/35726","targetHints":{"allow":["GET"]}}],"collection":[{"href":"https:\/\/comprasyconsejos.store\/en\/wp-json\/wp\/v2\/product"}],"about":[{"href":"https:\/\/comprasyconsejos.store\/en\/wp-json\/wp\/v2\/types\/product"}],"replies":[{"embeddable":true,"href":"https:\/\/comprasyconsejos.store\/en\/wp-json\/wp\/v2\/comments?post=35726"}],"version-history":[{"count":0,"href":"https:\/\/comprasyconsejos.store\/en\/wp-json\/wp\/v2\/product\/35726\/revisions"}],"wp:featuredmedia":[{"embeddable":true,"href":"https:\/\/comprasyconsejos.store\/en\/wp-json\/wp\/v2\/media\/35727"}],"wp:attachment":[{"href":"https:\/\/comprasyconsejos.store\/en\/wp-json\/wp\/v2\/media?parent=35726"}],"wp:term":[{"taxonomy":"product_brand","embeddable":true,"href":"https:\/\/comprasyconsejos.store\/en\/wp-json\/wp\/v2\/product_brand?post=35726"},{"taxonomy":"product_cat","embeddable":true,"href":"https:\/\/comprasyconsejos.store\/en\/wp-json\/wp\/v2\/product_cat?post=35726"},{"taxonomy":"product_tag","embeddable":true,"href":"https:\/\/comprasyconsejos.store\/en\/wp-json\/wp\/v2\/product_tag?post=35726"}],"curies":[{"name":"wp","href":"https:\/\/api.w.org\/{rel}","templated":true}]}}