{"id":35729,"date":"2026-02-26T22:06:52","date_gmt":"2026-02-26T22:06:52","guid":{"rendered":"https:\/\/comprasyconsejos.store\/product\/coolbox-energy-g-pc-850w-gaming-power-supply-80-plus-gold-full-modular-argb-lighting-atx-12v-compatible-with-nvidia-rtx-30-series-black\/"},"modified":"2026-02-26T22:06:53","modified_gmt":"2026-02-26T22:06:53","slug":"coolbox-energy-g-pc-850w-gaming-power-supply-80-plus-gold-full-modular-argb-lighting-atx-12v-compatible-with-nvidia-rtx-30-series-black","status":"publish","type":"product","link":"https:\/\/comprasyconsejos.store\/en\/product\/coolbox-energy-g-pc-850w-gaming-power-supply-80-plus-gold-full-modular-argb-lighting-atx-12v-compatible-with-nvidia-rtx-30-series-black\/","title":{"rendered":"CoolBox Energy-G PC 850W Gaming Power Supply, 80 Plus Gold, Full Modular, ARGB Lighting, ATX 12V, Compatible with Nvidia RTX 30 Series, Black"},"content":{"rendered":"<p>Price: <span style=\"color:#b12704\"><del>\u20ac90.99<\/del> - \u20ac79.99<\/span><br \/><i><small>(as of Feb 26, 2026 22:06:52 UTC &#8211; <span class=\"wp_automatic_amazon_disclaimer\" title=\"Product prices and availability are accurate as of the date\/time indicated and are subject to change. Any price and availability information displayed on [relevant Amazon Site(s), as applicable] at the time of purchase will apply to the purchase of this product.\">Details<\/span>)<\/small><\/i><\/p>\n<p><a href=\"https:\/\/amazon.es\/dp\/B095C7JVBQ?tag=man008-21\"><img decoding=\"async\" src=\"https:\/\/valvepress.s3.amazonaws.com\/imgs\/buy_now.png\"><\/a><br \/>\n<\/p>\n<p>                                             From the manufacturer   <\/p>\n<p>                                                  <img decoding=\"async\" alt=\"DeepEnergy fuente de alimentaci\u00f3n RGB\" src=\"https:\/\/images-na.ssl-images-amazon.com\/images\/G\/01\/x-locale\/common\/grey-pixel.gif\" class=\"a-lazy-loaded\" data-src=\"https:\/\/m.media-amazon.com\/images\/S\/aplus-media\/vc\/a8408020-3b15-4629-8b1c-1e07754bc32e.__CR0,0,4042,1250_PT0_SX970_V1___.jpg\"><img decoding=\"async\" alt=\"DeepEnergy fuente de alimentaci\u00f3n RGB\" src=\"https:\/\/m.media-amazon.com\/images\/S\/aplus-media\/vc\/a8408020-3b15-4629-8b1c-1e07754bc32e.__CR0,0,4042,1250_PT0_SX970_V1___.jpg\">  <\/p>\n<p>                                                                             <img decoding=\"async\" alt=\"DeepEnergy\" src=\"https:\/\/images-na.ssl-images-amazon.com\/images\/G\/01\/x-locale\/common\/grey-pixel.gif\" class=\"a-spacing-base a-lazy-loaded\" data-src=\"https:\/\/m.media-amazon.com\/images\/S\/aplus-media-library-service-media\/3dd271eb-db04-401c-a087-f1dcd0f08704.__CR0,94,3888,2405_PT0_SX970_V1___.jpg\"><img decoding=\"async\" alt=\"DeepEnergy\" src=\"https:\/\/m.media-amazon.com\/images\/S\/aplus-media-library-service-media\/3dd271eb-db04-401c-a087-f1dcd0f08704.__CR0,94,3888,2405_PT0_SX970_V1___.jpg\">                                         <\/p>\n<h3 class=\"a-spacing-mini\"> Llena tu equipo de energ\u00eda..y color <\/h3>\n<p class=\"a-spacing-base\"> Deep Gaming a\u00f1ade una nueva incorporaci\u00f3n de lujo a su cat\u00e1logo: una nueva fuente de alimentaci\u00f3n de pc con certificado 80 Plus Gold, 850W de potencia, dise\u00f1o Full Modular, ventilador ultra silencioso e iluminaci\u00f3n ARGB configurable. Compatible con gr\u00e1ficas Nvidia RTX 3000 y AMD RX6: disfruta de unos gr\u00e1ficos al m\u00e1ximo nivel en las gr\u00e1ficas m\u00e1s potentes de la actualidad. <\/p>\n<p class=\"apm-text-center\">\n                                                      <img decoding=\"async\" alt=\"certificaci\u00f3n 80 Plus Gold\" src=\"https:\/\/images-na.ssl-images-amazon.com\/images\/G\/01\/x-locale\/common\/grey-pixel.gif\" class=\"a-spacing-mini a-lazy-loaded\" data-src=\"https:\/\/m.media-amazon.com\/images\/S\/aplus-media-library-service-media\/c7870d45-72c5-430e-9801-40eb43189a4f.__CR0,0,2000,2000_PT0_SX300_V1___.png\"><img decoding=\"async\" alt=\"certificaci\u00f3n 80 Plus Gold\" src=\"https:\/\/m.media-amazon.com\/images\/S\/aplus-media-library-service-media\/c7870d45-72c5-430e-9801-40eb43189a4f.__CR0,0,2000,2000_PT0_SX300_V1___.png\">  <\/p>\n<p>                                                    Certificaci\u00f3n 80 Plus Gold                                       <\/p>\n<p> Disfruta de una fuente de alimentaci\u00f3n  con menor consumo energ\u00e9tico, menor nivel de ruido y menor calentamiento gracias a su eficiencia certificada de hasta el 90%. <\/p>\n<p class=\"apm-text-center\">\n                                                      <img decoding=\"async\" alt=\"Full Modular\" src=\"https:\/\/images-na.ssl-images-amazon.com\/images\/G\/01\/x-locale\/common\/grey-pixel.gif\" class=\"a-spacing-mini a-lazy-loaded\" data-src=\"https:\/\/m.media-amazon.com\/images\/S\/aplus-media-library-service-media\/3dd271eb-db04-401c-a087-f1dcd0f08704.__CR648,0,2592,2592_PT0_SX300_V1___.jpg\"><img decoding=\"async\" alt=\"Full Modular\" src=\"https:\/\/m.media-amazon.com\/images\/S\/aplus-media-library-service-media\/3dd271eb-db04-401c-a087-f1dcd0f08704.__CR648,0,2592,2592_PT0_SX300_V1___.jpg\">  <\/p>\n<p>                                                    Full Modular                                       <\/p>\n<p> Dise\u00f1o totalmente modular que facilita un montaje m\u00e1s sencillo: coloca solo los cables que necesitas, evitando su acumulaci\u00f3n y dejando m\u00e1s espacio libre para incrementar el flujo de aire y mejorando as\u00ed la eficiencia y el rendimiento. <\/p>\n<p> Cables y conectores totalmente negros. <\/p>\n<p class=\"apm-text-center\">\n                                                      <img decoding=\"async\" alt=\"ventilador de 140mm\" src=\"https:\/\/images-na.ssl-images-amazon.com\/images\/G\/01\/x-locale\/common\/grey-pixel.gif\" class=\"a-spacing-mini a-lazy-loaded\" data-src=\"https:\/\/m.media-amazon.com\/images\/S\/aplus-media-library-service-media\/381ed4bf-403c-4182-82ed-b629be192a79.__CR648,0,2592,2592_PT0_SX300_V1___.jpg\"><img decoding=\"async\" alt=\"ventilador de 140mm\" src=\"https:\/\/m.media-amazon.com\/images\/S\/aplus-media-library-service-media\/381ed4bf-403c-4182-82ed-b629be192a79.__CR648,0,2592,2592_PT0_SX300_V1___.jpg\">  <\/p>\n<p>                                                    Ventilador ultra silencioso                                       <\/p>\n<p> El ventilador de 140mm con control de giro termorregulado proporciona una gran disipaci\u00f3n del calor manteniendo un nivel de ruido m\u00ednimo. Capacitadores 105\u00baC de alta calidad para una gran durabilidad. <\/p>\n<p class=\"apm-text-center\">\n                                                      <img decoding=\"async\" alt=\"Iluminaci\u00f3n ARGB\" src=\"https:\/\/images-na.ssl-images-amazon.com\/images\/G\/01\/x-locale\/common\/grey-pixel.gif\" class=\"a-spacing-mini a-lazy-loaded\" data-src=\"https:\/\/m.media-amazon.com\/images\/S\/aplus-media-library-service-media\/f258b579-6eb6-4ca4-bc63-504eb593ee7b.__CR118,0,2592,2592_PT0_SX300_V1___.jpg\"><img decoding=\"async\" alt=\"Iluminaci\u00f3n ARGB\" src=\"https:\/\/m.media-amazon.com\/images\/S\/aplus-media-library-service-media\/f258b579-6eb6-4ca4-bc63-504eb593ee7b.__CR118,0,2592,2592_PT0_SX300_V1___.jpg\">  <\/p>\n<p>                                                    Potencia para gaming                                       <\/p>\n<p> 850W de potencia hacen a la DeepEnergy-G compatible con las tarjetas gr\u00e1ficas m\u00e1s exigentes de la actualidad, como la serie Nvidia RTX 30 y AMD RX6. <\/p>\n<p> Iluminaci\u00f3n ARGB en el ventilador configurable mediante bot\u00f3n controlador de iluminaci\u00f3n en la parte posterior <\/p>\n<p class=\"apm-text-center\">\n                                                      <img decoding=\"async\" alt=\"Conectores DeepEnergy-G\" src=\"https:\/\/images-na.ssl-images-amazon.com\/images\/G\/01\/x-locale\/common\/grey-pixel.gif\" class=\"a-spacing-mini a-lazy-loaded\" data-src=\"https:\/\/m.media-amazon.com\/images\/S\/aplus-media-library-service-media\/70f67138-1de9-4ec6-886f-9e2a58a8f6ff.__CR695,0,2592,2592_PT0_SX300_V1___.jpg\"><img decoding=\"async\" alt=\"Conectores DeepEnergy-G\" src=\"https:\/\/m.media-amazon.com\/images\/S\/aplus-media-library-service-media\/70f67138-1de9-4ec6-886f-9e2a58a8f6ff.__CR695,0,2592,2592_PT0_SX300_V1___.jpg\">  <\/p>\n<p>                                                    Amplia compatibilidad                                        <\/p>\n<p> Conectores: 1 cable con 1 conector de 20+4 pines (MB, 2 cables con 1 conector de 12V(4+4 pines) cada uno, 1 cable con 2 conectores Molex y 1 FDD, 1 cable con 1 conector Molex y 2 SATA , 2 cables con 1 conector PCIe 6+2 pines cada uno, 2 cables con 3 conectores SATA cada uno. <\/p>\n<p class=\"apm-text-center\">\n                                                      <img decoding=\"async\" alt=\"Conexiones\" src=\"https:\/\/images-na.ssl-images-amazon.com\/images\/G\/01\/x-locale\/common\/grey-pixel.gif\" class=\"a-spacing-mini a-lazy-loaded\" data-src=\"https:\/\/m.media-amazon.com\/images\/S\/aplus-media-library-service-media\/77818b5d-2c69-448b-a4f0-1d2eb78d8414.__CR648,0,2592,2592_PT0_SX300_V1___.jpg\"><img decoding=\"async\" alt=\"Conexiones\" src=\"https:\/\/m.media-amazon.com\/images\/S\/aplus-media-library-service-media\/77818b5d-2c69-448b-a4f0-1d2eb78d8414.__CR648,0,2592,2592_PT0_SX300_V1___.jpg\">  <\/p>\n<p>                                                    Protecci\u00f3n completa                                       <\/p>\n<p> Protecci\u00f3n: OPP \/ OVP \/ UVP \/ OCP \/ SCP <\/p>\n<p> Temperatura ambiente de uso:  0 ~ 50\u00baC <\/p>\n<p> M.T.B.F.: &gt; 100000 horas <\/p>\n<p>                                                  <img decoding=\"async\" alt=\"Deep Gaming\" src=\"https:\/\/images-na.ssl-images-amazon.com\/images\/G\/01\/x-locale\/common\/grey-pixel.gif\" class=\"a-lazy-loaded\" data-src=\"https:\/\/m.media-amazon.com\/images\/S\/aplus-media-library-service-media\/94c18a8b-defd-4b02-9c18-d0f771459200.__CR0,0,970,300_PT0_SX970_V1___.jpg\"><img decoding=\"async\" alt=\"Deep Gaming\" src=\"https:\/\/m.media-amazon.com\/images\/S\/aplus-media-library-service-media\/94c18a8b-defd-4b02-9c18-d0f771459200.__CR0,0,970,300_PT0_SX970_V1___.jpg\">  <\/p>\n<p> Batteries                                            \u200f                                            :                                            \u200e                                            1 AAAA batteries required. (included)   <br \/> Product Dimensions                                            \u200f                                            :                                            \u200e                                            17 x 15 x 8.6 cm; 1.6 kg   <br \/> Manufacturer                                            \u200f                                            :                                            \u200e                                            CoolBox   <br \/> ASIN                                            \u200f                                            :                                            \u200e                                            B095C7JVBQ   <br \/> Item model number                                            \u200f                                            :                                            \u200e                                            DG-PWS850-MRG   <br \/> Guaranteed software updates until                                            \u200f                                            :                                            \u200e                                            unknown   <br \/>  Customer reviews:                                                                                            5.0               5.0 out of 5 stars                                  (6)                                              var dpAcrHasRegisteredArcLinkClickAction;                    P.when(&#8216;A&#8217;, &#8216;ready&#8217;).execute(function(A) {                        if (dpAcrHasRegisteredArcLinkClickAction !== true) {                            dpAcrHasRegisteredArcLinkClickAction = true;                            A.declarative(                                &#8216;acrLink-click-metrics&#8217;, &#8216;click&#8217;,                                { \u00aballowLinkDefault\u00bb: true },                                function (event) {                                    if (window.ue) {                                        ue.count(\u00abacrLinkClickCount\u00bb, (ue.count(\u00abacrLinkClickCount\u00bb) || 0) + 1);                                    }                                }                            );                        }                    });                                             P.when(&#8216;A&#8217;, &#8216;cf&#8217;).execute(function(A) {                A.declarative(&#8216;acrStarsLink-click-metrics&#8217;, &#8216;click&#8217;, { \u00aballowLinkDefault\u00bb : true },  function(event){                    if(window.ue) {                        ue.count(\u00abacrStarsLinkWithPopoverClickCount\u00bb, (ue.count(\u00abacrStarsLinkWithPopoverClickCount\u00bb) || 0) + 1);                    }                });            });                          <\/p>\n<p>80 Plus Gold Power Supply &#8211; Certified efficiency up to 90%. Enjoy a power supply with lower consumption, lower noise and lower heating.<br \/>Full Modular Design: Easier assembly when placing the power supply, prevents cable build-up and leaves more clearance to increase airflow, thus improving efficiency and performance. All black cables and connectors.<br \/>ULTRA QUIET FAN &#8211; The 140mm fan with thermoregulated spin control provides great heat dissipation while maintaining minimal noise level. High quality 105\u00baC capacitors for great durability.<br \/>Gaming power: With its 850W of power, the Deep Energy-G power supply is compatible with the most demanding graphics on the market, such as Nvidia RTX 3000 and RTX 2000 series graphics cards.<br \/>Configurable ARGB: Press the lighting controller button on the back of the source to switch between different lighting modes and enjoy top-notch gaming aesthetics.<\/p>\n\n","protected":false},"excerpt":{"rendered":"<p> From the manufacturer Llena tu equipo de energ\u00eda..y color Deep Gaming a\u00f1ade una nueva incorporaci\u00f3n<\/p>","protected":false},"featured_media":35730,"comment_status":"open","ping_status":"closed","template":"","meta":[],"product_brand":[],"product_cat":[79],"product_tag":[4381,1488,1490,1495,3682,1568,1458,1499,307,201,1500,10154,10155,560,617,1494,401,316,1503,1492,821,1498,143,1485,824,621,361,1505],"class_list":{"0":"post-35729","1":"product","2":"type-product","3":"status-publish","4":"has-post-thumbnail","6":"product_cat-pc-power-supply-unit","7":"product_tag-12v","8":"product_tag-650w-psu","9":"product_tag-750w-psu","10":"product_tag-80-plus-gold-psu","11":"product_tag-850w","12":"product_tag-argb","13":"product_tag-atx","14":"product_tag-best-psu","15":"product_tag-black","16":"product_tag-compatible","17":"product_tag-computer-power-unit","18":"product_tag-coolbox","19":"product_tag-energyg","20":"product_tag-full","21":"product_tag-gaming","22":"product_tag-gaming-power-supply","23":"product_tag-gold","24":"product_tag-lighting","25":"product_tag-modular","26":"product_tag-modular-psu","27":"product_tag-nvidia","28":"product_tag-pc-power-supply-price","29":"product_tag-power","30":"product_tag-power-supply","31":"product_tag-psu","32":"product_tag-rtx","33":"product_tag-series","34":"product_tag-supply","36":"first","37":"instock","38":"sale","39":"shipping-taxable","40":"product-type-external"},"_links":{"self":[{"href":"https:\/\/comprasyconsejos.store\/en\/wp-json\/wp\/v2\/product\/35729","targetHints":{"allow":["GET"]}}],"collection":[{"href":"https:\/\/comprasyconsejos.store\/en\/wp-json\/wp\/v2\/product"}],"about":[{"href":"https:\/\/comprasyconsejos.store\/en\/wp-json\/wp\/v2\/types\/product"}],"replies":[{"embeddable":true,"href":"https:\/\/comprasyconsejos.store\/en\/wp-json\/wp\/v2\/comments?post=35729"}],"version-history":[{"count":0,"href":"https:\/\/comprasyconsejos.store\/en\/wp-json\/wp\/v2\/product\/35729\/revisions"}],"wp:featuredmedia":[{"embeddable":true,"href":"https:\/\/comprasyconsejos.store\/en\/wp-json\/wp\/v2\/media\/35730"}],"wp:attachment":[{"href":"https:\/\/comprasyconsejos.store\/en\/wp-json\/wp\/v2\/media?parent=35729"}],"wp:term":[{"taxonomy":"product_brand","embeddable":true,"href":"https:\/\/comprasyconsejos.store\/en\/wp-json\/wp\/v2\/product_brand?post=35729"},{"taxonomy":"product_cat","embeddable":true,"href":"https:\/\/comprasyconsejos.store\/en\/wp-json\/wp\/v2\/product_cat?post=35729"},{"taxonomy":"product_tag","embeddable":true,"href":"https:\/\/comprasyconsejos.store\/en\/wp-json\/wp\/v2\/product_tag?post=35729"}],"curies":[{"name":"wp","href":"https:\/\/api.w.org\/{rel}","templated":true}]}}