{"id":35756,"date":"2026-02-26T22:55:14","date_gmt":"2026-02-26T22:55:14","guid":{"rendered":"https:\/\/comprasyconsejos.store\/product\/protoarc-ergonomic-mouse-em11-nl-wireless-mini-vertical-rechargeable-optical-mouse-with-3-device-ports-2bluetooth-and-usb-3-adjustable-dpi-for-computer-ipad-mac-windows-black\/"},"modified":"2026-02-26T22:55:14","modified_gmt":"2026-02-26T22:55:14","slug":"protoarc-ergonomic-mouse-em11-nl-wireless-mini-vertical-rechargeable-optical-mouse-with-3-device-ports-2bluetooth-and-usb-3-adjustable-dpi-for-computer-ipad-mac-windows-black","status":"publish","type":"product","link":"https:\/\/comprasyconsejos.store\/en\/product\/protoarc-ergonomic-mouse-em11-nl-wireless-mini-vertical-rechargeable-optical-mouse-with-3-device-ports-2bluetooth-and-usb-3-adjustable-dpi-for-computer-ipad-mac-windows-black\/","title":{"rendered":"ProtoArc Ergonomic Mouse, EM11 NL Wireless Mini Vertical Rechargeable Optical Mouse with 3 Device Ports (2*Bluetooth and USB), 3 Adjustable DPI for Computer, iPad, Mac, Windows \u2013 Black"},"content":{"rendered":"<p>Price: <span style=\"color:#b12704\"><del>\u20ac33.99<\/del> - \u20ac27.99<\/span><br \/><i><small>(as of Feb 26, 2026 22:55:14 UTC &#8211; <span class=\"wp_automatic_amazon_disclaimer\" title=\"Product prices and availability are accurate as of the date\/time indicated and are subject to change. Any price and availability information displayed on [relevant Amazon Site(s), as applicable] at the time of purchase will apply to the purchase of this product.\">Details<\/span>)<\/small><\/i><\/p>\n<p><a href=\"https:\/\/amazon.es\/dp\/B0D12PGGKK?tag=man008-21\"><img decoding=\"async\" src=\"https:\/\/valvepress.s3.amazonaws.com\/imgs\/buy_now.png\"><\/a><br \/>\n<\/p>\n<p>                                             From the brand   <\/p>\n<p>                                              <img decoding=\"async\" alt=\"un avi\u00f3n azul y blanco\" src=\"https:\/\/images-na.ssl-images-amazon.com\/images\/G\/01\/x-locale\/common\/grey-pixel.gif\" class=\"a-lazy-loaded\" data-src=\"https:\/\/m.media-amazon.com\/images\/S\/aplus-media-library-service-media\/1ecf1f35-dc40-409a-92e2-0a131671f669.__CR0,0,1464,625_PT0_SX1464_V1___.jpg\"><img decoding=\"async\" alt=\"un avi\u00f3n azul y blanco\" src=\"https:\/\/m.media-amazon.com\/images\/S\/aplus-media-library-service-media\/1ecf1f35-dc40-409a-92e2-0a131671f669.__CR0,0,1464,625_PT0_SX1464_V1___.jpg\">  <\/p>\n<p>                                              <img decoding=\"async\" alt=\"\" src=\"https:\/\/images-na.ssl-images-amazon.com\/images\/G\/01\/x-locale\/common\/grey-pixel.gif\" class=\"a-lazy-loaded\" data-src=\"https:\/\/m.media-amazon.com\/images\/S\/aplus-media-library-service-media\/80e8afce-c9f2-412a-9dfd-f6e0452cd8fe.__CR0,0,315,145_PT0_SX315_V1___.jpg\"><img decoding=\"async\" alt=\"\" src=\"https:\/\/m.media-amazon.com\/images\/S\/aplus-media-library-service-media\/80e8afce-c9f2-412a-9dfd-f6e0452cd8fe.__CR0,0,315,145_PT0_SX315_V1___.jpg\">  <\/p>\n<p> Vivimos en una \u00e9poca en la que la flexibilidad laboral no tiene precedentes. No solo trabajamos en la oficina, sino tambi\u00e9n en casa y en otros lugares, como n\u00f3madas digitales. El trabajo es una parte importante de la vida de muchos de nosotros, y queremos hacerlo m\u00e1s vivo. Una experiencia ligeramente diferente. \u00bfQuiz\u00e1s un hermoso c\u00edrculo de luz arco\u00edris en el mouse o un peque\u00f1o teclado plegable? <\/p>\n<h3> Teclado <\/h3>\n<h3> Rat\u00f3n <\/h3>\n<h3> Teclados Rat\u00f3n  <\/h3>\n<p>                                              <img decoding=\"async\" alt=\"Configuraci\u00f3n del espacio de trabajo que muestra una computadora port\u00e1til y un teclado separado sobre una superficie de escritorio blanca, con una planta interior visible en el fondo.\" src=\"https:\/\/images-na.ssl-images-amazon.com\/images\/G\/01\/x-locale\/common\/grey-pixel.gif\" class=\"a-lazy-loaded\" data-src=\"https:\/\/m.media-amazon.com\/images\/S\/aplus-media-library-service-media\/225c5018-cd84-467b-8aab-cbec2bb3b559.__CR0,0,362,453_PT0_SX362_V1___.jpg\"><img decoding=\"async\" alt=\"Configuraci\u00f3n del espacio de trabajo que muestra una computadora port\u00e1til y un teclado separado sobre una superficie de escritorio blanca, con una planta interior visible en el fondo.\" src=\"https:\/\/m.media-amazon.com\/images\/S\/aplus-media-library-service-media\/225c5018-cd84-467b-8aab-cbec2bb3b559.__CR0,0,362,453_PT0_SX362_V1___.jpg\">  <\/p>\n<p>                                              <img decoding=\"async\" alt=\"Persona sentada en una silla de oficina negra con un su\u00e9ter bronceado y pantalones de colores claros, en un ambiente interior c\u00e1lidamente iluminado con apliques de pared visibles\" src=\"https:\/\/images-na.ssl-images-amazon.com\/images\/G\/01\/x-locale\/common\/grey-pixel.gif\" class=\"a-lazy-loaded\" data-src=\"https:\/\/m.media-amazon.com\/images\/S\/aplus-media-library-service-media\/eb8b715d-92d3-4489-9c92-b15d88d14bf1.__CR0,0,362,453_PT0_SX362_V1___.jpg\"><img decoding=\"async\" alt=\"Persona sentada en una silla de oficina negra con un su\u00e9ter bronceado y pantalones de colores claros, en un ambiente interior c\u00e1lidamente iluminado con apliques de pared visibles\" src=\"https:\/\/m.media-amazon.com\/images\/S\/aplus-media-library-service-media\/eb8b715d-92d3-4489-9c92-b15d88d14bf1.__CR0,0,362,453_PT0_SX362_V1___.jpg\">  <\/p>\n<p> Batteries                                            \u200f                                            :                                            \u200e                                            1 A batteries required. (included)   <br \/> Product Dimensions                                            \u200f                                            :                                            \u200e                                            13.79 x 6.81 x 0.1 cm; 300 g   <br \/> Manufacturer                                            \u200f                                            :                                            \u200e                                            ProtoArc   <br \/> ASIN                                            \u200f                                            :                                            \u200e                                            B0D12PGGKK   <br \/> Item model number                                            \u200f                                            :                                            \u200e                                            EM11 NL   <br \/> Country\/Region of Origin                                            \u200f                                            :                                            \u200e                                            China   <br \/> Guaranteed software updates until                                            \u200f                                            :                                            \u200e                                            unknown   <br \/>  Customer reviews:                                                                                            4.6               4.6 out of 5 stars                                  (3,764)                                              var dpAcrHasRegisteredArcLinkClickAction;                    P.when(&#8216;A&#8217;, &#8216;ready&#8217;).execute(function(A) {                        if (dpAcrHasRegisteredArcLinkClickAction !== true) {                            dpAcrHasRegisteredArcLinkClickAction = true;                            A.declarative(                                &#8216;acrLink-click-metrics&#8217;, &#8216;click&#8217;,                                { \u00aballowLinkDefault\u00bb: true },                                function (event) {                                    if (window.ue) {                                        ue.count(\u00abacrLinkClickCount\u00bb, (ue.count(\u00abacrLinkClickCount\u00bb) || 0) + 1);                                    }                                }                            );                        }                    });                                             P.when(&#8216;A&#8217;, &#8216;cf&#8217;).execute(function(A) {                A.declarative(&#8216;acrStarsLink-click-metrics&#8217;, &#8216;click&#8217;, { \u00aballowLinkDefault\u00bb : true },  function(event){                    if(window.ue) {                        ue.count(\u00abacrStarsLinkWithPopoverClickCount\u00bb, (ue.count(\u00abacrStarsLinkWithPopoverClickCount\u00bb) || 0) + 1);                    }                });            });                          <\/p>\n<p>\u3010Warm Note\u3011 ProtoArc EM11 NL Vertical Bluetooth Mouse is recommended for right-handed users with medium and small hands (Right hand size: <17.5CM or 17.5CM-19CM ). Mouse size 5.43 x 2.72 x 2.68 inch(13.8 x 6.9 x 6.8 cm). To get a more comfortable fit and a better user experience, we recommend that you measure your right hand size before purchasing.<br \/>\u3010Ergonomic Design &#038; Enhanced Comfort\u3011The wireless ergonomic mouse features an extended wrist support that fits perfectly in the palm of the hand and promotes a more natural and relaxed position for the forearm and wrist. This design helps minimize the risk of repetitive strain injury and reduces muscle strain on the arms to ensure all-day comfort<br \/>\u3010Connect Up to 3 Devices\u3011This ergonomic wireless mouse offers two BT 5.0 and 2.4G USB dual connection modes so that it can connect to 3 different devices at the same time. Switching between devices is as easy as clicking the mode switch button. Compatible with Windows 8, Windows 10, Mac OS X 10.12 or above and Android 4.3 or above<br \/>\u3010Rechargeable Battery\u3011The Bluetooth vertical mouse is equipped with a built-in 500mAh lithium-ion battery, which can be charged via the included Type-C cable (Only for charging, you can connect it via USB receiver or Bluetooth). After 30 minutes of inactivity, the mouse automatically switches to sleep mode to save power and can be reactivated by simply moving it. Besides, the low battery indicator reminds you to charge the wireless mouse when the red light flashes<br \/>\u3010Adjustable DPI &#038; Practical Functions\u3011 Our ergonomic wireless mouse has practical forward\/reverse buttons for easy surfing the Internet. 1000\/1600\/2400 DPI levels offer higher sensitivity than traditional optical mice and allow for accurate optical tracking. (Note: all buttons are not programmable and the forward and reverse buttons are not compatible with Mac OS systems)<\/p>\n\n","protected":false},"excerpt":{"rendered":"<p> From the brand Vivimos en una \u00e9poca en la que la flexibilidad laboral no tiene<\/p>","protected":false},"featured_media":35757,"comment_status":"open","ping_status":"closed","template":"","meta":[],"product_brand":[],"product_cat":[50],"product_tag":[10162,876,765,307,759,539,756,1772,775,1284,1148,761,758,162,774,215,767,891,382,1283,1149,763,760,764,133,762,1150,537,226,757],"class_list":{"0":"post-35756","1":"product","2":"type-product","3":"status-publish","4":"has-post-thumbnail","6":"product_cat-mouse","7":"product_tag-2bluetooth","8":"product_tag-adjustable","9":"product_tag-best-gaming-mouse","10":"product_tag-black","11":"product_tag-bluetooth-mouse","12":"product_tag-computer","13":"product_tag-computer-mouse","14":"product_tag-device","15":"product_tag-dpi","16":"product_tag-em11","17":"product_tag-ergonomic","18":"product_tag-ergonomic-mouse","19":"product_tag-gaming-mouse","20":"product_tag-ipad","21":"product_tag-mac","22":"product_tag-mini","23":"product_tag-mouse","24":"product_tag-optical","25":"product_tag-ports","26":"product_tag-protoarc","27":"product_tag-rechargeable","28":"product_tag-rechargeable-mouse","29":"product_tag-rgb-mouse","30":"product_tag-silent-mouse","31":"product_tag-usb","32":"product_tag-usb-mouse","33":"product_tag-vertical","34":"product_tag-windows","35":"product_tag-wireless","36":"product_tag-wireless-mouse","38":"first","39":"instock","40":"sale","41":"shipping-taxable","42":"product-type-external"},"_links":{"self":[{"href":"https:\/\/comprasyconsejos.store\/en\/wp-json\/wp\/v2\/product\/35756","targetHints":{"allow":["GET"]}}],"collection":[{"href":"https:\/\/comprasyconsejos.store\/en\/wp-json\/wp\/v2\/product"}],"about":[{"href":"https:\/\/comprasyconsejos.store\/en\/wp-json\/wp\/v2\/types\/product"}],"replies":[{"embeddable":true,"href":"https:\/\/comprasyconsejos.store\/en\/wp-json\/wp\/v2\/comments?post=35756"}],"version-history":[{"count":0,"href":"https:\/\/comprasyconsejos.store\/en\/wp-json\/wp\/v2\/product\/35756\/revisions"}],"wp:featuredmedia":[{"embeddable":true,"href":"https:\/\/comprasyconsejos.store\/en\/wp-json\/wp\/v2\/media\/35757"}],"wp:attachment":[{"href":"https:\/\/comprasyconsejos.store\/en\/wp-json\/wp\/v2\/media?parent=35756"}],"wp:term":[{"taxonomy":"product_brand","embeddable":true,"href":"https:\/\/comprasyconsejos.store\/en\/wp-json\/wp\/v2\/product_brand?post=35756"},{"taxonomy":"product_cat","embeddable":true,"href":"https:\/\/comprasyconsejos.store\/en\/wp-json\/wp\/v2\/product_cat?post=35756"},{"taxonomy":"product_tag","embeddable":true,"href":"https:\/\/comprasyconsejos.store\/en\/wp-json\/wp\/v2\/product_tag?post=35756"}],"curies":[{"name":"wp","href":"https:\/\/api.w.org\/{rel}","templated":true}]}}