{"id":35759,"date":"2026-02-26T23:05:00","date_gmt":"2026-02-26T23:05:00","guid":{"rendered":"https:\/\/comprasyconsejos.store\/product\/lenovo-all-in-one-thinkcentre-tio24-gen3-24%e2%80%b3-full-hd-intel-core-i5-8500t-display-port-usb-3-16gb-512gb-24%e2%80%b3-fullhd-webcam-windows-11-pro-renewed\/"},"modified":"2026-02-26T23:05:01","modified_gmt":"2026-02-26T23:05:01","slug":"lenovo-all-in-one-thinkcentre-tio24-gen3-24%e2%80%b3-full-hd-intel-core-i5-8500t-display-port-usb-3-16gb-512gb-24%e2%80%b3-fullhd-webcam-windows-11-pro-renewed","status":"publish","type":"product","link":"https:\/\/comprasyconsejos.store\/en\/product\/lenovo-all-in-one-thinkcentre-tio24-gen3-24%e2%80%b3-full-hd-intel-core-i5-8500t-display-port-usb-3-16gb-512gb-24%e2%80%b3-fullhd-webcam-windows-11-pro-renewed\/","title":{"rendered":"Lenovo All-in-One ThinkCentre TIO24 Gen3 24\u2033 Full HD | Intel Core i5-8500T | Display Port USB 3 | 16GB | 512GB | 24\u2033 FullHD Webcam Windows 11 Pro (Renewed)"},"content":{"rendered":"<p>Price: <span style=\"color:#b12704\">\u20ac499.00<\/span><br \/><i><small>(as of Feb 26, 2026 23:05:00 UTC &#8211; <span class=\"wp_automatic_amazon_disclaimer\" title=\"Product prices and availability are accurate as of the date\/time indicated and are subject to change. Any price and availability information displayed on [relevant Amazon Site(s), as applicable] at the time of purchase will apply to the purchase of this product.\">Details<\/span>)<\/small><\/i><\/p>\n<p><a href=\"https:\/\/amazon.es\/dp\/B0CD1YWB3Z?tag=man008-21\"><img decoding=\"async\" src=\"https:\/\/valvepress.s3.amazonaws.com\/imgs\/buy_now.png\"><\/a><br \/>\n<\/p>\n<p>                                             Product Description   <\/p>\n<p>                                                  <img decoding=\"async\" alt=\"Entorno de oficina con personas que trabajan en computadoras. Texto superpuesto en espa\u00f1ol sobre c\u00f3mo mantenerse conectado con los compa\u00f1eros y el hardware\" src=\"https:\/\/images-na.ssl-images-amazon.com\/images\/G\/01\/x-locale\/common\/grey-pixel.gif\" class=\"a-lazy-loaded\" data-src=\"https:\/\/m.media-amazon.com\/images\/S\/aplus-media-library-service-media\/2d08bf7b-1562-4d09-a230-e63a1e15b695.__CR0,74,1464,453_PT0_SX970_V1___.jpg\"><img decoding=\"async\" alt=\"Entorno de oficina con personas que trabajan en computadoras. Texto superpuesto en espa\u00f1ol sobre c\u00f3mo mantenerse conectado con los compa\u00f1eros y el hardware\" src=\"https:\/\/m.media-amazon.com\/images\/S\/aplus-media-library-service-media\/2d08bf7b-1562-4d09-a230-e63a1e15b695.__CR0,74,1464,453_PT0_SX970_V1___.jpg\">  <\/p>\n<p>                                                  <img decoding=\"async\" alt=\"Configuraci\u00f3n de ordenador con procesador Intel Core i5-8500T, 16 GB de RAM, SSD de 512 GB, monitor FHD de 23,8 pulgadas\" src=\"https:\/\/images-na.ssl-images-amazon.com\/images\/G\/01\/x-locale\/common\/grey-pixel.gif\" class=\"a-lazy-loaded\" data-src=\"https:\/\/m.media-amazon.com\/images\/S\/aplus-media-library-service-media\/30983f93-bc2d-453c-90b6-2fd483e134e2.__CR0,20,1464,453_PT0_SX970_V1___.jpg\"><img decoding=\"async\" alt=\"Configuraci\u00f3n de ordenador con procesador Intel Core i5-8500T, 16 GB de RAM, SSD de 512 GB, monitor FHD de 23,8 pulgadas\" src=\"https:\/\/m.media-amazon.com\/images\/S\/aplus-media-library-service-media\/30983f93-bc2d-453c-90b6-2fd483e134e2.__CR0,20,1464,453_PT0_SX970_V1___.jpg\">  <\/p>\n<p>                                                  <img decoding=\"async\" alt=\"Pantalla de especificaciones del producto que muestra una pantalla de TV con texto que describe la resoluci\u00f3n Full HD de 23,8 pulgadas y las funciones de la tecnolog\u00eda IPS en espa\u00f1ol\" src=\"https:\/\/images-na.ssl-images-amazon.com\/images\/G\/01\/x-locale\/common\/grey-pixel.gif\" class=\"a-lazy-loaded\" data-src=\"https:\/\/m.media-amazon.com\/images\/S\/aplus-media-library-service-media\/563642ab-ac7e-4df8-b534-d3e2bfa5d438.__CR0,0,1464,453_PT0_SX970_V1___.jpg\"><img decoding=\"async\" alt=\"Pantalla de especificaciones del producto que muestra una pantalla de TV con texto que describe la resoluci\u00f3n Full HD de 23,8 pulgadas y las funciones de la tecnolog\u00eda IPS en espa\u00f1ol\" src=\"https:\/\/m.media-amazon.com\/images\/S\/aplus-media-library-service-media\/563642ab-ac7e-4df8-b534-d3e2bfa5d438.__CR0,0,1464,453_PT0_SX970_V1___.jpg\">  <\/p>\n<p>                                                  <img decoding=\"async\" alt=\"Interfaz de paquete de software que muestra cuatro iconos que representan diferentes productos o aplicaciones digitales con marcas de verificaci\u00f3n encima de cada uno\" src=\"https:\/\/images-na.ssl-images-amazon.com\/images\/G\/01\/x-locale\/common\/grey-pixel.gif\" class=\"a-lazy-loaded\" data-src=\"https:\/\/m.media-amazon.com\/images\/S\/aplus-media-library-service-media\/ca5d6c02-743a-40c2-a323-87fe8d9b1d83.__CR0,74,1464,453_PT0_SX970_V1___.jpg\"><img decoding=\"async\" alt=\"Interfaz de paquete de software que muestra cuatro iconos que representan diferentes productos o aplicaciones digitales con marcas de verificaci\u00f3n encima de cada uno\" src=\"https:\/\/m.media-amazon.com\/images\/S\/aplus-media-library-service-media\/ca5d6c02-743a-40c2-a323-87fe8d9b1d83.__CR0,74,1464,453_PT0_SX970_V1___.jpg\">  <\/p>\n<p> Package Dimensions                                            \u200f                                            :                                            \u200e                                            79 x 55 x 21 cm; 10.14 kg   <br \/> Manufacturer                                            \u200f                                            :                                            \u200e                                            Lenovo   <br \/> ASIN                                            \u200f                                            :                                            \u200e                                            B0CD1YWB3Z   <br \/> Item model number                                            \u200f                                            :                                            \u200e                                            TIO24   <br \/> Guaranteed software updates until                                            \u200f                                            :                                            \u200e                                            unknown   <br \/>  Customer reviews:                                                                                            4.0               4.0 out of 5 stars                                  (62)                                              var dpAcrHasRegisteredArcLinkClickAction;                    P.when(&#8216;A&#8217;, &#8216;ready&#8217;).execute(function(A) {                        if (dpAcrHasRegisteredArcLinkClickAction !== true) {                            dpAcrHasRegisteredArcLinkClickAction = true;                            A.declarative(                                &#8216;acrLink-click-metrics&#8217;, &#8216;click&#8217;,                                { \u00aballowLinkDefault\u00bb: true },                                function (event) {                                    if (window.ue) {                                        ue.count(\u00abacrLinkClickCount\u00bb, (ue.count(\u00abacrLinkClickCount\u00bb) || 0) + 1);                                    }                                }                            );                        }                    });                                             P.when(&#8216;A&#8217;, &#8216;cf&#8217;).execute(function(A) {                A.declarative(&#8216;acrStarsLink-click-metrics&#8217;, &#8216;click&#8217;, { \u00aballowLinkDefault\u00bb : true },  function(event){                    if(window.ue) {                        ue.count(\u00abacrStarsLinkWithPopoverClickCount\u00bb, (ue.count(\u00abacrStarsLinkWithPopoverClickCount\u00bb) || 0) + 1);                    }                });            });                          <\/p>\n<p>\u2705 24 INCH FULL HD MONITOR WITH WEBCAM INCLUDED<br \/>\u2705 CPU I5 7th Gen 16GB RAM 512GB SSD<br \/>\u2705 PERFORMANCE GUARANTEED<br \/>\u2705 In the all-in-one package, power cable, WiFi adapter, USB-C adapter<\/p>\n\n","protected":false},"excerpt":{"rendered":"<p> Product Description Package Dimensions \u200f : \u200e 79 x 55 x 21 cm; 10.14 kg<\/p>","protected":false},"featured_media":35760,"comment_status":"open","ping_status":"closed","template":"","meta":[],"product_brand":[],"product_cat":[89],"product_tag":[509,536,777,776,785,895,778,782,784,698,561,560,7231,783,960,10164,562,1054,780,153,163,815,779,1095,10163,781,133,545,537],"class_list":{"0":"post-35759","1":"product","2":"type-product","3":"status-publish","4":"has-post-thumbnail","6":"product_cat-all-in-one-pcs","7":"product_tag-16gb","8":"product_tag-512gb","9":"product_tag-all-in-one-desktop","10":"product_tag-all-in-one-pc","11":"product_tag-all-in-one-pc-price","12":"product_tag-allinone","13":"product_tag-apple-imac","14":"product_tag-best-all-in-one-computer","15":"product_tag-compact-pc","16":"product_tag-core","17":"product_tag-display","18":"product_tag-full","19":"product_tag-fullhd","20":"product_tag-gaming-all-in-one-pc","21":"product_tag-gen3","22":"product_tag-i58500t","23":"product_tag-intel","24":"product_tag-lenovo","25":"product_tag-office-all-in-one-pc","26":"product_tag-port","27":"product_tag-pro","28":"product_tag-renewed","29":"product_tag-slim-all-in-one-pc","30":"product_tag-thinkcentre","31":"product_tag-tio24","32":"product_tag-touchscreen-all-in-one-pc","33":"product_tag-usb","34":"product_tag-webcam","35":"product_tag-windows","37":"first","38":"instock","39":"shipping-taxable","40":"product-type-external"},"_links":{"self":[{"href":"https:\/\/comprasyconsejos.store\/en\/wp-json\/wp\/v2\/product\/35759","targetHints":{"allow":["GET"]}}],"collection":[{"href":"https:\/\/comprasyconsejos.store\/en\/wp-json\/wp\/v2\/product"}],"about":[{"href":"https:\/\/comprasyconsejos.store\/en\/wp-json\/wp\/v2\/types\/product"}],"replies":[{"embeddable":true,"href":"https:\/\/comprasyconsejos.store\/en\/wp-json\/wp\/v2\/comments?post=35759"}],"version-history":[{"count":0,"href":"https:\/\/comprasyconsejos.store\/en\/wp-json\/wp\/v2\/product\/35759\/revisions"}],"wp:featuredmedia":[{"embeddable":true,"href":"https:\/\/comprasyconsejos.store\/en\/wp-json\/wp\/v2\/media\/35760"}],"wp:attachment":[{"href":"https:\/\/comprasyconsejos.store\/en\/wp-json\/wp\/v2\/media?parent=35759"}],"wp:term":[{"taxonomy":"product_brand","embeddable":true,"href":"https:\/\/comprasyconsejos.store\/en\/wp-json\/wp\/v2\/product_brand?post=35759"},{"taxonomy":"product_cat","embeddable":true,"href":"https:\/\/comprasyconsejos.store\/en\/wp-json\/wp\/v2\/product_cat?post=35759"},{"taxonomy":"product_tag","embeddable":true,"href":"https:\/\/comprasyconsejos.store\/en\/wp-json\/wp\/v2\/product_tag?post=35759"}],"curies":[{"name":"wp","href":"https:\/\/api.w.org\/{rel}","templated":true}]}}