{"id":35762,"date":"2026-02-26T23:09:08","date_gmt":"2026-02-26T23:09:08","guid":{"rendered":"https:\/\/comprasyconsejos.store\/product\/weidian-fanless-pc-mini-pc-industrial-16gb-ram-512gb-ssd-core-i5-8350u-win11-pro-mini-desktop-computer-with-4k-2xhd-2xrs232-com-2xlan-8xusb-vesa-small-office-pc-auto-power-on\/"},"modified":"2026-02-26T23:09:10","modified_gmt":"2026-02-26T23:09:10","slug":"weidian-fanless-pc-mini-pc-industrial-16gb-ram-512gb-ssd-core-i5-8350u-win11-pro-mini-desktop-computer-with-4k-2xhd-2xrs232-com-2xlan-8xusb-vesa-small-office-pc-auto-power-on","status":"publish","type":"product","link":"https:\/\/comprasyconsejos.store\/en\/product\/weidian-fanless-pc-mini-pc-industrial-16gb-ram-512gb-ssd-core-i5-8350u-win11-pro-mini-desktop-computer-with-4k-2xhd-2xrs232-com-2xlan-8xusb-vesa-small-office-pc-auto-power-on\/","title":{"rendered":"WEIDIAN Fanless PC Mini PC Industrial 16GB RAM 512GB SSD Core i5 8350U Win11 Pro Mini Desktop Computer with 4K 2xHD, 2xRS232 COM, 2xLAN, 8xUSB VESA Small Office PC Auto Power On"},"content":{"rendered":"<p>Price: <span style=\"color:#b12704\">\u20ac530.41<\/span><br \/><i><small>(as of Feb 26, 2026 23:09:09 UTC &#8211; <span class=\"wp_automatic_amazon_disclaimer\" title=\"Product prices and availability are accurate as of the date\/time indicated and are subject to change. Any price and availability information displayed on [relevant Amazon Site(s), as applicable] at the time of purchase will apply to the purchase of this product.\">Details<\/span>)<\/small><\/i><\/p>\n<p><a href=\"https:\/\/amazon.es\/dp\/B0BYJ375RV?tag=man008-21\"><img decoding=\"async\" src=\"https:\/\/valvepress.s3.amazonaws.com\/imgs\/buy_now.png\"><\/a><br \/>\n<\/p>\n<p>                                             From the brand   <\/p>\n<p>                                              <img decoding=\"async\" alt=\"\" src=\"https:\/\/images-na.ssl-images-amazon.com\/images\/G\/01\/x-locale\/common\/grey-pixel.gif\" class=\"a-lazy-loaded\" data-src=\"https:\/\/m.media-amazon.com\/images\/S\/aplus-media-library-service-media\/1fb25798-318f-49e6-9897-99dfbb38a8c6.__CR0,0,1464,625_PT0_SX1464_V1___.jpg\"><img decoding=\"async\" alt=\"\" src=\"https:\/\/m.media-amazon.com\/images\/S\/aplus-media-library-service-media\/1fb25798-318f-49e6-9897-99dfbb38a8c6.__CR0,0,1464,625_PT0_SX1464_V1___.jpg\">  <\/p>\n<h3> WEIDIAN Mini PC <\/h3>\n<p>                                              <img decoding=\"async\" alt=\"Instalaci\u00f3n de producci\u00f3n de miniPC WEIDIAN que muestra la l\u00ednea de ensamblaje, las estaciones de control de calidad y los productos terminados con logotipos de certificaci\u00f3n\" src=\"https:\/\/images-na.ssl-images-amazon.com\/images\/G\/01\/x-locale\/common\/grey-pixel.gif\" class=\"a-lazy-loaded\" data-src=\"https:\/\/m.media-amazon.com\/images\/S\/aplus-media-library-service-media\/5a588e01-03b3-4cec-8e67-adab00db6a26.__CR0,0,362,453_PT0_SX362_V1___.png\"><img decoding=\"async\" alt=\"Instalaci\u00f3n de producci\u00f3n de miniPC WEIDIAN que muestra la l\u00ednea de ensamblaje, las estaciones de control de calidad y los productos terminados con logotipos de certificaci\u00f3n\" src=\"https:\/\/m.media-amazon.com\/images\/S\/aplus-media-library-service-media\/5a588e01-03b3-4cec-8e67-adab00db6a26.__CR0,0,362,453_PT0_SX362_V1___.png\">  <\/p>\n<p>                                              <img decoding=\"async\" alt=\"aplus content image\" src=\"https:\/\/images-na.ssl-images-amazon.com\/images\/G\/01\/x-locale\/common\/grey-pixel.gif\" class=\"a-lazy-loaded\" data-src=\"https:\/\/m.media-amazon.com\/images\/S\/aplus-media-library-service-media\/1d2e99d2-68ed-4380-beb0-aa4d9d815684.__CR0,0,362,453_PT0_SX362_V1___.png\"><img decoding=\"async\" alt=\"aplus content image\" src=\"https:\/\/m.media-amazon.com\/images\/S\/aplus-media-library-service-media\/1d2e99d2-68ed-4380-beb0-aa4d9d815684.__CR0,0,362,453_PT0_SX362_V1___.png\">  <\/p>\n<h3> Industrial &amp; Fanless Mini PC <\/h3>\n<h3> Industrial &amp; Fanless Mini PC <\/h3>\n<h3> WEIDIAN Mini PC <\/h3>\n<h3> Mini PC sin ventilador WEIDIAN <\/h3>\n<h3> Industrial Mini PC <\/h3>\n<h3> Office &amp; Gaming Mini PC <\/h3>\n<p>                                              <img decoding=\"async\" alt=\"\" src=\"https:\/\/images-na.ssl-images-amazon.com\/images\/G\/01\/x-locale\/common\/grey-pixel.gif\" class=\"a-lazy-loaded\" data-src=\"https:\/\/m.media-amazon.com\/images\/S\/aplus-media-library-service-media\/3bbd02c5-14ec-4040-9943-87b16acaf2d1.__CR0,0,315,145_PT0_SX315_V1___.png\"><img decoding=\"async\" alt=\"\" src=\"https:\/\/m.media-amazon.com\/images\/S\/aplus-media-library-service-media\/3bbd02c5-14ec-4040-9943-87b16acaf2d1.__CR0,0,315,145_PT0_SX315_V1___.png\">  <\/p>\n<p> Prop\u00f3sito: WEIDIAN tiene como objetivo proporcionar a los clientes globales mini PC de alta calidad y un excelente servicio posventa. <\/p>\n<p> Acerca de: WEIDIAN es una empresa fundada en 2014 que integra I+D, producci\u00f3n y ventas. Con un s\u00f3lido equipo de tecnolog\u00eda de producci\u00f3n, estamos comprometidos con la innovaci\u00f3n y la producci\u00f3n de excelentes minicomputadoras. <\/p>\n<p>                                              <img decoding=\"async\" alt=\"WEIDIAN MINI PC With Strong storage\" src=\"https:\/\/images-na.ssl-images-amazon.com\/images\/G\/01\/x-locale\/common\/grey-pixel.gif\" class=\"a-lazy-loaded\" data-src=\"https:\/\/m.media-amazon.com\/images\/S\/aplus-media-library-service-media\/65c81bdf-7b22-42c5-8a8f-69e3c64e3613.__CR0,0,362,453_PT0_SX362_V1___.jpg\"><img decoding=\"async\" alt=\"WEIDIAN MINI PC With Strong storage\" src=\"https:\/\/m.media-amazon.com\/images\/S\/aplus-media-library-service-media\/65c81bdf-7b22-42c5-8a8f-69e3c64e3613.__CR0,0,362,453_PT0_SX362_V1___.jpg\">  <\/p>\n<p>                                              <img decoding=\"async\" alt=\"aplus content image\" src=\"https:\/\/images-na.ssl-images-amazon.com\/images\/G\/01\/x-locale\/common\/grey-pixel.gif\" class=\"a-lazy-loaded\" data-src=\"https:\/\/m.media-amazon.com\/images\/S\/aplus-media-library-service-media\/f2b5e841-0a85-448d-9249-249667638938.__CR0,0,362,453_PT0_SX362_V1___.png\"><img decoding=\"async\" alt=\"aplus content image\" src=\"https:\/\/m.media-amazon.com\/images\/S\/aplus-media-library-service-media\/f2b5e841-0a85-448d-9249-249667638938.__CR0,0,362,453_PT0_SX362_V1___.png\">  <\/p>\n<p>                                              <img decoding=\"async\" alt=\"aplus content image\" src=\"https:\/\/images-na.ssl-images-amazon.com\/images\/G\/01\/x-locale\/common\/grey-pixel.gif\" class=\"a-lazy-loaded\" data-src=\"https:\/\/m.media-amazon.com\/images\/S\/aplus-media-library-service-media\/a27031e0-5691-4374-a4a4-80afb05b7c12.__CR0,0,362,453_PT0_SX362_V1___.png\"><img decoding=\"async\" alt=\"aplus content image\" src=\"https:\/\/m.media-amazon.com\/images\/S\/aplus-media-library-service-media\/a27031e0-5691-4374-a4a4-80afb05b7c12.__CR0,0,362,453_PT0_SX362_V1___.png\">  <\/p>\n<p>                                              <img decoding=\"async\" alt=\"aplus content image\" src=\"https:\/\/images-na.ssl-images-amazon.com\/images\/G\/01\/x-locale\/common\/grey-pixel.gif\" class=\"a-lazy-loaded\" data-src=\"https:\/\/m.media-amazon.com\/images\/S\/aplus-media-library-service-media\/53bd0f01-13b2-4bc0-b222-579098f0a7d0.__CR0,0,362,453_PT0_SX362_V1___.png\"><img decoding=\"async\" alt=\"aplus content image\" src=\"https:\/\/m.media-amazon.com\/images\/S\/aplus-media-library-service-media\/53bd0f01-13b2-4bc0-b222-579098f0a7d0.__CR0,0,362,453_PT0_SX362_V1___.png\">  <\/p>\n<p>                                              <img decoding=\"async\" alt=\"aplus content image\" src=\"https:\/\/images-na.ssl-images-amazon.com\/images\/G\/01\/x-locale\/common\/grey-pixel.gif\" class=\"a-lazy-loaded\" data-src=\"https:\/\/m.media-amazon.com\/images\/S\/aplus-media-library-service-media\/e6d2c943-2125-4e1f-9e6a-2f9ea3d1aea7.__CR0,0,362,453_PT0_SX362_V1___.png\"><img decoding=\"async\" alt=\"aplus content image\" src=\"https:\/\/m.media-amazon.com\/images\/S\/aplus-media-library-service-media\/e6d2c943-2125-4e1f-9e6a-2f9ea3d1aea7.__CR0,0,362,453_PT0_SX362_V1___.png\">  <\/p>\n<p>                                              <img decoding=\"async\" alt=\"aplus content image\" src=\"https:\/\/images-na.ssl-images-amazon.com\/images\/G\/01\/x-locale\/common\/grey-pixel.gif\" class=\"a-lazy-loaded\" data-src=\"https:\/\/m.media-amazon.com\/images\/S\/aplus-media-library-service-media\/5eb64e12-3298-409c-b82e-5855b0ae842f.__CR0,0,362,453_PT0_SX362_V1___.png\"><img decoding=\"async\" alt=\"aplus content image\" src=\"https:\/\/m.media-amazon.com\/images\/S\/aplus-media-library-service-media\/5eb64e12-3298-409c-b82e-5855b0ae842f.__CR0,0,362,453_PT0_SX362_V1___.png\">  <\/p>\n<p>                                              <img decoding=\"async\" alt=\"WEIDIAN MINI PC WINDOWS 11 PRO\" src=\"https:\/\/images-na.ssl-images-amazon.com\/images\/G\/01\/x-locale\/common\/grey-pixel.gif\" class=\"a-lazy-loaded\" data-src=\"https:\/\/m.media-amazon.com\/images\/S\/aplus-media-library-service-media\/bfec9dda-11c9-4c23-8103-b97d26d983f0.__CR0,0,362,453_PT0_SX362_V1___.png\"><img decoding=\"async\" alt=\"WEIDIAN MINI PC WINDOWS 11 PRO\" src=\"https:\/\/m.media-amazon.com\/images\/S\/aplus-media-library-service-media\/bfec9dda-11c9-4c23-8103-b97d26d983f0.__CR0,0,362,453_PT0_SX362_V1___.png\">  <\/p>\n<p>                                              <img decoding=\"async\" alt=\"Interfaz de atenci\u00f3n al cliente que muestra las opciones de inicio de sesi\u00f3n, cuenta, pedidos y ayuda. Incluye informaci\u00f3n de contacto de soporte por correo electr\u00f3nico.\" src=\"https:\/\/images-na.ssl-images-amazon.com\/images\/G\/01\/x-locale\/common\/grey-pixel.gif\" class=\"a-lazy-loaded\" data-src=\"https:\/\/m.media-amazon.com\/images\/S\/aplus-media-library-service-media\/29acc641-ee59-4613-a20e-b8c401668c2e.__CR0,0,362,453_PT0_SX362_V1___.png\"><img decoding=\"async\" alt=\"Interfaz de atenci\u00f3n al cliente que muestra las opciones de inicio de sesi\u00f3n, cuenta, pedidos y ayuda. Incluye informaci\u00f3n de contacto de soporte por correo electr\u00f3nico.\" src=\"https:\/\/m.media-amazon.com\/images\/S\/aplus-media-library-service-media\/29acc641-ee59-4613-a20e-b8c401668c2e.__CR0,0,362,453_PT0_SX362_V1___.png\">  <\/p>\n<p> Batteries                                            \u200f                                            :                                            \u200e                                            1 CR2032 batteries required. (included)   <br \/> Product Dimensions                                            \u200f                                            :                                            \u200e                                            16.99 x 12.6 x 5.79 cm; 1.1 kg   <br \/> Manufacturer                                            \u200f                                            :                                            \u200e                                            WEIDIAN   <br \/> ASIN                                            \u200f                                            :                                            \u200e                                            B0BYJ375RV   <br \/> Item model number                                            \u200f                                            :                                            \u200e                                            EH7   <br \/> Country of origin                                            \u200f                                            :                                            \u200e                                            China   <br \/> Guaranteed software updates until                                            \u200f                                            :                                            \u200e                                            unknown   <br \/>  Customer reviews:                                                                                            4.5               4.5 out of 5 stars                                  (48)                                              var dpAcrHasRegisteredArcLinkClickAction;                    P.when(&#8216;A&#8217;, &#8216;ready&#8217;).execute(function(A) {                        if (dpAcrHasRegisteredArcLinkClickAction !== true) {                            dpAcrHasRegisteredArcLinkClickAction = true;                            A.declarative(                                &#8216;acrLink-click-metrics&#8217;, &#8216;click&#8217;,                                { \u00aballowLinkDefault\u00bb: true },                                function (event) {                                    if (window.ue) {                                        ue.count(\u00abacrLinkClickCount\u00bb, (ue.count(\u00abacrLinkClickCount\u00bb) || 0) + 1);                                    }                                }                            );                        }                    });                                             P.when(&#8216;A&#8217;, &#8216;cf&#8217;).execute(function(A) {                A.declarative(&#8216;acrStarsLink-click-metrics&#8217;, &#8216;click&#8217;, { \u00aballowLinkDefault\u00bb : true },  function(event){                    if(window.ue) {                        ue.count(\u00abacrStarsLinkWithPopoverClickCount\u00bb, (ue.count(\u00abacrStarsLinkWithPopoverClickCount\u00bb) || 0) + 1);                    }                });            });                          <\/p>\n<p>\u3010NEW UPGRADED MINI PC\u3011Experience the power and efficiency of our H7 mini desktop PC, with the latest 8th generation dual-core i5 8350U processor and Win 11 Pro operating system (support Opnsense\/Linux\/Ubuntu\/Centos\/\/VMWare Exsi\/Win10 OS). This fanless industrial mini computer offers stable, robust and high-performance computing for a variety of environments, whether business, home, study, work or industrial environments.<br \/>\u3010EXPANDABLE STORAGE\u3011\u27a5 This mini PC with dual LAN allows flexible expansion of your storage options. The mini desktop computer supports 1 DDR4 RAM, 1 M.2 SSD (up to 2TB) and 1 2.5&#8243; HDD\/SSD (up to 2TB). The built-in M.2 SSD delivers the speed and performance you want on the H7 Mini PC. This small fanless computer has enough power to handle multiple spreadsheets, web pages, email, and custom applications.<br \/>\u3010DUAL HD SCREENS\u3011\u27a5The H7 industrial mini computer supports simultaneous independent dual displays for incredible clarity and maximum productivity in your workflow. Designed with 8 x USB, 2 x RJ45 LAN, 2 xHD + 1xKensington Lock, which can be connected to your multimedia devices, mouse, acoustic or headphones. Fanless mini PC supports connecting multiple devices and can be used with servers, monitoring equipment, displays, projectors, TVs, etc.<br \/>\u3010LOW POWER POWER\u3011\u27a5 Special full metal design allows this industrial PC to consume only a small power compared to a full-size desktop PC. This fanless PC has a size of only 6.69 x 4.96 x 2.28 inches (2.42 pounds). Whatever the compact size or light weight, it becomes your PC mini portable tower ideal for business trips. The H7 desktop micro PC can be mounted on the rear monitor using a vesa stand.<br \/>\u3010STABLE CONNECTIONS\u3011\u27a5 Dual-band WiFi, Gigabit Ethernet and BT make everything more smooth when streaming and downloading. H7 mini tower computers support Linux OS, WOL, Auto Power Up, RAID and PXE, etc. Powerful to run more apps like image editing, web search, email query, movie viewing and anything. We provide lifetime technical support and 3 years satisfaction service for you.<\/p>\n\n","protected":false},"excerpt":{"rendered":"<p> From the brand WEIDIAN Mini PC Industrial &amp; Fanless Mini PC Industrial &amp; Fanless Mini<\/p>","protected":false},"featured_media":35763,"comment_status":"open","ping_status":"closed","template":"","meta":[],"product_brand":[],"product_cat":[91],"product_tag":[509,10166,10168,10167,536,8040,10169,731,803,801,805,539,698,787,800,2414,4411,215,585,808,799,806,143,163,587,807,293,802,513,2342,10165,542,804],"class_list":{"0":"post-35762","1":"product","2":"type-product","3":"status-publish","4":"has-post-thumbnail","6":"product_cat-office-pcs","7":"product_tag-16gb","8":"product_tag-2xhd","9":"product_tag-2xlan","10":"product_tag-2xrs232","11":"product_tag-512gb","12":"product_tag-8350u","13":"product_tag-8xusb","14":"product_tag-auto","15":"product_tag-budget-office-pc","16":"product_tag-business-desktop-pc","17":"product_tag-compact-desktop-pc","18":"product_tag-computer","19":"product_tag-core","20":"product_tag-desktop","21":"product_tag-desktop-computer-for-office","22":"product_tag-fanless","23":"product_tag-industrial","24":"product_tag-mini","25":"product_tag-office","26":"product_tag-office-computer-setup","27":"product_tag-office-pc","28":"product_tag-office-pc-ssd","29":"product_tag-power","30":"product_tag-pro","31":"product_tag-ram","32":"product_tag-reliable-office-pc","33":"product_tag-small","34":"product_tag-small-office-pc","35":"product_tag-ssd","36":"product_tag-vesa","37":"product_tag-weidian","38":"product_tag-win11","39":"product_tag-windows-office-pc","41":"first","42":"instock","43":"shipping-taxable","44":"product-type-external"},"_links":{"self":[{"href":"https:\/\/comprasyconsejos.store\/en\/wp-json\/wp\/v2\/product\/35762","targetHints":{"allow":["GET"]}}],"collection":[{"href":"https:\/\/comprasyconsejos.store\/en\/wp-json\/wp\/v2\/product"}],"about":[{"href":"https:\/\/comprasyconsejos.store\/en\/wp-json\/wp\/v2\/types\/product"}],"replies":[{"embeddable":true,"href":"https:\/\/comprasyconsejos.store\/en\/wp-json\/wp\/v2\/comments?post=35762"}],"version-history":[{"count":0,"href":"https:\/\/comprasyconsejos.store\/en\/wp-json\/wp\/v2\/product\/35762\/revisions"}],"wp:featuredmedia":[{"embeddable":true,"href":"https:\/\/comprasyconsejos.store\/en\/wp-json\/wp\/v2\/media\/35763"}],"wp:attachment":[{"href":"https:\/\/comprasyconsejos.store\/en\/wp-json\/wp\/v2\/media?parent=35762"}],"wp:term":[{"taxonomy":"product_brand","embeddable":true,"href":"https:\/\/comprasyconsejos.store\/en\/wp-json\/wp\/v2\/product_brand?post=35762"},{"taxonomy":"product_cat","embeddable":true,"href":"https:\/\/comprasyconsejos.store\/en\/wp-json\/wp\/v2\/product_cat?post=35762"},{"taxonomy":"product_tag","embeddable":true,"href":"https:\/\/comprasyconsejos.store\/en\/wp-json\/wp\/v2\/product_tag?post=35762"}],"curies":[{"name":"wp","href":"https:\/\/api.w.org\/{rel}","templated":true}]}}