{"id":35765,"date":"2026-02-26T23:14:52","date_gmt":"2026-02-26T23:14:52","guid":{"rendered":"https:\/\/comprasyconsejos.store\/product\/bmax-b8apro-mini-pc-win-11pro-amd-ryzen-7-8745h-up-to-4-9ghz-16gb-ram-ddr5-512gb-nvme-ssd-mini-computer-radeon-780m-8k60hz-triple-display-type-c-hdmi-2-5g-lan-wifi6-bt5-2-for-office-play\/"},"modified":"2026-02-26T23:14:54","modified_gmt":"2026-02-26T23:14:54","slug":"bmax-b8apro-mini-pc-win-11pro-amd-ryzen-7-8745h-up-to-4-9ghz-16gb-ram-ddr5-512gb-nvme-ssd-mini-computer-radeon-780m-8k60hz-triple-display-type-c-hdmi-2-5g-lan-wifi6-bt5-2-for-office-play","status":"publish","type":"product","link":"https:\/\/comprasyconsejos.store\/en\/product\/bmax-b8apro-mini-pc-win-11pro-amd-ryzen-7-8745h-up-to-4-9ghz-16gb-ram-ddr5-512gb-nvme-ssd-mini-computer-radeon-780m-8k60hz-triple-display-type-c-hdmi-2-5g-lan-wifi6-bt5-2-for-office-play\/","title":{"rendered":"BMAX B8APro Mini PC Win 11Pro, AMD Ryzen 7 8745H (up to 4.9GHz) 16GB RAM DDR5 512GB NVMe SSD, Mini Computer, Radeon 780M, 8K@60Hz Triple Display\/Type-C\/HDMI\/2.5G LAN WiFi6 BT5.2 for Office, Play"},"content":{"rendered":"<p>Price: <span style=\"color:#b12704\">\u20ac599.99<\/span><br \/><i><small>(as of Feb 26, 2026 23:14:53 UTC &#8211; <span class=\"wp_automatic_amazon_disclaimer\" title=\"Product prices and availability are accurate as of the date\/time indicated and are subject to change. Any price and availability information displayed on [relevant Amazon Site(s), as applicable] at the time of purchase will apply to the purchase of this product.\">Details<\/span>)<\/small><\/i><\/p>\n<p><a href=\"https:\/\/amazon.es\/dp\/B0G8H37R32?tag=man008-21\"><img decoding=\"async\" src=\"https:\/\/valvepress.s3.amazonaws.com\/imgs\/buy_now.png\"><\/a><br \/>\n<\/p>\n<p>                                             Product Description   <\/p>\n<h3 class=\"a-text-center aplus-container-3 aplus-h1 a-text-bold\"> BMAX B8APro Mini PC AMD Ryzen 7 8745HS 16GB SO-DIMM DDR5 512GB NVMe SSD <\/h3>\n<p>The video showcases the product in use.The video guides you through product setup.The video compares multiple products.The video shows the product being unpacked. BMAX Mini PC AMD Ryzen 7 8745HS 16GB DDR5 512GB Merchant video<\/p>\n<p>                                                                                                       <img decoding=\"async\" alt=\"El texto dice \u00abAMD Ryzen 7 6745HS\u00bb, \u00abTriple Pantalla\u00bb, \u00abHDMI 2.1\u00bb, \u00abWifi 6\u00bb, \u00abBluetooth 5.2\u00bb. La pantalla de especificaciones t\u00e9cnicas del producto muestra los detalles del procesador y las funciones de conectividad con gr\u00e1ficos con detalles en naranja.\" src=\"https:\/\/images-na.ssl-images-amazon.com\/images\/G\/01\/x-locale\/common\/grey-pixel.gif\" class=\"a-lazy-loaded\" data-src=\"https:\/\/m.media-amazon.com\/images\/S\/aplus-media-library-service-media\/2c4b9859-61b9-4605-a03c-6c8c8a08995d.__CR0,0,1464,600_PT0_SX1464_V1___.jpg\"><img decoding=\"async\" alt=\"El texto dice \u00abAMD Ryzen 7 6745HS\u00bb, \u00abTriple Pantalla\u00bb, \u00abHDMI 2.1\u00bb, \u00abWifi 6\u00bb, \u00abBluetooth 5.2\u00bb. La pantalla de especificaciones t\u00e9cnicas del producto muestra los detalles del procesador y las funciones de conectividad con gr\u00e1ficos con detalles en naranja.\" src=\"https:\/\/m.media-amazon.com\/images\/S\/aplus-media-library-service-media\/2c4b9859-61b9-4605-a03c-6c8c8a08995d.__CR0,0,1464,600_PT0_SX1464_V1___.jpg\">                                               <\/p>\n<p>                                                                                                                    <img decoding=\"async\" alt=\"El texto dice \u00abAMD Ryzen 7 8745HS\u00bb. La pantalla de especificaciones t\u00e9cnicas muestra los detalles del procesador con una combinaci\u00f3n de colores naranja y negro, con el n\u00famero de n\u00facleos, el n\u00famero de hilos y las especificaciones de potencia.\" src=\"https:\/\/m.media-amazon.com\/images\/S\/aplus-media-library-service-media\/92d9c43a-f09b-4f3c-bf22-732ad9689e76.__CR0,0,1464,600_PT0_SX1464_V1___.jpg\">                                                    <img decoding=\"async\" alt=\"El texto dice \u00abAMD Radeon 7870M Graphics\u00bb. Cartel publicitario que muestra el hardware gr\u00e1fico de ordenador con estad\u00edsticas de rendimiento y un chip de procesador AMD iluminado.\" src=\"https:\/\/m.media-amazon.com\/images\/S\/aplus-media-library-service-media\/01efaa07-f3d7-49a1-9a17-723f6bc7af23.__CR0,0,1464,600_PT0_SX1464_V1___.jpg\">                                                    <img decoding=\"async\" alt=\"El texto dice \u00abMemoria y almacenamiento de Demo Desktop\u00bb. Capturas de pantalla de la interfaz de la computadora que muestran pantallas de administraci\u00f3n de memoria y almacenamiento con especificaciones t\u00e9cnicas.\" src=\"https:\/\/m.media-amazon.com\/images\/S\/aplus-media-library-service-media\/dac29916-1923-45e0-a7de-115fbf4d32f5.__CR0,0,1464,600_PT0_SX1464_V1___.jpg\">                                                    <img decoding=\"async\" alt=\"El texto dice \u00abPantella Triple\u00bb y \u00abType-C\u00bb. Configuraci\u00f3n de varios monitores que muestra pantallas de ordenador con varias pantallas y efectos de iluminaci\u00f3n RGB.\" src=\"https:\/\/m.media-amazon.com\/images\/S\/aplus-media-library-service-media\/ed137841-5353-41b6-83d6-e365c9056f01.__CR0,0,1464,600_PT0_SX1464_V1___.jpg\">                                                    <img decoding=\"async\" alt=\"aplus content image\" src=\"https:\/\/m.media-amazon.com\/images\/S\/aplus-media-library-service-media\/a63e2cb5-e133-44a4-98b6-2da8497cb036.__CR0,0,1464,600_PT0_SX1464_V1___.jpg\"><br \/>\n                            1 AMD Ryzen 7 8745HS <\/p>\n<p>                            2 AMD Radeon 780M Graphics <\/p>\n<p>                            3  16GB DDR5 RAM 512GB SSD <\/p>\n<p>                            4 Pantalla triple 8K <\/p>\n<p>                            5 Interfaz Type-C <\/p>\n<h3 class=\"a-size-extra-large a-spacing-base a-text-center\"> Especificaciones de la mini PC BMAX B8APro <\/h3>\n<p>                                                        Procesador                                    AMD Ryzen 7 8745HS                                        GPU                                    AMD Radeon 780M\/2.6GHz                                        Frecuencia base\/r\u00e1faga                                     3.8GHz  \/ 4.9GHz                                        RAM                                    16GB SO-DIMM\/ DDR5 \/4800MHz   Supports 256GB SO-DIMM\/ DDR5 \/5600MHz                                        ROM                                    512GB NVMe SSD\/ Supports 4TB NVMe SSD                                        WiFi                                    Wi-Fi 6                                        Bluetooth                                    Bluetooth 5.2                                                         Sistema preinstalado                                    Win-11Pro                                        Port                                    DC(19V\/6.32A)\u00d71, USB 3.0 \u00d72, USB 2.0 \u00d72, HDMI 2.1 \u00d71, DP2.1 \u00d71,Type-C (full features) x 1, RJ45 \u00d71, Clear CMOS Button, 3.5-mm Stereo Headset Jack x 1                                        Interfaz de v\u00eddeo                                    DP2.1(8K@60Hz), Type-C(4K@60Hz), HDMI2.1(4K@60Hz)                                        Circuito de refrigeraci\u00f3n                                    Ventilador inteligente + dos tubos de calor de cobre                                        SSD Slot                                    M.2_2280_PCI-e4.0x4 (NVMe) x1, M.2_2280_PCI-e3.0x4 (NVMe) x1                                        Lan                                    2.5Gbps                     <\/p>\n<p>                                                                                                                    <img decoding=\"async\" alt=\"aplus content image\" src=\"https:\/\/m.media-amazon.com\/images\/S\/aplus-media-library-service-media\/5f31ed2f-a945-4079-a501-76eb0b0f901d.__CR0,0,1464,600_PT0_SX1464_V1___.jpg\">                                                    <img decoding=\"async\" alt=\"aplus content image\" src=\"https:\/\/m.media-amazon.com\/images\/S\/aplus-media-library-service-media\/b00b1d5d-e987-4dea-b27e-1eaa876e6972.__CR0,0,1464,600_PT0_SX1464_V1___.jpg\">                                                    <img decoding=\"async\" alt=\"El texto dice: \u00abM\u00e1s peque\u00f1o por dise\u00f1o. M\u00e1s potente por defecto. 45 W. La imagen del producto muestra un PC negro compacto o una fuente de alimentaci\u00f3n con efectos de iluminaci\u00f3n de color naranja.\" src=\"https:\/\/m.media-amazon.com\/images\/S\/aplus-media-library-service-media\/d94aa9ae-f45a-4acb-ae60-fa2563623cb5.__CR0,0,1464,600_PT0_SX1464_V1___.jpg\">                                                    <img decoding=\"async\" alt=\"aplus content image\" src=\"https:\/\/m.media-amazon.com\/images\/S\/aplus-media-library-service-media\/4efc8bd3-cb89-4262-86a2-b58d04d595d2.__CR0,0,1464,600_PT0_SX1464_V1___.jpg\">                                                      <img decoding=\"async\" alt=\"El texto dice \u00abCompatible con m\u00faltiples sistemas\u00bb. Muestra los logotipos de varios sistemas operativos, incluidos Ubuntu, Windows y Linux, en disposici\u00f3n horizontal.\" src=\"https:\/\/m.media-amazon.com\/images\/S\/aplus-media-library-service-media\/94b9a38c-9290-449d-8ef0-a06eb741475c.__CR0,0,1464,600_PT0_SX1464_V1___.jpg\"><br \/>\n                            1 Estructura de mini PC <\/p>\n<p>                            2 Sistema de refrigeraci\u00f3n <\/p>\n<p>                            3 Peque\u00f1o pero potente <\/p>\n<p>                            4 2.5Gbps LAN+Wi-Fi6+BT5.2 <\/p>\n<p>                            5 Sistema operativo <\/p>\n<p>                                                                                                                  <img decoding=\"async\" alt=\"El texto dice \u00abAlto FPS para tus T\u00edtulos M\u00e1s Populares\u00bb. Banner de comparaci\u00f3n del rendimiento de los juegos que muestra varios t\u00edtulos de juegos con indicadores de FPS.\" src=\"https:\/\/m.media-amazon.com\/images\/S\/aplus-media-library-service-media\/23cbeb4c-09bf-48e4-95ad-e10fbcb3fac9.__CR0,0,1464,600_PT0_SX1464_V1___.jpg\">                                                    <img decoding=\"async\" alt=\"Serie de escenas interiores que muestran a personas en entornos comerciales o de oficinas, con flechas que indican secuencias de movimiento o flujo de trabajo.\" src=\"https:\/\/m.media-amazon.com\/images\/S\/aplus-media-library-service-media\/620dfad8-a7e6-4940-8648-79b82a00e26a.__CR0,0,1464,600_PT0_SX1464_V1___.jpg\">                                                    <img decoding=\"async\" alt=\"El texto dice \u00abDisfruta del Multi\u00e1rea\u00bb. Muestra de configuraci\u00f3n de computadoras con varios monitores en un entorno oscuro con una pantalla azul de Windows e iluminaci\u00f3n de acento naranja.\" src=\"https:\/\/m.media-amazon.com\/images\/S\/aplus-media-library-service-media\/e66f389a-d9ab-4b8e-818d-ac3266ca5251.__CR0,0,1464,600_PT0_SX1464_V1___.jpg\">                                                    <img decoding=\"async\" alt=\"Interfaz de producto o panel de control oscuros que muestran varios componentes rectangulares negros sobre un fondo negro.\" src=\"https:\/\/m.media-amazon.com\/images\/S\/aplus-media-library-service-media\/0ce1ba00-2817-4b84-b44e-4b3557fc15c9.__CR0,0,1464,600_PT0_SX1464_V1___.jpg\"><br \/>\n                            1 Juega todo tipo de juegos <\/p>\n<p>                            2 Disfruta del Multitarea <\/p>\n<p>                            3 Disfruta del Multitarea <\/p>\n<p>                            4 Lista de empaque <\/p>\n<h3 class=\"a-text-center aplus-h1 a-text-bold\"> Comparaci\u00f3n de especificaciones de la BMAX MINI PC <\/h3>\n<p>                         Add To Basket  <\/p>\n<p>                                     Customer Reviews  <\/p>\n<p>                    4.5 out of 5 stars  125  <\/p>\n<p>                    4.5 out of 5 stars  204  <\/p>\n<p>                    4.2 out of 5 stars  397  <\/p>\n<p>                    4.1 out of 5 stars  468  <\/p>\n<p>                    4.5 out of 5 stars  188  <\/p>\n<p>                    4.0 out of 5 stars  125  <\/p>\n<p>                    4.3 out of 5 stars  34  <\/p>\n<p>                                     Price  <\/p>\n<p>                                                        \u20ac599.99\u20ac599.99     <\/p>\n<p>                                                        \u2014    <\/p>\n<p>                                                        \u2014    <\/p>\n<p>                                                        \u2014    <\/p>\n<p>                                                        \u2014    <\/p>\n<p>                                                        \u2014    <\/p>\n<p>                                                        \u2014    <\/p>\n<p>                                     Procesador  <\/p>\n<p>                                                AMD Ryzen 7 8745HS    <\/p>\n<p>                                                Intel Celeron 5205U    <\/p>\n<p>                                                Intel Celeron N5095    <\/p>\n<p>                                                Intel N95    <\/p>\n<p>                                                Intel N150    <\/p>\n<p>                                                Intel Core i9-12900HK    <\/p>\n<p>                                                Intel Core i5-1250P    <\/p>\n<p>                                     Memoria RAM  <\/p>\n<p>                                                16GB SO-DIMM\/ DDR5 \/4800MHz    <\/p>\n<p>                                                8GB SO-DIMM DDR4\/2400MHz    <\/p>\n<p>                                                8GB LPDDR4\/ 2133MHz    <\/p>\n<p>                                                16GB DDR4\/2666MHz    <\/p>\n<p>                                                12GB LPDDR5\/ 4400MHz    <\/p>\n<p>                                                24GB LPDDR5\/ 4400MHz    <\/p>\n<p>                                                24GB LPDDR5\/ 4400MHz    <\/p>\n<p>                                     \u200bCapacidad del Disco Duro  <\/p>\n<p>                                                512GB NVMe SSD    <\/p>\n<p>                                                256GB  NVMe SSD    <\/p>\n<p>                                                256GB SSD    <\/p>\n<p>                                                512GB  SSD    <\/p>\n<p>                                                512GB SSD    <\/p>\n<p>                                                1TB NVMe SSD    <\/p>\n<p>                                                512GB NVMe SSD    <\/p>\n<p>                                     Frecuencia del CPU  <\/p>\n<p>                                                3,8 GHz\/ 4.9GHz    <\/p>\n<p>                                                1.9GHz    <\/p>\n<p>                                                2,0 GHz\/ 2.9GHz    <\/p>\n<p>                                                0,8 GHz\/ 3.4GHz    <\/p>\n<p>                                                0.8GHz\/  3.6GHz    <\/p>\n<p>                                                2,9GHz\/ 5,0GHz    <\/p>\n<p>                                                2,1GHz\/4,4GHz    <\/p>\n<p>                                     GPU  <\/p>\n<p>                                                AMD Radeon 780M    <\/p>\n<p>                                                Intel UHD Graphics    <\/p>\n<p>                                                Intel UHD Graphics    <\/p>\n<p>                                                Intel UHD Graphics    <\/p>\n<p>                                                Intel Graphics    <\/p>\n<p>                                                Intel Iris Xe Graphics     <\/p>\n<p>                                                Intel Iris Xe Graphics    <\/p>\n<p>                                     Sistema Operativo  <\/p>\n<p>                                                Win-11Pro    <\/p>\n<p>                                                Win-11 Pro    <\/p>\n<p>                                                Win-11 Pro    <\/p>\n<p>                                                Win-11 Pro    <\/p>\n<p>                                                Win-11 Pro    <\/p>\n<p>                                                Win-11 Pro    <\/p>\n<p>                                                Win-11 Pro    <\/p>\n<p>                                     WiFi y Bluetooth\u200b  <\/p>\n<p>                                                Wi-Fi 6, Bluetooth 5.2    <\/p>\n<p>                                                Wi-Fi 5, Bluetooth 5.0    <\/p>\n<p>                                                Wi-Fi 5, Bluetooth 5.0    <\/p>\n<p>                                                Wi-Fi 5, Bluetooth 4.2    <\/p>\n<p>                                                Wi-Fi 5, Bluetooth 5.0    <\/p>\n<p>                                                Wi-Fi 6, Bluetooth 5.2    <\/p>\n<p>                                                Wi-Fi 6, Bluetooth 5.2    <\/p>\n<p>                                     Memoria Cach\u00e9  <\/p>\n<p>                                                16MB    <\/p>\n<p>                                                4MB    <\/p>\n<p>                                                4MB    <\/p>\n<p>                                                6MB    <\/p>\n<p>                                                6MB    <\/p>\n<p>                                                24MB    <\/p>\n<p>                                                12MB    <\/p>\n<p>                                     Consumo Energ\u00e9tico  <\/p>\n<p>                                                45W    <\/p>\n<p>                                                15W    <\/p>\n<p>                                                15W    <\/p>\n<p>                                                15W    <\/p>\n<p>                                                6W    <\/p>\n<p>                                                45W    <\/p>\n<p>                                                45W    <\/p>\n<p> Product Dimensions                                            \u200f                                            :                                            \u200e                                            12.6 x 11.2 x 5.2 cm; 410 g   <br \/> Manufacturer                                            \u200f                                            :                                            \u200e                                            BMAX   <br \/> ASIN                                            \u200f                                            :                                            \u200e                                            B0G8H37R32   <br \/> Item model number                                            \u200f                                            :                                            \u200e                                            B8A Pro   <br \/> Guaranteed software updates until                                            \u200f                                            :                                            \u200e                                            unknown   <br \/>  Customer reviews:                                                                                            4.5               4.5 out of 5 stars                                  (125)                                              var dpAcrHasRegisteredArcLinkClickAction;                    P.when(&#8216;A&#8217;, &#8216;ready&#8217;).execute(function(A) {                        if (dpAcrHasRegisteredArcLinkClickAction !== true) {                            dpAcrHasRegisteredArcLinkClickAction = true;                            A.declarative(                                &#8216;acrLink-click-metrics&#8217;, &#8216;click&#8217;,                                { \u00aballowLinkDefault\u00bb: true },                                function (event) {                                    if (window.ue) {                                        ue.count(\u00abacrLinkClickCount\u00bb, (ue.count(\u00abacrLinkClickCount\u00bb) || 0) + 1);                                    }                                }                            );                        }                    });                                             P.when(&#8216;A&#8217;, &#8216;cf&#8217;).execute(function(A) {                A.declarative(&#8216;acrStarsLink-click-metrics&#8217;, &#8216;click&#8217;, { \u00aballowLinkDefault\u00bb : true },  function(event){                    if(window.ue) {                        ue.count(\u00abacrStarsLinkWithPopoverClickCount\u00bb, (ue.count(\u00abacrStarsLinkWithPopoverClickCount\u00bb) || 0) + 1);                    }                });            });                          <\/p>\n<p>\u3010Experience the power of a mini PC\u3011BMAX mini PC is equipped with the AMD Ryzen 7 8745HS processor, with the advanced 8-core\/16-thread \u00abZen 4\u00bb architecture, a base frequency of 3.8GHz and a maximum clock frequency of up to 4.9GHz. Delivers a huge leap in multi-core performance: approximately 37% faster than the AMD Ryzen 7 7735HS\/Ryzen 9 6900HX. Whether for demanding games or multitasking at once.<br \/>\u3010Powerful Integrated Graphics Card\u3011BMAX B8APro mini computer features AMD Radeon 780M graphics card (12 cores at 2.6GHz). It delivers a smooth 1080p gaming experience and supports the AV1 codec for smoother, higher quality 8K display. With this unmatched graphics capability, the BMAX B8APro Mini Gaming PC redefines the possibilities of mini gaming computers, delivering an exceptional visual experience.<br \/>\u301016GB DDR5 + 512GB SSD\u3011 BMAX B8APro mini-pc features 16GB DDR5 4800MHz RAM (2 SO-DIMM slots, expandable up to 256GB), 512TB M.2 2280 NVMe PCIe 4.0 x4 SSD (2 M.2 2 slots. 280, expand. dibles up to 4TB; Note: SATA SSD expansion not supported). You can customize it as you like without worrying about the capacity, watching and storing movies and photos on a large scale without stress<br \/>\u3010Triple 8K Display\u3011This mini gaming pc features DisplayPort 2.1 (8K@60Hz), Type-C (4K@60Hz) and HDMI 2.1 (4K@60Hz) outputs. You can connect three independent displays simultaneously to meet the needs of daily multitasking. Increase your productivity by expanding multiple workspaces.<br \/>\u3010Multi-Interface &#038; Fast Networking\u30112 x USB 3.0 ports, 2 x USB 2.0 ports, 1 x Type-C (full functions), 1 x HDMI 2.1, 1 x DP 2.1, 1 x 3.5mm stereo headphone jack, 1 x RJ45 and 1 x Clear CMOS button. The slim mini pc computer has a 2.5G WLAN wired network port and Wi-Fi 6 (177% faster than Wi-Fi 5)\/BT5.2 wireless network card, which provides stable network connection (software routers, firewalls, NAT and network isolation) and fast transmission speed. Small PC supports Wake On LAN, PXE Boot, RTC Wake and Auto Power On, ideal for use as a server<br \/>\u3010Cooling System &#038; Space Saving\u3011Its unique cooling system (smart turbine fan + dual heat pipes) ensures quiet and stable operation even at maximum power of 45W. This mini portable gaming pc features a carbon gold black housing and can be stored in a bag to carry it always with you, ideal for business trips. Save space with its mini size (12.7 x 11.2 x 5 cm) and VESA mount for wall or monitor mounting.<\/p>\n\n","protected":false},"excerpt":{"rendered":"<p> Product Description BMAX B8APro Mini PC AMD Ryzen 7 8745HS 16GB SO-DIMM DDR5 512GB NVMe<\/p>","protected":false},"featured_media":35766,"comment_status":"open","ping_status":"closed","template":"","meta":[],"product_brand":[],"product_cat":[90],"product_tag":[10171,509,7591,536,6412,10172,2063,530,10170,613,5719,1780,539,611,623,10173,607,604,609,606,612,608,791,215,822,585,1139,605,897,587,610,531,513,904,5308,586],"class_list":{"0":"post-35765","1":"product","2":"type-product","3":"status-publish","4":"has-post-thumbnail","6":"product_cat-gaming-pcs","7":"product_tag-11pro","8":"product_tag-16gb","9":"product_tag-4-9ghz","10":"product_tag-512gb","11":"product_tag-780m","12":"product_tag-8745h","13":"product_tag-8k60hz","14":"product_tag-amd","15":"product_tag-b8apro","16":"product_tag-best-gaming-pc","17":"product_tag-bmax","18":"product_tag-bt5-2","19":"product_tag-computer","20":"product_tag-custom-gaming-pc","21":"product_tag-ddr5","22":"product_tag-displaytypechdmi2-5g","23":"product_tag-gaming-desktop","24":"product_tag-gaming-pc","25":"product_tag-gaming-pc-16gb-ram","26":"product_tag-gaming-pc-rtx","27":"product_tag-gaming-pc-ssd","28":"product_tag-high-end-gaming-pc","29":"product_tag-lan","30":"product_tag-mini","31":"product_tag-nvme","32":"product_tag-office","33":"product_tag-play","34":"product_tag-prebuilt-gaming-pc","35":"product_tag-radeon","36":"product_tag-ram","37":"product_tag-rgb-gaming-pc","38":"product_tag-ryzen","39":"product_tag-ssd","40":"product_tag-triple","41":"product_tag-wifi6","42":"product_tag-win","44":"first","45":"instock","46":"shipping-taxable","47":"product-type-external"},"_links":{"self":[{"href":"https:\/\/comprasyconsejos.store\/en\/wp-json\/wp\/v2\/product\/35765","targetHints":{"allow":["GET"]}}],"collection":[{"href":"https:\/\/comprasyconsejos.store\/en\/wp-json\/wp\/v2\/product"}],"about":[{"href":"https:\/\/comprasyconsejos.store\/en\/wp-json\/wp\/v2\/types\/product"}],"replies":[{"embeddable":true,"href":"https:\/\/comprasyconsejos.store\/en\/wp-json\/wp\/v2\/comments?post=35765"}],"version-history":[{"count":0,"href":"https:\/\/comprasyconsejos.store\/en\/wp-json\/wp\/v2\/product\/35765\/revisions"}],"wp:featuredmedia":[{"embeddable":true,"href":"https:\/\/comprasyconsejos.store\/en\/wp-json\/wp\/v2\/media\/35766"}],"wp:attachment":[{"href":"https:\/\/comprasyconsejos.store\/en\/wp-json\/wp\/v2\/media?parent=35765"}],"wp:term":[{"taxonomy":"product_brand","embeddable":true,"href":"https:\/\/comprasyconsejos.store\/en\/wp-json\/wp\/v2\/product_brand?post=35765"},{"taxonomy":"product_cat","embeddable":true,"href":"https:\/\/comprasyconsejos.store\/en\/wp-json\/wp\/v2\/product_cat?post=35765"},{"taxonomy":"product_tag","embeddable":true,"href":"https:\/\/comprasyconsejos.store\/en\/wp-json\/wp\/v2\/product_tag?post=35765"}],"curies":[{"name":"wp","href":"https:\/\/api.w.org\/{rel}","templated":true}]}}