{"id":35771,"date":"2026-02-26T23:26:11","date_gmt":"2026-02-26T23:26:11","guid":{"rendered":"https:\/\/comprasyconsejos.store\/product\/doogee-tab-a9-android-16-tablet-tablet-11-inch-8580mah-kids-tablet-unisoc-t7200-20gb-ram-64gb-rom-tf-2tb-13mp-fm-face-id-widevinel1-gps-bluetooth-5-0-dual-speakers-3-5mm-jack-grey\/"},"modified":"2026-02-26T23:26:17","modified_gmt":"2026-02-26T23:26:17","slug":"doogee-tab-a9-android-16-tablet-tablet-11-inch-8580mah-kids-tablet-unisoc-t7200-20gb-ram-64gb-rom-tf-2tb-13mp-fm-face-id-widevinel1-gps-bluetooth-5-0-dual-speakers-3-5mm-jack-grey","status":"publish","type":"product","link":"https:\/\/comprasyconsejos.store\/en\/product\/doogee-tab-a9-android-16-tablet-tablet-11-inch-8580mah-kids-tablet-unisoc-t7200-20gb-ram-64gb-rom-tf-2tb-13mp-fm-face-id-widevinel1-gps-bluetooth-5-0-dual-speakers-3-5mm-jack-grey\/","title":{"rendered":"DOOGEE Tab A9+ Android 16 Tablet, Tablet 11 Inch 8580mAh, Kids Tablet, Unisoc T7200, 20GB RAM+ 64GB ROM (TF 2TB), 13MP\/FM\/Face ID\/WidevineL1\/GPS\/Bluetooth 5.0\/Dual Speakers\/3.5mm Jack, Grey"},"content":{"rendered":"<p>Price: <span style=\"color:#b12704\">\u20ac109.99<\/span><br \/><i><small>(as of Feb 26, 2026 23:26:11 UTC &#8211; <span class=\"wp_automatic_amazon_disclaimer\" title=\"Product prices and availability are accurate as of the date\/time indicated and are subject to change. Any price and availability information displayed on [relevant Amazon Site(s), as applicable] at the time of purchase will apply to the purchase of this product.\">Details<\/span>)<\/small><\/i><\/p>\n<p><a href=\"https:\/\/amazon.es\/dp\/B0DLFK96QZ?tag=man008-21\"><img decoding=\"async\" src=\"https:\/\/valvepress.s3.amazonaws.com\/imgs\/buy_now.png\"><\/a><br \/>\n<\/p>\n<p>                                             From the brand   <\/p>\n<p>                                              <img decoding=\"async\" alt=\"\" src=\"https:\/\/images-na.ssl-images-amazon.com\/images\/G\/01\/x-locale\/common\/grey-pixel.gif\" class=\"a-lazy-loaded\" data-src=\"https:\/\/m.media-amazon.com\/images\/S\/aplus-media-library-service-media\/3305e445-11a6-4149-8204-59cb8b527a79.__CR0,0,1464,625_PT0_SX1464_V1___.jpg\"><img decoding=\"async\" alt=\"\" src=\"https:\/\/m.media-amazon.com\/images\/S\/aplus-media-library-service-media\/3305e445-11a6-4149-8204-59cb8b527a79.__CR0,0,1464,625_PT0_SX1464_V1___.jpg\">  <\/p>\n<h3> DOOGEE TABA9+ Tablet Android16 <\/h3>\n<p>                                              <img decoding=\"async\" alt=\"\" src=\"https:\/\/images-na.ssl-images-amazon.com\/images\/G\/01\/x-locale\/common\/grey-pixel.gif\" class=\"a-lazy-loaded\" data-src=\"https:\/\/m.media-amazon.com\/images\/S\/aplus-media-library-service-media\/9bd8cc6d-8058-4bbc-8b53-d4e9c208fedf.__CR0,0,362,453_PT0_SX362_V1___.jpg\"><img decoding=\"async\" alt=\"\" src=\"https:\/\/m.media-amazon.com\/images\/S\/aplus-media-library-service-media\/9bd8cc6d-8058-4bbc-8b53-d4e9c208fedf.__CR0,0,362,453_PT0_SX362_V1___.jpg\">  <\/p>\n<h3> DOOGEE&#8211;OFFICIAL <\/h3>\n<p> La creencia de Doogee es crear un tel\u00e9fono m\u00f3vil que siempre sea impermeable, siempre duradero y tabletas buenas y baratas <\/p>\n<h3> DOOGEE TABA9+ Android16 Tablet <\/h3>\n<p>                                              <img decoding=\"async\" alt=\"aplus content image\" src=\"https:\/\/images-na.ssl-images-amazon.com\/images\/G\/01\/x-locale\/common\/grey-pixel.gif\" class=\"a-lazy-loaded\" data-src=\"https:\/\/m.media-amazon.com\/images\/S\/aplus-media-library-service-media\/a3469168-f681-4331-a3d1-ab1638ff6c23.__CR0,0,362,453_PT0_SX362_V1___.jpg\"><img decoding=\"async\" alt=\"aplus content image\" src=\"https:\/\/m.media-amazon.com\/images\/S\/aplus-media-library-service-media\/a3469168-f681-4331-a3d1-ab1638ff6c23.__CR0,0,362,453_PT0_SX362_V1___.jpg\">  <\/p>\n<p>                                              <img decoding=\"async\" alt=\"aplus content image\" src=\"https:\/\/images-na.ssl-images-amazon.com\/images\/G\/01\/x-locale\/common\/grey-pixel.gif\" class=\"a-lazy-loaded\" data-src=\"https:\/\/m.media-amazon.com\/images\/S\/aplus-media-library-service-media\/2cbb76c9-60a6-4147-b773-4b37559cbc98.__CR0,0,362,453_PT0_SX362_V1___.jpg\"><img decoding=\"async\" alt=\"aplus content image\" src=\"https:\/\/m.media-amazon.com\/images\/S\/aplus-media-library-service-media\/2cbb76c9-60a6-4147-b773-4b37559cbc98.__CR0,0,362,453_PT0_SX362_V1___.jpg\">  <\/p>\n<p>                                                         Nuestro comienzo?                                       <\/p>\n<p> DOOGEE se fund\u00f3 en marzo de 2013, la creencia de DOOGEE es crear un tel\u00e9fono m\u00f3vil que sea resistente al agua para siempre y que nunca se da\u00f1e. <\/p>\n<p>                                                         \u00bfPor qu\u00e9 usar Doogee                                       <\/p>\n<p> Para ofrecer la experiencia perfecta a cada usuario, nos dedicamos a defender \u00abCALIDAD, EXPERIENCIA\u00bb. <\/p>\n<p>                                                         \u00bfQu\u00e9 podemos proporcionar                                       <\/p>\n<p> Para ofrecer la experiencia perfecta a cada usuario, especialmente en la calidad, todos los productos de DOOGEE deben pasar por el proceso de pruebas de alto nivel e inspecci\u00f3n de calidad de alta tecnolog\u00eda. <\/p>\n<p>                                              <img decoding=\"async\" alt=\"de la marca de la empresa DOOGEE con texto en espa\u00f1ol que describe el liderazgo en la industria de los tel\u00e9fonos inteligentes, que se muestra sobre un fondo azul claro\" src=\"https:\/\/images-na.ssl-images-amazon.com\/images\/G\/01\/x-locale\/common\/grey-pixel.gif\" class=\"a-lazy-loaded\" data-src=\"https:\/\/m.media-amazon.com\/images\/S\/aplus-media-library-service-media\/45c73b06-afc7-4990-bccf-ec688d78b0a4.__CR0,0,362,453_PT0_SX362_V1___.jpg\"><img decoding=\"async\" alt=\"de la marca de la empresa DOOGEE con texto en espa\u00f1ol que describe el liderazgo en la industria de los tel\u00e9fonos inteligentes, que se muestra sobre un fondo azul claro\" src=\"https:\/\/m.media-amazon.com\/images\/S\/aplus-media-library-service-media\/45c73b06-afc7-4990-bccf-ec688d78b0a4.__CR0,0,362,453_PT0_SX362_V1___.jpg\">  <\/p>\n<p>                                              <img decoding=\"async\" alt=\"Informaci\u00f3n de la marca DOOGEE en espa\u00f1ol, que destaca tres caracter\u00edsticas clave: resistencia al agua y a los impactos, apariencia personalizada y\" src=\"https:\/\/images-na.ssl-images-amazon.com\/images\/G\/01\/x-locale\/common\/grey-pixel.gif\" class=\"a-lazy-loaded\" data-src=\"https:\/\/m.media-amazon.com\/images\/S\/aplus-media-library-service-media\/a665ff86-10a3-472a-9504-c537ce8d8b9d.__CR0,0,362,453_PT0_SX362_V1___.jpg\"><img decoding=\"async\" alt=\"Informaci\u00f3n de la marca DOOGEE en espa\u00f1ol, que destaca tres caracter\u00edsticas clave: resistencia al agua y a los impactos, apariencia personalizada y\" src=\"https:\/\/m.media-amazon.com\/images\/S\/aplus-media-library-service-media\/a665ff86-10a3-472a-9504-c537ce8d8b9d.__CR0,0,362,453_PT0_SX362_V1___.jpg\">  <\/p>\n<p>                                              <img decoding=\"async\" alt=\"un collage de fotos que muestra a una mujer sosteniendo una c\u00e1mara y a una mujer sosteniendo una c\u00e1mara.\" src=\"https:\/\/images-na.ssl-images-amazon.com\/images\/G\/01\/x-locale\/common\/grey-pixel.gif\" class=\"a-lazy-loaded\" data-src=\"https:\/\/m.media-amazon.com\/images\/S\/aplus-media-library-service-media\/2b0f595a-3c87-444a-bac3-90baf1d3702b.__CR0,0,362,453_PT0_SX362_V1___.jpg\"><img decoding=\"async\" alt=\"un collage de fotos que muestra a una mujer sosteniendo una c\u00e1mara y a una mujer sosteniendo una c\u00e1mara.\" src=\"https:\/\/m.media-amazon.com\/images\/S\/aplus-media-library-service-media\/2b0f595a-3c87-444a-bac3-90baf1d3702b.__CR0,0,362,453_PT0_SX362_V1___.jpg\">  <\/p>\n<p>                                              <img decoding=\"async\" alt=\"de exhibici\u00f3n de productos DOOGEE con relojes inteligentes y tel\u00e9fonos inteligentes plegables. Rotulaci\u00f3n de marca iluminada y unidades de demostraci\u00f3n\" src=\"https:\/\/images-na.ssl-images-amazon.com\/images\/G\/01\/x-locale\/common\/grey-pixel.gif\" class=\"a-lazy-loaded\" data-src=\"https:\/\/m.media-amazon.com\/images\/S\/aplus-media-library-service-media\/566cff4c-038a-489d-9c76-7c2d9b32808e.__CR0,0,362,453_PT0_SX362_V1___.jpg\"><img decoding=\"async\" alt=\"de exhibici\u00f3n de productos DOOGEE con relojes inteligentes y tel\u00e9fonos inteligentes plegables. Rotulaci\u00f3n de marca iluminada y unidades de demostraci\u00f3n\" src=\"https:\/\/m.media-amazon.com\/images\/S\/aplus-media-library-service-media\/566cff4c-038a-489d-9c76-7c2d9b32808e.__CR0,0,362,453_PT0_SX362_V1___.jpg\">  <\/p>\n<p> Batteries                                            \u200f                                            :                                            \u200e                                            2 Lithium Polymer batteries required. (included)   <br \/> Package Dimensions                                            \u200f                                            :                                            \u200e                                            33.2 x 19.4 x 3.4 cm; 644 g   <br \/> Manufacturer                                            \u200f                                            :                                            \u200e                                            DOOGEE   <br \/> ASIN                                            \u200f                                            :                                            \u200e                                            B0DLFK96QZ   <br \/> Item model number                                            \u200f                                            :                                            \u200e                                            Tab A9+   <br \/> Guaranteed software updates until                                            \u200f                                            :                                            \u200e                                            unknown   <br \/>  Customer reviews:                                                                                            4.5               4.5 out of 5 stars                                  (10)                                              var dpAcrHasRegisteredArcLinkClickAction;                    P.when(&#8216;A&#8217;, &#8216;ready&#8217;).execute(function(A) {                        if (dpAcrHasRegisteredArcLinkClickAction !== true) {                            dpAcrHasRegisteredArcLinkClickAction = true;                            A.declarative(                                &#8216;acrLink-click-metrics&#8217;, &#8216;click&#8217;,                                { \u00aballowLinkDefault\u00bb: true },                                function (event) {                                    if (window.ue) {                                        ue.count(\u00abacrLinkClickCount\u00bb, (ue.count(\u00abacrLinkClickCount\u00bb) || 0) + 1);                                    }                                }                            );                        }                    });                                             P.when(&#8216;A&#8217;, &#8216;cf&#8217;).execute(function(A) {                A.declarative(&#8216;acrStarsLink-click-metrics&#8217;, &#8216;click&#8217;, { \u00aballowLinkDefault\u00bb : true },  function(event){                    if(window.ue) {                        ue.count(\u00abacrStarsLinkWithPopoverClickCount\u00bb, (ue.count(\u00abacrStarsLinkWithPopoverClickCount\u00bb) || 0) + 1);                    }                });            });                          <\/p>\n<p>\u30102025 Android 16 System\u3011 DOOGEE Tab A9+ tablet 11 inch is equipped with the latest Android 16 operating system, which offers a new data protection mechanism and a unique intelligent experience of collaboration between devices through an enhanced data protection control panel and app authorization management. Whether you&#8217;re working, studying or entertaining, DOOGEE Tab A9+ Android 16 tablet allows you to have an efficient and convenient digital life.<br \/>\u301011 inch HD IPS + 90 Hz + Widevine L1\u3011 DOOGEE Tab A9+ Android 16 tablet 11 inch offers an impressive HD display with a resolution of 1280 x 800 pixels. The IPS display offers a wide viewing angle and the 90Hz high-resolution display is colorful, ideal for watching movies, playing games or surfing the web. DOOGEE Tab A9+ Android 16 tablet also supports Widevine L1, so you can watch Amazon Prime Video and Hulu videos anytime.<br \/>\u3010Unisoc T7200 Processor Octa Core\u3011 The DOOGEE Tab A9+ 11-inch tablet is equipped with a high-performance Unisoc T7200 Octa-Core processor, which offers fast and efficient multitasking. Enjoy seamless app switching, smooth video playback and lag-free gaming. Whether you&#8217;re streaming movies, surfing the web, or handling productivity tasks, this Android 16 tablet ensures a responsive and smooth experience.<br \/>\u3010Large 8580mAh + OTG Battery\u3011 Keep power all day long with the DOOGEE Tab A9+ kids tablet and its huge 8580mAh battery, perfect for long sessions of work, watching series or gaming without having to constantly recharge. OTG compatibility lets you connect USB drives, keyboards, and more, turning your tablet into a hub of productivity. Enjoy long battery life and flexible connectivity with the DOOGEE Tab A9+ 11-inch tablet.<br \/>\u301020GB RAM + 64GB ROM + 2TB Expansion\u3011DOOGEE TabA9+ Android 16 tablet is equipped with 4GB memory and supports 16GB virtual memory as well as LPDDR4X for smooth multitasking. 64GB of storage space allows you to easily store photos, videos, music and apps. Tab A9+ 11-inch tablet also supports up to 2TB storage expansion, so you can enjoy the digital world without worrying about lack of storage space.<br \/>\u3010Dual WLAN + Face ID + GPS\u3011 DOOGEE Tab A9+ tablet Android 16 11 inch has a built-in dual WLAN 2.4G\/5G WiFi band, which ensures a faster and more stable network connection. Tablet also supports face unlock for quick access. Built-in Type-C charging port and 3.5mm headphone jack provide extra convenience. The tablet also supports GPS navigation. No matter where you go, DOOGEE Tab A9+ tablet 11 inch is your best companion.<br \/>\u30102-Year Warranty &#038; Buy with Confidence\u3011 Enjoy peace of mind with the DOOGEE Tab A9+ Kids Tablet&#8217;s 2-year warranty! We stand behind our products with reliable after-sales support, ensuring your device stays in top condition. If any issues arise, our dedicated customer support team is ready to help. BUY WITH CONFIDENCE &#8211; We have your backs covered for the long term!<\/p>\n\n","protected":false},"excerpt":{"rendered":"<p> From the brand DOOGEE TABA9+ Tablet Android16 DOOGEE&#8211;OFFICIAL La creencia de Doogee es crear un<\/p>","protected":false},"featured_media":35772,"comment_status":"open","ping_status":"closed","template":"","meta":[],"product_brand":[],"product_cat":[93],"product_tag":[651,10176,2423,909,10178,568,6723,391,646,648,650,6113,655,204,10177,584,4851,1169,587,913,647,10179,10175,831,157,652,653,649,654,10174],"class_list":{"0":"post-35771","1":"product","2":"type-product","3":"status-publish","4":"has-post-thumbnail","6":"product_cat-android-tablets","7":"product_tag-10-inch-tablet","8":"product_tag-13mpfmface","9":"product_tag-20gb","10":"product_tag-2tb","11":"product_tag-5-0dual","12":"product_tag-64gb","13":"product_tag-8580mah","14":"product_tag-android","15":"product_tag-android-tablet","16":"product_tag-best-android-tablet","17":"product_tag-budget-android-tablet","18":"product_tag-doogee","19":"product_tag-gaming-tablet","20":"product_tag-grey","21":"product_tag-idwidevinel1gpsbluetooth","22":"product_tag-inch","23":"product_tag-jack","24":"product_tag-kids","25":"product_tag-ram","26":"product_tag-rom","27":"product_tag-samsung-android-tablet","28":"product_tag-speakers3-5mm","29":"product_tag-t7200","30":"product_tag-tab","31":"product_tag-tablet","32":"product_tag-tablet-for-kids","33":"product_tag-tablet-for-study","34":"product_tag-tablet-with-sim","35":"product_tag-tablet-with-stylus","36":"product_tag-unisoc","38":"first","39":"instock","40":"shipping-taxable","41":"product-type-external"},"_links":{"self":[{"href":"https:\/\/comprasyconsejos.store\/en\/wp-json\/wp\/v2\/product\/35771","targetHints":{"allow":["GET"]}}],"collection":[{"href":"https:\/\/comprasyconsejos.store\/en\/wp-json\/wp\/v2\/product"}],"about":[{"href":"https:\/\/comprasyconsejos.store\/en\/wp-json\/wp\/v2\/types\/product"}],"replies":[{"embeddable":true,"href":"https:\/\/comprasyconsejos.store\/en\/wp-json\/wp\/v2\/comments?post=35771"}],"version-history":[{"count":0,"href":"https:\/\/comprasyconsejos.store\/en\/wp-json\/wp\/v2\/product\/35771\/revisions"}],"wp:featuredmedia":[{"embeddable":true,"href":"https:\/\/comprasyconsejos.store\/en\/wp-json\/wp\/v2\/media\/35772"}],"wp:attachment":[{"href":"https:\/\/comprasyconsejos.store\/en\/wp-json\/wp\/v2\/media?parent=35771"}],"wp:term":[{"taxonomy":"product_brand","embeddable":true,"href":"https:\/\/comprasyconsejos.store\/en\/wp-json\/wp\/v2\/product_brand?post=35771"},{"taxonomy":"product_cat","embeddable":true,"href":"https:\/\/comprasyconsejos.store\/en\/wp-json\/wp\/v2\/product_cat?post=35771"},{"taxonomy":"product_tag","embeddable":true,"href":"https:\/\/comprasyconsejos.store\/en\/wp-json\/wp\/v2\/product_tag?post=35771"}],"curies":[{"name":"wp","href":"https:\/\/api.w.org\/{rel}","templated":true}]}}