{"id":35783,"date":"2026-02-27T00:29:20","date_gmt":"2026-02-27T00:29:20","guid":{"rendered":"https:\/\/comprasyconsejos.store\/product\/lenovo-ideapad-slim-3-gen-8-laptop-15-6-fhd-intel-core-i5-13420h-16gb-ram-512gb-ssd-intel-uhd-graphics-wi-fi-6-win-11-home-office-trial-spanish-qwerty-keyboard-arctic-grey-2\/"},"modified":"2026-02-27T00:29:23","modified_gmt":"2026-02-27T00:29:23","slug":"lenovo-ideapad-slim-3-gen-8-laptop-15-6-fhd-intel-core-i5-13420h-16gb-ram-512gb-ssd-intel-uhd-graphics-wi-fi-6-win-11-home-office-trial-spanish-qwerty-keyboard-arctic-grey-2","status":"publish","type":"product","link":"https:\/\/comprasyconsejos.store\/en\/product\/lenovo-ideapad-slim-3-gen-8-laptop-15-6-fhd-intel-core-i5-13420h-16gb-ram-512gb-ssd-intel-uhd-graphics-wi-fi-6-win-11-home-office-trial-spanish-qwerty-keyboard-arctic-grey-2\/","title":{"rendered":"Lenovo IdeaPad Slim 3 Gen 8 Laptop 15.6&#8243; FHD (Intel Core i5-13420H, 16GB RAM, 512GB SSD, Intel UHD Graphics, Wi-Fi 6, Win 11 Home, Office Trial) Spanish QWERTY Keyboard &#8211; Arctic Grey"},"content":{"rendered":"<p>Price: <span style=\"color:#b12704\">\u20ac569.00<\/span><br \/><i><small>(as of Feb 27, 2026 00:29:20 UTC &#8211; <span class=\"wp_automatic_amazon_disclaimer\" title=\"Product prices and availability are accurate as of the date\/time indicated and are subject to change. Any price and availability information displayed on [relevant Amazon Site(s), as applicable] at the time of purchase will apply to the purchase of this product.\">Details<\/span>)<\/small><\/i><\/p>\n<p><a href=\"https:\/\/amazon.es\/dp\/B0G59KW28T?tag=man008-21\"><img decoding=\"async\" src=\"https:\/\/valvepress.s3.amazonaws.com\/imgs\/buy_now.png\"><\/a><br \/>\n<\/p>\n<p>                                             From the manufacturer   <\/p>\n<p>                                                                     Lenovo IdeaPad Slim 3 15IRH8                                            <img decoding=\"async\" alt=\"aplus content image\" src=\"https:\/\/images-na.ssl-images-amazon.com\/images\/G\/01\/x-locale\/common\/grey-pixel.gif\" class=\"a-lazy-loaded\" data-src=\"https:\/\/m.media-amazon.com\/images\/S\/aplus-media-library-service-media\/197ab6c8-a4ad-44ea-a57a-1199b218391e.__CR0,0,1464,600_PT0_SX1464_V1___.jpg\"><img decoding=\"async\" alt=\"aplus content image\" src=\"https:\/\/m.media-amazon.com\/images\/S\/aplus-media-library-service-media\/197ab6c8-a4ad-44ea-a57a-1199b218391e.__CR0,0,1464,600_PT0_SX1464_V1___.jpg\">                                               <\/p>\n<p>                                                                                                       <img decoding=\"async\" alt=\"aplus content image\" src=\"https:\/\/images-na.ssl-images-amazon.com\/images\/G\/01\/x-locale\/common\/grey-pixel.gif\" class=\"a-lazy-loaded\" data-src=\"https:\/\/m.media-amazon.com\/images\/S\/aplus-media-library-service-media\/14e08673-537a-4276-a2ac-3fdee0efc668.__CR0,0,1464,600_PT0_SX1464_V1___.jpg\"><img decoding=\"async\" alt=\"aplus content image\" src=\"https:\/\/m.media-amazon.com\/images\/S\/aplus-media-library-service-media\/14e08673-537a-4276-a2ac-3fdee0efc668.__CR0,0,1464,600_PT0_SX1464_V1___.jpg\">                                               <\/p>\n<p>The video showcases the product in use.The video guides you through product setup.The video compares multiple products.The video shows the product being unpacked. IdeaPad Slim 3 Gen 8 Merchant video<\/p>\n<p>                                                                                                                    <img decoding=\"async\" alt=\"aplus content image\" src=\"https:\/\/m.media-amazon.com\/images\/S\/aplus-media-library-service-media\/112da980-2df8-4020-99a9-ec3aa3bc2ce7.__CR0,0,1464,600_PT0_SX1464_V1___.jpg\">                                                    <img decoding=\"async\" alt=\"aplus content image\" src=\"https:\/\/m.media-amazon.com\/images\/S\/aplus-media-library-service-media\/fe94bf51-31e6-421b-b1a5-8f434f213e51.__CR0,0,1464,600_PT0_SX1464_V1___.jpg\">                                                    <img decoding=\"async\" alt=\"El texto dice \u00ab15.8\u00bb y \u00ab16.8\u00bb. Interfaz digital o diapositivas de presentaci\u00f3n con fondo degradado de color p\u00farpura que muestran visualizaciones de datos num\u00e9ricos.\" src=\"https:\/\/m.media-amazon.com\/images\/S\/aplus-media-library-service-media\/c6d409c2-dc15-489e-9f07-b90afbaed135.__CR0,0,1464,600_PT0_SX1464_V1___.jpg\">                                                    <img decoding=\"async\" alt=\"Fondo degradado morado y azul que muestra la esquina del port\u00e1til con puerto USB y un icono circular brillante, que demuestra la conectividad USB.\" src=\"https:\/\/m.media-amazon.com\/images\/S\/aplus-media-library-service-media\/c3a1016f-8054-441b-9104-b381ed84665b.__CR0,0,1464,600_PT0_SX1464_V1___.jpg\">                                                    <img decoding=\"async\" alt=\"El texto dice \u00abConectividad m\u00e1s inteligente\u00bb. Cartel promocional de tecnolog\u00eda de color morado que muestra elementos de dise\u00f1o abstracto y port\u00e1til.\" src=\"https:\/\/m.media-amazon.com\/images\/S\/aplus-media-library-service-media\/5e8c31ed-171f-47f4-8bee-83c6c65b4140.__CR0,0,1464,600_PT0_SX1464_V1___.jpg\"><br \/>\n                            1 10% mas delgado <\/p>\n<p>                            2 Rendimiento multitarea <\/p>\n<p>                            3 Pantalla FHD 15.6&#8243; <\/p>\n<p>                            4 Carga r\u00e1pida <\/p>\n<p>                            5 M\u00e1s Smart <\/p>\n<p>                                                                                                       <img decoding=\"async\" alt=\"aplus content image\" src=\"https:\/\/images-na.ssl-images-amazon.com\/images\/G\/01\/x-locale\/common\/grey-pixel.gif\" class=\"a-lazy-loaded\" data-src=\"https:\/\/m.media-amazon.com\/images\/S\/aplus-media-library-service-media\/3eb1486c-f652-468f-97b7-0a9bedea0664.__CR0,0,1464,600_PT0_SX1464_V1___.jpg\"><img decoding=\"async\" alt=\"aplus content image\" src=\"https:\/\/m.media-amazon.com\/images\/S\/aplus-media-library-service-media\/3eb1486c-f652-468f-97b7-0a9bedea0664.__CR0,0,1464,600_PT0_SX1464_V1___.jpg\">                                               <\/p>\n<p>                                                                                                       <img decoding=\"async\" alt=\"aplus content image\" src=\"https:\/\/images-na.ssl-images-amazon.com\/images\/G\/01\/x-locale\/common\/grey-pixel.gif\" class=\"a-lazy-loaded\" data-src=\"https:\/\/m.media-amazon.com\/images\/S\/aplus-media-library-service-media\/35b06955-b714-44c4-a4de-6a158a783052.__CR0,0,1464,600_PT0_SX1464_V1___.jpg\"><img decoding=\"async\" alt=\"aplus content image\" src=\"https:\/\/m.media-amazon.com\/images\/S\/aplus-media-library-service-media\/35b06955-b714-44c4-a4de-6a158a783052.__CR0,0,1464,600_PT0_SX1464_V1___.jpg\">                                               <\/p>\n<h3 class=\"a-size-extra-large a-spacing-base a-text-center\"> Especificaciones especiales <\/h3>\n<p>                                                        Procesador                                    Intel Core i5-13420H                                        Gr\u00e1ficos                                    Gr\u00e1ficos Intel UHD integrados                                        Lector de tarjetas                                     Lector de tarjetas SD                                        Chip de audio                                     Audio de alta definici\u00f3n (HD)                                        C\u00e1mara                                      x2 Altavoces est\u00e9reo de  1,5 W orientados al usuario optimizados con Dolby Audio                                        Pantalla                                    FHD de 15,6&#8243;                                        Brillo de la pantalla                                     250 nits                                        Relaci\u00f3n pantalla-cuerpo                                     88% AAR (\u00edndice de \u00e1rea activa)                                                         Teclado                                    QWERTY en espa\u00f1ol sin retroiluminaci\u00f3n                                        Panel t\u00e1ctil                                     Panel t\u00e1ctil multit\u00e1ctil con superficie Mylar sin botones, compatible con Precision TouchPad (PTP), 69 x 104 mm                                        Conectividad                                    Wi-Fi 6  &#8211;  Bluetooth 5.2                                        Puertos est\u00e1ndar                                     2 USB 3.2 de 1.\u00aa generaci\u00f3n, 1x USB-C 3.2 Gen 1 (compatible con transferencia de datos, suministro de energ\u00eda y DisplayPort 1.2), 1x HDMI 1.4, 1 conector combinado para auriculares y micr\u00f3fono (3,5 mm), 1x lector de tarjetas, 1 conector de alimentaci\u00f3n                                         Cumple con                                     Prueba militar MIL-STD-810H aprobada (21 elementos de prueba), T\u00dcV Rheinland Luz azul baja (soluci\u00f3n de software)                                        Sistema operativo                                     Windows 11 Home, espa\u00f1ol                                        Software incluido                                     Microsoft Office en versi\u00f3n de prueba                     <\/p>\n<p> Product Dimensions                                            \u200f                                            :                                            \u200e                                            35.9 x 23.5 x 1.79 cm; 1.62 kg   <br \/> Manufacturer                                            \u200f                                            :                                            \u200e                                            Lenovo   <br \/> ASIN                                            \u200f                                            :                                            \u200e                                            B0G59KW28T   <br \/> Item model number                                            \u200f                                            :                                            \u200e                                            83EM00K9SP   <br \/> Country of origin                                            \u200f                                            :                                            \u200e                                            China   <br \/> Guaranteed software updates until                                            \u200f                                            :                                            \u200e                                            unknown   <br \/>  Customer reviews:                                                                                            5.0               5.0 out of 5 stars                                  (1)                                              var dpAcrHasRegisteredArcLinkClickAction;                    P.when(&#8216;A&#8217;, &#8216;ready&#8217;).execute(function(A) {                        if (dpAcrHasRegisteredArcLinkClickAction !== true) {                            dpAcrHasRegisteredArcLinkClickAction = true;                            A.declarative(                                &#8216;acrLink-click-metrics&#8217;, &#8216;click&#8217;,                                { \u00aballowLinkDefault\u00bb: true },                                function (event) {                                    if (window.ue) {                                        ue.count(\u00abacrLinkClickCount\u00bb, (ue.count(\u00abacrLinkClickCount\u00bb) || 0) + 1);                                    }                                }                            );                        }                    });                                             P.when(&#8216;A&#8217;, &#8216;cf&#8217;).execute(function(A) {                A.declarative(&#8216;acrStarsLink-click-metrics&#8217;, &#8216;click&#8217;, { \u00aballowLinkDefault\u00bb : true },  function(event){                    if(window.ue) {                        ue.count(\u00abacrStarsLinkWithPopoverClickCount\u00bb, (ue.count(\u00abacrStarsLinkWithPopoverClickCount\u00bb) || 0) + 1);                    }                });            });                          <\/p>\n<p>Get quick response for all your multitasking apps and activities with the Intel Core i5-13420H processor, 16GB RAM, and 512GB storage<br \/>Designed for work, study or entertainment: Enjoy vivid images with the 15.6&#8243; display, FHD (1920 x 1080) resolution, and 16:9 aspect ratio<br \/>Make the most of the powerful 47Wh battery and Rapid Charge Boost function, giving you up to 2 hours of battery life with just 15 minutes of charge<br \/>Enjoy high versatility with the USB-C port supporting data transfer, power delivery and DisplayPort 1.2, 2 USB 3.2 ports, HDMI 1.4 port, and SD card reader<br \/>Robust equipment at your service: Windows 11 Home in Spanish, Microsoft Office trial version, T\u00dcV Rheinland visual protection and MIL-STD-810H military test<\/p>\n\n","protected":false},"excerpt":{"rendered":"<p> From the manufacturer Lenovo IdeaPad Slim 3 15IRH8 The video showcases the product in use.The<\/p>","protected":false},"featured_media":35784,"comment_status":"open","ping_status":"closed","template":"","meta":[],"product_brand":[],"product_cat":[85],"product_tag":[509,536,2880,575,573,577,698,578,581,639,855,644,204,626,1065,5930,562,518,159,582,1054,576,585,574,580,858,587,288,5273,513,8136,684,543,586,579],"class_list":{"0":"post-35783","1":"product","2":"type-product","3":"status-publish","4":"has-post-thumbnail","6":"product_cat-business-laptop","7":"product_tag-16gb","8":"product_tag-512gb","9":"product_tag-arctic","10":"product_tag-best-laptop-for-business","11":"product_tag-business-laptop","12":"product_tag-business-laptop-with-ssd","13":"product_tag-core","14":"product_tag-corporate-laptop","15":"product_tag-durable-business-laptop","16":"product_tag-fhd","17":"product_tag-gen","18":"product_tag-graphics","19":"product_tag-grey","20":"product_tag-home","21":"product_tag-i513420h","22":"product_tag-ideapad","23":"product_tag-intel","24":"product_tag-keyboard","25":"product_tag-laptop","26":"product_tag-laptop-for-work","27":"product_tag-lenovo","28":"product_tag-lightweight-business-laptop","29":"product_tag-office","30":"product_tag-office-laptop","31":"product_tag-professional-laptop","32":"product_tag-qwerty","33":"product_tag-ram","34":"product_tag-slim","35":"product_tag-spanish","36":"product_tag-ssd","37":"product_tag-trial","38":"product_tag-uhd","39":"product_tag-wifi","40":"product_tag-win","41":"product_tag-windows-business-laptop","43":"first","44":"instock","45":"shipping-taxable","46":"product-type-external"},"_links":{"self":[{"href":"https:\/\/comprasyconsejos.store\/en\/wp-json\/wp\/v2\/product\/35783","targetHints":{"allow":["GET"]}}],"collection":[{"href":"https:\/\/comprasyconsejos.store\/en\/wp-json\/wp\/v2\/product"}],"about":[{"href":"https:\/\/comprasyconsejos.store\/en\/wp-json\/wp\/v2\/types\/product"}],"replies":[{"embeddable":true,"href":"https:\/\/comprasyconsejos.store\/en\/wp-json\/wp\/v2\/comments?post=35783"}],"version-history":[{"count":0,"href":"https:\/\/comprasyconsejos.store\/en\/wp-json\/wp\/v2\/product\/35783\/revisions"}],"wp:featuredmedia":[{"embeddable":true,"href":"https:\/\/comprasyconsejos.store\/en\/wp-json\/wp\/v2\/media\/35784"}],"wp:attachment":[{"href":"https:\/\/comprasyconsejos.store\/en\/wp-json\/wp\/v2\/media?parent=35783"}],"wp:term":[{"taxonomy":"product_brand","embeddable":true,"href":"https:\/\/comprasyconsejos.store\/en\/wp-json\/wp\/v2\/product_brand?post=35783"},{"taxonomy":"product_cat","embeddable":true,"href":"https:\/\/comprasyconsejos.store\/en\/wp-json\/wp\/v2\/product_cat?post=35783"},{"taxonomy":"product_tag","embeddable":true,"href":"https:\/\/comprasyconsejos.store\/en\/wp-json\/wp\/v2\/product_tag?post=35783"}],"curies":[{"name":"wp","href":"https:\/\/api.w.org\/{rel}","templated":true}]}}