{"id":35791,"date":"2026-02-27T00:54:17","date_gmt":"2026-02-27T00:54:17","guid":{"rendered":"https:\/\/comprasyconsejos.store\/product\/anker-maggo-power-bank-15w-ultra-fast-portable-charger-compatible-with-magsafe-qi2-with-10000mah-battery-with-smart-display-for-iphone-17-16-with-usb-c-cable\/"},"modified":"2026-02-27T00:54:18","modified_gmt":"2026-02-27T00:54:18","slug":"anker-maggo-power-bank-15w-ultra-fast-portable-charger-compatible-with-magsafe-qi2-with-10000mah-battery-with-smart-display-for-iphone-17-16-with-usb-c-cable","status":"publish","type":"product","link":"https:\/\/comprasyconsejos.store\/en\/product\/anker-maggo-power-bank-15w-ultra-fast-portable-charger-compatible-with-magsafe-qi2-with-10000mah-battery-with-smart-display-for-iphone-17-16-with-usb-c-cable\/","title":{"rendered":"Anker MagGo Power Bank, 15W Ultra-Fast Portable Charger Compatible with MagSafe, Qi2 with 10000mAh Battery with Smart Display, for iPhone 17 16 (with USB-C Cable)"},"content":{"rendered":"<p>Price: <span style=\"color:#b12704\"><del>\u20ac89.99<\/del> - \u20ac69.99<\/span><br \/><i><small>(as of Feb 27, 2026 00:54:17 UTC &#8211; <span class=\"wp_automatic_amazon_disclaimer\" title=\"Product prices and availability are accurate as of the date\/time indicated and are subject to change. Any price and availability information displayed on [relevant Amazon Site(s), as applicable] at the time of purchase will apply to the purchase of this product.\">Details<\/span>)<\/small><\/i><\/p>\n<p><a href=\"https:\/\/amazon.es\/dp\/B0CFDPQXN4?tag=man008-21\"><img decoding=\"async\" src=\"https:\/\/valvepress.s3.amazonaws.com\/imgs\/buy_now.png\"><\/a><br \/>\n<\/p>\n<p>                                             Product Description   <\/p>\n<p>                                                                                                       <img decoding=\"async\" alt=\"aplus content image\" src=\"https:\/\/images-na.ssl-images-amazon.com\/images\/G\/01\/x-locale\/common\/grey-pixel.gif\" class=\"a-lazy-loaded\" data-src=\"https:\/\/m.media-amazon.com\/images\/S\/aplus-media-library-service-media\/9251a9c6-806d-4e49-a4ca-d957ea4b17b5.__CR0,0,1464,600_PT0_SX1464_V1___.png\"><img decoding=\"async\" alt=\"aplus content image\" src=\"https:\/\/m.media-amazon.com\/images\/S\/aplus-media-library-service-media\/9251a9c6-806d-4e49-a4ca-d957ea4b17b5.__CR0,0,1464,600_PT0_SX1464_V1___.png\">                                               <\/p>\n<p>                                                                                                       <img decoding=\"async\" alt=\"power bank\" src=\"https:\/\/images-na.ssl-images-amazon.com\/images\/G\/01\/x-locale\/common\/grey-pixel.gif\" class=\"a-lazy-loaded\" data-src=\"https:\/\/m.media-amazon.com\/images\/S\/aplus-media-library-service-media\/6ae1d318-5034-4a3d-8794-cfbcd72e460d.__CR0,0,2928,1200_PT0_SX1464_V1___.png\"><img decoding=\"async\" alt=\"power bank\" src=\"https:\/\/m.media-amazon.com\/images\/S\/aplus-media-library-service-media\/6ae1d318-5034-4a3d-8794-cfbcd72e460d.__CR0,0,2928,1200_PT0_SX1464_V1___.png\">                                               <\/p>\n<p>                                                                                                                  <img decoding=\"async\" alt=\"power bank\" src=\"https:\/\/m.media-amazon.com\/images\/S\/aplus-media-library-service-media\/62084a80-9bee-4190-bb2f-0323e6cda585.__CR0,0,2928,1200_PT0_SX1464_V1___.jpg\">                                                    <img decoding=\"async\" alt=\"Primer plano de un chip procesador de ordenador sobre una superficie blanca. El texto menciona un algoritmo basado en inteligencia artificial. Vista parcial de la interfaz deslizante o de carrusel\" src=\"https:\/\/m.media-amazon.com\/images\/S\/aplus-media-library-service-media\/89a9c10f-48f8-4a5f-9713-d4f3713b9174.__CR0,0,2928,1200_PT0_SX1464_V1___.jpg\">                                                    <img decoding=\"async\" alt=\"power bank\" src=\"https:\/\/m.media-amazon.com\/images\/S\/aplus-media-library-service-media\/82076598-cf22-4800-af93-70366a7e1d24.__CR0,0,2928,1200_PT0_SX1464_V1___.jpg\">                                                    <img decoding=\"async\" alt=\"power bank\" src=\"https:\/\/m.media-amazon.com\/images\/S\/aplus-media-library-service-media\/5b1e776e-bc14-488d-b482-8d94f2298beb.__CR0,0,2928,1200_PT0_SX1464_V1___.jpg\"><br \/>\n                            1 Tecnolog\u00eda Anker MagGo <\/p>\n<p>                            2 Tecnolog\u00eda avanzada <\/p>\n<p>                            3 dise\u00f1o de circuito <\/p>\n<p>                            4 disipaci\u00f3n de calor <\/p>\n<p>                                                                                                                <img decoding=\"async\" alt=\"con logotipo de certificaci\u00f3n Qi. El texto en espa\u00f1ol menciona la seguridad continua y m\u00e1s de 3 000 000 horas de uso.\" src=\"https:\/\/m.media-amazon.com\/images\/S\/aplus-media-library-service-media\/6865137e-b94d-4e2a-9ff3-b759bc76d657.__CR0,0,2928,1200_PT0_SX1464_V1___.jpg\">                                                    <img decoding=\"async\" alt=\"Imagen dividida: la izquierda muestra a una persona usando el tel\u00e9fono en el avi\u00f3n. La derecha muestra a un viajero trabajando con su port\u00e1til en el asiento del avi\u00f3n, lo que demuestra la conectividad durante el vuelo\" src=\"https:\/\/m.media-amazon.com\/images\/S\/aplus-media-library-service-media\/f8e51baf-74f0-4307-819d-a49724c26fc5.__CR0,0,2928,1200_PT0_SX1464_V1___.jpg\">                                                    <img decoding=\"async\" alt=\"con capacidad de carga r\u00e1pida bidireccional. El lado izquierdo muestra una salida de 20 W, el lado derecho muestra una salida de 27 W\" src=\"https:\/\/m.media-amazon.com\/images\/S\/aplus-media-library-service-media\/8fb5d6d8-697e-43bd-a1d8-4906c1eb8d9a.__CR0,0,2928,1200_PT0_SX1464_V1___.jpg\"><br \/>\n                            1 Protecci\u00f3n siempre activa <\/p>\n<p>                            2 M\u00faltiples puntos de carga <\/p>\n<p>                            3 Carga USB-C r\u00e1pida <\/p>\n<p>                                                                                              <img decoding=\"async\" alt=\"power bank\" src=\"https:\/\/images-na.ssl-images-amazon.com\/images\/G\/01\/x-locale\/common\/grey-pixel.gif\" class=\"a-lazy-loaded\" data-src=\"https:\/\/m.media-amazon.com\/images\/S\/aplus-media-library-service-media\/61391ad9-a92f-4a71-bc39-841a879ef64d.__CR0,0,1300,700_PT0_SX650_V1___.jpg\"><img decoding=\"async\" alt=\"power bank\" src=\"https:\/\/m.media-amazon.com\/images\/S\/aplus-media-library-service-media\/61391ad9-a92f-4a71-bc39-841a879ef64d.__CR0,0,1300,700_PT0_SX650_V1___.jpg\">                                            Cargue mientras se recarga                                         <\/p>\n<p class=\"aplus-p3\"> Mientras la bater\u00eda externa se recarga, el dispositivo permanece cargado para garantizar que est\u00e9s siempre conectado y listo para actuar. <\/p>\n<p>                                           <img decoding=\"async\" alt=\"power bank\" src=\"https:\/\/images-na.ssl-images-amazon.com\/images\/G\/01\/x-locale\/common\/grey-pixel.gif\" class=\"a-lazy-loaded\" data-src=\"https:\/\/m.media-amazon.com\/images\/S\/aplus-media-library-service-media\/69e4d526-ac9d-4bdd-a2c0-39290dd901b5.__CR0,0,1300,700_PT0_SX650_V1___.jpg\"><img decoding=\"async\" alt=\"power bank\" src=\"https:\/\/m.media-amazon.com\/images\/S\/aplus-media-library-service-media\/69e4d526-ac9d-4bdd-a2c0-39290dd901b5.__CR0,0,1300,700_PT0_SX650_V1___.jpg\">                                            Funciona a trav\u00e9s de fundas magn\u00e9ticas                                         <\/p>\n<p class=\"aplus-p3\"> Su funda magn\u00e9tica ya no se interpone entre su dispositivo y su carga. Permanezca protegido y disfrute de una alimentaci\u00f3n continua sin problemas. <\/p>\n<p class=\"aplus-p3\"> Nota: No es compatible con fundas para tel\u00e9fonos no magn\u00e9ticas. <\/p>\n<h3>\n<p class=\"aplus-question aplus-p1\"> 1.\u00bfEs seguro utilizar el producto cuando hace calor? <\/p>\n<\/h3>\n<p class=\"aplus-answer aplus-p2\"> Es normal que la carga inal\u00e1mbrica se caliente ligeramente, especialmente durante un uso intensivo, como largas sesiones de juego o streaming. Sin embargo, cumple con la normativa internacional de seguridad, lo que garantiza un uso seguro. <\/p>\n<h3>\n<p class=\"aplus-question aplus-p1\"> \u00bfPuede una funda de tel\u00e9fono afectar a la carga inal\u00e1mbrica? <\/p>\n<\/h3>\n<p class=\"aplus-answer aplus-p2\"> Para una carga inal\u00e1mbrica \u00f3ptima, recomendamos utilizar fundas magn\u00e9ticas oficiales de Apple. Evite estuches de m\u00e1s de 2,5 mm de grosor, estuches met\u00e1licos o no magn\u00e9ticos, y retire los imanes, tarjetas o agarraderas. <\/p>\n<h3>\n<p class=\"aplus-question aplus-p1\"> \u00bfPor qu\u00e9 mi iPhone no muestra el c\u00edrculo de carga cuando utilizo la carga magn\u00e9tica? <\/p>\n<\/h3>\n<p class=\"aplus-answer aplus-p2\"> En primer lugar, comprueba si tu iPhone es un modelo de las series 13, 14 o 15. A continuaci\u00f3n, aseg\u00farate de que el sistema operativo de tu m\u00f3vil est\u00e1 actualizado a iOS 17.2, ya que es necesario para que la funci\u00f3n funcione correctamente.  <\/p>\n<h3 class=\"a-text-center aplus-h1 a-text-bold\"> Nuestras recomendaciones  <\/h3>\n<p>                         Add To Basket  <\/p>\n<p>                         Add To Basket  <\/p>\n<p>                         Add To Basket  <\/p>\n<p>                         Add To Basket  <\/p>\n<p>                         Add To Basket  <\/p>\n<p>                         Add To Basket  <\/p>\n<p>                         Add To Basket  <\/p>\n<p>                                     Customer Reviews  <\/p>\n<p>                    4.3 out of 5 stars  3,259  <\/p>\n<p>                    4.6 out of 5 stars  6,159  <\/p>\n<p>                    4.6 out of 5 stars  9,416  <\/p>\n<p>                    4.4 out of 5 stars  13,862  <\/p>\n<p>                    4.4 out of 5 stars  17,779  <\/p>\n<p>                    4.7 out of 5 stars  7,537  <\/p>\n<p>                    4.7 out of 5 stars  693  <\/p>\n<p>                                     Price  <\/p>\n<p>                                                        \u20ac49.99\u20ac49.99     <\/p>\n<p>                                                        \u20ac55.99\u20ac55.99     <\/p>\n<p>                                                        \u20ac33.79\u20ac33.79     <\/p>\n<p>                                                        \u20ac26.99\u20ac26.99     <\/p>\n<p>                                                        \u20ac23.99\u20ac23.99     <\/p>\n<p>                                                        \u20ac79.99\u20ac79.99     <\/p>\n<p>                                                        \u20ac179.99\u20ac179.99     <\/p>\n<p>                                     Capacidad    <\/p>\n<p>                                                5000mAh    <\/p>\n<p>                                                10000mAh    <\/p>\n<p>                                                10000mAh    <\/p>\n<p>                                                5000 mAh    <\/p>\n<p>                                                5000mAh    <\/p>\n<p>                                                25000mAh    <\/p>\n<p>                                                26,250 mAh    <\/p>\n<p>                                     Potencia  <\/p>\n<p>                                                20W    <\/p>\n<p>                                                30W    <\/p>\n<p>                                                20W    <\/p>\n<p>                                                12W    <\/p>\n<p>                                                12W    <\/p>\n<p>                                                165W    <\/p>\n<p>                                                300W    <\/p>\n<p>                                     Tipo de conector   <\/p>\n<p>                                                USB-C    <\/p>\n<p>                                                USB-C    <\/p>\n<p>                                                 USB-C*1+USB-A*1     <\/p>\n<p>                                                USB-C    <\/p>\n<p>                                                USB-C*1    <\/p>\n<p>                                                1A3C, Built-in C+C    <\/p>\n<p>                                                USB-C*2 USB-A    <\/p>\n<p>                                     Dimensiones  <\/p>\n<p>                                                102*70.6*8.6mm    <\/p>\n<p>                                                104*70.6*14.7mm    <\/p>\n<p>                                                107*66.5*18.15 mm     <\/p>\n<p>                                                105*66.5*12.8 mm    <\/p>\n<p>                                                105*66.5*11.5 mm     <\/p>\n<p>                                                156.97*53.85*49.02 mm    <\/p>\n<p>                                                160*63.5*38.1 mm    <\/p>\n<p>                                     Peso  <\/p>\n<p>                                                105g    <\/p>\n<p>                                                200g    <\/p>\n<p>                                                218 g    <\/p>\n<p>                                                140 g    <\/p>\n<p>                                                125 g    <\/p>\n<p>                                                595g    <\/p>\n<p>                                                600g    <\/p>\n<p> Batteries                                            \u200f                                            :                                            \u200e                                            1 A batteries required. (included)   <br \/> Language                                            \u200f                                            :                                            \u200e                                            German   <br \/> Product Dimensions                                            \u200f                                            :                                            \u200e                                            10 x 7 x 2 cm; 249.48 g   <br \/> Manufacturer                                            \u200f                                            :                                            \u200e                                            Anker   <br \/> ASIN                                            \u200f                                            :                                            \u200e                                            B0CFDPQXN4   <br \/> Item model number                                            \u200f                                            :                                            \u200e                                            A1654   <br \/> Country\/Region of Origin                                            \u200f                                            :                                            \u200e                                            China   <br \/> Guaranteed software updates until                                            \u200f                                            :                                            \u200e                                            unknown   <br \/>  Customer reviews:                                                                                            4.4               4.4 out of 5 stars                                  (7,304)                                              var dpAcrHasRegisteredArcLinkClickAction;                    P.when(&#8216;A&#8217;, &#8216;ready&#8217;).execute(function(A) {                        if (dpAcrHasRegisteredArcLinkClickAction !== true) {                            dpAcrHasRegisteredArcLinkClickAction = true;                            A.declarative(                                &#8216;acrLink-click-metrics&#8217;, &#8216;click&#8217;,                                { \u00aballowLinkDefault\u00bb: true },                                function (event) {                                    if (window.ue) {                                        ue.count(\u00abacrLinkClickCount\u00bb, (ue.count(\u00abacrLinkClickCount\u00bb) || 0) + 1);                                    }                                }                            );                        }                    });                                             P.when(&#8216;A&#8217;, &#8216;cf&#8217;).execute(function(A) {                A.declarative(&#8216;acrStarsLink-click-metrics&#8217;, &#8216;click&#8217;, { \u00aballowLinkDefault\u00bb : true },  function(event){                    if(window.ue) {                        ue.count(\u00abacrStarsLinkWithPopoverClickCount\u00bb, (ue.count(\u00abacrStarsLinkWithPopoverClickCount\u00bb) || 0) + 1);                    }                });            });                          <\/p>\n<p>Certified Qi2 Charging: Enjoy the convenience of 15W wireless charging offered by the Qi2 certification guarantee for fast, safe and efficient power delivery<br \/>Double the speed: Enjoy ultra-fast 15W wireless charging and charge your devices 2x faster*; Get your iPhone 15 go from 0 to 50% in just 44 minutes<br \/>SMART INFORMATIONAL DISPLAY &#8211; Control your device&#8217;s charging process; from battery percentages to full recharge times, the intuitive smart display ensures you&#8217;ll always be up to date<br \/>Activate &#038; Support: With a powerful 10,000mAh battery, secure 1.8 charges for your iPhone 15 Pro; enjoy hands-free viewing with the built-in kickstand<br \/>What you get: Anker MagGo Power Bank (10K), 0.6m (2ft) USB-C to USB-C cable, welcome guide and our attentive customer service.<\/p>\n\n","protected":false},"excerpt":{"rendered":"<p> Product Description 1 Tecnolog\u00eda Anker MagGo 2 Tecnolog\u00eda avanzada 3 dise\u00f1o de circuito 4 disipaci\u00f3n<\/p>","protected":false},"featured_media":35792,"comment_status":"open","ping_status":"closed","template":"","meta":[],"product_brand":[],"product_cat":[104],"product_tag":[291,236,4957,287,292,182,152,201,561,147,3004,3003,3015,3008,3007,3010,3011,3000,3001,3013,3016,3014,3005,3002,3009,3017,3006,5834,234,290,143,235,3012,1593,1619,188],"class_list":{"0":"post-35791","1":"product","2":"type-product","3":"status-publish","4":"has-post-thumbnail","6":"product_cat-apple-iphone","7":"product_tag-10000mah","8":"product_tag-15w","9":"product_tag-anker","10":"product_tag-bank","11":"product_tag-battery","12":"product_tag-cable","13":"product_tag-charger","14":"product_tag-compatible","15":"product_tag-display","16":"product_tag-iphone","17":"product_tag-iphone-13-accessories","18":"product_tag-iphone-14-case","19":"product_tag-iphone-adapter","20":"product_tag-iphone-battery-pack","21":"product_tag-iphone-cable","22":"product_tag-iphone-camera-lens","23":"product_tag-iphone-car-mount","24":"product_tag-iphone-case","25":"product_tag-iphone-charger","26":"product_tag-iphone-earbuds","27":"product_tag-iphone-gaming-controller","28":"product_tag-iphone-magsafe","29":"product_tag-iphone-pro-max-case","30":"product_tag-iphone-screen-protector","31":"product_tag-iphone-tempered-glass","32":"product_tag-iphone-tripod","33":"product_tag-iphone-wireless-charger","34":"product_tag-maggo","35":"product_tag-magsafe","36":"product_tag-portable","37":"product_tag-power","38":"product_tag-qi2","39":"product_tag-refurbished-iphone","40":"product_tag-smart","41":"product_tag-ultrafast","42":"product_tag-usbc","44":"first","45":"instock","46":"sale","47":"shipping-taxable","48":"product-type-external"},"_links":{"self":[{"href":"https:\/\/comprasyconsejos.store\/en\/wp-json\/wp\/v2\/product\/35791","targetHints":{"allow":["GET"]}}],"collection":[{"href":"https:\/\/comprasyconsejos.store\/en\/wp-json\/wp\/v2\/product"}],"about":[{"href":"https:\/\/comprasyconsejos.store\/en\/wp-json\/wp\/v2\/types\/product"}],"replies":[{"embeddable":true,"href":"https:\/\/comprasyconsejos.store\/en\/wp-json\/wp\/v2\/comments?post=35791"}],"version-history":[{"count":0,"href":"https:\/\/comprasyconsejos.store\/en\/wp-json\/wp\/v2\/product\/35791\/revisions"}],"wp:featuredmedia":[{"embeddable":true,"href":"https:\/\/comprasyconsejos.store\/en\/wp-json\/wp\/v2\/media\/35792"}],"wp:attachment":[{"href":"https:\/\/comprasyconsejos.store\/en\/wp-json\/wp\/v2\/media?parent=35791"}],"wp:term":[{"taxonomy":"product_brand","embeddable":true,"href":"https:\/\/comprasyconsejos.store\/en\/wp-json\/wp\/v2\/product_brand?post=35791"},{"taxonomy":"product_cat","embeddable":true,"href":"https:\/\/comprasyconsejos.store\/en\/wp-json\/wp\/v2\/product_cat?post=35791"},{"taxonomy":"product_tag","embeddable":true,"href":"https:\/\/comprasyconsejos.store\/en\/wp-json\/wp\/v2\/product_tag?post=35791"}],"curies":[{"name":"wp","href":"https:\/\/api.w.org\/{rel}","templated":true}]}}