{"id":35797,"date":"2026-02-27T01:16:31","date_gmt":"2026-02-27T01:16:31","guid":{"rendered":"https:\/\/comprasyconsejos.store\/product\/dron-con-camara-4k-para-adultos-tt19-drones-con-evitacion-de-obstaculos-posicionamiento-por-flujo-optico-mini-drone-plegable-para-principiantes-con-protectores-de-helices-naranja\/"},"modified":"2026-02-27T01:16:36","modified_gmt":"2026-02-27T01:16:36","slug":"dron-con-camara-4k-para-adultos-tt19-drones-con-evitacion-de-obstaculos-posicionamiento-por-flujo-optico-mini-drone-plegable-para-principiantes-con-protectores-de-helices-naranja","status":"publish","type":"product","link":"https:\/\/comprasyconsejos.store\/en\/product\/dron-con-camara-4k-para-adultos-tt19-drones-con-evitacion-de-obstaculos-posicionamiento-por-flujo-optico-mini-drone-plegable-para-principiantes-con-protectores-de-helices-naranja\/","title":{"rendered":"Dron con C\u00e1mara 4K para Adultos, TT19 Drones con Evitaci\u00f3n de Obst\u00e1culos, Posicionamiento por Flujo \u00d3ptico, Mini Drone Plegable para Principiantes con Protectores de H\u00e9lices, Naranja"},"content":{"rendered":"<p>Price: <span style=\"color:#b12704\">\u20ac49.99<\/span><br \/><i><small>(as of Feb 27, 2026 01:16:31 UTC &#8211; <span class=\"wp_automatic_amazon_disclaimer\" title=\"Product prices and availability are accurate as of the date\/time indicated and are subject to change. Any price and availability information displayed on [relevant Amazon Site(s), as applicable] at the time of purchase will apply to the purchase of this product.\">Details<\/span>)<\/small><\/i><\/p>\n<p><a href=\"https:\/\/amazon.es\/dp\/B0F9YFNQJ3?tag=man008-21\"><img decoding=\"async\" src=\"https:\/\/valvepress.s3.amazonaws.com\/imgs\/buy_now.png\"><\/a><br \/>\n<\/p>\n<p>                                             Product Description   <\/p>\n<p>                                                                                                       <img decoding=\"async\" alt=\"Superposici\u00f3n de texto sobre fondo borroso: \u00abDron TT19\u00bb en letras naranjas grandes y \u00abF\u00e1cil de usar y listo para volar\u00bb en blanco en la parte inferior, lo que sugiere un producto de dron f\u00e1cil\" src=\"https:\/\/images-na.ssl-images-amazon.com\/images\/G\/01\/x-locale\/common\/grey-pixel.gif\" class=\"a-lazy-loaded\" data-src=\"https:\/\/m.media-amazon.com\/images\/S\/aplus-media-library-service-media\/c0e25148-dee5-48ac-a190-485b6c55baea.__CR0,0,1464,600_PT0_SX1464_V1___.jpg\"><img decoding=\"async\" alt=\"Superposici\u00f3n de texto sobre fondo borroso: \u00abDron TT19\u00bb en letras naranjas grandes y \u00abF\u00e1cil de usar y listo para volar\u00bb en blanco en la parte inferior, lo que sugiere un producto de dron f\u00e1cil\" src=\"https:\/\/m.media-amazon.com\/images\/S\/aplus-media-library-service-media\/c0e25148-dee5-48ac-a190-485b6c55baea.__CR0,0,1464,600_PT0_SX1464_V1___.jpg\">                                               <\/p>\n<p>                                                                                                       <img decoding=\"async\" alt=\"Un dron cuadric\u00f3ptero con cuerpo naranja y negro, brazos plegables y varios rotores. El dron se muestra en pleno vuelo sobre un fondo\" src=\"https:\/\/images-na.ssl-images-amazon.com\/images\/G\/01\/x-locale\/common\/grey-pixel.gif\" class=\"a-lazy-loaded\" data-src=\"https:\/\/m.media-amazon.com\/images\/S\/aplus-media-library-service-media\/ab41e1c7-775e-4f41-96eb-5355bba84323.__CR0,0,1464,600_PT0_SX1464_V1___.jpg\"><img decoding=\"async\" alt=\"Un dron cuadric\u00f3ptero con cuerpo naranja y negro, brazos plegables y varios rotores. El dron se muestra en pleno vuelo sobre un fondo\" src=\"https:\/\/m.media-amazon.com\/images\/S\/aplus-media-library-service-media\/ab41e1c7-775e-4f41-96eb-5355bba84323.__CR0,0,1464,600_PT0_SX1464_V1___.jpg\">                                               <\/p>\n<p>                                                                                                       <img decoding=\"async\" alt=\"Primer plano de un motor el\u00e9ctrico sin escobillas con bobinas de cobre visibles y componentes met\u00e1licos. El texto dice \u00abMotor sin escobillas\u00bb (motor sin escobillas en espa\u00f1ol).\" src=\"https:\/\/images-na.ssl-images-amazon.com\/images\/G\/01\/x-locale\/common\/grey-pixel.gif\" class=\"a-lazy-loaded\" data-src=\"https:\/\/m.media-amazon.com\/images\/S\/aplus-media-library-service-media\/ceee8b1e-6d57-4eb9-b593-71734e3614a8.__CR0,0,1464,600_PT0_SX1464_V1___.jpg\"><img decoding=\"async\" alt=\"Primer plano de un motor el\u00e9ctrico sin escobillas con bobinas de cobre visibles y componentes met\u00e1licos. El texto dice \u00abMotor sin escobillas\u00bb (motor sin escobillas en espa\u00f1ol).\" src=\"https:\/\/m.media-amazon.com\/images\/S\/aplus-media-library-service-media\/ceee8b1e-6d57-4eb9-b593-71734e3614a8.__CR0,0,1464,600_PT0_SX1464_V1___.jpg\">                                               <\/p>\n<p>                                                                                                       <img decoding=\"async\" alt=\"que muestra tres ventajas de los motores sin escobillas: menos ruido, m\u00e1s potencia y uso prolongado. Los iconos representan cada beneficio en\" src=\"https:\/\/images-na.ssl-images-amazon.com\/images\/G\/01\/x-locale\/common\/grey-pixel.gif\" class=\"a-lazy-loaded\" data-src=\"https:\/\/m.media-amazon.com\/images\/S\/aplus-media-library-service-media\/42e0b29c-8e6f-4e84-93fb-14c969780f9b.__CR0,0,1464,600_PT0_SX1464_V1___.jpg\"><img decoding=\"async\" alt=\"que muestra tres ventajas de los motores sin escobillas: menos ruido, m\u00e1s potencia y uso prolongado. Los iconos representan cada beneficio en\" src=\"https:\/\/m.media-amazon.com\/images\/S\/aplus-media-library-service-media\/42e0b29c-8e6f-4e84-93fb-14c969780f9b.__CR0,0,1464,600_PT0_SX1464_V1___.jpg\">                                               <\/p>\n<p>                                                                                                       <img decoding=\"async\" alt=\"aplus content image\" src=\"https:\/\/images-na.ssl-images-amazon.com\/images\/G\/01\/x-locale\/common\/grey-pixel.gif\" class=\"a-lazy-loaded\" data-src=\"https:\/\/m.media-amazon.com\/images\/S\/aplus-media-library-service-media\/3c426bdf-f41e-4354-a546-45c5cbeb1ab4.__CR0,0,1464,600_PT0_SX1464_V1___.jpg\"><img decoding=\"async\" alt=\"aplus content image\" src=\"https:\/\/m.media-amazon.com\/images\/S\/aplus-media-library-service-media\/3c426bdf-f41e-4354-a546-45c5cbeb1ab4.__CR0,0,1464,600_PT0_SX1464_V1___.jpg\">                                               <\/p>\n<p>                                                                                                                    <img decoding=\"async\" alt=\"Un dron con tecnolog\u00eda para evitar obst\u00e1culos que vuela por un denso bosque. La imagen muestra la capacidad del dron para evadir obst\u00e1culos en 270\u00b0, lo que mejora la seguridad del vuelo y\" src=\"https:\/\/m.media-amazon.com\/images\/S\/aplus-media-library-service-media\/09090b49-3428-49c6-a3ce-9817f7e724a8.__CR0,0,1464,600_PT0_SX1464_V1___.jpg\">                                                    <img decoding=\"async\" alt=\"Dron teledirigido que realiza acrobacias a\u00e9reas. Se muestra un cuadric\u00f3ptero naranja y negro en varias posiciones, que muestra una maniobra de giro de 360 grados sobre un fondo verde borroso\" src=\"https:\/\/m.media-amazon.com\/images\/S\/aplus-media-library-service-media\/11ffc9ae-c1f4-476c-b457-bb665521ca85.__CR0,0,1464,600_PT0_SX1464_V1___.jpg\">                                                    <img decoding=\"async\" alt=\"con c\u00e1mara y controlador. Cuenta con tres modos de velocidad para un uso flexible. La imagen muestra un dron volando sobre la playa, capturando vistas panor\u00e1micas.\" src=\"https:\/\/m.media-amazon.com\/images\/S\/aplus-media-library-service-media\/a250cd67-7e92-4c56-8609-fd0a97456528.__CR0,0,1464,600_PT0_SX1464_V1___.jpg\">                                                    <img decoding=\"async\" alt=\"que vuela en un entorno verde al aire libre. La pantalla superpuesta del tel\u00e9fono inteligente muestra la ruta de vuelo con marcadores azules. El texto describe c\u00f3mo dibujar trayectorias de vuelo personalizadas\" src=\"https:\/\/m.media-amazon.com\/images\/S\/aplus-media-library-service-media\/c43b17e4-4965-49af-a7a3-f576774aa1a7.__CR0,0,1464,600_PT0_SX1464_V1___.jpg\">                                                    <img decoding=\"async\" alt=\"Dron con funci\u00f3n de control de gravedad. Sostenga el controlador con las manos, las flechas indican que el equilibrio del tel\u00e9fono afecta el movimiento del dron. El texto explica que el control de la gravedad ofrece m\u00e1s formas de jugar.\" src=\"https:\/\/m.media-amazon.com\/images\/S\/aplus-media-library-service-media\/6c262642-d502-4550-ad34-601287f6f6ea.__CR0,0,1464,600_PT0_SX1464_V1___.jpg\"><br \/>\n                            1 Evitaci\u00f3n obst\u00e1culos 270\u00b0 <\/p>\n<p>                            2 Vuelta de 360\u00b0 <\/p>\n<p>                            3 3 modos de velocidad <\/p>\n<p>                            4 Trayectoria de vuelo <\/p>\n<p>                            5 Control por gravedad <\/p>\n<p>                                                                                  <img decoding=\"async\" alt=\", que incluyen el control remoto, la carrocer\u00eda naranja del dron, la bater\u00eda, el cargador, la funda de transporte, el manual de instrucciones, las h\u00e9lices y los protectores de las h\u00e9lices. Las listas de texto inclu\u00edan elementos en espa\u00f1ol\" src=\"https:\/\/m.media-amazon.com\/images\/S\/aplus-media-library-service-media\/4b8af2fb-1d58-4c43-9189-158f8fed13ee.__CR0,0,1464,600_PT0_SX1464_V1___.jpg\">       <\/p>\n<p>                                                                                  <img decoding=\"async\" alt=\"naranja y negra con texto de \u00ab15 minutos\u00bb. Las especificaciones muestran un voltaje de 14,8 V y una capacidad de 3250 mAh, lo que ofrece\" src=\"https:\/\/m.media-amazon.com\/images\/S\/aplus-media-library-service-media\/305b317d-4095-484f-be23-d03de6f07538.__CR0,0,1464,600_PT0_SX1464_V1___.jpg\">       <\/p>\n<p> Batteries                                            \u200f                                            :                                            \u200e                                            1 Lithium Polymer batteries required. (included)   <br \/> Product Dimensions                                            \u200f                                            :                                            \u200e                                            22 x 16 x 7 cm; 480 g   <br \/> Date First Available                                            \u200f                                            :                                            \u200e                                            29 May 2025   <br \/> Manufacturer                                            \u200f                                            :                                            \u200e                                            TTROARDS   <br \/> ASIN                                            \u200f                                            :                                            \u200e                                            B0F9YFNQJ3   <br \/> Country of origin                                            \u200f                                            :                                            \u200e                                            China   <br \/>       Best Sellers Rank:  61,519 in Toys &#038; Games (See Top 100 in Toys &#038; Games)    371 in Remote &#038; App-Controlled Drones      <br \/>  Customer reviews:                                                                                            3.7               3.7 out of 5 stars                                  (76)                                              var dpAcrHasRegisteredArcLinkClickAction;                    P.when(&#8216;A&#8217;, &#8216;ready&#8217;).execute(function(A) {                        if (dpAcrHasRegisteredArcLinkClickAction !== true) {                            dpAcrHasRegisteredArcLinkClickAction = true;                            A.declarative(                                &#8216;acrLink-click-metrics&#8217;, &#8216;click&#8217;,                                { \u00aballowLinkDefault\u00bb: true },                                function (event) {                                    if (window.ue) {                                        ue.count(\u00abacrLinkClickCount\u00bb, (ue.count(\u00abacrLinkClickCount\u00bb) || 0) + 1);                                    }                                }                            );                        }                    });                                             P.when(&#8216;A&#8217;, &#8216;cf&#8217;).execute(function(A) {                A.declarative(&#8216;acrStarsLink-click-metrics&#8217;, &#8216;click&#8217;, { \u00aballowLinkDefault\u00bb : true },  function(event){                    if(window.ue) {                        ue.count(\u00abacrStarsLinkWithPopoverClickCount\u00bb, (ue.count(\u00abacrStarsLinkWithPopoverClickCount\u00bb) || 0) + 1);                    }                });            });                          <\/p>\n<p>\u30101080P Camera with 90\u00b0 Electric Adjustment\u3011The adult drone equipped with a 1080P HD camera with 90\u00b0 motorized adjustment captures aerial images. Easily take photos and record videos from different angles to meet different shooting needs. Ideal for recording scenery, sports and family moments.<br \/>\u3010270\u00b0 Obstacle Avoidance Function &#038; Propeller Protector\u3011The mini drone is equipped with an advanced 270\u00b0 obstacle detection sensor, along with a propeller guard to ensure stable flight of the drone and greatly reduce the probability of damage to the drone in case of impact, suitable for beginners.<br \/>Powerful Brushless Motors &#8211; The drone for beginners is equipped with powerful brushless motors for a more stable and quiet flying experience. Brushless motors can reach a maximum speed of 10,000 rpm, making them more durable and giving them a longer service life, reducing maintenance costs.<br \/>Optical flow positioning: Improved stability thanks to optical flow positioning for accurate indoor and outdoor hover flight. It can also be used as a second camera to allow different shooting angles. You can capture unique perspectives and stunning images from above, boosting your creativity in photography.<br \/>UV PRINTED CUSTOM DESIGNS &#8211; The new and first UV printed design for the camera drone body differs from other traditional printing ways in that it is richer in color and more detailed. It is also less prone to fading and scratching, which increases the durability of the drone.<br \/>\u3010Multifunctional Drone\u3011The RC drone is equipped with 3D flip, gesture control, trajectory flight, etc., which provides more excitement and fun when flying. With one button for takeoff\/landing, altitude hold, and headless mode, the drone is easier to control and maneuver, which opens up endless possibilities.<\/p>\n\n","protected":false},"excerpt":{"rendered":"<p> Product Description 1 Evitaci\u00f3n obst\u00e1culos 270\u00b0 2 Vuelta de 360\u00b0 3 3 modos de velocidad<\/p>","protected":false},"featured_media":35798,"comment_status":"open","ping_status":"closed","template":"","meta":[],"product_brand":[],"product_cat":[98],"product_tag":[9881,2845,4112,3994,2854,2852,2855,10196,2853,2842,2844,2848,2846,2850,2838,3038,2849,10198,10201,2839,2840,2843,10204,215,2851,10205,10199,5116,3954,9577,5791,10200,10202,10203,2841,2847,10197],"class_list":{"0":"post-35797","1":"product","2":"type-product","3":"status-publish","4":"has-post-thumbnail","6":"product_cat-drones","7":"product_tag-adultos","8":"product_tag-beginner-drone","9":"product_tag-camara","10":"product_tag-con","11":"product_tag-dji-drone","12":"product_tag-dji-mavic","13":"product_tag-dji-mini-2","14":"product_tag-dron","15":"product_tag-drone","16":"product_tag-drone-accessories","17":"product_tag-drone-battery","18":"product_tag-drone-gimbal","19":"product_tag-drone-propellers","20":"product_tag-drone-spare-parts","21":"product_tag-drone-with-camera","22":"product_tag-drones","23":"product_tag-drones-under-200","24":"product_tag-evitacion","25":"product_tag-flujo","26":"product_tag-foldable-drone","27":"product_tag-fpv-drone","28":"product_tag-hd-drone","29":"product_tag-helices","30":"product_tag-mini","31":"product_tag-mini-drone","32":"product_tag-naranja","33":"product_tag-obstaculos","34":"product_tag-optico","35":"product_tag-para","36":"product_tag-plegable","37":"product_tag-por","38":"product_tag-posicionamiento","39":"product_tag-principiantes","40":"product_tag-protectores","41":"product_tag-quadcopter","42":"product_tag-remote-control-drone","43":"product_tag-tt19","45":"first","46":"instock","47":"shipping-taxable","48":"product-type-external"},"_links":{"self":[{"href":"https:\/\/comprasyconsejos.store\/en\/wp-json\/wp\/v2\/product\/35797","targetHints":{"allow":["GET"]}}],"collection":[{"href":"https:\/\/comprasyconsejos.store\/en\/wp-json\/wp\/v2\/product"}],"about":[{"href":"https:\/\/comprasyconsejos.store\/en\/wp-json\/wp\/v2\/types\/product"}],"replies":[{"embeddable":true,"href":"https:\/\/comprasyconsejos.store\/en\/wp-json\/wp\/v2\/comments?post=35797"}],"version-history":[{"count":0,"href":"https:\/\/comprasyconsejos.store\/en\/wp-json\/wp\/v2\/product\/35797\/revisions"}],"wp:featuredmedia":[{"embeddable":true,"href":"https:\/\/comprasyconsejos.store\/en\/wp-json\/wp\/v2\/media\/35798"}],"wp:attachment":[{"href":"https:\/\/comprasyconsejos.store\/en\/wp-json\/wp\/v2\/media?parent=35797"}],"wp:term":[{"taxonomy":"product_brand","embeddable":true,"href":"https:\/\/comprasyconsejos.store\/en\/wp-json\/wp\/v2\/product_brand?post=35797"},{"taxonomy":"product_cat","embeddable":true,"href":"https:\/\/comprasyconsejos.store\/en\/wp-json\/wp\/v2\/product_cat?post=35797"},{"taxonomy":"product_tag","embeddable":true,"href":"https:\/\/comprasyconsejos.store\/en\/wp-json\/wp\/v2\/product_tag?post=35797"}],"curies":[{"name":"wp","href":"https:\/\/api.w.org\/{rel}","templated":true}]}}