{"id":35803,"date":"2026-02-27T01:38:46","date_gmt":"2026-02-27T01:38:46","guid":{"rendered":"https:\/\/comprasyconsejos.store\/product\/xvz-bluetooth-dongle-usb-wifi-600mbps-dual-band-2-4g-5g-wireless-adapter-wi-fi-network-card-for-laptop-windows-10-8-8-1-7\/"},"modified":"2026-02-27T01:38:47","modified_gmt":"2026-02-27T01:38:47","slug":"xvz-bluetooth-dongle-usb-wifi-600mbps-dual-band-2-4g-5g-wireless-adapter-wi-fi-network-card-for-laptop-windows-10-8-8-1-7","status":"publish","type":"product","link":"https:\/\/comprasyconsejos.store\/en\/product\/xvz-bluetooth-dongle-usb-wifi-600mbps-dual-band-2-4g-5g-wireless-adapter-wi-fi-network-card-for-laptop-windows-10-8-8-1-7\/","title":{"rendered":"XVZ Bluetooth Dongle USB WiFi, 600Mbps Dual Band 2.4G\/5G Wireless Adapter Wi-Fi Network Card for Laptop Windows 10\/8\/8.1\/7"},"content":{"rendered":"<p>Price: <span style=\"color:#b12704\">\u20ac11.99<\/span><br \/><i><small>(as of Feb 27, 2026 01:38:46 UTC &#8211; <span class=\"wp_automatic_amazon_disclaimer\" title=\"Product prices and availability are accurate as of the date\/time indicated and are subject to change. Any price and availability information displayed on [relevant Amazon Site(s), as applicable] at the time of purchase will apply to the purchase of this product.\">Details<\/span>)<\/small><\/i><\/p>\n<p><a href=\"https:\/\/amazon.es\/dp\/B08519LNX5?tag=man008-21\"><img decoding=\"async\" src=\"https:\/\/valvepress.s3.amazonaws.com\/imgs\/buy_now.png\"><\/a><br \/>\n<\/p>\n<p>                                             Product Description   <\/p>\n<p>                                                  <img decoding=\"async\" alt=\"600BT01\" src=\"https:\/\/images-na.ssl-images-amazon.com\/images\/G\/01\/x-locale\/common\/grey-pixel.gif\" class=\"a-lazy-loaded\" data-src=\"https:\/\/m.media-amazon.com\/images\/S\/aplus-media\/sc\/7742f6e3-0934-4bfc-bb6b-0c5342ab73b9.__CR56,0,1300,402_PT0_SX970_V1___.jpg\"><img decoding=\"async\" alt=\"600BT01\" src=\"https:\/\/m.media-amazon.com\/images\/S\/aplus-media\/sc\/7742f6e3-0934-4bfc-bb6b-0c5342ab73b9.__CR56,0,1300,402_PT0_SX970_V1___.jpg\">  <\/p>\n<p>                                                  <img decoding=\"async\" alt=\"USB Wifi01\" src=\"https:\/\/images-na.ssl-images-amazon.com\/images\/G\/01\/x-locale\/common\/grey-pixel.gif\" class=\"a-lazy-loaded\" data-src=\"https:\/\/m.media-amazon.com\/images\/S\/aplus-media\/sc\/b4579bc3-732b-458a-9b3e-1fcb1a0f8b0f.__CR234,0,933,933_PT0_SX300_V1___.jpg\"><img decoding=\"async\" alt=\"USB Wifi01\" src=\"https:\/\/m.media-amazon.com\/images\/S\/aplus-media\/sc\/b4579bc3-732b-458a-9b3e-1fcb1a0f8b0f.__CR234,0,933,933_PT0_SX300_V1___.jpg\">  <\/p>\n<h3 class=\"a-spacing-mini\"> Internet de alta velocidad.  <\/h3>\n<p> 433 Mbps en 5 GHz es ideal para transmisi\u00f3n de v\u00eddeo HD y juegos en l\u00ednea sin retrasos, puede ofrecerte una latencia extremadamente baja y una calidad de v\u00eddeo extremadamente alta. <\/p>\n<p>                                                  <img decoding=\"async\" alt=\"USB Wifi02\" src=\"https:\/\/images-na.ssl-images-amazon.com\/images\/G\/01\/x-locale\/common\/grey-pixel.gif\" class=\"a-spacing-mini a-lazy-loaded\" data-src=\"https:\/\/m.media-amazon.com\/images\/S\/aplus-media\/sc\/524d81ca-3394-4dc3-81aa-7c435110f5b8.__CR161,0,933,933_PT0_SX300_V1___.jpg\"><img decoding=\"async\" alt=\"USB Wifi02\" src=\"https:\/\/m.media-amazon.com\/images\/S\/aplus-media\/sc\/524d81ca-3394-4dc3-81aa-7c435110f5b8.__CR161,0,933,933_PT0_SX300_V1___.jpg\">  <\/p>\n<h3 class=\"a-spacing-mini\"> Mejores conexiones <\/h3>\n<p> El adaptador USB Wi-Fi recibe se\u00f1ales Wi-Fi en dos bandas separadas. Mientras que 150Mbps en 2.4GHz es perfecto para uso normal como navegar por Internet con dispositivos heredados. La red ser\u00e1 muy estable en estas bandas. <\/p>\n<p>                                                  <img decoding=\"async\" alt=\"600BT02\" src=\"https:\/\/images-na.ssl-images-amazon.com\/images\/G\/01\/x-locale\/common\/grey-pixel.gif\" class=\"a-lazy-loaded\" data-src=\"https:\/\/m.media-amazon.com\/images\/S\/aplus-media\/sc\/e7887d84-b7c9-4484-9adc-e7eb02f36107.__CR0,70,1400,433_PT0_SX970_V1___.jpg\"><img decoding=\"async\" alt=\"600BT02\" src=\"https:\/\/m.media-amazon.com\/images\/S\/aplus-media\/sc\/e7887d84-b7c9-4484-9adc-e7eb02f36107.__CR0,70,1400,433_PT0_SX970_V1___.jpg\">  <\/p>\n<p>                                                  <img decoding=\"async\" alt=\"600BT03\" src=\"https:\/\/images-na.ssl-images-amazon.com\/images\/G\/01\/x-locale\/common\/grey-pixel.gif\" class=\"a-lazy-loaded\" data-src=\"https:\/\/m.media-amazon.com\/images\/S\/aplus-media\/sc\/f4ce9904-df84-43b0-ad81-c913e6ae0abd.__CR0,7,2500,773_PT0_SX970_V1___.jpg\"><img decoding=\"async\" alt=\"600BT03\" src=\"https:\/\/m.media-amazon.com\/images\/S\/aplus-media\/sc\/f4ce9904-df84-43b0-ad81-c913e6ae0abd.__CR0,7,2500,773_PT0_SX970_V1___.jpg\">  <\/p>\n<p>                                                  <img decoding=\"async\" alt=\"USB WiFi 06\" src=\"https:\/\/images-na.ssl-images-amazon.com\/images\/G\/01\/x-locale\/common\/grey-pixel.gif\" class=\"a-lazy-loaded\" data-src=\"https:\/\/m.media-amazon.com\/images\/S\/aplus-media\/sc\/cf633cb8-dfa0-4c14-9974-2db7399590db.__CR0,74,2000,619_PT0_SX970_V1___.jpg\"><img decoding=\"async\" alt=\"USB WiFi 06\" src=\"https:\/\/m.media-amazon.com\/images\/S\/aplus-media\/sc\/cf633cb8-dfa0-4c14-9974-2db7399590db.__CR0,74,2000,619_PT0_SX970_V1___.jpg\">  <\/p>\n<p>                         Add To Basket  <\/p>\n<p>                         Add To Basket  <\/p>\n<p>                             Customer Reviews  <\/p>\n<p>                    4.1 out of 5 stars  124  <\/p>\n<p>                    3.4 out of 5 stars  56  <\/p>\n<p>                    4.1 out of 5 stars  986  <\/p>\n<p>                    4.1 out of 5 stars  823  <\/p>\n<p>                    3.8 out of 5 stars  46  <\/p>\n<p>                             Price  <\/p>\n<p>                                            \u2014 no data<\/p>\n<p>                                            \u2014 no data<br \/>\n                                                       \u20ac11.99\u20ac11.99                  \u20ac10.39\u20ac10.39<br \/>\n                                            \u2014 no data<\/p>\n<p>                             Est\u00e1ndar inal\u00e1mbrico.<br \/>\n                                802.11AC               802.11AC               802.11AC               802.11N               802.11N           <\/p>\n<p>                             Tipo USB.<br \/>\n                                USB 3.0.               USB 3.0.               USB 2.0.               USB 2.0.               USB 2.0.           <\/p>\n<p>                             Bluetooth.<br \/>\n                                Na.               Na.<br \/>\n                                              \u2713<br \/>\n                                                        Na.               Na.           <\/p>\n<p>                             Velocidades de conexi\u00f3n:<br \/>\n                                2,4 GHz (600 Mbps) 5 GHz (1300 Mbps).               2,4 GHz (400 Mbps) 5 GHz (800 Mbps).               2,4 GHz (150 Mbps) 5 GHz (433 Mbps).               2,4 GHz (150 Mbps) 5 GHz (433 Mbps).               2,4 GHz (300 Mbps).           <\/p>\n<p>                             Compatibilidad con Windows.<br \/>\n                                Win 10\/8.1\/8\/7\/XP.               Win 10\/8.1\/8\/7\/XP.               Win 10\/8.1\/8\/7\/XP.               Win 10\/8.1\/8\/7\/XP.               Win 10\/8.1\/8\/7\/XP.           <\/p>\n<p>                             Compatibilidad con Mac.<br \/>\n                                Na.               Na.               Na.               Mac OS X 10.9-10.14.               Mac OS X 10.9-10.14.           <\/p>\n<p>                             Compatibilidad con Linux.<br \/>\n                                Na.               Na.               Na.               Kernal 2.6.18-4.4.3               Kernal 2.6.18-4.4.3           <\/p>\n<p> Product Dimensions                                            \u200f                                            :                                            \u200e                                            3 x 2 x 1.3 cm; 20 g   <br \/> Manufacturer                                            \u200f                                            :                                            \u200e                                            XVZ   <br \/> ASIN                                            \u200f                                            :                                            \u200e                                            B08519LNX5   <br \/> Item model number                                            \u200f                                            :                                            \u200e                                            BU_600A01   <br \/> Country\/Region of Origin                                            \u200f                                            :                                            \u200e                                            China   <br \/> Guaranteed software updates until                                            \u200f                                            :                                            \u200e                                            unknown   <br \/>  Customer reviews:                                                                                            4.1               4.1 out of 5 stars                                  (986)                                              var dpAcrHasRegisteredArcLinkClickAction;                    P.when(&#8216;A&#8217;, &#8216;ready&#8217;).execute(function(A) {                        if (dpAcrHasRegisteredArcLinkClickAction !== true) {                            dpAcrHasRegisteredArcLinkClickAction = true;                            A.declarative(                                &#8216;acrLink-click-metrics&#8217;, &#8216;click&#8217;,                                { \u00aballowLinkDefault\u00bb: true },                                function (event) {                                    if (window.ue) {                                        ue.count(\u00abacrLinkClickCount\u00bb, (ue.count(\u00abacrLinkClickCount\u00bb) || 0) + 1);                                    }                                }                            );                        }                    });                                             P.when(&#8216;A&#8217;, &#8216;cf&#8217;).execute(function(A) {                A.declarative(&#8216;acrStarsLink-click-metrics&#8217;, &#8216;click&#8217;, { \u00aballowLinkDefault\u00bb : true },  function(event){                    if(window.ue) {                        ue.count(\u00abacrStarsLinkWithPopoverClickCount\u00bb, (ue.count(\u00abacrStarsLinkWithPopoverClickCount\u00bb) || 0) + 1);                    }                });            });                          <\/p>\n<p>WIFI &#038; BLUETOOTH 2 IN 1 &#8211; Dual antennas to get a strong WIFI:Works with Windows 7\/8\/8.1\/10\/XP, just plug and play. Vista\/Mac OS need to install the driver, install the driver via a mini CD (included). Bluetooth: Only for Windows 7\/8\/8.1\/10, not compatible with Vista\/XP\/Mac OS. (The blue LED light will flash when working) (\ud83d\udc49Download the latest driver link from https:\/\/xvz.oss-us-west-1.aliyuncs.com\/driveDownloads\/XVZ_BW_001.zip or contact us.)<br \/>Ultra High Speed The USB Wi-Fi adapter is built with 802.11ac Wi-Fi technology for faster speed and dual band, which reduces interference and ensures no unexpected dropped calls or signal loss. Max speed up to 433Mbps on 5GHz or 150Mbps on 2.4GHz, perfect for movies, HD video streaming, online gaming and video chat.<br \/>Support Any WiFi Router &#038; AP Mode &#8211; This AC600 USB Wi-Fi adapter can be used to upgrade your PC, laptop or Mac, working with the latest AC Wi-Fi router for faster speed and extended range. With soft AP mode, it can also turn a wired internet connection into a Wi-Fi hotspot, providing Wi-Fi signal to your mobile devices. In addition, the built-in antenna design makes the Wi-Fi signal more stable and much stronger.<br \/>Wide Compatibility This dual-band wireless USB adapter is compatible with Windows 10\/8\/7.<br \/>WIFI MINI DONGLE DESIGN &#8211; Super mini size, you can store it on your laptop or PC and no need to remove it.<\/p>\n\n","protected":false},"excerpt":{"rendered":"<p> Product Description Internet de alta velocidad. 433 Mbps en 5 GHz es ideal para transmisi\u00f3n<\/p>","protected":false},"featured_media":35804,"comment_status":"open","ping_status":"closed","template":"","meta":[],"product_brand":[],"product_cat":[72],"product_tag":[2870,2430,144,2217,726,1420,2127,298,2110,2116,159,2114,2118,1719,2112,133,2108,543,2104,2120,2102,537,226,2106,10208],"class_list":{"0":"post-35803","1":"product","2":"type-product","3":"status-publish","4":"has-post-thumbnail","6":"product_cat-wifi-sticks","7":"product_tag-2-4g5g","8":"product_tag-600mbps","9":"product_tag-adapter","10":"product_tag-band","11":"product_tag-bluetooth","12":"product_tag-card","13":"product_tag-dongle","14":"product_tag-dual","15":"product_tag-dual-band-wifi-adapter","16":"product_tag-high-speed-wifi-usb","17":"product_tag-laptop","18":"product_tag-laptop-wifi-adapter","19":"product_tag-mini-wifi-adapter","20":"product_tag-network","21":"product_tag-pc-wifi-adapter","22":"product_tag-usb","23":"product_tag-usb-wifi-dongle","24":"product_tag-wifi","25":"product_tag-wifi-stick","26":"product_tag-wifi-stick-price","27":"product_tag-wifi-usb-adapter","28":"product_tag-windows","29":"product_tag-wireless","30":"product_tag-wireless-usb-adapter","31":"product_tag-xvz","33":"first","34":"instock","35":"shipping-taxable","36":"product-type-external"},"_links":{"self":[{"href":"https:\/\/comprasyconsejos.store\/en\/wp-json\/wp\/v2\/product\/35803","targetHints":{"allow":["GET"]}}],"collection":[{"href":"https:\/\/comprasyconsejos.store\/en\/wp-json\/wp\/v2\/product"}],"about":[{"href":"https:\/\/comprasyconsejos.store\/en\/wp-json\/wp\/v2\/types\/product"}],"replies":[{"embeddable":true,"href":"https:\/\/comprasyconsejos.store\/en\/wp-json\/wp\/v2\/comments?post=35803"}],"version-history":[{"count":0,"href":"https:\/\/comprasyconsejos.store\/en\/wp-json\/wp\/v2\/product\/35803\/revisions"}],"wp:featuredmedia":[{"embeddable":true,"href":"https:\/\/comprasyconsejos.store\/en\/wp-json\/wp\/v2\/media\/35804"}],"wp:attachment":[{"href":"https:\/\/comprasyconsejos.store\/en\/wp-json\/wp\/v2\/media?parent=35803"}],"wp:term":[{"taxonomy":"product_brand","embeddable":true,"href":"https:\/\/comprasyconsejos.store\/en\/wp-json\/wp\/v2\/product_brand?post=35803"},{"taxonomy":"product_cat","embeddable":true,"href":"https:\/\/comprasyconsejos.store\/en\/wp-json\/wp\/v2\/product_cat?post=35803"},{"taxonomy":"product_tag","embeddable":true,"href":"https:\/\/comprasyconsejos.store\/en\/wp-json\/wp\/v2\/product_tag?post=35803"}],"curies":[{"name":"wp","href":"https:\/\/api.w.org\/{rel}","templated":true}]}}