{"id":35806,"date":"2026-02-27T01:41:28","date_gmt":"2026-02-27T01:41:28","guid":{"rendered":"https:\/\/comprasyconsejos.store\/product\/tp-link-ac750-nano-portable-wifi-router-2-4-5ghz-1-lan-wan-port-1-usb-2-0-port-support-3g-4g-usb-modem-operating-modes-router-repeater-client-ap-and-wisp\/"},"modified":"2026-02-27T01:41:28","modified_gmt":"2026-02-27T01:41:28","slug":"tp-link-ac750-nano-portable-wifi-router-2-4-5ghz-1-lan-wan-port-1-usb-2-0-port-support-3g-4g-usb-modem-operating-modes-router-repeater-client-ap-and-wisp","status":"publish","type":"product","link":"https:\/\/comprasyconsejos.store\/en\/product\/tp-link-ac750-nano-portable-wifi-router-2-4-5ghz-1-lan-wan-port-1-usb-2-0-port-support-3g-4g-usb-modem-operating-modes-router-repeater-client-ap-and-wisp\/","title":{"rendered":"TP-Link AC750 Nano Portable WiFi Router, 2.4\/5GHz, 1 LAN\/WAN Port, 1 USB 2.0 Port, Support 3G \/4G USB Modem, Operating Modes: Router, Repeater, Client, AP and WISP"},"content":{"rendered":"<p>Price: <span style=\"color:#b12704\">\u20ac33.78<\/span><br \/><i><small>(as of Feb 27, 2026 01:41:28 UTC &#8211; <span class=\"wp_automatic_amazon_disclaimer\" title=\"Product prices and availability are accurate as of the date\/time indicated and are subject to change. Any price and availability information displayed on [relevant Amazon Site(s), as applicable] at the time of purchase will apply to the purchase of this product.\">Details<\/span>)<\/small><\/i><\/p>\n<p><a href=\"https:\/\/amazon.es\/dp\/B01MY5JIJ0?tag=man008-21\"><img decoding=\"async\" src=\"https:\/\/valvepress.s3.amazonaws.com\/imgs\/buy_now.png\"><\/a><br \/>\n<\/p>\n<p>                                             From the manufacturer   <\/p>\n<p>                                                  <img decoding=\"async\" alt=\" \" src=\"https:\/\/images-na.ssl-images-amazon.com\/images\/G\/01\/x-locale\/common\/grey-pixel.gif\" class=\"a-lazy-loaded\" data-src=\"https:\/\/m.media-amazon.com\/images\/S\/aplus-media\/vc\/f791d638-80e6-4634-9141-ad3ba9441d07._CR6,0,1083,335_PT0_SX970__.jpg\"><img decoding=\"async\" alt=\" \" src=\"https:\/\/m.media-amazon.com\/images\/S\/aplus-media\/vc\/f791d638-80e6-4634-9141-ad3ba9441d07._CR6,0,1083,335_PT0_SX970__.jpg\">  <\/p>\n<h3 class=\"a-spacing-small\">   <\/h3>\n<p class=\"apm-text-center\">\n                                                      <img decoding=\"async\" alt=\" \" src=\"https:\/\/images-na.ssl-images-amazon.com\/images\/G\/01\/x-locale\/common\/grey-pixel.gif\" class=\"a-spacing-mini a-lazy-loaded\" data-src=\"https:\/\/m.media-amazon.com\/images\/S\/aplus-media\/vc\/76380150-cf52-47ea-a6b5-28e1eb0569e1._CR0,0,1000,1000_PT0_SX300__.jpg\"><img decoding=\"async\" alt=\" \" src=\"https:\/\/m.media-amazon.com\/images\/S\/aplus-media\/vc\/76380150-cf52-47ea-a6b5-28e1eb0569e1._CR0,0,1000,1000_PT0_SX300__.jpg\">  <\/p>\n<p>                                                    Port\u00e1til y Compacto                                       <\/p>\n<p> Con un dise\u00f1o compacto y un tama\u00f1o para viaje, el TL-WR902AC es lo suficientemente peque\u00f1o para llevarlo en el bolsillo y asegurarte de que puedes tener acceso a Internet donde quieras que vayas. La fuente de alimentaci\u00f3n mini USB y el adaptador\u00a0incorporado lo hace perfecto para\u00a0viajeros,\u00a0estudiantes, y cualquier persona que vive la vida sobre la marcha. <\/p>\n<p class=\"apm-text-center\">\n                                                      <img decoding=\"async\" alt=\" \" src=\"https:\/\/images-na.ssl-images-amazon.com\/images\/G\/01\/x-locale\/common\/grey-pixel.gif\" class=\"a-spacing-mini a-lazy-loaded\" data-src=\"https:\/\/m.media-amazon.com\/images\/S\/aplus-media\/vc\/0075565a-c6b7-4ee7-9484-a8b4448e921d._CR0,0,1000,1000_PT0_SX300__.jpg\"><img decoding=\"async\" alt=\" \" src=\"https:\/\/m.media-amazon.com\/images\/S\/aplus-media\/vc\/0075565a-c6b7-4ee7-9484-a8b4448e921d._CR0,0,1000,1000_PT0_SX300__.jpg\">  <\/p>\n<p>                                                    Excelente Velocidad Inal\u00e1mbrica con Wi-Fi 11AC                                       <\/p>\n<p> Viene con el est\u00e1ndar Wi-Fi de nueva generaci\u00f3n, con velocidad 3 veces superior al est\u00e1ndar N, el TL-WR902AC ofrece una velocidad combinada de transferencia de datos inal\u00e1mbrica de hasta 733Mbps, lo que lo convierte en una opci\u00f3n ideal para varias aplicaciones simult\u00e1neas. <\/p>\n<p class=\"apm-text-center\">\n                                                      <img decoding=\"async\" alt=\" \" src=\"https:\/\/images-na.ssl-images-amazon.com\/images\/G\/01\/x-locale\/common\/grey-pixel.gif\" class=\"a-spacing-mini a-lazy-loaded\" data-src=\"https:\/\/m.media-amazon.com\/images\/S\/aplus-media\/vc\/1ff63430-7816-4c98-b4f9-742d699dd3ce._CR0,0,1000,1000_PT0_SX300__.jpg\"><img decoding=\"async\" alt=\" \" src=\"https:\/\/m.media-amazon.com\/images\/S\/aplus-media\/vc\/1ff63430-7816-4c98-b4f9-742d699dd3ce._CR0,0,1000,1000_PT0_SX300__.jpg\">  <\/p>\n<p>                                                    Puerto USB Multifuncional para Compartir Archivos y Cargar                                       <\/p>\n<p> Un puerto USB multifuncional que\u00a0permite compartir archivos y medios a trav\u00e9s de un navegador de Internet con diferentes ordenadores. Adem\u00e1s, el puerto USB puede proporcionar alimentaci\u00f3n (hasta 5V\/2A) a dispositivos m\u00f3viles como tel\u00e9fonos inteligentes o tabletas, lo que facilita su carga en cualquier lugar. <\/p>\n<p>                                                  <img decoding=\"async\" alt=\" \" src=\"https:\/\/images-na.ssl-images-amazon.com\/images\/G\/01\/x-locale\/common\/grey-pixel.gif\" class=\"a-lazy-loaded\" data-src=\"https:\/\/m.media-amazon.com\/images\/S\/aplus-media\/vc\/45bee190-ecd3-4762-b722-1a9e22a70bee._CR6,0,1083,335_PT0_SX970__.jpg\"><img decoding=\"async\" alt=\" \" src=\"https:\/\/m.media-amazon.com\/images\/S\/aplus-media\/vc\/45bee190-ecd3-4762-b722-1a9e22a70bee._CR6,0,1083,335_PT0_SX970__.jpg\">  <\/p>\n<h3 class=\"a-spacing-small\">   <\/h3>\n<p class=\"apm-text-center\">\n                                                      <img decoding=\"async\" alt=\" \" src=\"https:\/\/images-na.ssl-images-amazon.com\/images\/G\/01\/x-locale\/common\/grey-pixel.gif\" class=\"a-spacing-mini a-lazy-loaded\" data-src=\"https:\/\/m.media-amazon.com\/images\/S\/aplus-media\/vc\/8ba8c085-aa95-44ca-90a1-cafcbb2c9c66._CR0,0,1000,1000_PT0_SX300__.jpg\"><img decoding=\"async\" alt=\" \" src=\"https:\/\/m.media-amazon.com\/images\/S\/aplus-media\/vc\/8ba8c085-aa95-44ca-90a1-cafcbb2c9c66._CR0,0,1000,1000_PT0_SX300__.jpg\">  <\/p>\n<p>                                                    Modo Extensor de Cobertura                                       <\/p>\n<p> Extienda su red Wi-Fi existente para maximizar la cobertura y eliminar las zonas muertas. <\/p>\n<p class=\"apm-text-center\">\n                                                      <img decoding=\"async\" alt=\" \" src=\"https:\/\/images-na.ssl-images-amazon.com\/images\/G\/01\/x-locale\/common\/grey-pixel.gif\" class=\"a-spacing-mini a-lazy-loaded\" data-src=\"https:\/\/m.media-amazon.com\/images\/S\/aplus-media\/vc\/0edf6161-ba30-4f50-9e98-2aeb56b393c7._CR0,0,1000,1000_PT0_SX300__.jpg\"><img decoding=\"async\" alt=\" \" src=\"https:\/\/m.media-amazon.com\/images\/S\/aplus-media\/vc\/0edf6161-ba30-4f50-9e98-2aeb56b393c7._CR0,0,1000,1000_PT0_SX300__.jpg\">  <\/p>\n<p>                                                    Modo Cliente                                       <\/p>\n<p> Permite conectar dispositivos que requieren una conexi\u00f3n cableada para acceder\u00a0a una red Wi-Fi existente. <\/p>\n<p class=\"apm-text-center\">\n                                                      <img decoding=\"async\" alt=\" \" src=\"https:\/\/images-na.ssl-images-amazon.com\/images\/G\/01\/x-locale\/common\/grey-pixel.gif\" class=\"a-spacing-mini a-lazy-loaded\" data-src=\"https:\/\/m.media-amazon.com\/images\/S\/aplus-media\/vc\/7039ade5-8931-476b-9b0f-0f1636156144._CR0,0,1000,1000_PT0_SX300__.jpg\"><img decoding=\"async\" alt=\" \" src=\"https:\/\/m.media-amazon.com\/images\/S\/aplus-media\/vc\/7039ade5-8931-476b-9b0f-0f1636156144._CR0,0,1000,1000_PT0_SX300__.jpg\">  <\/p>\n<p>                                                    Modo Punto de Acceso                                       <\/p>\n<p> Crea una red inal\u00e1mbrica para proporcionar conexi\u00f3n a sus dispositivos Wi-Fi. <\/p>\n<p> Batteries                                            \u200f                                            :                                            \u200e                                            1 Lithium Ion batteries required.   <br \/> Is discontinued by manufacturer                                            \u200f                                            :                                            \u200e                                            No   <br \/> Language                                            \u200f                                            :                                            \u200e                                            English, English, English   <br \/> Product Dimensions                                            \u200f                                            :                                            \u200e                                            7.39 x 6.71 x 2.21 cm; 59.53 g   <br \/> Manufacturer                                            \u200f                                            :                                            \u200e                                            TP-LINK   <br \/> ASIN                                            \u200f                                            :                                            \u200e                                            B01MY5JIJ0   <br \/> Item model number                                            \u200f                                            :                                            \u200e                                            TL-WR902AC   <br \/> Country of origin                                            \u200f                                            :                                            \u200e                                            China   <br \/> Guaranteed software updates until                                            \u200f                                            :                                            \u200e                                            unknown   <br \/>  Customer reviews:                                                                                            4.0               4.0 out of 5 stars                                  (13,242)                                              var dpAcrHasRegisteredArcLinkClickAction;                    P.when(&#8216;A&#8217;, &#8216;ready&#8217;).execute(function(A) {                        if (dpAcrHasRegisteredArcLinkClickAction !== true) {                            dpAcrHasRegisteredArcLinkClickAction = true;                            A.declarative(                                &#8216;acrLink-click-metrics&#8217;, &#8216;click&#8217;,                                { \u00aballowLinkDefault\u00bb: true },                                function (event) {                                    if (window.ue) {                                        ue.count(\u00abacrLinkClickCount\u00bb, (ue.count(\u00abacrLinkClickCount\u00bb) || 0) + 1);                                    }                                }                            );                        }                    });                                             P.when(&#8216;A&#8217;, &#8216;cf&#8217;).execute(function(A) {                A.declarative(&#8216;acrStarsLink-click-metrics&#8217;, &#8216;click&#8217;, { \u00aballowLinkDefault\u00bb : true },  function(event){                    if(window.ue) {                        ue.count(\u00abacrStarsLinkWithPopoverClickCount\u00bb, (ue.count(\u00abacrStarsLinkWithPopoverClickCount\u00bb) || 0) + 1);                    }                });            });                          <\/p>\n<p>TRAVEL SIZE DESIGN &#8211; Conveniently small and lightweight to pack and take on the road, creating a wi-fi network via ethernet, usb modem 3g \/ 4g or wisp<br \/>Dual-band AC750 Wi-Fi &#8211; Strong and fast connection up to 750 mbps for HD streaming on all your devices<br \/>Multiple modes &#8211; one switch for multiple modes, optimal for wi-fi at home, in your hotel room or on the road<br \/>Multifunctional USB port &#8211; versatile USB, for sharing files or accessing the internet from a 3g \/ 4g USB modem<br \/>Wireless Standards &#8211; ieee 802.11ac \/ n \/ a 5ghz, ieee 802.11b \/ g \/ n 2.4ghz; frequency: 2.4ghz and 5ghz<\/p>\n\n","protected":false},"excerpt":{"rendered":"<p> From the manufacturer Port\u00e1til y Compacto Con un dise\u00f1o compacto y un tama\u00f1o para viaje,<\/p>","protected":false},"featured_media":35807,"comment_status":"open","ping_status":"closed","template":"","meta":[],"product_brand":[],"product_cat":[71],"product_tag":[2444,2080,10209,2084,10115,2078,2079,2081,2083,6236,2082,2877,1083,1205,4444,153,290,4889,2088,2085,1098,2447,133,543,2076,2077,6350],"class_list":{"0":"post-35806","1":"product","2":"type-product","3":"status-publish","4":"has-post-thumbnail","6":"product_cat-wifi-routers","7":"product_tag-2-45ghz","8":"product_tag-5ghz-router","9":"product_tag-ac750","10":"product_tag-best-wifi-router","11":"product_tag-client","12":"product_tag-dual-band-router","13":"product_tag-gaming-wifi-router","14":"product_tag-high-speed-router","15":"product_tag-home-wifi-router","16":"product_tag-lanwan","17":"product_tag-mesh-wifi-router","18":"product_tag-modem","19":"product_tag-modes","20":"product_tag-nano","21":"product_tag-operating","22":"product_tag-port","23":"product_tag-portable","24":"product_tag-repeater","25":"product_tag-router","26":"product_tag-router-price","27":"product_tag-support","28":"product_tag-tplink","29":"product_tag-usb","30":"product_tag-wifi","31":"product_tag-wifi-router","32":"product_tag-wireless-router","33":"product_tag-wisp","35":"first","36":"instock","37":"shipping-taxable","38":"product-type-external"},"_links":{"self":[{"href":"https:\/\/comprasyconsejos.store\/en\/wp-json\/wp\/v2\/product\/35806","targetHints":{"allow":["GET"]}}],"collection":[{"href":"https:\/\/comprasyconsejos.store\/en\/wp-json\/wp\/v2\/product"}],"about":[{"href":"https:\/\/comprasyconsejos.store\/en\/wp-json\/wp\/v2\/types\/product"}],"replies":[{"embeddable":true,"href":"https:\/\/comprasyconsejos.store\/en\/wp-json\/wp\/v2\/comments?post=35806"}],"version-history":[{"count":0,"href":"https:\/\/comprasyconsejos.store\/en\/wp-json\/wp\/v2\/product\/35806\/revisions"}],"wp:featuredmedia":[{"embeddable":true,"href":"https:\/\/comprasyconsejos.store\/en\/wp-json\/wp\/v2\/media\/35807"}],"wp:attachment":[{"href":"https:\/\/comprasyconsejos.store\/en\/wp-json\/wp\/v2\/media?parent=35806"}],"wp:term":[{"taxonomy":"product_brand","embeddable":true,"href":"https:\/\/comprasyconsejos.store\/en\/wp-json\/wp\/v2\/product_brand?post=35806"},{"taxonomy":"product_cat","embeddable":true,"href":"https:\/\/comprasyconsejos.store\/en\/wp-json\/wp\/v2\/product_cat?post=35806"},{"taxonomy":"product_tag","embeddable":true,"href":"https:\/\/comprasyconsejos.store\/en\/wp-json\/wp\/v2\/product_tag?post=35806"}],"curies":[{"name":"wp","href":"https:\/\/api.w.org\/{rel}","templated":true}]}}