{"id":35866,"date":"2026-02-27T03:58:34","date_gmt":"2026-02-27T03:58:34","guid":{"rendered":"https:\/\/comprasyconsejos.store\/product\/amzfast-gaming-monitor-27-inch-200hz-qhd-2560x1440-fast-ips-1ms-gtg-95-dci-p3-130-srgb-hdr-adaptive-sync-vesa-100x100-hdmi-2-0x2-dp-1-4x2-with-cable-white-amzg27f6q\/"},"modified":"2026-02-27T03:58:37","modified_gmt":"2026-02-27T03:58:37","slug":"amzfast-gaming-monitor-27-inch-200hz-qhd-2560x1440-fast-ips-1ms-gtg-95-dci-p3-130-srgb-hdr-adaptive-sync-vesa-100x100-hdmi-2-0x2-dp-1-4x2-with-cable-white-amzg27f6q","status":"publish","type":"product","link":"https:\/\/comprasyconsejos.store\/en\/product\/amzfast-gaming-monitor-27-inch-200hz-qhd-2560x1440-fast-ips-1ms-gtg-95-dci-p3-130-srgb-hdr-adaptive-sync-vesa-100x100-hdmi-2-0x2-dp-1-4x2-with-cable-white-amzg27f6q\/","title":{"rendered":"Amzfast Gaming Monitor 27 Inch &#8211; 200Hz, QHD 2560&#215;1440, Fast IPS, 1ms GtG, 95% DCI-P3, 130% sRGB, HDR, Adaptive Sync, VESA 100&#215;100, HDMI 2.0&#215;2\/DP 1.4&#215;2 with Cable, White &#8211; AMZG27F6Q"},"content":{"rendered":"<p>Price: <span style=\"color:#b12704\"><del>\u20ac159.99<\/del> - \u20ac149.99<\/span><br \/><i><small>(as of Feb 27, 2026 03:58:34 UTC &#8211; <span class=\"wp_automatic_amazon_disclaimer\" title=\"Product prices and availability are accurate as of the date\/time indicated and are subject to change. Any price and availability information displayed on [relevant Amazon Site(s), as applicable] at the time of purchase will apply to the purchase of this product.\">Details<\/span>)<\/small><\/i><\/p>\n<p><a href=\"https:\/\/amazon.es\/dp\/B0FCM3B1QF?tag=man008-21\"><img decoding=\"async\" src=\"https:\/\/valvepress.s3.amazonaws.com\/imgs\/buy_now.png\"><\/a><br \/>\n<\/p>\n<p>                                             Product Description   <\/p>\n<p>                                                                                                       <img decoding=\"async\" alt=\"aplus content image\" src=\"https:\/\/images-na.ssl-images-amazon.com\/images\/G\/01\/x-locale\/common\/grey-pixel.gif\" class=\"a-lazy-loaded\" data-src=\"https:\/\/m.media-amazon.com\/images\/S\/aplus-media-library-service-media\/2d9d0f7a-aca1-47a9-b159-1670d3f1c598.__CR0,0,1464,600_PT0_SX1464_V1___.jpg\"><img decoding=\"async\" alt=\"aplus content image\" src=\"https:\/\/m.media-amazon.com\/images\/S\/aplus-media-library-service-media\/2d9d0f7a-aca1-47a9-b159-1670d3f1c598.__CR0,0,1464,600_PT0_SX1464_V1___.jpg\">                                               <\/p>\n<p>                                                                                                                <img decoding=\"async\" alt=\"aplus content image\" src=\"https:\/\/m.media-amazon.com\/images\/S\/aplus-media-library-service-media\/89f58fef-c140-4305-ae4c-8c3a59464767.__CR0,0,1464,600_PT0_SX1464_V1___.jpg\">                                                    <img decoding=\"async\" alt=\"El texto incluye \u00abPS\u00bb. Serie de im\u00e1genes de acci\u00f3n que muestran secuencias de movimiento o de juego con espectaculares efectos de iluminaci\u00f3n sobre fondos morados.\" src=\"https:\/\/m.media-amazon.com\/images\/S\/aplus-media-library-service-media\/7122a1d5-8d06-4438-8428-ed286de1b8ca.__CR0,0,1464,600_PT0_SX1464_V1___.jpg\">                                                    <img decoding=\"async\" alt=\"aplus content image\" src=\"https:\/\/m.media-amazon.com\/images\/S\/aplus-media-library-service-media\/7e737a75-b668-400c-8ee5-d4315dc5cdeb.__CR0,0,1464,600_PT0_SX1464_V1___.jpg\"><br \/>\n                            1 200Hz <\/p>\n<p>                            2 Fast IPS <\/p>\n<p>                            3 HDR 400 <\/p>\n<p>                                                                                  <img decoding=\"async\" alt=\"Conjunto de materiales educativos o para colorear dispuestos sobre una superficie, que muestran rotuladores o bol\u00edgrafos de colores dispuestos de forma sistem\u00e1tica para su uso.\" src=\"https:\/\/m.media-amazon.com\/images\/S\/aplus-media-library-service-media\/e2903306-a1d0-4aa6-80e9-e33dd9f14ed8.__CR0,0,1464,600_PT0_SX1464_V1___.jpg\">       <\/p>\n<p>                                                                                  <img decoding=\"async\" alt=\"Diagrama t\u00e9cnico o manual de instrucciones que muestre las l\u00edneas de cuadr\u00edcula, las medidas y las especificaciones de dise\u00f1o te\u00f1idas de p\u00farpura.\" src=\"https:\/\/m.media-amazon.com\/images\/S\/aplus-media-library-service-media\/ed829b22-9d7d-4386-bdd8-7de9cc0927f0.__CR0,0,1464,600_PT0_SX1464_V1___.jpg\">       <\/p>\n<p>                                                                                  <img decoding=\"async\" alt=\"aplus content image\" src=\"https:\/\/m.media-amazon.com\/images\/S\/aplus-media-library-service-media\/3f75abbb-f5cb-4896-b3b3-49f827cecf26.__CR0,0,1464,600_PT0_SX1464_V1___.jpg\">       <\/p>\n<p>                                                                                  <img decoding=\"async\" alt=\"aplus content image\" src=\"https:\/\/m.media-amazon.com\/images\/S\/aplus-media-library-service-media\/58991417-e4d8-43da-a435-18e37ed085ca.__CR0,0,1464,600_PT0_SX1464_V1___.jpg\">       <\/p>\n<p>                                                                                                       <img decoding=\"async\" alt=\"El texto dice \u00abLUCE NOTTE DELLA ZUCA\u00bb. Manual o gu\u00eda de instrucciones del producto que muestra varios pasos con ilustraciones t\u00e9cnicas y diagramas numerados.\" src=\"https:\/\/images-na.ssl-images-amazon.com\/images\/G\/01\/x-locale\/common\/grey-pixel.gif\" class=\"a-lazy-loaded\" data-src=\"https:\/\/m.media-amazon.com\/images\/S\/aplus-media-library-service-media\/a72e021b-cda6-4045-a972-c03cfc20d0e3.__CR0,0,1464,600_PT0_SX1464_V1___.jpg\"><img decoding=\"async\" alt=\"El texto dice \u00abLUCE NOTTE DELLA ZUCA\u00bb. Manual o gu\u00eda de instrucciones del producto que muestra varios pasos con ilustraciones t\u00e9cnicas y diagramas numerados.\" src=\"https:\/\/m.media-amazon.com\/images\/S\/aplus-media-library-service-media\/a72e021b-cda6-4045-a972-c03cfc20d0e3.__CR0,0,1464,600_PT0_SX1464_V1___.jpg\">                                               <\/p>\n<h3 class=\"a-text-center aplus-h1 a-text-bold\"> Monitor para juegos Amzfast <\/h3>\n<p>                         Add To Basket  <\/p>\n<p>                         Add To Basket  <\/p>\n<p>                         Add To Basket  <\/p>\n<p>                         Add To Basket  <\/p>\n<p>                         Add To Basket  <\/p>\n<p>                                     Customer Reviews  <\/p>\n<p>                    4.5 out of 5 stars  38  <\/p>\n<p>                    4.5 out of 5 stars  301  <\/p>\n<p>                    4.4 out of 5 stars  653  <\/p>\n<p>                    4.4 out of 5 stars  34  <\/p>\n<p>                    4.6 out of 5 stars  75  <\/p>\n<p>                                     Price  <\/p>\n<p>                                                        \u20ac149.99\u20ac149.99     <\/p>\n<p>                                                        \u20ac159.99\u20ac159.99     <\/p>\n<p>                                                        \u20ac199.99\u20ac199.99     <\/p>\n<p>                                                        \u20ac139.99\u20ac139.99     <\/p>\n<p>                                                        \u20ac89.99\u20ac89.99     <\/p>\n<p>                                     Nombre del modelo  <\/p>\n<p>                                                AMZG27F6Q    <\/p>\n<p>                                                AMZG27C1 Pro    <\/p>\n<p>                                                AMZG27C1Q Pro    <\/p>\n<p>                                                AMZG25F6F    <\/p>\n<p>                                                AMZG24X1W    <\/p>\n<p>                                     Tama\u00f1o de la pantalla  <\/p>\n<p>                                                27 Pulgadas    <\/p>\n<p>                                                27 Pulgadas    <\/p>\n<p>                                                27 Pulgadas    <\/p>\n<p>                                                25 Pulgadas    <\/p>\n<p>                                                24 Pulgadas    <\/p>\n<p>                                     Resoluci\u00f3n  <\/p>\n<p>                                                QHD (2560&#215;1440)    <\/p>\n<p>                                                FHD (1920&#215;1080)    <\/p>\n<p>                                                QHD (2560&#215;1440)    <\/p>\n<p>                                                FHD (1920&#215;1080)    <\/p>\n<p>                                                FHD (1920&#215;1080)    <\/p>\n<p>                                     Frecuencia de actualizaci\u00f3n  <\/p>\n<p>                                                200Hz    <\/p>\n<p>                                                240Hz    <\/p>\n<p>                                                240Hz    <\/p>\n<p>                                                320Hz    <\/p>\n<p>                                                200Hz    <\/p>\n<p>                                     Interfaz de hardware  <\/p>\n<p>                                                HDMI 2.0 &amp; DP 1.4    <\/p>\n<p>                                                HDMI 2.0 &amp; DP 1.4    <\/p>\n<p>                                                HDMI 2.0 &amp; DP 1.4    <\/p>\n<p>                                                HDMI 2.0 &amp; DP 1.4    <\/p>\n<p>                                                HDMI 2.0 &amp; DP 1.4    <\/p>\n<p>                                     Puerto HDMI  <\/p>\n<p>                                                2    <\/p>\n<p>                                                1    <\/p>\n<p>                                                2    <\/p>\n<p>                                                2    <\/p>\n<p>                                                1    <\/p>\n<p>                                     Puerto DisplayPort  <\/p>\n<p>                                                2    <\/p>\n<p>                                                1    <\/p>\n<p>                                                2    <\/p>\n<p>                                                2    <\/p>\n<p>                                                1    <\/p>\n<p>                                     Relaci\u00f3n de aspecto  <\/p>\n<p>                                                16:9    <\/p>\n<p>                                                16:9    <\/p>\n<p>                                                16:9    <\/p>\n<p>                                                16:9    <\/p>\n<p>                                                16:9    <\/p>\n<p>                                     Contraste  <\/p>\n<p>                                                1000:1    <\/p>\n<p>                                                4000:1    <\/p>\n<p>                                                2500:1    <\/p>\n<p>                                                1000:1    <\/p>\n<p>                                                1000:1    <\/p>\n<p>                                     Gama de colores  <\/p>\n<p>                                                DCI-P3 95%,sRGB 130% (Area)    <\/p>\n<p>                                                DCI-P3 95%,sRGB 130%(Area)    <\/p>\n<p>                                                DCI-P3 90%,sRGB 120% (Area)    <\/p>\n<p>                                                sRGB120% (Area)    <\/p>\n<p>                                                DCI-P3 80%,sRGB 110%(Area)    <\/p>\n<p>                                     Brillo  <\/p>\n<p>                                                400    <\/p>\n<p>                                                300    <\/p>\n<p>                                                300    <\/p>\n<p>                                                320    <\/p>\n<p>                                                300    <\/p>\n<p>                                     \u00c1ngulo de visi\u00f3n  <\/p>\n<p>                                                178 grados    <\/p>\n<p>                                                178 grados    <\/p>\n<p>                                                178 grados    <\/p>\n<p>                                                178 grados    <\/p>\n<p>                                                178 grados    <\/p>\n<p> Product Dimensions                                            \u200f                                            :                                            \u200e                                            22 x 61.2 x 46.8 cm; 4.5 kg   <br \/> Manufacturer                                            \u200f                                            :                                            \u200e                                            Amzfast   <br \/> ASIN                                            \u200f                                            :                                            \u200e                                            B0FCM3B1QF   <br \/> Item model number                                            \u200f                                            :                                            \u200e                                            AMZG27F6Q-EU   <br \/> Country\/Region of Origin                                            \u200f                                            :                                            \u200e                                            China   <br \/> Guaranteed software updates until                                            \u200f                                            :                                            \u200e                                            unknown   <br \/>  Customer reviews:                                                                                            4.5               4.5 out of 5 stars                                  (38)                                              var dpAcrHasRegisteredArcLinkClickAction;                    P.when(&#8216;A&#8217;, &#8216;ready&#8217;).execute(function(A) {                        if (dpAcrHasRegisteredArcLinkClickAction !== true) {                            dpAcrHasRegisteredArcLinkClickAction = true;                            A.declarative(                                &#8216;acrLink-click-metrics&#8217;, &#8216;click&#8217;,                                { \u00aballowLinkDefault\u00bb: true },                                function (event) {                                    if (window.ue) {                                        ue.count(\u00abacrLinkClickCount\u00bb, (ue.count(\u00abacrLinkClickCount\u00bb) || 0) + 1);                                    }                                }                            );                        }                    });                                             P.when(&#8216;A&#8217;, &#8216;cf&#8217;).execute(function(A) {                A.declarative(&#8216;acrStarsLink-click-metrics&#8217;, &#8216;click&#8217;, { \u00aballowLinkDefault\u00bb : true },  function(event){                    if(window.ue) {                        ue.count(\u00abacrStarsLinkWithPopoverClickCount\u00bb, (ue.count(\u00abacrStarsLinkWithPopoverClickCount\u00bb) || 0) + 1);                    }                });            });                          <\/p>\n<p>[200Hz Fluid Refresh Rate] Experience ultra-smooth gameplay with a 27&#8243; QHD IPS panel and 200Hz refresh rate. It offers 3x faster frame transitions than standard 60Hz displays, eliminating input delays for precise cursor control and skillful execution in competitive scenes.<br \/>[1ms GTG Response] OverDrive technology delivers 1ms gray-to-gray response, along with MPRT motion blur reduction and Adaptive Sync. Eliminates ghosting in fast spins, ensuring clear lens acquisition.<br \/>[400 cd\/m\u00b2 HDR Brightness] 400 cd\/m\u00b2 maximum brightness with HDR10 support preserves details in highlighted environments and reveals threats in shadows. A matte anti-glare coating prevents reflections for uninterrupted concentration.<br \/>[95% DCI-P3 Tactical Color] 130% sRGB coverage ensures layered color distinction for skill effects and interface elements. Quickly identify key visual cues during chaotic battles.<br \/>[Versatile Connectivity] HDMI 2.0\u00d72 + DP 1.4\u00d72 ports (support 200Hz) are compatible with PC, console and laptop. Includes DP and HDMI cables for instant plug-and-play setup.<\/p>\n\n","protected":false},"excerpt":{"rendered":"<p> Product Description 1 200Hz 2 Fast IPS 3 HDR 400 Monitor para juegos Amzfast Add<\/p>","protected":false},"featured_media":35867,"comment_status":"open","ping_status":"closed","template":"","meta":[],"product_brand":[],"product_cat":[52,54],"product_tag":[10230,8419,1817,1822,1918,10229,3639,2265,1819,1821,1816,1824,247,8322,10231,1823,182,1825,1305,137,617,6067,544,1813,584,703,1820,844,1243,1818,1313,200,2342,205],"class_list":{"0":"post-35866","1":"product","2":"type-product","3":"status-publish","4":"has-post-thumbnail","6":"product_cat-2k-monitors","7":"product_cat-curved-monitors","8":"product_tag-1-4x2","9":"product_tag-100x100","10":"product_tag-1440p-monitor","11":"product_tag-144hz-2k-monitor","12":"product_tag-1ms","13":"product_tag-2-0x2dp","14":"product_tag-200hz","15":"product_tag-2560x1440","16":"product_tag-27-inch-2k-monitor","17":"product_tag-2k-gaming-monitor","18":"product_tag-2k-monitor","19":"product_tag-2k-monitor-price","20":"product_tag-adaptive","21":"product_tag-amzfast","22":"product_tag-amzg27f6q","23":"product_tag-best-2k-monitor","24":"product_tag-cable","25":"product_tag-curved-2k-monitor","26":"product_tag-dcip3","27":"product_tag-fast","28":"product_tag-gaming","29":"product_tag-gtg","30":"product_tag-hdmi","31":"product_tag-hdr","32":"product_tag-inch","33":"product_tag-ips","34":"product_tag-ips-2k-monitor","35":"product_tag-monitor","36":"product_tag-qhd","37":"product_tag-qhd-monitor","38":"product_tag-srgb","39":"product_tag-sync","40":"product_tag-vesa","41":"product_tag-white","43":"first","44":"instock","45":"sale","46":"shipping-taxable","47":"product-type-external"},"_links":{"self":[{"href":"https:\/\/comprasyconsejos.store\/en\/wp-json\/wp\/v2\/product\/35866","targetHints":{"allow":["GET"]}}],"collection":[{"href":"https:\/\/comprasyconsejos.store\/en\/wp-json\/wp\/v2\/product"}],"about":[{"href":"https:\/\/comprasyconsejos.store\/en\/wp-json\/wp\/v2\/types\/product"}],"replies":[{"embeddable":true,"href":"https:\/\/comprasyconsejos.store\/en\/wp-json\/wp\/v2\/comments?post=35866"}],"version-history":[{"count":0,"href":"https:\/\/comprasyconsejos.store\/en\/wp-json\/wp\/v2\/product\/35866\/revisions"}],"wp:featuredmedia":[{"embeddable":true,"href":"https:\/\/comprasyconsejos.store\/en\/wp-json\/wp\/v2\/media\/35867"}],"wp:attachment":[{"href":"https:\/\/comprasyconsejos.store\/en\/wp-json\/wp\/v2\/media?parent=35866"}],"wp:term":[{"taxonomy":"product_brand","embeddable":true,"href":"https:\/\/comprasyconsejos.store\/en\/wp-json\/wp\/v2\/product_brand?post=35866"},{"taxonomy":"product_cat","embeddable":true,"href":"https:\/\/comprasyconsejos.store\/en\/wp-json\/wp\/v2\/product_cat?post=35866"},{"taxonomy":"product_tag","embeddable":true,"href":"https:\/\/comprasyconsejos.store\/en\/wp-json\/wp\/v2\/product_tag?post=35866"}],"curies":[{"name":"wp","href":"https:\/\/api.w.org\/{rel}","templated":true}]}}