{"id":35872,"date":"2026-02-27T05:23:46","date_gmt":"2026-02-27T05:23:46","guid":{"rendered":"https:\/\/comprasyconsejos.store\/product\/abysm-gaming-morpheo-gx5-atx-3-1-1000w-80-plus-gold-full-modular-power-supply-with-pcie-5-1\/"},"modified":"2026-02-27T05:23:49","modified_gmt":"2026-02-27T05:23:49","slug":"abysm-gaming-morpheo-gx5-atx-3-1-1000w-80-plus-gold-full-modular-power-supply-with-pcie-5-1","status":"publish","type":"product","link":"https:\/\/comprasyconsejos.store\/en\/product\/abysm-gaming-morpheo-gx5-atx-3-1-1000w-80-plus-gold-full-modular-power-supply-with-pcie-5-1\/","title":{"rendered":"ABYSM Gaming MORPHEO GX5 ATX 3.1 1000W 80 Plus Gold Full Modular Power Supply with PCIe 5.1"},"content":{"rendered":"<p>Price: <span style=\"color:#b12704\"><del>\u20ac135.95<\/del> - \u20ac133.25<\/span><br \/><i><small>(as of Feb 27, 2026 05:23:46 UTC &#8211; <span class=\"wp_automatic_amazon_disclaimer\" title=\"Product prices and availability are accurate as of the date\/time indicated and are subject to change. Any price and availability information displayed on [relevant Amazon Site(s), as applicable] at the time of purchase will apply to the purchase of this product.\">Details<\/span>)<\/small><\/i><\/p>\n<p><a href=\"https:\/\/amazon.es\/dp\/B0D6RFYJ7C?tag=man008-21\"><img decoding=\"async\" src=\"https:\/\/valvepress.s3.amazonaws.com\/imgs\/buy_now.png\"><\/a><br \/>\n<\/p>\n<p>                                             From the manufacturer   <\/p>\n<p>                                                  <img decoding=\"async\" alt=\"Abysm Gaming Fuente de Alimentaci\u00f3n MORPHEO GX5 ATX 3.1 1000W Black 80 Plus Gold Full Modular\" src=\"https:\/\/images-na.ssl-images-amazon.com\/images\/G\/01\/x-locale\/common\/grey-pixel.gif\" class=\"a-lazy-loaded\" data-src=\"https:\/\/m.media-amazon.com\/images\/S\/aplus-media-library-service-media\/21f4ea66-aa31-432e-a085-6db3d5d1e947.__CR0,0,1200,371_PT0_SX970_V1___.jpg\"><img decoding=\"async\" alt=\"Abysm Gaming Fuente de Alimentaci\u00f3n MORPHEO GX5 ATX 3.1 1000W Black 80 Plus Gold Full Modular\" src=\"https:\/\/m.media-amazon.com\/images\/S\/aplus-media-library-service-media\/21f4ea66-aa31-432e-a085-6db3d5d1e947.__CR0,0,1200,371_PT0_SX970_V1___.jpg\">  <\/p>\n<p>                                                      <img decoding=\"async\" alt=\"Abysm Gaming Fuente de Alimentaci\u00f3n MORPHEO GX5 ATX 3.1 1000W Black 80 Plus Gold Full Modular\" src=\"https:\/\/images-na.ssl-images-amazon.com\/images\/G\/01\/x-locale\/common\/grey-pixel.gif\" class=\"a-spacing-mini a-lazy-loaded\" data-src=\"https:\/\/m.media-amazon.com\/images\/S\/aplus-media-library-service-media\/9df3a777-2b96-40d5-81c0-526954eb8dfc.__CR0,0,1800,1800_PT0_SX300_V1___.jpg\"><img decoding=\"async\" alt=\"Abysm Gaming Fuente de Alimentaci\u00f3n MORPHEO GX5 ATX 3.1 1000W Black 80 Plus Gold Full Modular\" src=\"https:\/\/m.media-amazon.com\/images\/S\/aplus-media-library-service-media\/9df3a777-2b96-40d5-81c0-526954eb8dfc.__CR0,0,1800,1800_PT0_SX300_V1___.jpg\">  <\/p>\n<h3 class=\"a-spacing-mini\"> Fuente de Alimentaci\u00f3n MORPHEO GX5 ATX 3.1 1000W Black 80 Plus Gold Full Modular <\/h3>\n<p class=\"a-spacing-base\"> Estamos emocionados de presentar la renovaci\u00f3n de la afamada serie de Fuentes de Alimentaci\u00f3n MORPHEO a su tercera generaci\u00f3n MORPHEO GX5 ATX 3.1 Black 1000W de ABYSM Gaming. <\/p>\n<p class=\"a-spacing-base\"> Rendimiento de \u00e9lite para satisfacer las demandas de los sistemas de gama alta, ofreciendo un rendimiento excepcional y una eficiencia energ\u00e9tica. Con la certificaci\u00f3n 80 PLUS Gold y la certificaci\u00f3n Platinum de Cybenetics, puedes estar seguro de que est\u00e1s obteniendo la m\u00e1xima eficiencia energ\u00e9tica con un rendimiento incre\u00edble. <\/p>\n<p class=\"a-spacing-base\"> Su dise\u00f1o completamente modular, su conexi\u00f3n PCIE 5.1 16P, sus componentes de alta calidad y su robusta construcci\u00f3n hacen de esta PSU Morpheo GX5 una fuente dise\u00f1ada para entusiastas. Desde overclokers, gamers, dise\u00f1adores, hasta creadores de contenido, nuestra fuente de alimentaci\u00f3n es la elecci\u00f3n perfecta para cualquier sistema de gama alta. <\/p>\n<p>                                                         Caracter\u00edsticas                                        Estandar ATX 3.1 y cable PCIe 5.1 16P       Certificaci\u00f3n 80 PLUS Gold y la certificaci\u00f3n Platinum de Cybenetics       Full Range 110-240 V.       1000W de Potencia.       Condensadores Japoneses.       Full Modular       <\/p>\n<p>                                                                             <img decoding=\"async\" alt=\"Abysm Gaming Fuente de Alimentaci\u00f3n MORPHEO GX5 ATX 3.1 1000W Black 80 Plus Gold Full Modular\" src=\"https:\/\/images-na.ssl-images-amazon.com\/images\/G\/01\/x-locale\/common\/grey-pixel.gif\" class=\"a-spacing-base a-lazy-loaded\" data-src=\"https:\/\/m.media-amazon.com\/images\/S\/aplus-media-library-service-media\/5e9a9011-57d0-479e-b700-375c711dbb58.__CR0,0,1436,888_PT0_SX970_V1___.jpg\"><img decoding=\"async\" alt=\"Abysm Gaming Fuente de Alimentaci\u00f3n MORPHEO GX5 ATX 3.1 1000W Black 80 Plus Gold Full Modular\" src=\"https:\/\/m.media-amazon.com\/images\/S\/aplus-media-library-service-media\/5e9a9011-57d0-479e-b700-375c711dbb58.__CR0,0,1436,888_PT0_SX970_V1___.jpg\">                                                                    <\/p>\n<p>                                                                             <img decoding=\"async\" alt=\"Abysm Gaming Fuente de Alimentaci\u00f3n MORPHEO GX5 ATX 3.1 1000W Black 80 Plus Gold Full Modular\" src=\"https:\/\/images-na.ssl-images-amazon.com\/images\/G\/01\/x-locale\/common\/grey-pixel.gif\" class=\"a-spacing-base a-lazy-loaded\" data-src=\"https:\/\/m.media-amazon.com\/images\/S\/aplus-media-library-service-media\/d08df1b2-1fba-4051-bc41-3a8feffd37b6.__CR0,0,1436,888_PT0_SX970_V1___.jpg\"><img decoding=\"async\" alt=\"Abysm Gaming Fuente de Alimentaci\u00f3n MORPHEO GX5 ATX 3.1 1000W Black 80 Plus Gold Full Modular\" src=\"https:\/\/m.media-amazon.com\/images\/S\/aplus-media-library-service-media\/d08df1b2-1fba-4051-bc41-3a8feffd37b6.__CR0,0,1436,888_PT0_SX970_V1___.jpg\">                                                                    <\/p>\n<h3 class=\"a-size-extra-large a-spacing-base a-text-center\"> Especificaciones t\u00e9cnicas <\/h3>\n<p>                                                        Dimensiones                                    140 x 150 x 85 mm                                        Peso                                    1.4 kg                                        Voltaje                                    Full Range 100-240 V                                        Potencia                                    1000W                                        Tipo                                    ATX EPS3.1                                        APFC                                    Si                                        Certificado                                    CE\/EMI (2 level)                                        EUP 2013                                    Si                                                         APFC                                    Si                                        Cables                                    20+4 PIN: 1 Cable (610 mm) | MOLEX: 1 Cable (L+L+L+L \/ 450+150mm)=(4 MOLEX) | SATA: 2 Cables (SATA+SATA+SATA+SATA \/ 450+150mm+150mm+150mm)=(8 SATA) | 4+4 PIN: 2 Cables (650 mm) | PCIE 6+2 PIN: 3 Cables (600 mm) | PCIE 5.1 16P: 1 Cable (720 mm)                                        Rail                                    Single 12V                                        Certificaci\u00f3n                                    80 Plus  Gold | Platinum de Cybenetics                                        Protecci\u00f3n                                    OVP \/ UVP \/ OTP \/ OLP \/ OPP \/ SCP                                        Condensador                                    NIPPON                                        Ventilador                                    120 mm | 2000 rpm                                        Control Terma                                    Si                     <\/p>\n<p> Product Dimensions                                            \u200f                                            :                                            \u200e                                            14 x 15 x 8.5 cm; 1.4 kg   <br \/> Manufacturer                                            \u200f                                            :                                            \u200e                                            ABYSM Gaming   <br \/> ASIN                                            \u200f                                            :                                            \u200e                                            B0D6RFYJ7C   <br \/> Item model number                                            \u200f                                            :                                            \u200e                                            AB211001_1   <br \/> Country of origin                                            \u200f                                            :                                            \u200e                                            China   <br \/> Guaranteed software updates until                                            \u200f                                            :                                            \u200e                                            unknown   <br \/>  Customer reviews:                                                                                            5.0               5.0 out of 5 stars                                  (3)                                              var dpAcrHasRegisteredArcLinkClickAction;                    P.when(&#8216;A&#8217;, &#8216;ready&#8217;).execute(function(A) {                        if (dpAcrHasRegisteredArcLinkClickAction !== true) {                            dpAcrHasRegisteredArcLinkClickAction = true;                            A.declarative(                                &#8216;acrLink-click-metrics&#8217;, &#8216;click&#8217;,                                { \u00aballowLinkDefault\u00bb: true },                                function (event) {                                    if (window.ue) {                                        ue.count(\u00abacrLinkClickCount\u00bb, (ue.count(\u00abacrLinkClickCount\u00bb) || 0) + 1);                                    }                                }                            );                        }                    });                                             P.when(&#8216;A&#8217;, &#8216;cf&#8217;).execute(function(A) {                A.declarative(&#8216;acrStarsLink-click-metrics&#8217;, &#8216;click&#8217;, { \u00aballowLinkDefault\u00bb : true },  function(event){                    if(window.ue) {                        ue.count(\u00abacrStarsLinkWithPopoverClickCount\u00bb, (ue.count(\u00abacrStarsLinkWithPopoverClickCount\u00bb) || 0) + 1);                    }                });            });                          <\/p>\n<p>\u27a1\ufe0f FULL CERTIFIED POWER 80 PLUS GOLD (\u00b190%) &#8211; True efficiency that saves energy, less noise, lower temperatures and reduces bill hike<br \/>\u27a1\ufe0f ATX 3.1 &#038; PCIe 5.1 FUTURE READY \u2013 Meets Intel&#8217;s ATX 3.1 power standard and supports PCIe 5.1 making it compatible with current and future graphics. Plus, withstands transient power spikes<br \/>\u27a1\ufe0f FULL MODULAR \u2013 Fully modular cabling, so you only have to connect the cables your system needs, providing a clean installation and optimal air management in gaming chassis<br \/>\u27a1\ufe0f FAN WITH FDB SYSTEM \u2013 Quiet and durable thanks to FDB (Fluid Dynamic Bearing), Zero RPM up to 30% and with a noise that does not exceed < 20 dB<br \/>\u27a1\ufe0f HIGH-END JAPANESE COMPONENTS AND COMPLETE PROTECTIONS \u2013 Capacitors 105\u00b0C with thermal stability and certified reliability. In addition, it has OVP, UVP, OPP, SCP, OCP, OTP protections for maximum system security<br \/>\u27a1\ufe0f 10 YEAR WARRANTY \u2013 Total long-term confidence with dedicated technical support<\/p>\n\n","protected":false},"excerpt":{"rendered":"<p> From the manufacturer Fuente de Alimentaci\u00f3n MORPHEO GX5 ATX 3.1 1000W Black 80 Plus Gold<\/p>","protected":false},"featured_media":35873,"comment_status":"open","ping_status":"closed","template":"","meta":[],"product_brand":[],"product_cat":[61],"product_tag":[1030,10232,1458,1880,560,617,1881,1875,1883,401,10234,1884,1503,10233,1878,624,1876,143,1505,1879,1882,1877],"class_list":{"0":"post-35872","1":"product","2":"type-product","3":"status-publish","4":"has-post-thumbnail","6":"product_cat-games-entertainment","7":"product_tag-1000w","8":"product_tag-abysm","9":"product_tag-atx","10":"product_tag-console-games","11":"product_tag-full","12":"product_tag-gaming","13":"product_tag-gaming-accessories","14":"product_tag-gaming-consoles","15":"product_tag-gaming-controllers","16":"product_tag-gold","17":"product_tag-gx5","18":"product_tag-home-gaming-system","19":"product_tag-modular","20":"product_tag-morpheo","21":"product_tag-nintendo-console","22":"product_tag-pcie","23":"product_tag-playstation-console","24":"product_tag-power","25":"product_tag-supply","26":"product_tag-video-games","27":"product_tag-vr-headset","28":"product_tag-xbox-console","30":"first","31":"instock","32":"sale","33":"shipping-taxable","34":"product-type-external"},"_links":{"self":[{"href":"https:\/\/comprasyconsejos.store\/en\/wp-json\/wp\/v2\/product\/35872","targetHints":{"allow":["GET"]}}],"collection":[{"href":"https:\/\/comprasyconsejos.store\/en\/wp-json\/wp\/v2\/product"}],"about":[{"href":"https:\/\/comprasyconsejos.store\/en\/wp-json\/wp\/v2\/types\/product"}],"replies":[{"embeddable":true,"href":"https:\/\/comprasyconsejos.store\/en\/wp-json\/wp\/v2\/comments?post=35872"}],"version-history":[{"count":0,"href":"https:\/\/comprasyconsejos.store\/en\/wp-json\/wp\/v2\/product\/35872\/revisions"}],"wp:featuredmedia":[{"embeddable":true,"href":"https:\/\/comprasyconsejos.store\/en\/wp-json\/wp\/v2\/media\/35873"}],"wp:attachment":[{"href":"https:\/\/comprasyconsejos.store\/en\/wp-json\/wp\/v2\/media?parent=35872"}],"wp:term":[{"taxonomy":"product_brand","embeddable":true,"href":"https:\/\/comprasyconsejos.store\/en\/wp-json\/wp\/v2\/product_brand?post=35872"},{"taxonomy":"product_cat","embeddable":true,"href":"https:\/\/comprasyconsejos.store\/en\/wp-json\/wp\/v2\/product_cat?post=35872"},{"taxonomy":"product_tag","embeddable":true,"href":"https:\/\/comprasyconsejos.store\/en\/wp-json\/wp\/v2\/product_tag?post=35872"}],"curies":[{"name":"wp","href":"https:\/\/api.w.org\/{rel}","templated":true}]}}