{"id":35878,"date":"2026-02-27T06:29:05","date_gmt":"2026-02-27T06:29:05","guid":{"rendered":"https:\/\/comprasyconsejos.store\/product\/angoily-ssd-regal-festplattenkafig-pci-slot-hintere-halterung-hdd-halter-zubehor-fur-pc-hdd-adapter-internen-laufwerksschacht-computerzubehor-aluminiumlegierung-black\/"},"modified":"2026-02-27T06:29:15","modified_gmt":"2026-02-27T06:29:15","slug":"angoily-ssd-regal-festplattenkafig-pci-slot-hintere-halterung-hdd-halter-zubehor-fur-pc-hdd-adapter-internen-laufwerksschacht-computerzubehor-aluminiumlegierung-black","status":"publish","type":"product","link":"https:\/\/comprasyconsejos.store\/en\/product\/angoily-ssd-regal-festplattenkafig-pci-slot-hintere-halterung-hdd-halter-zubehor-fur-pc-hdd-adapter-internen-laufwerksschacht-computerzubehor-aluminiumlegierung-black\/","title":{"rendered":"Angoily SSD-Regal Festplattenk\u00e4fig PCI-Slot- hintere Halterung HDD-Halter zubeh\u00f6r f\u00fcr pc HDD adapter internen Laufwerksschacht Computerzubeh\u00f6r Aluminiumlegierung Black"},"content":{"rendered":"<p>Price: <span style=\"color:#b12704\"><del>\u20ac18.81<\/del> - \u20ac17.84<\/span><br \/><i><small>(as of Feb 27, 2026 06:29:05 UTC &#8211; <span class=\"wp_automatic_amazon_disclaimer\" title=\"Product prices and availability are accurate as of the date\/time indicated and are subject to change. Any price and availability information displayed on [relevant Amazon Site(s), as applicable] at the time of purchase will apply to the purchase of this product.\">Details<\/span>)<\/small><\/i><\/p>\n<p><a href=\"https:\/\/amazon.es\/dp\/B0DL2B3XMY?tag=man008-21\"><img decoding=\"async\" src=\"https:\/\/valvepress.s3.amazonaws.com\/imgs\/buy_now.png\"><\/a><br \/>\n<\/p>\n<p>                                             Product Description   <\/p>\n<p>                                                  <img decoding=\"async\" alt=\"15\" src=\"https:\/\/images-na.ssl-images-amazon.com\/images\/G\/01\/x-locale\/common\/grey-pixel.gif\" class=\"a-spacing-mini a-lazy-loaded\" data-src=\"https:\/\/m.media-amazon.com\/images\/S\/aplus-media-library-service-media\/47f62f87-86d0-4f3c-9fd0-dc8529863bde.__CR1600,0,300,300_PT0_SX300_V1___.jpg\"><img decoding=\"async\" alt=\"15\" src=\"https:\/\/m.media-amazon.com\/images\/S\/aplus-media-library-service-media\/47f62f87-86d0-4f3c-9fd0-dc8529863bde.__CR1600,0,300,300_PT0_SX300_V1___.jpg\">  <\/p>\n<h3 class=\"a-spacing-mini\"> Angoily <\/h3>\n<p>  SSD-Regal Festplattenkfig PCI-Slot- hintere Halterung HDD-Halter zubehr fr pc HDD adapter internen Laufwerksschacht Computerzubehr Aluminiumlegierung Black <\/p>\n<h3 class=\"a-spacing-mini\">   <\/h3>\n<p>                                          <img decoding=\"async\" alt=\"El texto dice \u00abImagen 5\u00bb. Serie de escenas de conducci\u00f3n decoradas con elementos navide\u00f1os, que muestran el interior y el volante del coche.\" src=\"https:\/\/images-na.ssl-images-amazon.com\/images\/G\/01\/x-locale\/common\/grey-pixel.gif\" class=\"a-spacing-base a-lazy-loaded\" data-src=\"https:\/\/m.media-amazon.com\/images\/S\/aplus-media-library-service-media\/d734a749-b25e-4fd1-9f52-758ac7b9f126.__CR1600,0,970,600_PT0_SX970_V1___.jpg\"><img decoding=\"async\" alt=\"El texto dice \u00abImagen 5\u00bb. Serie de escenas de conducci\u00f3n decoradas con elementos navide\u00f1os, que muestran el interior y el volante del coche.\" src=\"https:\/\/m.media-amazon.com\/images\/S\/aplus-media-library-service-media\/d734a749-b25e-4fd1-9f52-758ac7b9f126.__CR1600,0,970,600_PT0_SX970_V1___.jpg\">                                         <\/p>\n<h3 class=\"a-spacing-mini\">   <\/h3>\n<p class=\"a-spacing-base\">\n<h3 class=\"a-spacing-small\">   <\/h3>\n<p>                                                          <img decoding=\"async\" alt=\"16\" src=\"https:\/\/images-na.ssl-images-amazon.com\/images\/G\/01\/x-locale\/common\/grey-pixel.gif\" class=\"a-spacing-mini a-lazy-loaded\" data-src=\"https:\/\/m.media-amazon.com\/images\/S\/aplus-media-library-service-media\/7bce90db-6fe5-4574-98f3-129949f1d847.__CR1600,0,300,300_PT0_SX300_V1___.jpg\"><img decoding=\"async\" alt=\"16\" src=\"https:\/\/m.media-amazon.com\/images\/S\/aplus-media-library-service-media\/7bce90db-6fe5-4574-98f3-129949f1d847.__CR1600,0,300,300_PT0_SX300_V1___.jpg\">  <\/p>\n<p>                                                                                                                                                     Color: Negro       Size: 12.00X10.00X2.00CM                                                                                   <\/p>\n<p class=\"a-spacing-base\"> Accesorios de computadora: este rack de expansin PCI se puede utilizar para resolver muchos problemas para los usuarios, convertidores de baha de discos, <\/p>\n<p class=\"a-spacing-base\"> Compartimento para disco duro: diseo especial y mano de obra de , es el reemplazo para su viejo soporte de disco duro roto <\/p>\n<p> Product Dimensions                                            \u200f                                            :                                            \u200e                                            12 x 10 x 2 cm; 65 g   <br \/> Manufacturer                                            \u200f                                            :                                            \u200e                                            Angoily   <br \/> ASIN                                            \u200f                                            :                                            \u200e                                            B0DL2B3XMY   <br \/> Item model number                                            \u200f                                            :                                            \u200e                                            D16J3707CMM323XFAW   <br \/> Guaranteed software updates until                                            \u200f                                            :                                            \u200e                                            unknown   <br \/>  Customer reviews:                                                                                            3.8               3.8 out of 5 stars                                  (6)                                              var dpAcrHasRegisteredArcLinkClickAction;                    P.when(&#8216;A&#8217;, &#8216;ready&#8217;).execute(function(A) {                        if (dpAcrHasRegisteredArcLinkClickAction !== true) {                            dpAcrHasRegisteredArcLinkClickAction = true;                            A.declarative(                                &#8216;acrLink-click-metrics&#8217;, &#8216;click&#8217;,                                { \u00aballowLinkDefault\u00bb: true },                                function (event) {                                    if (window.ue) {                                        ue.count(\u00abacrLinkClickCount\u00bb, (ue.count(\u00abacrLinkClickCount\u00bb) || 0) + 1);                                    }                                }                            );                        }                    });                                             P.when(&#8216;A&#8217;, &#8216;cf&#8217;).execute(function(A) {                A.declarative(&#8216;acrStarsLink-click-metrics&#8217;, &#8216;click&#8217;, { \u00aballowLinkDefault\u00bb : true },  function(event){                    if(window.ue) {                        ue.count(\u00abacrStarsLinkWithPopoverClickCount\u00bb, (ue.count(\u00abacrStarsLinkWithPopoverClickCount\u00bb) || 0) + 1);                    }                });            });                          <\/p>\n<p>Computer Accessories This PCI expansion rack can be used to solve many problems for users, disk bay converters,<br \/>Hard Drive Compartment: Special design and high quality workmanship, it is the replacement for your old broken hard drive holder<br \/>Internal drive bay: made with technology to ensure the high quality of the product and work for a long period of time. Internal Unit Converter<br \/>Hard drive adapter: exquisite workmanship, reasonable structure, professional and practical, provide you convenience, hard drive bay<br \/>Internal hard drive support: after connecting, users have flexibility during installation, hard drive support<\/p>\n\n","protected":false},"excerpt":{"rendered":"<p> Product Description Angoily SSD-Regal Festplattenkfig PCI-Slot- hintere Halterung HDD-Halter zubehr fr pc HDD adapter internen<\/p>","protected":false},"featured_media":35879,"comment_status":"open","ping_status":"closed","template":"","meta":[],"product_brand":[],"product_cat":[76],"product_tag":[1515,1516,144,10252,10241,307,10251,1519,1517,10243,7281,10246,1514,1513,1522,10247,10245,1518,10249,1520,10250,10244,10242,1521,10248],"class_list":{"0":"post-35878","1":"product","2":"type-product","3":"status-publish","4":"has-post-thumbnail","6":"product_cat-hdd-drive","7":"product_tag-1tb-hard-drive","8":"product_tag-2tb-hdd","9":"product_tag-adapter","10":"product_tag-aluminiumlegierung","11":"product_tag-angoily","12":"product_tag-black","13":"product_tag-computerzubehor","14":"product_tag-desktop-hdd","15":"product_tag-external-hard-drive","16":"product_tag-festplattenkafig","17":"product_tag-fur","18":"product_tag-halterung","19":"product_tag-hard-drive","20":"product_tag-hdd","21":"product_tag-hdd-price","22":"product_tag-hddhalter","23":"product_tag-hintere","24":"product_tag-internal-hard-drive","25":"product_tag-internen","26":"product_tag-laptop-hdd","27":"product_tag-laufwerksschacht","28":"product_tag-pcislot","29":"product_tag-ssdregal","30":"product_tag-storage-hard-drive","31":"product_tag-zubehor","33":"first","34":"instock","35":"sale","36":"shipping-taxable","37":"product-type-external"},"_links":{"self":[{"href":"https:\/\/comprasyconsejos.store\/en\/wp-json\/wp\/v2\/product\/35878","targetHints":{"allow":["GET"]}}],"collection":[{"href":"https:\/\/comprasyconsejos.store\/en\/wp-json\/wp\/v2\/product"}],"about":[{"href":"https:\/\/comprasyconsejos.store\/en\/wp-json\/wp\/v2\/types\/product"}],"replies":[{"embeddable":true,"href":"https:\/\/comprasyconsejos.store\/en\/wp-json\/wp\/v2\/comments?post=35878"}],"version-history":[{"count":0,"href":"https:\/\/comprasyconsejos.store\/en\/wp-json\/wp\/v2\/product\/35878\/revisions"}],"wp:featuredmedia":[{"embeddable":true,"href":"https:\/\/comprasyconsejos.store\/en\/wp-json\/wp\/v2\/media\/35879"}],"wp:attachment":[{"href":"https:\/\/comprasyconsejos.store\/en\/wp-json\/wp\/v2\/media?parent=35878"}],"wp:term":[{"taxonomy":"product_brand","embeddable":true,"href":"https:\/\/comprasyconsejos.store\/en\/wp-json\/wp\/v2\/product_brand?post=35878"},{"taxonomy":"product_cat","embeddable":true,"href":"https:\/\/comprasyconsejos.store\/en\/wp-json\/wp\/v2\/product_cat?post=35878"},{"taxonomy":"product_tag","embeddable":true,"href":"https:\/\/comprasyconsejos.store\/en\/wp-json\/wp\/v2\/product_tag?post=35878"}],"curies":[{"name":"wp","href":"https:\/\/api.w.org\/{rel}","templated":true}]}}