{"id":35886,"date":"2026-02-27T07:50:40","date_gmt":"2026-02-27T07:50:40","guid":{"rendered":"https:\/\/comprasyconsejos.store\/product\/offtek-8gb-memoria-ram-de-repuesto-para-hp-compaq-pavilion-notebook-16-a0400ng-gaming-ddr4-25600-pc4-3200-memoria-para-portatil\/"},"modified":"2026-02-27T07:50:41","modified_gmt":"2026-02-27T07:50:41","slug":"offtek-8gb-memoria-ram-de-repuesto-para-hp-compaq-pavilion-notebook-16-a0400ng-gaming-ddr4-25600-pc4-3200-memoria-para-portatil","status":"publish","type":"product","link":"https:\/\/comprasyconsejos.store\/en\/product\/offtek-8gb-memoria-ram-de-repuesto-para-hp-compaq-pavilion-notebook-16-a0400ng-gaming-ddr4-25600-pc4-3200-memoria-para-portatil\/","title":{"rendered":"OFFTEK 8GB Memoria RAM de Repuesto para HP-Compaq Pavilion Notebook 16-a0400ng Gaming (DDR4-25600 (PC4-3200)) Memoria para port\u00e1til"},"content":{"rendered":"<p>Price: <span style=\"color:#b12704\">\u20ac85.91<\/span><br \/><i><small>(as of Feb 27, 2026 07:50:40 UTC &#8211; <span class=\"wp_automatic_amazon_disclaimer\" title=\"Product prices and availability are accurate as of the date\/time indicated and are subject to change. Any price and availability information displayed on [relevant Amazon Site(s), as applicable] at the time of purchase will apply to the purchase of this product.\">Details<\/span>)<\/small><\/i><\/p>\n<p><a href=\"https:\/\/amazon.es\/dp\/B0C5483839?tag=man008-21\"><img decoding=\"async\" src=\"https:\/\/valvepress.s3.amazonaws.com\/imgs\/buy_now.png\"><\/a><br \/>\n<br \/>\n    <span>OFFTEK 8GB Memoria RAM de repuesto para HP-Compaq Pavilion Notebook 16-a0400ng Gaming (DDR4-25600 (PC4-3200)) Memoria para port\u00e1til<\/p>\n<p> <\/span><span class=\"a-text-bold\">N\u00famero de pieza de OFFTEK :-<\/span><span> FT8GSK64V13U-2078331<\/p>\n<p> <\/span><span class=\"a-text-bold\">Capacidad :-<\/span><span> 8GB M\u00f3dulo<\/p>\n<p> <\/span><span class=\"a-text-bold\">Factor de forma :-<\/span><span> DIMM 260-pin<\/p>\n<p> <\/span><span class=\"a-text-bold\">Tipo de memoria :-<\/span><span> DDR4 SDRAM<\/p>\n<p> <\/span><span class=\"a-text-bold\">Ancho de banda :-<\/span><span> DDR4-25600 (PC4-3200)<\/p>\n<p> <\/span><span class=\"a-text-bold\">Especificaciones de memoria :-<\/span><span> 260 Pin 1.2v DDR4 PC4-25600 SoDimm<\/p>\n<p> <\/span><span class=\"a-text-bold\">Equivalente a Parte OEM :-<\/span><span> 2078331-HP-8192<\/p>\n<p> <\/span><span class=\"a-text-bold\">Memoria de primera marca<\/span><span> <\/p>\n<p>S\u00f3lo utilizamos m\u00f3dulos de memoria de marca de los principales fabricantes.<\/p>\n<p> <\/span><span class=\"a-text-bold\">Compatibilidad 100%<\/span><span> <\/p>\n<p>Cada producto de memoria seleccionado espec\u00edficamente para su equipo ha sido probado individualmente para garantizar su fiabilidad y compatibilidad 100% con el equipo y el sistema operativo.<\/p>\n<p> <\/span><span class=\"a-text-bold\">Garant\u00eda limitada de por vida<\/span><span> <\/p>\n<p>Tenga la seguridad de que su memoria le durar\u00e1 de por vida. Nuestra garant\u00eda de por vida garantiza que si su memoria le falla alguna vez le reemplazaremos o repararemos el producto sin gastos, con tal de que a\u00fan se est\u00e9 fabricando.<\/span>    <br \/> Product Dimensions                                            \u200f                                            :                                            \u200e                                            6.86 x 1.09 x 2.79 cm; 9.07 g   <br \/> Manufacturer                                            \u200f                                            :                                            \u200e                                            Offtek   <br \/> ASIN                                            \u200f                                            :                                            \u200e                                            B0C5483839   <br \/> Manufacturer reference                                            \u200f                                            :                                            \u200e                                            2078331-HP-8192   <br \/> Country\/Region of Origin                                            \u200f                                            :                                            \u200e                                            Hong Kong   <br \/> Guaranteed software updates until                                            \u200f                                            :                                            \u200e                                            unknown   <\/p>\n<p>F\u00e1cil instalaci\u00f3n. La RAM es una de las formas m\u00e1s f\u00e1ciles de actualizar su m\u00e1quina. No se requiere actualizaci\u00f3n de software o sistema operativo. (Plug &#038; Play). Gu\u00edas de instalaci\u00f3n de OFFTEK.<br \/>Mejore el rendimiento general de la m\u00e1quina. Tiempos de puesta en marcha m\u00e1s r\u00e1pidos. Productividad incrementada. Aumento de la multitarea. Prolonga la vida de la m\u00e1quina.<br \/>Garant\u00eda limitada de por vida: aseg\u00farese de que su memoria dure toda la vida. Nuestra garant\u00eda limitada de por vida garantiza que si su memoria falla, la reemplazaremos o repararemos sin cargo siempre que siga fabricada.<br \/>La memoria OFFTEK se fabrica con componentes de primera calidad. Las pruebas a nivel de m\u00f3dulo garantizan una fiabilidad a largo plazo respaldada por m\u00e1s de 25 a\u00f1os de experiencia en memoria.<br \/>100% de compatibilidad: cada producto de memoria dise\u00f1ado espec\u00edficamente para su m\u00e1quina se prueba individualmente para garantizar el 100% de confiabilidad y compatibilidad con su computadora y sistema operativo.<\/p>\n\n","protected":false},"excerpt":{"rendered":"<p> OFFTEK 8GB Memoria RAM de repuesto para HP-Compaq Pavilion Notebook 16-a0400ng Gaming (DDR4-25600 (PC4-3200)) Memoria<\/p>","protected":false},"featured_media":35887,"comment_status":"open","ping_status":"closed","template":"","meta":[],"product_brand":[],"product_cat":[77],"product_tag":[10254,1480,1481,622,1478,6185,1479,1484,617,1482,6103,1483,3992,1067,6101,3954,6104,6186,4217,587,1487,6102,1486],"class_list":{"0":"post-35886","1":"product","2":"type-product","3":"status-publish","4":"has-post-thumbnail","6":"product_cat-memory-ram","7":"product_tag-16a0400ng","8":"product_tag-16gb-ram","9":"product_tag-32gb-ram","10":"product_tag-8gb","11":"product_tag-ddr4-ram","12":"product_tag-ddr425600","13":"product_tag-ddr5-ram","14":"product_tag-desktop-ram","15":"product_tag-gaming","16":"product_tag-gaming-ram","17":"product_tag-hpcompaq","18":"product_tag-laptop-ram","19":"product_tag-memoria","20":"product_tag-notebook","21":"product_tag-offtek","22":"product_tag-para","23":"product_tag-pavilion","24":"product_tag-pc43200","25":"product_tag-portatil","26":"product_tag-ram","27":"product_tag-ram-price","28":"product_tag-repuesto","29":"product_tag-rgb-ram","31":"first","32":"instock","33":"shipping-taxable","34":"product-type-external"},"_links":{"self":[{"href":"https:\/\/comprasyconsejos.store\/en\/wp-json\/wp\/v2\/product\/35886","targetHints":{"allow":["GET"]}}],"collection":[{"href":"https:\/\/comprasyconsejos.store\/en\/wp-json\/wp\/v2\/product"}],"about":[{"href":"https:\/\/comprasyconsejos.store\/en\/wp-json\/wp\/v2\/types\/product"}],"replies":[{"embeddable":true,"href":"https:\/\/comprasyconsejos.store\/en\/wp-json\/wp\/v2\/comments?post=35886"}],"version-history":[{"count":0,"href":"https:\/\/comprasyconsejos.store\/en\/wp-json\/wp\/v2\/product\/35886\/revisions"}],"wp:featuredmedia":[{"embeddable":true,"href":"https:\/\/comprasyconsejos.store\/en\/wp-json\/wp\/v2\/media\/35887"}],"wp:attachment":[{"href":"https:\/\/comprasyconsejos.store\/en\/wp-json\/wp\/v2\/media?parent=35886"}],"wp:term":[{"taxonomy":"product_brand","embeddable":true,"href":"https:\/\/comprasyconsejos.store\/en\/wp-json\/wp\/v2\/product_brand?post=35886"},{"taxonomy":"product_cat","embeddable":true,"href":"https:\/\/comprasyconsejos.store\/en\/wp-json\/wp\/v2\/product_cat?post=35886"},{"taxonomy":"product_tag","embeddable":true,"href":"https:\/\/comprasyconsejos.store\/en\/wp-json\/wp\/v2\/product_tag?post=35886"}],"curies":[{"name":"wp","href":"https:\/\/api.w.org\/{rel}","templated":true}]}}