{"id":35892,"date":"2026-02-27T08:25:26","date_gmt":"2026-02-27T08:25:26","guid":{"rendered":"https:\/\/comprasyconsejos.store\/product\/pny-geforce-rtx-5050-8gb-single-fan-dlss-4\/"},"modified":"2026-02-27T08:25:29","modified_gmt":"2026-02-27T08:25:29","slug":"pny-geforce-rtx-5050-8gb-single-fan-dlss-4","status":"publish","type":"product","link":"https:\/\/comprasyconsejos.store\/en\/product\/pny-geforce-rtx-5050-8gb-single-fan-dlss-4\/","title":{"rendered":"PNY GEFORCE RTX 5050 8GB Single Fan DLSS 4"},"content":{"rendered":"<p>Price: <span style=\"color:#b12704\">\u20ac294.87<\/span><br \/><i><small>(as of Feb 27, 2026 08:25:26 UTC &#8211; <span class=\"wp_automatic_amazon_disclaimer\" title=\"Product prices and availability are accurate as of the date\/time indicated and are subject to change. Any price and availability information displayed on [relevant Amazon Site(s), as applicable] at the time of purchase will apply to the purchase of this product.\">Details<\/span>)<\/small><\/i><\/p>\n<p><a href=\"https:\/\/amazon.es\/dp\/B0FSSZY5FL?tag=man008-21\"><img decoding=\"async\" src=\"https:\/\/valvepress.s3.amazonaws.com\/imgs\/buy_now.png\"><\/a><br \/>\n<\/p>\n<p>                                             From the manufacturer   <\/p>\n<p>                                                  <img decoding=\"async\" alt=\"El texto dice \u00abGame Changer de la serie GEFORCE RTX 50\u00bb seguido de la descripci\u00f3n del producto. Muestra la tarjeta gr\u00e1fica con una iluminaci\u00f3n LED azul sobre un fondo oscuro.\" src=\"https:\/\/images-na.ssl-images-amazon.com\/images\/G\/01\/x-locale\/common\/grey-pixel.gif\" class=\"a-lazy-loaded\" data-src=\"https:\/\/m.media-amazon.com\/images\/S\/aplus-media-library-service-media\/11eacade-1664-4cde-8fcb-63c1b5084eea.__CR0,0,970,300_PT0_SX970_V1___.jpg\"><img decoding=\"async\" alt=\"El texto dice \u00abGame Changer de la serie GEFORCE RTX 50\u00bb seguido de la descripci\u00f3n del producto. Muestra la tarjeta gr\u00e1fica con una iluminaci\u00f3n LED azul sobre un fondo oscuro.\" src=\"https:\/\/m.media-amazon.com\/images\/S\/aplus-media-library-service-media\/11eacade-1664-4cde-8fcb-63c1b5084eea.__CR0,0,970,300_PT0_SX970_V1___.jpg\">  <\/p>\n<p>                                                  <img decoding=\"async\" alt=\"El texto dice \u00abLA MEJOR PLATAFORMA PARA JUGADORES Y CREADORES\u00bb, seguido de cinco iconos de funciones con descripciones sobre los n\u00facleos tensoriales, el trazado de rayos, el DLSS y las capacidades de creaci\u00f3n de contenido.\" src=\"https:\/\/images-na.ssl-images-amazon.com\/images\/G\/01\/x-locale\/common\/grey-pixel.gif\" class=\"a-lazy-loaded\" data-src=\"https:\/\/m.media-amazon.com\/images\/S\/aplus-media-library-service-media\/7b1cfcbd-f7b0-401b-a271-9d4841d73270.__CR0,0,970,300_PT0_SX970_V1___.jpg\"><img decoding=\"async\" alt=\"El texto dice \u00abLA MEJOR PLATAFORMA PARA JUGADORES Y CREADORES\u00bb, seguido de cinco iconos de funciones con descripciones sobre los n\u00facleos tensoriales, el trazado de rayos, el DLSS y las capacidades de creaci\u00f3n de contenido.\" src=\"https:\/\/m.media-amazon.com\/images\/S\/aplus-media-library-service-media\/7b1cfcbd-f7b0-401b-a271-9d4841d73270.__CR0,0,970,300_PT0_SX970_V1___.jpg\">  <\/p>\n<p>                                                  <img decoding=\"async\" alt=\"El texto dice \u00abVentilador ultrasilencioso\u00bb, \u00abDise\u00f1o de carcasa de alta densidad\u00bb, \u00abDisipaci\u00f3n eficiente del calor\u00bb, \u00abUltracompatibilidad\u00bb. Diagrama t\u00e9cnico del componente del ventilador de refrigeraci\u00f3n del ordenador.\" src=\"https:\/\/images-na.ssl-images-amazon.com\/images\/G\/01\/x-locale\/common\/grey-pixel.gif\" class=\"a-lazy-loaded\" data-src=\"https:\/\/m.media-amazon.com\/images\/S\/aplus-media-library-service-media\/932ee6cc-3d96-4f7f-91e9-02b7503a006d.__CR0,0,970,300_PT0_SX970_V1___.jpg\"><img decoding=\"async\" alt=\"El texto dice \u00abVentilador ultrasilencioso\u00bb, \u00abDise\u00f1o de carcasa de alta densidad\u00bb, \u00abDisipaci\u00f3n eficiente del calor\u00bb, \u00abUltracompatibilidad\u00bb. Diagrama t\u00e9cnico del componente del ventilador de refrigeraci\u00f3n del ordenador.\" src=\"https:\/\/m.media-amazon.com\/images\/S\/aplus-media-library-service-media\/932ee6cc-3d96-4f7f-91e9-02b7503a006d.__CR0,0,970,300_PT0_SX970_V1___.jpg\">  <\/p>\n<p>                                                  <img decoding=\"async\" alt=\"El texto dice \u00abVELOCITYX\u00bb y \u00abLibera tu verdadero potencial\u00bb. La captura de pantalla muestra una interfaz oscura con detalles en azul y una pantalla de m\u00e9tricas de rendimiento.\" src=\"https:\/\/images-na.ssl-images-amazon.com\/images\/G\/01\/x-locale\/common\/grey-pixel.gif\" class=\"a-lazy-loaded\" data-src=\"https:\/\/m.media-amazon.com\/images\/S\/aplus-media-library-service-media\/0639e45b-396c-4e1e-b100-f4c9174096b1.__CR0,0,970,300_PT0_SX970_V1___.jpg\"><img decoding=\"async\" alt=\"El texto dice \u00abVELOCITYX\u00bb y \u00abLibera tu verdadero potencial\u00bb. La captura de pantalla muestra una interfaz oscura con detalles en azul y una pantalla de m\u00e9tricas de rendimiento.\" src=\"https:\/\/m.media-amazon.com\/images\/S\/aplus-media-library-service-media\/0639e45b-396c-4e1e-b100-f4c9174096b1.__CR0,0,970,300_PT0_SX970_V1___.jpg\">  <\/p>\n<p> Product Dimensions                                            \u200f                                            :                                            \u200e                                            32.86 x 13.7 x 0.1 cm; 680 g   <br \/> Manufacturer                                            \u200f                                            :                                            \u200e                                            PNY   <br \/> ASIN                                            \u200f                                            :                                            \u200e                                            B0FSSZY5FL   <br \/> Item model number                                            \u200f                                            :                                            \u200e                                            VCG50508SFXPB1   <br \/> Country of origin                                            \u200f                                            :                                            \u200e                                            Vietnam   <br \/> Guaranteed software updates until                                            \u200f                                            :                                            \u200e                                            unknown   <br \/>  Customer reviews:                                                                                            4.5               4.5 out of 5 stars                                  (1,500)                                              var dpAcrHasRegisteredArcLinkClickAction;                    P.when(&#8216;A&#8217;, &#8216;ready&#8217;).execute(function(A) {                        if (dpAcrHasRegisteredArcLinkClickAction !== true) {                            dpAcrHasRegisteredArcLinkClickAction = true;                            A.declarative(                                &#8216;acrLink-click-metrics&#8217;, &#8216;click&#8217;,                                { \u00aballowLinkDefault\u00bb: true },                                function (event) {                                    if (window.ue) {                                        ue.count(\u00abacrLinkClickCount\u00bb, (ue.count(\u00abacrLinkClickCount\u00bb) || 0) + 1);                                    }                                }                            );                        }                    });                                             P.when(&#8216;A&#8217;, &#8216;cf&#8217;).execute(function(A) {                A.declarative(&#8216;acrStarsLink-click-metrics&#8217;, &#8216;click&#8217;, { \u00aballowLinkDefault\u00bb : true },  function(event){                    if(window.ue) {                        ue.count(\u00abacrStarsLinkWithPopoverClickCount\u00bb, (ue.count(\u00abacrStarsLinkWithPopoverClickCount\u00bb) || 0) + 1);                    }                });            });                          <\/p>\n<p>Featuring NVIDIA DLSS 4 technology, ultra-efficient Blackwell architecture, and full ray tracing.<br \/>NVIDIA Blackwell, with a core clock speed of 2317 MHz and a turbo clock speed of 2572 MHz to meet the needs of the most demanding games.<br \/>8GB GDDR7 (128-bit) onboard memory, coupled with 2560 CUDA processing cores and up to 320GB\/s memory bandwidth, provide the memory needed to create stunning visual realism.<br \/>PCI Express 5.0 interface: offers compatibility with a wide range of systems. It also includes DisplayPort and HDMI outputs for increased connectivity.<br \/>VelocityX software: Get full control over your PNY graphics card to maximize your performance.<\/p>\n\n","protected":false},"excerpt":{"rendered":"<p> From the manufacturer Product Dimensions \u200f : \u200e 32.86 x 13.7 x 0.1 cm; 680<\/p>","protected":false},"featured_media":35893,"comment_status":"open","ping_status":"closed","template":"","meta":[],"product_brand":[],"product_cat":[75],"product_tag":[622,1432,1427,1433,2799,910,1428,620,599,1425,1426,5998,621,1429,1430,1431,1905],"class_list":{"0":"post-35892","1":"product","2":"type-product","3":"status-publish","4":"has-post-thumbnail","6":"product_cat-graphics-cards","7":"product_tag-8gb","8":"product_tag-8gb-graphics-card","9":"product_tag-amd-radeon-gpu","10":"product_tag-best-gpu","11":"product_tag-dlss","12":"product_tag-fan","13":"product_tag-gaming-graphics-card","14":"product_tag-geforce","15":"product_tag-gpu","16":"product_tag-graphics-card","17":"product_tag-nvidia-rtx-graphics-card","18":"product_tag-pny","19":"product_tag-rtx","20":"product_tag-rtx-4060","21":"product_tag-rtx-4070","22":"product_tag-rtx-4080","23":"product_tag-single","25":"first","26":"instock","27":"shipping-taxable","28":"product-type-external"},"_links":{"self":[{"href":"https:\/\/comprasyconsejos.store\/en\/wp-json\/wp\/v2\/product\/35892","targetHints":{"allow":["GET"]}}],"collection":[{"href":"https:\/\/comprasyconsejos.store\/en\/wp-json\/wp\/v2\/product"}],"about":[{"href":"https:\/\/comprasyconsejos.store\/en\/wp-json\/wp\/v2\/types\/product"}],"replies":[{"embeddable":true,"href":"https:\/\/comprasyconsejos.store\/en\/wp-json\/wp\/v2\/comments?post=35892"}],"version-history":[{"count":0,"href":"https:\/\/comprasyconsejos.store\/en\/wp-json\/wp\/v2\/product\/35892\/revisions"}],"wp:featuredmedia":[{"embeddable":true,"href":"https:\/\/comprasyconsejos.store\/en\/wp-json\/wp\/v2\/media\/35893"}],"wp:attachment":[{"href":"https:\/\/comprasyconsejos.store\/en\/wp-json\/wp\/v2\/media?parent=35892"}],"wp:term":[{"taxonomy":"product_brand","embeddable":true,"href":"https:\/\/comprasyconsejos.store\/en\/wp-json\/wp\/v2\/product_brand?post=35892"},{"taxonomy":"product_cat","embeddable":true,"href":"https:\/\/comprasyconsejos.store\/en\/wp-json\/wp\/v2\/product_cat?post=35892"},{"taxonomy":"product_tag","embeddable":true,"href":"https:\/\/comprasyconsejos.store\/en\/wp-json\/wp\/v2\/product_tag?post=35892"}],"curies":[{"name":"wp","href":"https:\/\/api.w.org\/{rel}","templated":true}]}}