{"id":35898,"date":"2026-02-27T08:41:11","date_gmt":"2026-02-27T08:41:11","guid":{"rendered":"https:\/\/comprasyconsejos.store\/product\/fractal-design-meshify-2-black-mid-tower-atx-tempered-glass-panel-tinted-flexible-design-for-pc\/"},"modified":"2026-02-27T08:41:13","modified_gmt":"2026-02-27T08:41:13","slug":"fractal-design-meshify-2-black-mid-tower-atx-tempered-glass-panel-tinted-flexible-design-for-pc","status":"publish","type":"product","link":"https:\/\/comprasyconsejos.store\/en\/product\/fractal-design-meshify-2-black-mid-tower-atx-tempered-glass-panel-tinted-flexible-design-for-pc\/","title":{"rendered":"Fractal Design Meshify 2 Black Mid Tower ATX Tempered Glass Panel Tinted Flexible Design for PC"},"content":{"rendered":"<p>Price: <span style=\"color:#b12704\"><del>\u20ac174.99<\/del> - \u20ac178.66<\/span><br \/><i><small>(as of Feb 27, 2026 08:41:11 UTC &#8211; <span class=\"wp_automatic_amazon_disclaimer\" title=\"Product prices and availability are accurate as of the date\/time indicated and are subject to change. Any price and availability information displayed on [relevant Amazon Site(s), as applicable] at the time of purchase will apply to the purchase of this product.\">Details<\/span>)<\/small><\/i><\/p>\n<p><a href=\"https:\/\/amazon.es\/dp\/B0822ZD9NP?tag=man008-21\"><img decoding=\"async\" src=\"https:\/\/valvepress.s3.amazonaws.com\/imgs\/buy_now.png\"><\/a><br \/>\n<\/p>\n<p>                                             From the brand   <\/p>\n<p>                                              <img decoding=\"async\" alt=\"Brand Story\" src=\"https:\/\/images-na.ssl-images-amazon.com\/images\/G\/01\/x-locale\/common\/grey-pixel.gif\" class=\"a-lazy-loaded\" data-src=\"https:\/\/m.media-amazon.com\/images\/S\/aplus-media-library-service-media\/4160dec3-574d-4474-a5ba-f7e4480c6aa9.__CR0,260,3840,1639_PT0_SX1464_V1___.jpg\"><img decoding=\"async\" alt=\"Brand Story\" src=\"https:\/\/m.media-amazon.com\/images\/S\/aplus-media-library-service-media\/4160dec3-574d-4474-a5ba-f7e4480c6aa9.__CR0,260,3840,1639_PT0_SX1464_V1___.jpg\">  <\/p>\n<p>                                              <img decoding=\"async\" alt=\"About Fractal\" src=\"https:\/\/images-na.ssl-images-amazon.com\/images\/G\/01\/x-locale\/common\/grey-pixel.gif\" class=\"a-lazy-loaded\" data-src=\"https:\/\/m.media-amazon.com\/images\/S\/aplus-media-library-service-media\/bdf6c9a8-fbbc-43c8-b4f5-68debaf373e2.__CR1,0,1079,1350_PT0_SX362_V1___.jpg\"><img decoding=\"async\" alt=\"About Fractal\" src=\"https:\/\/m.media-amazon.com\/images\/S\/aplus-media-library-service-media\/bdf6c9a8-fbbc-43c8-b4f5-68debaf373e2.__CR1,0,1079,1350_PT0_SX362_V1___.jpg\">  <\/p>\n<h3> Novedades <\/h3>\n<p class=\"apm-brand-story-stores-link\">\n<h3> ITX <\/h3>\n<p class=\"apm-brand-story-stores-link\">\n<h3> ATX <\/h3>\n<p class=\"apm-brand-story-stores-link\">\n<h3> E-ATX <\/h3>\n<p class=\"apm-brand-story-stores-link\">\n<h3> Sillas <\/h3>\n<p class=\"apm-brand-story-stores-link\">\n<h3> Refrigeraci\u00f3n l\u00edquida <\/h3>\n<p class=\"apm-brand-story-stores-link\">\n<h3> Ventiladores <\/h3>\n<p class=\"apm-brand-story-stores-link\">\n<h3> Fuentes de alimentaci\u00f3n <\/h3>\n<p class=\"apm-brand-story-stores-link\">\n<h3> Accesorios <\/h3>\n<p class=\"apm-brand-story-stores-link\">\n<p> Batteries                                            \u200f                                            :                                            \u200e                                            1 Lithium Ion batteries required.   <br \/> Language                                            \u200f                                            :                                            \u200e                                            English, English, English, English   <br \/> Product Dimensions                                            \u200f                                            :                                            \u200e                                            54.2 x 24 x 47.4 cm; 10.5 kg   <br \/> Manufacturer                                            \u200f                                            :                                            \u200e                                            Fractal Design   <br \/> ASIN                                            \u200f                                            :                                            \u200e                                            B0822ZD9NP   <br \/> Item model number                                            \u200f                                            :                                            \u200e                                            FD-C-MES2A-03   <br \/> Country of origin                                            \u200f                                            :                                            \u200e                                            Spain   <br \/> Guaranteed software updates until                                            \u200f                                            :                                            \u200e                                            unknown   <br \/>  Customer reviews:                                                                                            4.8               4.8 out of 5 stars                                  (470)                                              var dpAcrHasRegisteredArcLinkClickAction;                    P.when(&#8216;A&#8217;, &#8216;ready&#8217;).execute(function(A) {                        if (dpAcrHasRegisteredArcLinkClickAction !== true) {                            dpAcrHasRegisteredArcLinkClickAction = true;                            A.declarative(                                &#8216;acrLink-click-metrics&#8217;, &#8216;click&#8217;,                                { \u00aballowLinkDefault\u00bb: true },                                function (event) {                                    if (window.ue) {                                        ue.count(\u00abacrLinkClickCount\u00bb, (ue.count(\u00abacrLinkClickCount\u00bb) || 0) + 1);                                    }                                }                            );                        }                    });                                             P.when(&#8216;A&#8217;, &#8216;cf&#8217;).execute(function(A) {                A.declarative(&#8216;acrStarsLink-click-metrics&#8217;, &#8216;click&#8217;, { \u00aballowLinkDefault\u00bb : true },  function(event){                    if(window.ue) {                        ue.count(\u00abacrStarsLinkWithPopoverClickCount\u00bb, (ue.count(\u00abacrStarsLinkWithPopoverClickCount\u00bb) || 0) + 1);                    }                });            });                          <\/p>\n<p>Flexible Adaptive Design: Fractal&#8217;s Meshify 2 enclosure allows optimized cable management and customized storage for efficient airflow.<br \/>TEMPERED GLASS CONSTRUCTION &#8211; Tinted tempered glass side panel offers a clear view of components while providing a sleek, modern finish.<br \/>Excellent Airflow: Ventilated front mesh promotes maximum airflow to keep PC components cool even during intensive tasks.<br \/>Easy installation and maintenance: Easy access to the interior without tools thanks to its removable side panels. Easy to add, change components and maintain cleanliness.<br \/>Amplitude for expansion: Ample interior space allows the installation of multiple storage drives and large graphics cards.<\/p>\n\n","protected":false},"excerpt":{"rendered":"<p> From the brand Novedades ITX ATX E-ATX Sillas Refrigeraci\u00f3n l\u00edquida Ventiladores Fuentes de alimentaci\u00f3n Accesorios<\/p>","protected":false},"featured_media":35899,"comment_status":"open","ping_status":"closed","template":"","meta":[],"product_brand":[],"product_cat":[74],"product_tag":[1370,1458,1364,1371,307,1367,939,4683,2993,1363,1677,10259,3531,1365,1369,1033,1362,1366,1676,1368,10260,1750],"class_list":{"0":"post-35898","1":"product","2":"type-product","3":"status-publish","4":"has-post-thumbnail","6":"product_cat-cases","7":"product_tag-airflow-pc-case","8":"product_tag-atx","9":"product_tag-atx-case","10":"product_tag-best-pc-case","11":"product_tag-black","12":"product_tag-computer-cabinet","13":"product_tag-design","14":"product_tag-flexible","15":"product_tag-fractal","16":"product_tag-gaming-pc-case","17":"product_tag-glass","18":"product_tag-meshify","19":"product_tag-mid","20":"product_tag-mid-tower-case","21":"product_tag-mini-itx-case","22":"product_tag-panel","23":"product_tag-pc-case","24":"product_tag-rgb-pc-case","25":"product_tag-tempered","26":"product_tag-tempered-glass-case","27":"product_tag-tinted","28":"product_tag-tower","30":"first","31":"instock","32":"shipping-taxable","33":"product-type-external"},"_links":{"self":[{"href":"https:\/\/comprasyconsejos.store\/en\/wp-json\/wp\/v2\/product\/35898","targetHints":{"allow":["GET"]}}],"collection":[{"href":"https:\/\/comprasyconsejos.store\/en\/wp-json\/wp\/v2\/product"}],"about":[{"href":"https:\/\/comprasyconsejos.store\/en\/wp-json\/wp\/v2\/types\/product"}],"replies":[{"embeddable":true,"href":"https:\/\/comprasyconsejos.store\/en\/wp-json\/wp\/v2\/comments?post=35898"}],"version-history":[{"count":0,"href":"https:\/\/comprasyconsejos.store\/en\/wp-json\/wp\/v2\/product\/35898\/revisions"}],"wp:featuredmedia":[{"embeddable":true,"href":"https:\/\/comprasyconsejos.store\/en\/wp-json\/wp\/v2\/media\/35899"}],"wp:attachment":[{"href":"https:\/\/comprasyconsejos.store\/en\/wp-json\/wp\/v2\/media?parent=35898"}],"wp:term":[{"taxonomy":"product_brand","embeddable":true,"href":"https:\/\/comprasyconsejos.store\/en\/wp-json\/wp\/v2\/product_brand?post=35898"},{"taxonomy":"product_cat","embeddable":true,"href":"https:\/\/comprasyconsejos.store\/en\/wp-json\/wp\/v2\/product_cat?post=35898"},{"taxonomy":"product_tag","embeddable":true,"href":"https:\/\/comprasyconsejos.store\/en\/wp-json\/wp\/v2\/product_tag?post=35898"}],"curies":[{"name":"wp","href":"https:\/\/api.w.org\/{rel}","templated":true}]}}