{"id":35901,"date":"2026-02-27T09:54:17","date_gmt":"2026-02-27T09:54:17","guid":{"rendered":"https:\/\/comprasyconsejos.store\/product\/rocketek-usb-c-micro-sd-card-reader-usb-otg-compatible-with-macbook-samsung-galaxy-laptop-usb-c-phone\/"},"modified":"2026-02-27T09:54:19","modified_gmt":"2026-02-27T09:54:19","slug":"rocketek-usb-c-micro-sd-card-reader-usb-otg-compatible-with-macbook-samsung-galaxy-laptop-usb-c-phone","status":"publish","type":"product","link":"https:\/\/comprasyconsejos.store\/en\/product\/rocketek-usb-c-micro-sd-card-reader-usb-otg-compatible-with-macbook-samsung-galaxy-laptop-usb-c-phone\/","title":{"rendered":"Rocketek USB C Micro SD Card Reader, USB OTG, Compatible with MacBook, Samsung Galaxy, Laptop, USB-C Phone"},"content":{"rendered":"<p>Price: <span style=\"color:#b12704\"><del>\u20ac14.88<\/del> - \u20ac11.88<\/span><br \/><i><small>(as of Feb 27, 2026 09:54:17 UTC &#8211; <span class=\"wp_automatic_amazon_disclaimer\" title=\"Product prices and availability are accurate as of the date\/time indicated and are subject to change. Any price and availability information displayed on [relevant Amazon Site(s), as applicable] at the time of purchase will apply to the purchase of this product.\">Details<\/span>)<\/small><\/i><\/p>\n<p><a href=\"https:\/\/amazon.es\/dp\/B0BZP5J6PJ?tag=man008-21\"><img decoding=\"async\" src=\"https:\/\/valvepress.s3.amazonaws.com\/imgs\/buy_now.png\"><\/a><br \/>\n<\/p>\n<p>                                             From the brand   <\/p>\n<p>                                              <img decoding=\"async\" alt=\"aplus content image\" src=\"https:\/\/images-na.ssl-images-amazon.com\/images\/G\/01\/x-locale\/common\/grey-pixel.gif\" class=\"a-lazy-loaded\" data-src=\"https:\/\/m.media-amazon.com\/images\/S\/aplus-media-library-service-media\/66220ea4-00af-40ec-9cad-881941c58c8d.__CR0,0,1464,625_PT0_SX1464_V1___.jpg\"><img decoding=\"async\" alt=\"aplus content image\" src=\"https:\/\/m.media-amazon.com\/images\/S\/aplus-media-library-service-media\/66220ea4-00af-40ec-9cad-881941c58c8d.__CR0,0,1464,625_PT0_SX1464_V1___.jpg\">  <\/p>\n<p>                                              <img decoding=\"async\" alt=\"aplus content image\" src=\"https:\/\/images-na.ssl-images-amazon.com\/images\/G\/01\/x-locale\/common\/grey-pixel.gif\" class=\"a-lazy-loaded\" data-src=\"https:\/\/m.media-amazon.com\/images\/S\/aplus-media-library-service-media\/e5864494-ddad-4420-a8b9-7a05e27c18d4.__CR0,0,362,453_PT0_SX362_V1___.png\"><img decoding=\"async\" alt=\"aplus content image\" src=\"https:\/\/m.media-amazon.com\/images\/S\/aplus-media-library-service-media\/e5864494-ddad-4420-a8b9-7a05e27c18d4.__CR0,0,362,453_PT0_SX362_V1___.png\">  <\/p>\n<h3> 13 en 1 Microsoft Surface Dock <\/h3>\n<h3> CFexpress Type B Card Reader <\/h3>\n<h3> 7 in 2 USB C SD Kartenleser <\/h3>\n<h3> Lector de Tarjetas Chip USB <\/h3>\n<h3> Lector de Tarjetas <\/h3>\n<h3> Lector de Tarjetas <\/h3>\n<p>                                              <img decoding=\"async\" alt=\"El texto dice: \u00abAlmac\u00e9n y log\u00edstica confiables, con un sistema de gesti\u00f3n seguro y eficiente, todos los productos se le entregar\u00e1n de manera oportuna y sin da\u00f1os\u00bb. Interior del almac\u00e9n con montacargas y estanter\u00edas.\" src=\"https:\/\/images-na.ssl-images-amazon.com\/images\/G\/01\/x-locale\/common\/grey-pixel.gif\" class=\"a-lazy-loaded\" data-src=\"https:\/\/m.media-amazon.com\/images\/S\/aplus-media-library-service-media\/0dd8daf8-d6e6-4051-953e-99486ffbec7f.__CR0,0,362,453_PT0_SX362_V1___.png\"><img decoding=\"async\" alt=\"El texto dice: \u00abAlmac\u00e9n y log\u00edstica confiables, con un sistema de gesti\u00f3n seguro y eficiente, todos los productos se le entregar\u00e1n de manera oportuna y sin da\u00f1os\u00bb. Interior del almac\u00e9n con montacargas y estanter\u00edas.\" src=\"https:\/\/m.media-amazon.com\/images\/S\/aplus-media-library-service-media\/0dd8daf8-d6e6-4051-953e-99486ffbec7f.__CR0,0,362,453_PT0_SX362_V1___.png\">  <\/p>\n<p>                                              <img decoding=\"async\" alt=\"El texto dice \u00ablaboratorio l\u00edder en la industria\u00bb. Espacio de laboratorio de sala limpia con sistemas de estanter\u00edas y equipos de prueba organizados.\" src=\"https:\/\/images-na.ssl-images-amazon.com\/images\/G\/01\/x-locale\/common\/grey-pixel.gif\" class=\"a-lazy-loaded\" data-src=\"https:\/\/m.media-amazon.com\/images\/S\/aplus-media-library-service-media\/6625cdf6-17ee-46d5-b1ce-796a81317df5.__CR0,0,362,453_PT0_SX362_V1___.png\"><img decoding=\"async\" alt=\"El texto dice \u00ablaboratorio l\u00edder en la industria\u00bb. Espacio de laboratorio de sala limpia con sistemas de estanter\u00edas y equipos de prueba organizados.\" src=\"https:\/\/m.media-amazon.com\/images\/S\/aplus-media-library-service-media\/6625cdf6-17ee-46d5-b1ce-796a81317df5.__CR0,0,362,453_PT0_SX362_V1___.png\">  <\/p>\n<p>                                              <img decoding=\"async\" alt=\"El texto dice \u00abServicio con una sonrisa\u00bb, \u00ab\u00a1Equipo profesional de posventa!\u00bb , \u00abServicio en l\u00ednea las 24 horas del d\u00eda, los 7 d\u00edas de la semana\u00bb. Un representante de servicio al cliente lleva auriculares en un entorno profesional.\" src=\"https:\/\/images-na.ssl-images-amazon.com\/images\/G\/01\/x-locale\/common\/grey-pixel.gif\" class=\"a-lazy-loaded\" data-src=\"https:\/\/m.media-amazon.com\/images\/S\/aplus-media-library-service-media\/c500a1d5-784e-4705-a141-31d6c0c50e76.__CR0,0,362,453_PT0_SX362_V1___.png\"><img decoding=\"async\" alt=\"El texto dice \u00abServicio con una sonrisa\u00bb, \u00ab\u00a1Equipo profesional de posventa!\u00bb , \u00abServicio en l\u00ednea las 24 horas del d\u00eda, los 7 d\u00edas de la semana\u00bb. Un representante de servicio al cliente lleva auriculares en un entorno profesional.\" src=\"https:\/\/m.media-amazon.com\/images\/S\/aplus-media-library-service-media\/c500a1d5-784e-4705-a141-31d6c0c50e76.__CR0,0,362,453_PT0_SX362_V1___.png\">  <\/p>\n<p> Package Dimensions                                            \u200f                                            :                                            \u200e                                            13.5 x 8.8 x 0.8 cm; 10 g   <br \/> Manufacturer                                            \u200f                                            :                                            \u200e                                            Rocketek   <br \/> ASIN                                            \u200f                                            :                                            \u200e                                            B0BZP5J6PJ   <br \/> Guaranteed software updates until                                            \u200f                                            :                                            \u200e                                            unknown   <br \/>  Customer reviews:                                                                                            4.1               4.1 out of 5 stars                                  (264)                                              var dpAcrHasRegisteredArcLinkClickAction;                    P.when(&#8216;A&#8217;, &#8216;ready&#8217;).execute(function(A) {                        if (dpAcrHasRegisteredArcLinkClickAction !== true) {                            dpAcrHasRegisteredArcLinkClickAction = true;                            A.declarative(                                &#8216;acrLink-click-metrics&#8217;, &#8216;click&#8217;,                                { \u00aballowLinkDefault\u00bb: true },                                function (event) {                                    if (window.ue) {                                        ue.count(\u00abacrLinkClickCount\u00bb, (ue.count(\u00abacrLinkClickCount\u00bb) || 0) + 1);                                    }                                }                            );                        }                    });                                             P.when(&#8216;A&#8217;, &#8216;cf&#8217;).execute(function(A) {                A.declarative(&#8216;acrStarsLink-click-metrics&#8217;, &#8216;click&#8217;, { \u00aballowLinkDefault\u00bb : true },  function(event){                    if(window.ue) {                        ue.count(\u00abacrStarsLinkWithPopoverClickCount\u00bb, (ue.count(\u00abacrStarsLinkWithPopoverClickCount\u00bb) || 0) + 1);                    }                });            });                          <\/p>\n<p>\u2705 OTG Card Reader: With high speed for reading and writing (up to 480Mbps), you can connect to any mobile device with Type-C port, share videos or pictures with family or friends anytime anywhere.<br \/>\u2705Type-C Interface: Standard USB3.0 Type-C interface, compatible with Macbook, mobile phones or tablets. No drivers or software are required for Windows10 \/ 8\/7, Vista, XP, MAC OS 10, Android4.0 and above.<br \/>\u2705MINI DESIGN &#8211; Made of high quality zinc alloy material, exquisite and beautiful design. Mini size for laptop easily.<br \/>\u2705Card Compatibility: Support TF card (up to 128G). Expand the memory of your devices by downloading content.<br \/>\u2705Our product comes with a 12-month warranty. Please feel free to contact us if you have any questions about our product. We will always offer you the best solutions.<\/p>\n\n","protected":false},"excerpt":{"rendered":"<p> From the brand 13 en 1 Microsoft Surface Dock CFexpress Type B Card Reader 7<\/p>","protected":false},"featured_media":35902,"comment_status":"open","ping_status":"closed","template":"","meta":[],"product_brand":[],"product_cat":[47],"product_tag":[1420,1399,201,1411,165,159,1413,160,1407,1424,1409,1415,1164,1416,230,1417,1421,10261,249,1405,133,1403,188],"class_list":{"0":"post-35901","1":"product","2":"type-product","3":"status-publish","4":"has-post-thumbnail","6":"product_cat-card-readers","7":"product_tag-card","8":"product_tag-card-reader","9":"product_tag-compatible","10":"product_tag-fast-card-reader","11":"product_tag-galaxy","12":"product_tag-laptop","13":"product_tag-laptop-card-reader","14":"product_tag-macbook","15":"product_tag-memory-card-reader","16":"product_tag-micro","17":"product_tag-micro-sd-card-reader","18":"product_tag-multi-card-reader","19":"product_tag-otg","20":"product_tag-otg-card-reader","21":"product_tag-phone","22":"product_tag-portable-card-reader","23":"product_tag-reader","24":"product_tag-rocketek","25":"product_tag-samsung","26":"product_tag-sd-card-reader","27":"product_tag-usb","28":"product_tag-usb-card-reader","29":"product_tag-usbc","31":"first","32":"instock","33":"sale","34":"shipping-taxable","35":"product-type-external"},"_links":{"self":[{"href":"https:\/\/comprasyconsejos.store\/en\/wp-json\/wp\/v2\/product\/35901","targetHints":{"allow":["GET"]}}],"collection":[{"href":"https:\/\/comprasyconsejos.store\/en\/wp-json\/wp\/v2\/product"}],"about":[{"href":"https:\/\/comprasyconsejos.store\/en\/wp-json\/wp\/v2\/types\/product"}],"replies":[{"embeddable":true,"href":"https:\/\/comprasyconsejos.store\/en\/wp-json\/wp\/v2\/comments?post=35901"}],"version-history":[{"count":0,"href":"https:\/\/comprasyconsejos.store\/en\/wp-json\/wp\/v2\/product\/35901\/revisions"}],"wp:featuredmedia":[{"embeddable":true,"href":"https:\/\/comprasyconsejos.store\/en\/wp-json\/wp\/v2\/media\/35902"}],"wp:attachment":[{"href":"https:\/\/comprasyconsejos.store\/en\/wp-json\/wp\/v2\/media?parent=35901"}],"wp:term":[{"taxonomy":"product_brand","embeddable":true,"href":"https:\/\/comprasyconsejos.store\/en\/wp-json\/wp\/v2\/product_brand?post=35901"},{"taxonomy":"product_cat","embeddable":true,"href":"https:\/\/comprasyconsejos.store\/en\/wp-json\/wp\/v2\/product_cat?post=35901"},{"taxonomy":"product_tag","embeddable":true,"href":"https:\/\/comprasyconsejos.store\/en\/wp-json\/wp\/v2\/product_tag?post=35901"}],"curies":[{"name":"wp","href":"https:\/\/api.w.org\/{rel}","templated":true}]}}