{"id":35904,"date":"2026-02-27T09:56:41","date_gmt":"2026-02-27T09:56:41","guid":{"rendered":"https:\/\/comprasyconsejos.store\/product\/trust-roha-ii-max-usb-headphones-with-microphone-pc-over-ear-1-8-m-cable-85-recycled-plastic-usb-c-headsets-for-office-laptop-laptop-mac-zoom-teams-black\/"},"modified":"2026-02-27T09:56:49","modified_gmt":"2026-02-27T09:56:49","slug":"trust-roha-ii-max-usb-headphones-with-microphone-pc-over-ear-1-8-m-cable-85-recycled-plastic-usb-c-headsets-for-office-laptop-laptop-mac-zoom-teams-black","status":"publish","type":"product","link":"https:\/\/comprasyconsejos.store\/en\/product\/trust-roha-ii-max-usb-headphones-with-microphone-pc-over-ear-1-8-m-cable-85-recycled-plastic-usb-c-headsets-for-office-laptop-laptop-mac-zoom-teams-black\/","title":{"rendered":"Trust Roha II MAX USB Headphones with Microphone PC Over Ear, 1.8 m Cable, 85% Recycled Plastic, USB-C Headsets for Office Laptop Laptop Mac Zoom Teams, Black"},"content":{"rendered":"<p>Price: <span style=\"color:#b12704\"><del>\u20ac24.99<\/del> - \u20ac20.99<\/span><br \/><i><small>(as of Feb 27, 2026 09:56:41 UTC &#8211; <span class=\"wp_automatic_amazon_disclaimer\" title=\"Product prices and availability are accurate as of the date\/time indicated and are subject to change. Any price and availability information displayed on [relevant Amazon Site(s), as applicable] at the time of purchase will apply to the purchase of this product.\">Details<\/span>)<\/small><\/i><\/p>\n<p><a href=\"https:\/\/amazon.es\/dp\/B0FJFKGRQZ?tag=man008-21\"><img decoding=\"async\" src=\"https:\/\/valvepress.s3.amazonaws.com\/imgs\/buy_now.png\"><\/a><br \/>\n<\/p>\n<p>                                             From the brand   <\/p>\n<p>                                              <img decoding=\"async\" alt=\"Italia\" src=\"https:\/\/images-na.ssl-images-amazon.com\/images\/G\/01\/x-locale\/common\/grey-pixel.gif\" class=\"a-lazy-loaded\" data-src=\"https:\/\/m.media-amazon.com\/images\/S\/aplus-media-library-service-media\/c30e9660-15aa-4868-9b08-682f541c6ac7.__CR1,0,4999,2134_PT0_SX1464_V1___.jpg\"><img decoding=\"async\" alt=\"Italia\" src=\"https:\/\/m.media-amazon.com\/images\/S\/aplus-media-library-service-media\/c30e9660-15aa-4868-9b08-682f541c6ac7.__CR1,0,4999,2134_PT0_SX1464_V1___.jpg\">  <\/p>\n<p>                                              <img decoding=\"async\" alt=\"\" src=\"https:\/\/images-na.ssl-images-amazon.com\/images\/G\/01\/x-locale\/common\/grey-pixel.gif\" class=\"a-lazy-loaded\" data-src=\"https:\/\/m.media-amazon.com\/images\/S\/aplus-media-library-service-media\/6f2df02a-dbf1-49a6-a927-49ba150fd377.__CR285,0,4721,2173_PT0_SX315_V1___.jpg\"><img decoding=\"async\" alt=\"\" src=\"https:\/\/m.media-amazon.com\/images\/S\/aplus-media-library-service-media\/6f2df02a-dbf1-49a6-a927-49ba150fd377.__CR285,0,4721,2173_PT0_SX315_V1___.jpg\">  <\/p>\n<h3> Nuestra Historia <\/h3>\n<p> Trust International B.V. Fundada en 1983, es la marca de referencia de accesorios digitales de estilo de vida con la misi\u00f3n de simplificar la vida cotidiana con soluciones inteligentes y sostenibles. Trust tiene como objetivo seguir siendo relevante y pr\u00f3spero, ahora y en el futuro, con la sostenibilidad y la responsabilidad social de la empresa en el centro de su estrategia. <\/p>\n<h3>  Descubra Trust  <\/h3>\n<p class=\"apm-brand-story-stores-link\">\n<p>                                              <img decoding=\"async\" alt=\"aplus content image\" src=\"https:\/\/images-na.ssl-images-amazon.com\/images\/G\/01\/x-locale\/common\/grey-pixel.gif\" class=\"a-lazy-loaded\" data-src=\"https:\/\/m.media-amazon.com\/images\/S\/aplus-media-library-service-media\/4623b866-dbbc-479b-a609-5a1e0de59cae.__CR0,0,362,453_PT0_SX362_V1___.jpg\"><img decoding=\"async\" alt=\"aplus content image\" src=\"https:\/\/m.media-amazon.com\/images\/S\/aplus-media-library-service-media\/4623b866-dbbc-479b-a609-5a1e0de59cae.__CR0,0,362,453_PT0_SX362_V1___.jpg\">  <\/p>\n<p>                                              <img decoding=\"async\" alt=\"\" src=\"https:\/\/images-na.ssl-images-amazon.com\/images\/G\/01\/x-locale\/common\/grey-pixel.gif\" class=\"a-lazy-loaded\" data-src=\"https:\/\/m.media-amazon.com\/images\/S\/aplus-media-library-service-media\/650ac69c-c6a3-46df-8423-237e9b056111.__CR172,0,623,287_PT0_SX315_V1___.png\"><img decoding=\"async\" alt=\"\" src=\"https:\/\/m.media-amazon.com\/images\/S\/aplus-media-library-service-media\/650ac69c-c6a3-46df-8423-237e9b056111.__CR172,0,623,287_PT0_SX315_V1___.png\">  <\/p>\n<h3> Nuestro Compromiso <\/h3>\n<p> En Trust queremos que los accesorios digitales sean adecuados para la nueva normalidad. Aqu\u00ed para la gente. Aqu\u00ed por el planeta. Aqu\u00ed para la cartera. <\/p>\n<p> En el centro de cada una de nuestras acciones est\u00e1 la sostenibilidad. Estamos reduciendo cada vez m\u00e1s el tama\u00f1o de los envases y el uso de pl\u00e1sticos produciendo productos reciclados y dando pasos importantes para reducir las emisiones en cada etapa de la cadena de suministro. <\/p>\n<h3> Descubra Trust  <\/h3>\n<p class=\"apm-brand-story-stores-link\">\n<p> Product Dimensions                                            \u200f                                            :                                            \u200e                                            8 x 16 x 19 cm; 177 g   <br \/> Manufacturer                                            \u200f                                            :                                            \u200e                                            Trust   <br \/> ASIN                                            \u200f                                            :                                            \u200e                                            B0FJFKGRQZ   <br \/> Item model number                                            \u200f                                            :                                            \u200e                                            26015   <br \/> Country\/Region of Origin                                            \u200f                                            :                                            \u200e                                            China   <br \/> Guaranteed software updates until                                            \u200f                                            :                                            \u200e                                            unknown   <br \/>  Customer reviews:                                                                                            4.2               4.2 out of 5 stars                                  (224)                                              var dpAcrHasRegisteredArcLinkClickAction;                    P.when(&#8216;A&#8217;, &#8216;ready&#8217;).execute(function(A) {                        if (dpAcrHasRegisteredArcLinkClickAction !== true) {                            dpAcrHasRegisteredArcLinkClickAction = true;                            A.declarative(                                &#8216;acrLink-click-metrics&#8217;, &#8216;click&#8217;,                                { \u00aballowLinkDefault\u00bb: true },                                function (event) {                                    if (window.ue) {                                        ue.count(\u00abacrLinkClickCount\u00bb, (ue.count(\u00abacrLinkClickCount\u00bb) || 0) + 1);                                    }                                }                            );                        }                    });                                             P.when(&#8216;A&#8217;, &#8216;cf&#8217;).execute(function(A) {                A.declarative(&#8216;acrStarsLink-click-metrics&#8217;, &#8216;click&#8217;, { \u00aballowLinkDefault\u00bb : true },  function(event){                    if(window.ue) {                        ue.count(\u00abacrStarsLinkWithPopoverClickCount\u00bb, (ue.count(\u00abacrStarsLinkWithPopoverClickCount\u00bb) || 0) + 1);                    }                });            });                          <\/p>\n<p>ALL DAY &#8211; Immerse yourself in comfort with the padded headband and circumaural design of the Roha II Max. They are ideal for long meetings or high-concentrated work sessions<br \/>FLEXIBLE WORK &#8211; These wired headphones allow you to hear with complete clarity. With a flexible directional microphone, voice sounds as clear online as it is in person<br \/>SOUND UNDER CONTROL \u2013 There are no buttons here. Easily access volume control and microphone mute via the on-ear remote, or lift the microphone to mute it right away<br \/>LIMITLESS MEETINGS \u2013 Gain freedom of movement with the extra-long 6-foot USB cable on these PC headset (with USB-C-to-A adapter). Thus, you will never feel trapped on your desk<br \/>100% AMAZING \u2013 With Roha II Max headphones, sustainability is taken into account. Made with 85% recycled plastic, it reduces the environmental footprint without sacrificing style or performance<\/p>\n\n","protected":false},"excerpt":{"rendered":"<p> From the brand Nuestra Historia Trust International B.V. Fundada en 1983, es la marca de<\/p>","protected":false},"featured_media":35905,"comment_status":"open","ping_status":"closed","template":"","meta":[],"product_brand":[],"product_cat":[48],"product_tag":[720,307,714,182,3408,712,928,711,717,1274,159,774,164,1071,715,585,719,716,1145,1144,718,10262,1134,7860,133,188,713,1135],"class_list":{"0":"post-35904","1":"product","2":"type-product","3":"status-publish","4":"has-post-thumbnail","6":"product_cat-headsets","7":"product_tag-best-headset","8":"product_tag-black","9":"product_tag-bluetooth-headset","10":"product_tag-cable","11":"product_tag-ear","12":"product_tag-gaming-headset","13":"product_tag-headphones","14":"product_tag-headset","15":"product_tag-headset-with-mic","16":"product_tag-headsets","17":"product_tag-laptop","18":"product_tag-mac","19":"product_tag-max","20":"product_tag-microphone","21":"product_tag-noise-cancelling-headset","22":"product_tag-office","23":"product_tag-over-ear-headset","24":"product_tag-pc-headset","25":"product_tag-plastic","26":"product_tag-recycled","27":"product_tag-rgb-gaming-headset","28":"product_tag-roha","29":"product_tag-teams","30":"product_tag-trust","31":"product_tag-usb","32":"product_tag-usbc","33":"product_tag-wireless-headset","34":"product_tag-zoom","36":"first","37":"instock","38":"sale","39":"shipping-taxable","40":"product-type-external"},"_links":{"self":[{"href":"https:\/\/comprasyconsejos.store\/en\/wp-json\/wp\/v2\/product\/35904","targetHints":{"allow":["GET"]}}],"collection":[{"href":"https:\/\/comprasyconsejos.store\/en\/wp-json\/wp\/v2\/product"}],"about":[{"href":"https:\/\/comprasyconsejos.store\/en\/wp-json\/wp\/v2\/types\/product"}],"replies":[{"embeddable":true,"href":"https:\/\/comprasyconsejos.store\/en\/wp-json\/wp\/v2\/comments?post=35904"}],"version-history":[{"count":0,"href":"https:\/\/comprasyconsejos.store\/en\/wp-json\/wp\/v2\/product\/35904\/revisions"}],"wp:featuredmedia":[{"embeddable":true,"href":"https:\/\/comprasyconsejos.store\/en\/wp-json\/wp\/v2\/media\/35905"}],"wp:attachment":[{"href":"https:\/\/comprasyconsejos.store\/en\/wp-json\/wp\/v2\/media?parent=35904"}],"wp:term":[{"taxonomy":"product_brand","embeddable":true,"href":"https:\/\/comprasyconsejos.store\/en\/wp-json\/wp\/v2\/product_brand?post=35904"},{"taxonomy":"product_cat","embeddable":true,"href":"https:\/\/comprasyconsejos.store\/en\/wp-json\/wp\/v2\/product_cat?post=35904"},{"taxonomy":"product_tag","embeddable":true,"href":"https:\/\/comprasyconsejos.store\/en\/wp-json\/wp\/v2\/product_tag?post=35904"}],"curies":[{"name":"wp","href":"https:\/\/api.w.org\/{rel}","templated":true}]}}