{"id":35907,"date":"2026-02-27T10:00:22","date_gmt":"2026-02-27T10:00:22","guid":{"rendered":"https:\/\/comprasyconsejos.store\/product\/asus-tuf-gaming-k1-rgb-keyboard-with-volume-control-splatter-resistance-side-light-bar-and-armoury-crate-black-spanish-qwerty\/"},"modified":"2026-02-27T10:00:22","modified_gmt":"2026-02-27T10:00:22","slug":"asus-tuf-gaming-k1-rgb-keyboard-with-volume-control-splatter-resistance-side-light-bar-and-armoury-crate-black-spanish-qwerty","status":"publish","type":"product","link":"https:\/\/comprasyconsejos.store\/en\/product\/asus-tuf-gaming-k1-rgb-keyboard-with-volume-control-splatter-resistance-side-light-bar-and-armoury-crate-black-spanish-qwerty\/","title":{"rendered":"ASUS TUF Gaming K1 &#8211; RGB Keyboard with Volume Control (Splatter Resistance, Side Light Bar and Armoury Crate) Black &#8211; Spanish QWERTY"},"content":{"rendered":"<p>Price: <span style=\"color:#b12704\">\u20ac47.99<\/span><br \/><i><small>(as of Feb 27, 2026 10:00:22 UTC &#8211; <span class=\"wp_automatic_amazon_disclaimer\" title=\"Product prices and availability are accurate as of the date\/time indicated and are subject to change. Any price and availability information displayed on [relevant Amazon Site(s), as applicable] at the time of purchase will apply to the purchase of this product.\">Details<\/span>)<\/small><\/i><\/p>\n<p><a href=\"https:\/\/amazon.es\/dp\/B08L15Y26R?tag=man008-21\"><img decoding=\"async\" src=\"https:\/\/valvepress.s3.amazonaws.com\/imgs\/buy_now.png\"><\/a><br \/>\n<\/p>\n<p>                                             From the manufacturer   <\/p>\n<p>                                                      <img decoding=\"async\" alt=\" \" src=\"https:\/\/images-na.ssl-images-amazon.com\/images\/G\/01\/x-locale\/common\/grey-pixel.gif\" class=\"a-spacing-mini a-lazy-loaded\" data-src=\"https:\/\/m.media-amazon.com\/images\/S\/aplus-media\/vc\/7ac396a8-0d01-4233-9bb2-91f0a32b0aec.__CR0,0,300,400_PT0_SX300_V1___.jpg\"><img decoding=\"async\" alt=\" \" src=\"https:\/\/m.media-amazon.com\/images\/S\/aplus-media\/vc\/7ac396a8-0d01-4233-9bb2-91f0a32b0aec.__CR0,0,300,400_PT0_SX300_V1___.jpg\">  <\/p>\n<p>                                                              <img decoding=\"async\" alt=\" \" src=\"https:\/\/images-na.ssl-images-amazon.com\/images\/G\/01\/x-locale\/common\/grey-pixel.gif\" class=\"a-spacing-mini a-lazy-loaded\" data-src=\"https:\/\/m.media-amazon.com\/images\/S\/aplus-media\/vc\/cdae49fe-6841-42e1-9801-bf08f6c57016.__CR0,0,350,175_PT0_SX350_V1___.jpg\"><img decoding=\"async\" alt=\" \" src=\"https:\/\/m.media-amazon.com\/images\/S\/aplus-media\/vc\/cdae49fe-6841-42e1-9801-bf08f6c57016.__CR0,0,350,175_PT0_SX350_V1___.jpg\">                                                                 <\/p>\n<p class=\"a-spacing-small a-size-small a-color-secondary\"> ASUS es una empresa multinacional establecida en Taiw\u00e1n desde 1989 que dise\u00f1a y fabrica hardware de inform\u00e1tica y electr\u00f3nica de consumo. Dedicada a crear soluciones que proporcionan una vida m\u00e1s inteligente. En ASUS somos unos verdaderos apasionados de la innovaci\u00f3n tecnol\u00f3gica. So\u00f1amos con crear una vida digital sencilla y completa para todos, por eso siempre andamos en busca de nuevas ideas que nos permitan ofrecer las experiencias m\u00e1s incre\u00edbles. <\/p>\n<h3 class=\"a-spacing-mini\"> TUF Gaming K1 <\/h3>\n<p class=\"a-spacing-base\"> Teclado ASUS TUF Gaming K1 RGB con control de volumen, resistencia a salpicaduras, barra de luz lateral y Armoury Crate <\/p>\n<p>                                                          Interruptores t\u00e1ctiles TUF Gaming con 19 Key Rollover para un rendimiento sensible y fiable.        Efectos de iluminaci\u00f3n RGB din\u00e1micos y barra de luz lateral para iluminar tu juego.        Control para un ajuste de volumen r\u00e1pido y f\u00e1cil        Caja de pl\u00e1stico reforzada con una resistencia para derrames de hasta 300 ml.        Cubierta superior de aleaci\u00f3n de aluminio muy resistente.        Teclas programables con grabaci\u00f3n de macros sobre la marcha y memoria integrada.        La aplicaci\u00f3n Armoury Crate ofrece todos los controles que necesitas y una interfaz intuitiva.        Reposamu\u00f1ecas ergon\u00f3mico desmontable para tu comodidad       <\/p>\n<p class=\"apm-text-center\">\n                                                      <img decoding=\"async\" alt=\"  \" src=\"https:\/\/images-na.ssl-images-amazon.com\/images\/G\/01\/x-locale\/common\/grey-pixel.gif\" class=\"a-spacing-mini a-lazy-loaded\" data-src=\"https:\/\/m.media-amazon.com\/images\/S\/aplus-media\/vc\/cea3bf61-58d7-41c8-b77a-c074692585d7.__CR0,0,300,300_PT0_SX300_V1___.jpg\"><img decoding=\"async\" alt=\"  \" src=\"https:\/\/m.media-amazon.com\/images\/S\/aplus-media\/vc\/cea3bf61-58d7-41c8-b77a-c074692585d7.__CR0,0,300,300_PT0_SX300_V1___.jpg\">  <\/p>\n<p>                                                    RENDIMIENTO DE GAMING                                       <\/p>\n<p> El TUF Gaming K1 ofrece una magn\u00edfica respuesta t\u00e1ctil con una acci\u00f3n acolchada, silenciosa y c\u00f3moda. La tecnolog\u00eda 19 NKRO garantiza una precisi\u00f3n notable y evita que se pierdan las pulsaciones. <\/p>\n<p class=\"apm-text-center\">\n                                                      <img decoding=\"async\" alt=\"  \" src=\"https:\/\/images-na.ssl-images-amazon.com\/images\/G\/01\/x-locale\/common\/grey-pixel.gif\" class=\"a-spacing-mini a-lazy-loaded\" data-src=\"https:\/\/m.media-amazon.com\/images\/S\/aplus-media\/vc\/33b979bb-38f0-483a-9f4f-453cf4cc4051.__CR0,0,300,300_PT0_SX300_V1___.jpg\"><img decoding=\"async\" alt=\"  \" src=\"https:\/\/m.media-amazon.com\/images\/S\/aplus-media\/vc\/33b979bb-38f0-483a-9f4f-453cf4cc4051.__CR0,0,300,300_PT0_SX300_V1___.jpg\">  <\/p>\n<p>                                                    RGB DIN\u00c1MICO Y BARRAS DE ILUMINACI\u00d3N                                       <\/p>\n<p> El TUF Gaming K1 tiene cinco zonas de iluminaci\u00f3n individuales y llamativas barras RGB a ambos lados. Cada zona se puede personalizar individualmente con todo el espectro de colores para darle un aspecto \u00fanico. La aplicaci\u00f3n ASUS Armoury Crate incluye controles RGB avanzados que sincronizan la iluminaci\u00f3n y los perfiles de juego con los contenidos. <\/p>\n<p class=\"apm-text-center\">\n                                                      <img decoding=\"async\" alt=\"  \" src=\"https:\/\/images-na.ssl-images-amazon.com\/images\/G\/01\/x-locale\/common\/grey-pixel.gif\" class=\"a-spacing-mini a-lazy-loaded\" data-src=\"https:\/\/m.media-amazon.com\/images\/S\/aplus-media\/vc\/6b4d152a-d590-47d9-a48b-4943b12a2946.__CR0,0,300,300_PT0_SX300_V1___.jpg\"><img decoding=\"async\" alt=\"  \" src=\"https:\/\/m.media-amazon.com\/images\/S\/aplus-media\/vc\/6b4d152a-d590-47d9-a48b-4943b12a2946.__CR0,0,300,300_PT0_SX300_V1___.jpg\">  <\/p>\n<p>                                                    CONTROL DE VOLUMEN                                       <\/p>\n<p> El control de volumen dedicado en la parte superior derecha permite controlar el volumen sin despegar los ojos de la acci\u00f3n. <\/p>\n<p class=\"apm-text-center\">\n                                                      <img decoding=\"async\" alt=\" \" src=\"https:\/\/images-na.ssl-images-amazon.com\/images\/G\/01\/x-locale\/common\/grey-pixel.gif\" class=\"a-spacing-mini a-lazy-loaded\" data-src=\"https:\/\/m.media-amazon.com\/images\/S\/aplus-media\/vc\/0ca9e694-b743-413c-884d-76a0d0c7658e.__CR0,0,300,300_PT0_SX300_V1___.jpg\"><img decoding=\"async\" alt=\" \" src=\"https:\/\/m.media-amazon.com\/images\/S\/aplus-media\/vc\/0ca9e694-b743-413c-884d-76a0d0c7658e.__CR0,0,300,300_PT0_SX300_V1___.jpg\">  <\/p>\n<p>                                                    REPOSAMU\u00d1ECAS ERGON\u00d3MICO Y PATAS AJUSTABLES                                       <\/p>\n<p> El TUF Gaming K1 es un teclado ergon\u00f3mico con un reposamu\u00f1ecas desmontable y unas patas que permiten regular la altura en dos posiciones. <\/p>\n<p class=\"apm-text-center\">\n                                                      <img decoding=\"async\" alt=\" \" src=\"https:\/\/images-na.ssl-images-amazon.com\/images\/G\/01\/x-locale\/common\/grey-pixel.gif\" class=\"a-spacing-mini a-lazy-loaded\" data-src=\"https:\/\/m.media-amazon.com\/images\/S\/aplus-media\/vc\/faaa1609-aecd-4592-8045-0b8b3a274261.__CR0,0,300,300_PT0_SX300_V1___.jpg\"><img decoding=\"async\" alt=\" \" src=\"https:\/\/m.media-amazon.com\/images\/S\/aplus-media\/vc\/faaa1609-aecd-4592-8045-0b8b3a274261.__CR0,0,300,300_PT0_SX300_V1___.jpg\">  <\/p>\n<p>                                                    REVESTIMIENTO ESPECIALIZADO Y RESISTENCIA A SALPICADURAS                                        <\/p>\n<p> Por dentro y por fuera, el TUF Gaming K1 est\u00e1 dise\u00f1ado para ofrecerte muchos a\u00f1os de servicio en el frente. Su cubierta exterior presenta un revestimiento especializado que ha superado m\u00e1s de 10 pruebas de abrasi\u00f3n, fricci\u00f3n y transpiraci\u00f3n. Y la resistencia contra derrames de hasta 300 ml asegura que los accidentes con l\u00edquidos no representen un problema. <\/p>\n<p class=\"apm-text-center\">\n                                                      <img decoding=\"async\" alt=\" \" src=\"https:\/\/images-na.ssl-images-amazon.com\/images\/G\/01\/x-locale\/common\/grey-pixel.gif\" class=\"a-spacing-mini a-lazy-loaded\" data-src=\"https:\/\/m.media-amazon.com\/images\/S\/aplus-media\/vc\/7d81d239-dae3-4e62-920d-ed7fddad63de.__CR0,0,300,300_PT0_SX300_V1___.jpg\"><img decoding=\"async\" alt=\" \" src=\"https:\/\/m.media-amazon.com\/images\/S\/aplus-media\/vc\/7d81d239-dae3-4e62-920d-ed7fddad63de.__CR0,0,300,300_PT0_SX300_V1___.jpg\">  <\/p>\n<p>                                                    ARMOURY CRATE                                       <\/p>\n<p> ASUS Armoury Crate unifica los controles del sistema e iluminaci\u00f3n para consolidar los ajustes esenciales en una sola utilidad. Crea y personaliza perfiles de escenario, mapea teclas, graba macros y mucho m\u00e1s. Incluso puedes hacer un seguimiento de las estad\u00edsticas hardware para analizar los datos. <\/p>\n<p>                                                  <img decoding=\"async\" alt=\" \" src=\"https:\/\/images-na.ssl-images-amazon.com\/images\/G\/01\/x-locale\/common\/grey-pixel.gif\" class=\"a-lazy-loaded\" data-src=\"https:\/\/m.media-amazon.com\/images\/S\/aplus-media\/vc\/f109b280-97a5-42b8-8ec0-846ab2691079.__CR0,0,300,300_PT0_SX300_V1___.jpg\"><img decoding=\"async\" alt=\" \" src=\"https:\/\/m.media-amazon.com\/images\/S\/aplus-media\/vc\/f109b280-97a5-42b8-8ec0-846ab2691079.__CR0,0,300,300_PT0_SX300_V1___.jpg\">  <\/p>\n<h3 class=\"a-spacing-mini\"> PROGRAMABLE Y CON MEMORIA INTEGRADA <\/h3>\n<p> El TUF Gaming K1 cuenta con ocho teclas programables y grabaci\u00f3n de macros al vuelo, lo que facilita mucho la configuraci\u00f3n del teclado. Tambi\u00e9n incorpora tres teclas personalizables m\u00e1s y una memoria interna que te permite acceder a tu configuraci\u00f3n cuando vas a cualquier parte. <\/p>\n<p> Batteries                                            \u200f                                            :                                            \u200e                                            1 Lithium Ion batteries required.   <br \/> Is discontinued by manufacturer                                            \u200f                                            :                                            \u200e                                            No   <br \/> Language                                            \u200f                                            :                                            \u200e                                            English, English, English, English, English   <br \/> Product Dimensions                                            \u200f                                            :                                            \u200e                                            60 x 60 x 85 cm; 810 g   <br \/> Manufacturer                                            \u200f                                            :                                            \u200e                                            Asus   <br \/> ASIN                                            \u200f                                            :                                            \u200e                                            B08L15Y26R   <br \/> Item model number                                            \u200f                                            :                                            \u200e                                            90MP01X0-BKSA00   <br \/> Country of origin                                            \u200f                                            :                                            \u200e                                            Spain   <br \/> Guaranteed software updates until                                            \u200f                                            :                                            \u200e                                            unknown   <br \/>  Customer reviews:                                                                                            4.4               4.4 out of 5 stars                                  (110)                                              var dpAcrHasRegisteredArcLinkClickAction;                    P.when(&#8216;A&#8217;, &#8216;ready&#8217;).execute(function(A) {                        if (dpAcrHasRegisteredArcLinkClickAction !== true) {                            dpAcrHasRegisteredArcLinkClickAction = true;                            A.declarative(                                &#8216;acrLink-click-metrics&#8217;, &#8216;click&#8217;,                                { \u00aballowLinkDefault\u00bb: true },                                function (event) {                                    if (window.ue) {                                        ue.count(\u00abacrLinkClickCount\u00bb, (ue.count(\u00abacrLinkClickCount\u00bb) || 0) + 1);                                    }                                }                            );                        }                    });                                             P.when(&#8216;A&#8217;, &#8216;cf&#8217;).execute(function(A) {                A.declarative(&#8216;acrStarsLink-click-metrics&#8217;, &#8216;click&#8217;, { \u00aballowLinkDefault\u00bb : true },  function(event){                    if(window.ue) {                        ue.count(\u00abacrStarsLinkWithPopoverClickCount\u00bb, (ue.count(\u00abacrStarsLinkWithPopoverClickCount\u00bb) || 0) + 1);                    }                });            });                          <\/p>\n<p>TUF Gaming Tactile Switches with 19 Key Rollover for responsive and reliable performance<br \/>Dynamic RGB lighting effects and side light bar to light up your game<br \/>Reinforced plastic case with a resistance for spills up to 300ml<br \/>Programmable keys with on-the-fly macro recording and onboard memory<br \/>The Armoury Crate app offers all the controls you need and an intuitive interface<\/p>\n\n","protected":false},"excerpt":{"rendered":"<p> From the manufacturer ASUS es una empresa multinacional establecida en Taiw\u00e1n desde 1989 que dise\u00f1a<\/p>","protected":false},"featured_media":35908,"comment_status":"open","ping_status":"closed","template":"","meta":[],"product_brand":[],"product_cat":[49],"product_tag":[10264,850,746,755,307,743,747,1124,10265,617,740,518,248,739,744,858,736,885,742,3225,745,5273,10263,851,4014,741],"class_list":{"0":"post-35907","1":"product","2":"type-product","3":"status-publish","4":"has-post-thumbnail","6":"product_cat-keyboards","7":"product_tag-armoury","8":"product_tag-asus","9":"product_tag-backlit-keyboard","10":"product_tag-bar","11":"product_tag-black","12":"product_tag-bluetooth-keyboard","13":"product_tag-compact-keyboard","14":"product_tag-control","15":"product_tag-crate","16":"product_tag-gaming","17":"product_tag-gaming-keyboard","18":"product_tag-keyboard","19":"product_tag-light","20":"product_tag-mechanical-keyboard","21":"product_tag-office-keyboard","22":"product_tag-qwerty","23":"product_tag-resistance","24":"product_tag-rgb","25":"product_tag-rgb-keyboard","26":"product_tag-side","27":"product_tag-silent-keyboard","28":"product_tag-spanish","29":"product_tag-splatter","30":"product_tag-tuf","31":"product_tag-volume","32":"product_tag-wireless-keyboard","34":"first","35":"instock","36":"shipping-taxable","37":"product-type-external"},"_links":{"self":[{"href":"https:\/\/comprasyconsejos.store\/en\/wp-json\/wp\/v2\/product\/35907","targetHints":{"allow":["GET"]}}],"collection":[{"href":"https:\/\/comprasyconsejos.store\/en\/wp-json\/wp\/v2\/product"}],"about":[{"href":"https:\/\/comprasyconsejos.store\/en\/wp-json\/wp\/v2\/types\/product"}],"replies":[{"embeddable":true,"href":"https:\/\/comprasyconsejos.store\/en\/wp-json\/wp\/v2\/comments?post=35907"}],"version-history":[{"count":0,"href":"https:\/\/comprasyconsejos.store\/en\/wp-json\/wp\/v2\/product\/35907\/revisions"}],"wp:featuredmedia":[{"embeddable":true,"href":"https:\/\/comprasyconsejos.store\/en\/wp-json\/wp\/v2\/media\/35908"}],"wp:attachment":[{"href":"https:\/\/comprasyconsejos.store\/en\/wp-json\/wp\/v2\/media?parent=35907"}],"wp:term":[{"taxonomy":"product_brand","embeddable":true,"href":"https:\/\/comprasyconsejos.store\/en\/wp-json\/wp\/v2\/product_brand?post=35907"},{"taxonomy":"product_cat","embeddable":true,"href":"https:\/\/comprasyconsejos.store\/en\/wp-json\/wp\/v2\/product_cat?post=35907"},{"taxonomy":"product_tag","embeddable":true,"href":"https:\/\/comprasyconsejos.store\/en\/wp-json\/wp\/v2\/product_tag?post=35907"}],"curies":[{"name":"wp","href":"https:\/\/api.w.org\/{rel}","templated":true}]}}