{"id":35912,"date":"2026-02-27T10:15:36","date_gmt":"2026-02-27T10:15:36","guid":{"rendered":"https:\/\/comprasyconsejos.store\/product\/atfolix-lamina-protectora-de-plastico-cristal-compatible-con-wortmann-terra-all-in-one-pc-2400-pelicula-vidrio-9h-hybrid-glass-fx-protector-pantalla-vidrio-templado-de-plastico\/"},"modified":"2026-02-27T10:15:37","modified_gmt":"2026-02-27T10:15:37","slug":"atfolix-lamina-protectora-de-plastico-cristal-compatible-con-wortmann-terra-all-in-one-pc-2400-pelicula-vidrio-9h-hybrid-glass-fx-protector-pantalla-vidrio-templado-de-plastico","status":"publish","type":"product","link":"https:\/\/comprasyconsejos.store\/en\/product\/atfolix-lamina-protectora-de-plastico-cristal-compatible-con-wortmann-terra-all-in-one-pc-2400-pelicula-vidrio-9h-hybrid-glass-fx-protector-pantalla-vidrio-templado-de-plastico\/","title":{"rendered":"atFoliX L\u00e1mina Protectora de pl\u00e1stico Cristal compatible con Wortmann Terra all-in-one PC 2400 Pel\u00edcula Vidrio, 9H Hybrid-Glass FX Protector Pantalla Vidrio templado de pl\u00e1stico"},"content":{"rendered":"<p>Price: <span style=\"color:#b12704\">\u20ac36.19<\/span><br \/><i><small>(as of Feb 27, 2026 10:15:36 UTC &#8211; <span class=\"wp_automatic_amazon_disclaimer\" title=\"Product prices and availability are accurate as of the date\/time indicated and are subject to change. Any price and availability information displayed on [relevant Amazon Site(s), as applicable] at the time of purchase will apply to the purchase of this product.\">Details<\/span>)<\/small><\/i><\/p>\n<p><a href=\"https:\/\/amazon.es\/dp\/B0CX7XNNXV?tag=man008-21\"><img decoding=\"async\" src=\"https:\/\/valvepress.s3.amazonaws.com\/imgs\/buy_now.png\"><\/a><br \/>\n<\/p>\n<p>                                             Product Description   <\/p>\n<p>                                                                             <img decoding=\"async\" alt=\"con un espectacular efecto de chispas naranjas sobre un fondo morado, con el texto \u00abMUY GRANDE\u00bb y la marca FX\" src=\"https:\/\/images-na.ssl-images-amazon.com\/images\/G\/01\/x-locale\/common\/grey-pixel.gif\" class=\"a-spacing-base a-lazy-loaded\" data-src=\"https:\/\/m.media-amazon.com\/images\/S\/aplus-media-library-service-media\/e646d123-b3c5-41db-b40f-9b7c87bd5d1c.__CR0,0,2910,1800_PT0_SX970_V1___.png\"><img decoding=\"async\" alt=\"con un espectacular efecto de chispas naranjas sobre un fondo morado, con el texto \u00abMUY GRANDE\u00bb y la marca FX\" src=\"https:\/\/m.media-amazon.com\/images\/S\/aplus-media-library-service-media\/e646d123-b3c5-41db-b40f-9b7c87bd5d1c.__CR0,0,2910,1800_PT0_SX970_V1___.png\">                                                                     <\/p>\n<p class=\"a-spacing-base\"> El protector de pantalla FX-Hybrid-Glass de atFoliX es un producto de super premium, desarrollado y fabricado en Alemania, que ofrece una protecci\u00f3n de primer nivel para tu pantalla. Esta pel\u00edcula s\u00faper dura y de alto rendimiento combina las ventajas del vidrio y el pl\u00e1stico en una composici\u00f3n de material \u00fanica. Esta pel\u00edcula h\u00edbrida, que no es vidrio real, presenta una dureza de l\u00e1piz excepcionalmente alta de 9H, lo que garantiza que tu pantalla t\u00e1ctil responda a las entradas como si estuviera completamente desprotegida. <\/p>\n<p>                                                                             <img decoding=\"async\" alt=\"Infograf\u00eda de los beneficios del producto en rosa y blanco. Los iconos y el texto destacan caracter\u00edsticas como la resistencia a los ara\u00f1azos, la sensibilidad al tacto y el \u00e1rea reflectante.\" src=\"https:\/\/images-na.ssl-images-amazon.com\/images\/G\/01\/x-locale\/common\/grey-pixel.gif\" class=\"a-spacing-base a-lazy-loaded\" data-src=\"https:\/\/m.media-amazon.com\/images\/S\/aplus-media-library-service-media\/a9fde4d2-33f6-4fe6-924a-05ee74917539.__CR0,0,2910,1800_PT0_SX970_V1___.png\"><img decoding=\"async\" alt=\"Infograf\u00eda de los beneficios del producto en rosa y blanco. Los iconos y el texto destacan caracter\u00edsticas como la resistencia a los ara\u00f1azos, la sensibilidad al tacto y el \u00e1rea reflectante.\" src=\"https:\/\/m.media-amazon.com\/images\/S\/aplus-media-library-service-media\/a9fde4d2-33f6-4fe6-924a-05ee74917539.__CR0,0,2910,1800_PT0_SX970_V1___.png\">                                                                     <\/p>\n<p class=\"a-spacing-base\"> El dise\u00f1o sofisticado proporciona una experiencia visual \u00f3ptima para tu pantalla. Con una transmisi\u00f3n de luz de casi el 98%, la pel\u00edcula permanece pr\u00e1cticamente invisible y preserva la est\u00e9tica de tu dispositivo. <\/p>\n<p>                                                                             <img decoding=\"async\" alt=\"Smartphone que muestra una vibrante imagen de medusa. El texto promueve una pel\u00edcula protectora transparente para dispositivos, destacando los colores vivos y la fabricaci\u00f3n alemana\" src=\"https:\/\/images-na.ssl-images-amazon.com\/images\/G\/01\/x-locale\/common\/grey-pixel.gif\" class=\"a-spacing-base a-lazy-loaded\" data-src=\"https:\/\/m.media-amazon.com\/images\/S\/aplus-media-library-service-media\/2794c48e-c0af-42f8-a011-4ad3e2aa6ce7.__CR0,0,2910,1800_PT0_SX970_V1___.png\"><img decoding=\"async\" alt=\"Smartphone que muestra una vibrante imagen de medusa. El texto promueve una pel\u00edcula protectora transparente para dispositivos, destacando los colores vivos y la fabricaci\u00f3n alemana\" src=\"https:\/\/m.media-amazon.com\/images\/S\/aplus-media-library-service-media\/2794c48e-c0af-42f8-a011-4ad3e2aa6ce7.__CR0,0,2910,1800_PT0_SX970_V1___.png\">                                                                     <\/p>\n<p class=\"a-spacing-base\"> M\u00e1xima protecci\u00f3n: fabricada con materiales de vanguardia, la pel\u00edcula FX-Hybrid-Glass protege eficazmente contra ara\u00f1azos y contaminantes. Su robustez y durabilidad la convierten en la opci\u00f3n perfecta para aplicaciones exigentes. <\/p>\n<p>                                                                             <img decoding=\"async\" alt=\"Ilustraci\u00f3n sobre la durabilidad del producto que muestra una clasificaci\u00f3n de dureza de 9H, con un gr\u00e1fico de roca que se rompe. El texto indica que est\u00e1 fabricado en Alemania\" src=\"https:\/\/images-na.ssl-images-amazon.com\/images\/G\/01\/x-locale\/common\/grey-pixel.gif\" class=\"a-spacing-base a-lazy-loaded\" data-src=\"https:\/\/m.media-amazon.com\/images\/S\/aplus-media-library-service-media\/2205039a-87fb-4039-b73f-ba6b806d6354.__CR0,0,2910,1800_PT0_SX970_V1___.png\"><img decoding=\"async\" alt=\"Ilustraci\u00f3n sobre la durabilidad del producto que muestra una clasificaci\u00f3n de dureza de 9H, con un gr\u00e1fico de roca que se rompe. El texto indica que est\u00e1 fabricado en Alemania\" src=\"https:\/\/m.media-amazon.com\/images\/S\/aplus-media-library-service-media\/2205039a-87fb-4039-b73f-ba6b806d6354.__CR0,0,2910,1800_PT0_SX970_V1___.png\">                                                                     <\/p>\n<p class=\"a-spacing-base\"> La instalaci\u00f3n de la pel\u00edcula es muy sencilla: solo necesitas limpiar la pantalla, alinear la pel\u00edcula y \u00a1listo! Gracias a materiales de silicona especiales, la pel\u00edcula se adhiere casi por s\u00ed sola a la pantalla. La fuerte capa adhesiva de silicona sella la mayor\u00eda de los ara\u00f1azos existentes y se puede retirar sin dejar residuos. <\/p>\n<p>                                                                             <img decoding=\"async\" alt=\"en espa\u00f1ol para los protectores de pantalla ATFOLIX, con texto blanco sobre fondo oscuro con el logotipo de la empresa en color magenta\" src=\"https:\/\/images-na.ssl-images-amazon.com\/images\/G\/01\/x-locale\/common\/grey-pixel.gif\" class=\"a-spacing-base a-lazy-loaded\" data-src=\"https:\/\/m.media-amazon.com\/images\/S\/aplus-media-library-service-media\/84e7539b-ba24-48f1-8999-24f8c663c2ad.__CR0,0,2910,1800_PT0_SX970_V1___.png\"><img decoding=\"async\" alt=\"en espa\u00f1ol para los protectores de pantalla ATFOLIX, con texto blanco sobre fondo oscuro con el logotipo de la empresa en color magenta\" src=\"https:\/\/m.media-amazon.com\/images\/S\/aplus-media-library-service-media\/84e7539b-ba24-48f1-8999-24f8c663c2ad.__CR0,0,2910,1800_PT0_SX970_V1___.png\">                                                                     <\/p>\n<p class=\"a-spacing-base\"> &#8211; Protector de pantalla FX-Hybrid-Glass <\/p>\n<p class=\"a-spacing-base\"> &#8211; Pa\u00f1o de limpieza <\/p>\n<p class=\"a-spacing-base\"> &#8211; Herramienta de instalaci\u00f3n (rasqueta) <\/p>\n<p class=\"a-spacing-base\"> &#8211; Enlace a una gu\u00eda de instalaci\u00f3n ilustrada y multiling\u00fce (incluido video de instalaci\u00f3n) <\/p>\n<p class=\"a-spacing-base\"> \u00a1Experimenta una protecci\u00f3n premium y una experiencia de usuario inalterada con el protector de pantalla FX-Hybrid-Glass de atFoliX! <\/p>\n<p> Is discontinued by manufacturer                                            \u200f                                            :                                            \u200e                                            No   <br \/> Product Dimensions                                            \u200f                                            :                                            \u200e                                            52.7 x 29.6 x 1.27 cm; 102 g   <br \/> Date First Available                                            \u200f                                            :                                            \u200e                                            6 Mar. 2024   <br \/> Manufacturer                                            \u200f                                            :                                            \u200e                                            atFoliX GmbH   <br \/> ASIN                                            \u200f                                            :                                            \u200e                                            B0CX7XNNXV   <br \/> Item model number                                            \u200f                                            :                                            \u200e                                            FX-Hybrid-Glass@FoliX 4052225744883   <br \/> Country of origin                                            \u200f                                            :                                            \u200e                                            Germany   <\/p>\n<p>Mejor que el vidrio: a diferencia del vidrio real o Tempered Glass que FX-Hybrid-Glass Protector Pantalla Vidrio templado de pl\u00e1stico es irrompible e inastillable &#8211; ajuste perfecto y compatible con Wortmann Terra all-in-one PC 2400<br \/>M\u00e1xima protecci\u00f3n contra el rayado (dureza 9H en 500 g presi\u00f3n de escritura) &#8211; estos protectora de vidrio de pl\u00e1stico pel\u00edcula consiste en una extremadamente delgada (aproximadamente 0,2 mm) y el material resistente<br \/>La composici\u00f3n del material de vidrio \/ pl\u00e1stico \u00fanica de la L\u00e1mina Protectora de pl\u00e1stico Cristal ofrece una transmisi\u00f3n de luz superior y revestimiento anti-huella digital ole\u00f3fobo<br \/>Capa adhesiva de silicona extra fuerte &#8211; los ara\u00f1azos existentes en la pantalla simplemente desaparecen<br \/>Accesorio@FoliX &#8211; Made in Germany *** F\u00e1cil instalaci\u00f3n: la FX-Hybrid-Glass Pel\u00edcula Vidrio tiene una rigidez similar al cristal real y puede ser f\u00e1cil y sin burbujas de montaje<\/p>\n\n","protected":false},"excerpt":{"rendered":"<p> Product Description El protector de pantalla FX-Hybrid-Glass de atFoliX es un producto de super premium,<\/p>","protected":false},"featured_media":35913,"comment_status":"open","ping_status":"closed","template":"","meta":[],"product_brand":[],"product_cat":[89],"product_tag":[777,776,785,895,778,6858,782,784,201,3994,10273,783,10275,6859,780,4109,6861,9863,1021,5006,779,10276,2994,781,10274,6860],"class_list":{"0":"post-35912","1":"product","2":"type-product","3":"status-publish","4":"has-post-thumbnail","6":"product_cat-all-in-one-pcs","7":"product_tag-all-in-one-desktop","8":"product_tag-all-in-one-pc","9":"product_tag-all-in-one-pc-price","10":"product_tag-allinone","11":"product_tag-apple-imac","12":"product_tag-atfolix","13":"product_tag-best-all-in-one-computer","14":"product_tag-compact-pc","15":"product_tag-compatible","16":"product_tag-con","17":"product_tag-cristal","18":"product_tag-gaming-all-in-one-pc","19":"product_tag-hybridglass","20":"product_tag-lamina","21":"product_tag-office-all-in-one-pc","22":"product_tag-pantalla","23":"product_tag-pelicula","24":"product_tag-plastico","25":"product_tag-protector","26":"product_tag-protectora","27":"product_tag-slim-all-in-one-pc","28":"product_tag-templado","29":"product_tag-terra","30":"product_tag-touchscreen-all-in-one-pc","31":"product_tag-vidrio","32":"product_tag-wortmann","34":"first","35":"instock","36":"shipping-taxable","37":"product-type-external"},"_links":{"self":[{"href":"https:\/\/comprasyconsejos.store\/en\/wp-json\/wp\/v2\/product\/35912","targetHints":{"allow":["GET"]}}],"collection":[{"href":"https:\/\/comprasyconsejos.store\/en\/wp-json\/wp\/v2\/product"}],"about":[{"href":"https:\/\/comprasyconsejos.store\/en\/wp-json\/wp\/v2\/types\/product"}],"replies":[{"embeddable":true,"href":"https:\/\/comprasyconsejos.store\/en\/wp-json\/wp\/v2\/comments?post=35912"}],"version-history":[{"count":0,"href":"https:\/\/comprasyconsejos.store\/en\/wp-json\/wp\/v2\/product\/35912\/revisions"}],"wp:featuredmedia":[{"embeddable":true,"href":"https:\/\/comprasyconsejos.store\/en\/wp-json\/wp\/v2\/media\/35913"}],"wp:attachment":[{"href":"https:\/\/comprasyconsejos.store\/en\/wp-json\/wp\/v2\/media?parent=35912"}],"wp:term":[{"taxonomy":"product_brand","embeddable":true,"href":"https:\/\/comprasyconsejos.store\/en\/wp-json\/wp\/v2\/product_brand?post=35912"},{"taxonomy":"product_cat","embeddable":true,"href":"https:\/\/comprasyconsejos.store\/en\/wp-json\/wp\/v2\/product_cat?post=35912"},{"taxonomy":"product_tag","embeddable":true,"href":"https:\/\/comprasyconsejos.store\/en\/wp-json\/wp\/v2\/product_tag?post=35912"}],"curies":[{"name":"wp","href":"https:\/\/api.w.org\/{rel}","templated":true}]}}