{"id":35948,"date":"2026-02-27T11:39:29","date_gmt":"2026-02-27T11:39:29","guid":{"rendered":"https:\/\/comprasyconsejos.store\/product\/foldable-drone-with-1080p-hd-camera-fpv-wifi-optical-flow-positioning-and-obstacle-avoidance-3d-flips-2-batteries-toy-for-kids-and-beginners-gift-idea\/"},"modified":"2026-02-27T11:39:33","modified_gmt":"2026-02-27T11:39:33","slug":"foldable-drone-with-1080p-hd-camera-fpv-wifi-optical-flow-positioning-and-obstacle-avoidance-3d-flips-2-batteries-toy-for-kids-and-beginners-gift-idea","status":"publish","type":"product","link":"https:\/\/comprasyconsejos.store\/en\/product\/foldable-drone-with-1080p-hd-camera-fpv-wifi-optical-flow-positioning-and-obstacle-avoidance-3d-flips-2-batteries-toy-for-kids-and-beginners-gift-idea\/","title":{"rendered":"Foldable Drone with 1080P HD Camera, FPV WiFi, Optical Flow Positioning and Obstacle Avoidance, 3D Flips, 2 Batteries &#8211; Toy for Kids and Beginners, Gift Idea"},"content":{"rendered":"<p>Price: <span style=\"color:#b12704\">\u20ac39.99<\/span><br \/><i><small>(as of Feb 27, 2026 11:39:30 UTC &#8211; <span class=\"wp_automatic_amazon_disclaimer\" title=\"Product prices and availability are accurate as of the date\/time indicated and are subject to change. Any price and availability information displayed on [relevant Amazon Site(s), as applicable] at the time of purchase will apply to the purchase of this product.\">Details<\/span>)<\/small><\/i><\/p>\n<p><a href=\"https:\/\/amazon.es\/dp\/B0GJ35B3L8?tag=man008-21\"><img decoding=\"async\" src=\"https:\/\/valvepress.s3.amazonaws.com\/imgs\/buy_now.png\"><\/a><br \/>\n<\/p>\n<p>                                             Product Description   <\/p>\n<p>                                                                                                       <img decoding=\"async\" alt=\"aplus content image\" src=\"https:\/\/images-na.ssl-images-amazon.com\/images\/G\/01\/x-locale\/common\/grey-pixel.gif\" class=\"a-lazy-loaded\" data-src=\"https:\/\/m.media-amazon.com\/images\/S\/aplus-media-library-service-media\/a592590a-93c6-4c27-a242-c6aaeac07bb3.__CR0,0,1464,600_PT0_SX1464_V1___.jpg\"><img decoding=\"async\" alt=\"aplus content image\" src=\"https:\/\/m.media-amazon.com\/images\/S\/aplus-media-library-service-media\/a592590a-93c6-4c27-a242-c6aaeac07bb3.__CR0,0,1464,600_PT0_SX1464_V1___.jpg\">                                               <\/p>\n<p>                                                                                                       <img decoding=\"async\" alt=\"El texto dice \u00abProtection Total en Venta\u00bb. Imagen promocional oscura con un producto relacionado con un veh\u00edculo con las especificaciones t\u00e9cnicas indicadas.\" src=\"https:\/\/images-na.ssl-images-amazon.com\/images\/G\/01\/x-locale\/common\/grey-pixel.gif\" class=\"a-lazy-loaded\" data-src=\"https:\/\/m.media-amazon.com\/images\/S\/aplus-media-library-service-media\/bdad9c79-a4b9-420d-826f-12d3f91c7498.__CR0,0,1464,600_PT0_SX1464_V1___.jpg\"><img decoding=\"async\" alt=\"El texto dice \u00abProtection Total en Venta\u00bb. Imagen promocional oscura con un producto relacionado con un veh\u00edculo con las especificaciones t\u00e9cnicas indicadas.\" src=\"https:\/\/m.media-amazon.com\/images\/S\/aplus-media-library-service-media\/bdad9c79-a4b9-420d-826f-12d3f91c7498.__CR0,0,1464,600_PT0_SX1464_V1___.jpg\">                                               <\/p>\n<p>                                                                                                       <img decoding=\"async\" alt=\"aplus content image\" src=\"https:\/\/images-na.ssl-images-amazon.com\/images\/G\/01\/x-locale\/common\/grey-pixel.gif\" class=\"a-lazy-loaded\" data-src=\"https:\/\/m.media-amazon.com\/images\/S\/aplus-media-library-service-media\/3847257d-2235-43af-8398-734b43c8e905.__CR0,0,1464,600_PT0_SX1464_V1___.jpg\"><img decoding=\"async\" alt=\"aplus content image\" src=\"https:\/\/m.media-amazon.com\/images\/S\/aplus-media-library-service-media\/3847257d-2235-43af-8398-734b43c8e905.__CR0,0,1464,600_PT0_SX1464_V1___.jpg\">                                               <\/p>\n<p>                                                                                                       <img decoding=\"async\" alt=\"aplus content image\" src=\"https:\/\/images-na.ssl-images-amazon.com\/images\/G\/01\/x-locale\/common\/grey-pixel.gif\" class=\"a-lazy-loaded\" data-src=\"https:\/\/m.media-amazon.com\/images\/S\/aplus-media-library-service-media\/f012b920-beac-44d5-ac22-fef432161dc8.__CR0,0,1464,600_PT0_SX1464_V1___.jpg\"><img decoding=\"async\" alt=\"aplus content image\" src=\"https:\/\/m.media-amazon.com\/images\/S\/aplus-media-library-service-media\/f012b920-beac-44d5-ac22-fef432161dc8.__CR0,0,1464,600_PT0_SX1464_V1___.jpg\">                                               <\/p>\n<p>                                                                                                       <img decoding=\"async\" alt=\"El texto dice \u00abC\u00c1MARA HD 1080P\u00bb. Collage de marketing que muestra vistas a\u00e9reas del oc\u00e9ano y escenas de surf, promocionando equipos de c\u00e1mara o v\u00eddeo.\" src=\"https:\/\/images-na.ssl-images-amazon.com\/images\/G\/01\/x-locale\/common\/grey-pixel.gif\" class=\"a-lazy-loaded\" data-src=\"https:\/\/m.media-amazon.com\/images\/S\/aplus-media-library-service-media\/48ff113c-bb15-4bec-9566-9a48c1e5074e.__CR0,0,1464,600_PT0_SX1464_V1___.jpg\"><img decoding=\"async\" alt=\"El texto dice \u00abC\u00c1MARA HD 1080P\u00bb. Collage de marketing que muestra vistas a\u00e9reas del oc\u00e9ano y escenas de surf, promocionando equipos de c\u00e1mara o v\u00eddeo.\" src=\"https:\/\/m.media-amazon.com\/images\/S\/aplus-media-library-service-media\/48ff113c-bb15-4bec-9566-9a48c1e5074e.__CR0,0,1464,600_PT0_SX1464_V1___.jpg\">                                               <\/p>\n<p> Product Dimensions                                            \u200f                                            :                                            \u200e                                            1 x 1 x 1 cm; 100 g   <br \/> Date First Available                                            \u200f                                            :                                            \u200e                                            22 Jan. 2026   <br \/> Manufacturer                                            \u200f                                            :                                            \u200e                                            Weinsamkeit   <br \/> ASIN                                            \u200f                                            :                                            \u200e                                            B0GJ35B3L8   <br \/> Item model number                                            \u200f                                            :                                            \u200e                                            A1181B   <br \/>       Best Sellers Rank:  33,836 in Toys &#038; Games (See Top 100 in Toys &#038; Games)    184 in Remote &#038; App-Controlled Drones      <\/p>\n<p>\u30104K Camera &#038; FPV Live &#8211; 120\u00b0 Wide Angle\u3011Drone with camera for photo and video with switchable front camera and lower camera with optical flow positioning for more stable shots. FPV streaming via app with real-time image on smartphone: ideal for beginners, holidays and outdoor fun<br \/>\u3010One-button takeoff\/landing and optical flow stabilization\u3011Ready in seconds thanks to One-Key Takeoff\/Landing, Headless mode and optical flow stabilization for smoother hovering and easy control, even for inexperienced users<br \/>\u3010Smart functions in the app: flight path and gesture selfie\u3011Draw the flight path on the mobile and the drone will follow it automatically. Gesture control for photos\/videos (e.g. palm or peace sign) to capture moments without complicated handling<br \/>\u3010Brushless Power, 360\u00b0 Flips &#038; 3 Speeds\u3011Brushless motor for more powerful and efficient flight, with 360\u00b0 flips and 3 speed modes (low\/medium\/high): perfect for progressing from beginner level to more action<br \/>Complete set with accessories: drone, remote control with mobile phone holder, 2 x batteries, USB charging cable, 4 x spare propellers, 4 x propeller protectors, screwdriver and carry bag<\/p>\n\n","protected":false},"excerpt":{"rendered":"<p> Product Description Product Dimensions \u200f : \u200e 1 x 1 x 1 cm; 100 g<\/p>","protected":false},"featured_media":35949,"comment_status":"open","ping_status":"closed","template":"","meta":[],"product_brand":[],"product_cat":[98],"product_tag":[705,8722,1254,2845,1917,681,2854,2852,2855,2853,2842,2844,2848,2846,2850,2838,2849,9102,4398,239,2839,3065,2840,2236,2843,10289,1169,2851,4878,891,8481,2841,2847,6485,543],"class_list":{"0":"post-35948","1":"product","2":"type-product","3":"status-publish","4":"has-post-thumbnail","6":"product_cat-drones","7":"product_tag-1080p","8":"product_tag-avoidance","9":"product_tag-batteries","10":"product_tag-beginner-drone","11":"product_tag-beginners","12":"product_tag-camera","13":"product_tag-dji-drone","14":"product_tag-dji-mavic","15":"product_tag-dji-mini-2","16":"product_tag-drone","17":"product_tag-drone-accessories","18":"product_tag-drone-battery","19":"product_tag-drone-gimbal","20":"product_tag-drone-propellers","21":"product_tag-drone-spare-parts","22":"product_tag-drone-with-camera","23":"product_tag-drones-under-200","24":"product_tag-flips","25":"product_tag-flow","26":"product_tag-foldable","27":"product_tag-foldable-drone","28":"product_tag-fpv","29":"product_tag-fpv-drone","30":"product_tag-gift","31":"product_tag-hd-drone","32":"product_tag-idea","33":"product_tag-kids","34":"product_tag-mini-drone","35":"product_tag-obstacle","36":"product_tag-optical","37":"product_tag-positioning","38":"product_tag-quadcopter","39":"product_tag-remote-control-drone","40":"product_tag-toy","41":"product_tag-wifi","43":"first","44":"instock","45":"shipping-taxable","46":"product-type-external"},"_links":{"self":[{"href":"https:\/\/comprasyconsejos.store\/en\/wp-json\/wp\/v2\/product\/35948","targetHints":{"allow":["GET"]}}],"collection":[{"href":"https:\/\/comprasyconsejos.store\/en\/wp-json\/wp\/v2\/product"}],"about":[{"href":"https:\/\/comprasyconsejos.store\/en\/wp-json\/wp\/v2\/types\/product"}],"replies":[{"embeddable":true,"href":"https:\/\/comprasyconsejos.store\/en\/wp-json\/wp\/v2\/comments?post=35948"}],"version-history":[{"count":0,"href":"https:\/\/comprasyconsejos.store\/en\/wp-json\/wp\/v2\/product\/35948\/revisions"}],"wp:featuredmedia":[{"embeddable":true,"href":"https:\/\/comprasyconsejos.store\/en\/wp-json\/wp\/v2\/media\/35949"}],"wp:attachment":[{"href":"https:\/\/comprasyconsejos.store\/en\/wp-json\/wp\/v2\/media?parent=35948"}],"wp:term":[{"taxonomy":"product_brand","embeddable":true,"href":"https:\/\/comprasyconsejos.store\/en\/wp-json\/wp\/v2\/product_brand?post=35948"},{"taxonomy":"product_cat","embeddable":true,"href":"https:\/\/comprasyconsejos.store\/en\/wp-json\/wp\/v2\/product_cat?post=35948"},{"taxonomy":"product_tag","embeddable":true,"href":"https:\/\/comprasyconsejos.store\/en\/wp-json\/wp\/v2\/product_tag?post=35948"}],"curies":[{"name":"wp","href":"https:\/\/api.w.org\/{rel}","templated":true}]}}