{"id":35951,"date":"2026-02-27T11:58:28","date_gmt":"2026-02-27T11:58:28","guid":{"rendered":"https:\/\/comprasyconsejos.store\/product\/fanxiang-ssd-512gb-sata-iii-6gb-s-2-5-ssd-disk-550mb-s-reading-sata-internal-hard-drive-for-compatible-with-desktop-and-laptop-s101q\/"},"modified":"2026-02-27T11:58:31","modified_gmt":"2026-02-27T11:58:31","slug":"fanxiang-ssd-512gb-sata-iii-6gb-s-2-5-ssd-disk-550mb-s-reading-sata-internal-hard-drive-for-compatible-with-desktop-and-laptop-s101q","status":"publish","type":"product","link":"https:\/\/comprasyconsejos.store\/en\/product\/fanxiang-ssd-512gb-sata-iii-6gb-s-2-5-ssd-disk-550mb-s-reading-sata-internal-hard-drive-for-compatible-with-desktop-and-laptop-s101q\/","title":{"rendered":"fanxiang SSD 512GB SATA III 6Gb\/s 2.5&#8243;, SSD Disk, 550MB\/s Reading, SATA, Internal Hard Drive for Compatible with Desktop and Laptop-S101Q"},"content":{"rendered":"<p>Price: <span style=\"color:#b12704\">\u20ac74.99<\/span><br \/><i><small>(as of Feb 27, 2026 11:58:28 UTC &#8211; <span class=\"wp_automatic_amazon_disclaimer\" title=\"Product prices and availability are accurate as of the date\/time indicated and are subject to change. Any price and availability information displayed on [relevant Amazon Site(s), as applicable] at the time of purchase will apply to the purchase of this product.\">Details<\/span>)<\/small><\/i><\/p>\n<p><a href=\"https:\/\/amazon.es\/dp\/B0CM63ZP2Y?tag=man008-21\"><img decoding=\"async\" src=\"https:\/\/valvepress.s3.amazonaws.com\/imgs\/buy_now.png\"><\/a><br \/>\n<\/p>\n<p>                                             Product Description   <\/p>\n<p>                                                                                                       <img decoding=\"async\" alt=\"aplus content image\" src=\"https:\/\/images-na.ssl-images-amazon.com\/images\/G\/01\/x-locale\/common\/grey-pixel.gif\" class=\"a-lazy-loaded\" data-src=\"https:\/\/m.media-amazon.com\/images\/S\/aplus-media-library-service-media\/8d1f48f1-a0cc-41b1-b33d-16472728eb55.__CR0,0,1464,600_PT0_SX1464_V1___.jpg\"><img decoding=\"async\" alt=\"aplus content image\" src=\"https:\/\/m.media-amazon.com\/images\/S\/aplus-media-library-service-media\/8d1f48f1-a0cc-41b1-b33d-16472728eb55.__CR0,0,1464,600_PT0_SX1464_V1___.jpg\">                                               <\/p>\n<p>                                                                                                       <img decoding=\"async\" alt=\"aplus content image\" src=\"https:\/\/images-na.ssl-images-amazon.com\/images\/G\/01\/x-locale\/common\/grey-pixel.gif\" class=\"a-lazy-loaded\" data-src=\"https:\/\/m.media-amazon.com\/images\/S\/aplus-media-library-service-media\/8467f70d-c99e-46c1-9585-f60f71aa83b1.__CR0,0,1464,600_PT0_SX1464_V1___.jpg\"><img decoding=\"async\" alt=\"aplus content image\" src=\"https:\/\/m.media-amazon.com\/images\/S\/aplus-media-library-service-media\/8467f70d-c99e-46c1-9585-f60f71aa83b1.__CR0,0,1464,600_PT0_SX1464_V1___.jpg\">                                               <\/p>\n<p>                                                                                                       <img decoding=\"async\" alt=\"Disco de estado s\u00f3lido negro delgado junto al teclado. Las especificaciones de rendimiento muestran mejoras de 2 a 6 veces en varias tareas, como la transferencia de archivos\" src=\"https:\/\/images-na.ssl-images-amazon.com\/images\/G\/01\/x-locale\/common\/grey-pixel.gif\" class=\"a-lazy-loaded\" data-src=\"https:\/\/m.media-amazon.com\/images\/S\/aplus-media-library-service-media\/1e59346b-5f84-47fb-b4a5-68423f3b306a.__CR0,0,1464,600_PT0_SX1464_V1___.png\"><img decoding=\"async\" alt=\"Disco de estado s\u00f3lido negro delgado junto al teclado. Las especificaciones de rendimiento muestran mejoras de 2 a 6 veces en varias tareas, como la transferencia de archivos\" src=\"https:\/\/m.media-amazon.com\/images\/S\/aplus-media-library-service-media\/1e59346b-5f84-47fb-b4a5-68423f3b306a.__CR0,0,1464,600_PT0_SX1464_V1___.png\">                                               <\/p>\n<p>                                                                                                       <img decoding=\"async\" alt=\"Imagen de cuatro paneles que muestra una configuraci\u00f3n de juego con varios monitores. Paneles etiquetados como: experiencia de juego, actualizaci\u00f3n, edici\u00f3n de v\u00eddeo y trabajo\" src=\"https:\/\/images-na.ssl-images-amazon.com\/images\/G\/01\/x-locale\/common\/grey-pixel.gif\" class=\"a-lazy-loaded\" data-src=\"https:\/\/m.media-amazon.com\/images\/S\/aplus-media-library-service-media\/fc647437-dbac-4e43-bbcd-1500266039a4.__CR0,0,1464,600_PT0_SX1464_V1___.png\"><img decoding=\"async\" alt=\"Imagen de cuatro paneles que muestra una configuraci\u00f3n de juego con varios monitores. Paneles etiquetados como: experiencia de juego, actualizaci\u00f3n, edici\u00f3n de v\u00eddeo y trabajo\" src=\"https:\/\/m.media-amazon.com\/images\/S\/aplus-media-library-service-media\/fc647437-dbac-4e43-bbcd-1500266039a4.__CR0,0,1464,600_PT0_SX1464_V1___.png\">                                               <\/p>\n<p>                                                                                                       <img decoding=\"async\" alt=\"Pantalla digital que muestra las capacidades de almacenamiento de datos para varios tipos de archivos en diferentes medios de almacenamiento, presentada en formato de tabla con fondo azul.\" src=\"https:\/\/images-na.ssl-images-amazon.com\/images\/G\/01\/x-locale\/common\/grey-pixel.gif\" class=\"a-lazy-loaded\" data-src=\"https:\/\/m.media-amazon.com\/images\/S\/aplus-media-library-service-media\/220a8f00-718c-4967-950f-90a4ac28684d.__CR0,0,1464,600_PT0_SX1464_V1___.png\"><img decoding=\"async\" alt=\"Pantalla digital que muestra las capacidades de almacenamiento de datos para varios tipos de archivos en diferentes medios de almacenamiento, presentada en formato de tabla con fondo azul.\" src=\"https:\/\/m.media-amazon.com\/images\/S\/aplus-media-library-service-media\/220a8f00-718c-4967-950f-90a4ac28684d.__CR0,0,1464,600_PT0_SX1464_V1___.png\">                                               <\/p>\n<p> Is discontinued by manufacturer                                            \u200f                                            :                                            \u200e                                            No   <br \/> Product Dimensions                                            \u200f                                            :                                            \u200e                                            10 x 6.98 x 0.7 cm; 45.36 g   <br \/> Manufacturer                                            \u200f                                            :                                            \u200e                                            fanxiang   <br \/> ASIN                                            \u200f                                            :                                            \u200e                                            B0CM63ZP2Y   <br \/> Item model number                                            \u200f                                            :                                            \u200e                                            S101Q   <br \/> Country of origin                                            \u200f                                            :                                            \u200e                                            China   <br \/> Guaranteed software updates until                                            \u200f                                            :                                            \u200e                                            unknown   <br \/>  Customer reviews:                                                                                            4.5               4.5 out of 5 stars                                  (4,489)                                              var dpAcrHasRegisteredArcLinkClickAction;                    P.when(&#8216;A&#8217;, &#8216;ready&#8217;).execute(function(A) {                        if (dpAcrHasRegisteredArcLinkClickAction !== true) {                            dpAcrHasRegisteredArcLinkClickAction = true;                            A.declarative(                                &#8216;acrLink-click-metrics&#8217;, &#8216;click&#8217;,                                { \u00aballowLinkDefault\u00bb: true },                                function (event) {                                    if (window.ue) {                                        ue.count(\u00abacrLinkClickCount\u00bb, (ue.count(\u00abacrLinkClickCount\u00bb) || 0) + 1);                                    }                                }                            );                        }                    });                                             P.when(&#8216;A&#8217;, &#8216;cf&#8217;).execute(function(A) {                A.declarative(&#8216;acrStarsLink-click-metrics&#8217;, &#8216;click&#8217;, { \u00aballowLinkDefault\u00bb : true },  function(event){                    if(window.ue) {                        ue.count(\u00abacrStarsLinkWithPopoverClickCount\u00bb, (ue.count(\u00abacrStarsLinkWithPopoverClickCount\u00bb) || 0) + 1);                    }                });            });                          <\/p>\n<p>QUICK RESPONSE &#8211; fanxiang SSD 512GB S101Q uses a SATA III 6Gb\/s interface, a maximum read speed of up to 550MB\/s, and a maximum write speed of up to 500MB\/s<br \/>Speed up computer: The 512GB SSD replaces conventional mechanical hard drives, upgrade your laptop or desktop and reduce the time needed to boot up the operating system and open applications<br \/>Reliable: The 512GB SSD long life with 160 terabytes of total specified write. The ssd disk resistance to high and low temperatures, faster start speed and program loading speed<br \/>Verified Stability: The components of this 512GB SSD have passed 70\u2103 high temperature testing for 12 hours, ensuring the stability and durability of the product.<br \/>PREVENT DATA LOSS &#8211; Internal ssd drive upgrades your slow hard drive. fanxiang S101Q SATA SSD supports SLC cache and also has bad block management function, ssd disk which can detect and mark new bad blocks in NAND FLASH to avoid data write errors<br \/>Improve Efficiency: SATA SSD can be used to speed up games and accelerate efficiency for office work, video or graphic design.And we provide 3 years after-sales service<\/p>\n\n","protected":false},"excerpt":{"rendered":"<p> Product Description Is discontinued by manufacturer \u200f : \u200e No Product Dimensions \u200f : \u200e<\/p>","protected":false},"featured_media":35952,"comment_status":"open","ping_status":"closed","template":"","meta":[],"product_brand":[],"product_cat":[70],"product_tag":[536,2312,1663,2109,201,787,2117,2314,795,2119,2111,2105,2101,2113,4260,794,1647,1120,4263,2107,6070,1646,513,2115,2103],"class_list":{"0":"post-35951","1":"product","2":"type-product","3":"status-publish","4":"has-post-thumbnail","6":"product_cat-disc-drives","7":"product_tag-512gb","8":"product_tag-550mbs","9":"product_tag-6gbs","10":"product_tag-blu-ray-drive","11":"product_tag-compatible","12":"product_tag-desktop","13":"product_tag-disc-drive-for-laptop","14":"product_tag-disk","15":"product_tag-drive","16":"product_tag-dvd-drive-price","17":"product_tag-dvd-writer","18":"product_tag-external-cd-drive","19":"product_tag-external-dvd-drive","20":"product_tag-external-optical-drive","21":"product_tag-fanxiang","22":"product_tag-hard","23":"product_tag-iii","24":"product_tag-internal","25":"product_tag-laptops101q","26":"product_tag-portable-disc-drive","27":"product_tag-reading","28":"product_tag-sata","29":"product_tag-ssd","30":"product_tag-usb-cd-writer","31":"product_tag-usb-dvd-drive","33":"first","34":"instock","35":"shipping-taxable","36":"product-type-external"},"_links":{"self":[{"href":"https:\/\/comprasyconsejos.store\/en\/wp-json\/wp\/v2\/product\/35951","targetHints":{"allow":["GET"]}}],"collection":[{"href":"https:\/\/comprasyconsejos.store\/en\/wp-json\/wp\/v2\/product"}],"about":[{"href":"https:\/\/comprasyconsejos.store\/en\/wp-json\/wp\/v2\/types\/product"}],"replies":[{"embeddable":true,"href":"https:\/\/comprasyconsejos.store\/en\/wp-json\/wp\/v2\/comments?post=35951"}],"version-history":[{"count":0,"href":"https:\/\/comprasyconsejos.store\/en\/wp-json\/wp\/v2\/product\/35951\/revisions"}],"wp:featuredmedia":[{"embeddable":true,"href":"https:\/\/comprasyconsejos.store\/en\/wp-json\/wp\/v2\/media\/35952"}],"wp:attachment":[{"href":"https:\/\/comprasyconsejos.store\/en\/wp-json\/wp\/v2\/media?parent=35951"}],"wp:term":[{"taxonomy":"product_brand","embeddable":true,"href":"https:\/\/comprasyconsejos.store\/en\/wp-json\/wp\/v2\/product_brand?post=35951"},{"taxonomy":"product_cat","embeddable":true,"href":"https:\/\/comprasyconsejos.store\/en\/wp-json\/wp\/v2\/product_cat?post=35951"},{"taxonomy":"product_tag","embeddable":true,"href":"https:\/\/comprasyconsejos.store\/en\/wp-json\/wp\/v2\/product_tag?post=35951"}],"curies":[{"name":"wp","href":"https:\/\/api.w.org\/{rel}","templated":true}]}}