{"id":35957,"date":"2026-02-27T12:21:54","date_gmt":"2026-02-27T12:21:54","guid":{"rendered":"https:\/\/comprasyconsejos.store\/product\/fritzbox-5530-fiber-international-edition-fiber-optic-router-with-wi-fi-6-2-5-gigabit-lan-4-gigabit-lan-ports-2x-usb-3-0\/"},"modified":"2026-02-27T12:21:55","modified_gmt":"2026-02-27T12:21:55","slug":"fritzbox-5530-fiber-international-edition-fiber-optic-router-with-wi-fi-6-2-5-gigabit-lan-4-gigabit-lan-ports-2x-usb-3-0","status":"publish","type":"product","link":"https:\/\/comprasyconsejos.store\/en\/product\/fritzbox-5530-fiber-international-edition-fiber-optic-router-with-wi-fi-6-2-5-gigabit-lan-4-gigabit-lan-ports-2x-usb-3-0\/","title":{"rendered":"Fritz!Box 5530 Fiber International Edition, Fiber Optic Router with Wi-Fi 6, 2.5 Gigabit LAN, 4 Gigabit LAN Ports, 2X USB 3.0"},"content":{"rendered":"<p>Price: <span style=\"color:#b12704\">\u20ac232.30<\/span><br \/><i><small>(as of Feb 27, 2026 12:21:54 UTC &#8211; <span class=\"wp_automatic_amazon_disclaimer\" title=\"Product prices and availability are accurate as of the date\/time indicated and are subject to change. Any price and availability information displayed on [relevant Amazon Site(s), as applicable] at the time of purchase will apply to the purchase of this product.\">Details<\/span>)<\/small><\/i><\/p>\n<p><a href=\"https:\/\/amazon.es\/dp\/B0CV835KBQ?tag=man008-21\"><img decoding=\"async\" src=\"https:\/\/valvepress.s3.amazonaws.com\/imgs\/buy_now.png\"><\/a><br \/>\n<\/p>\n<p>                                             From the brand   <\/p>\n<p>                                              <img decoding=\"async\" alt=\"ES_Brand_Story\" src=\"https:\/\/images-na.ssl-images-amazon.com\/images\/G\/01\/x-locale\/common\/grey-pixel.gif\" class=\"a-lazy-loaded\" data-src=\"https:\/\/m.media-amazon.com\/images\/S\/aplus-media-library-service-media\/6b4fc9d6-3542-4e1a-a048-33a68de481ab.__CR0,0,1464,625_PT0_SX1464_V1___.jpg\"><img decoding=\"async\" alt=\"ES_Brand_Story\" src=\"https:\/\/m.media-amazon.com\/images\/S\/aplus-media-library-service-media\/6b4fc9d6-3542-4e1a-a048-33a68de481ab.__CR0,0,1464,625_PT0_SX1464_V1___.jpg\">  <\/p>\n<p>                                              <img decoding=\"async\" alt=\"\" src=\"https:\/\/images-na.ssl-images-amazon.com\/images\/G\/01\/x-locale\/common\/grey-pixel.gif\" class=\"a-lazy-loaded\" data-src=\"https:\/\/m.media-amazon.com\/images\/S\/aplus-media-library-service-media\/53fdbaee-583d-4a5c-90b2-4fd8cc3b12f1.__CR53,0,1358,625_PT0_SX315_V1___.jpg\"><img decoding=\"async\" alt=\"\" src=\"https:\/\/m.media-amazon.com\/images\/S\/aplus-media-library-service-media\/53fdbaee-583d-4a5c-90b2-4fd8cc3b12f1.__CR53,0,1358,625_PT0_SX315_V1___.jpg\">  <\/p>\n<p> La empresa AVM se fund\u00f3 en 1986 en Berl\u00edn y desde entonces se ha centrado en el desarrollo propio de dispositivos de red seguros e innovadores, de gama alta. <\/p>\n<p> Nuestra marca FRITZ! es el aliado perfecto para tu red dom\u00e9stica. La pieza central es el FRITZ!Box. Repetidores Wi-Fi, adaptadores Powerline, tel\u00e9fonos, enchufes inteligentes y sticks Wi-Fi completan el amplio porfolio. Todos los productos se pueden combinar f\u00e1cilmente seg\u00fan sus necesidades. <\/p>\n<p>                                              <img decoding=\"async\" alt=\"\" src=\"https:\/\/images-na.ssl-images-amazon.com\/images\/G\/01\/x-locale\/common\/grey-pixel.gif\" class=\"a-lazy-loaded\" data-src=\"https:\/\/m.media-amazon.com\/images\/S\/aplus-media-library-service-media\/98ba57bb-a324-4811-a4af-10fd7f4c49c0.__CR0,0,630,290_PT0_SX315_V1___.jpg\"><img decoding=\"async\" alt=\"\" src=\"https:\/\/m.media-amazon.com\/images\/S\/aplus-media-library-service-media\/98ba57bb-a324-4811-a4af-10fd7f4c49c0.__CR0,0,630,290_PT0_SX315_V1___.jpg\">  <\/p>\n<p> Innovaci\u00f3n y ecosistema <\/p>\n<p> La \u00faltima tecnolog\u00eda de vanguardia, software y hardware de alto rendimiento, perfectamente coordinado y muy f\u00e1cil de instalar <\/p>\n<p> Durabilidad y seguridad <\/p>\n<p> Prestaciones de alta calidad, actualizaciones gratuitas y los mejores protocolos de seguridad Proximidad y soporte al cliente <\/p>\n<p> Apoyo y asesoramiento a trav\u00e9s del servicio on-line y del equipo de asistencia, laboratorio con opciones de evaluaci\u00f3n <\/p>\n<p>                                              <img decoding=\"async\" alt=\"\" src=\"https:\/\/images-na.ssl-images-amazon.com\/images\/G\/01\/x-locale\/common\/grey-pixel.gif\" class=\"a-lazy-loaded\" data-src=\"https:\/\/m.media-amazon.com\/images\/S\/aplus-media-library-service-media\/883eae23-087c-4d7d-b546-3dd3415e6156.__CR0,0,630,290_PT0_SX315_V1___.jpg\"><img decoding=\"async\" alt=\"\" src=\"https:\/\/m.media-amazon.com\/images\/S\/aplus-media-library-service-media\/883eae23-087c-4d7d-b546-3dd3415e6156.__CR0,0,630,290_PT0_SX315_V1___.jpg\">  <\/p>\n<p> FRITZ!Box &#8211; El centro de control de su red dom\u00e9stica <\/p>\n<\/p>\n<p>Como n\u00facleo del hogar inteligente, combina a la perfecci\u00f3n todos los dispositivos y permite controlarlos c\u00f3modamente a trav\u00e9s de una aplicaci\u00f3n m\u00f3vil         <\/p>\n<p>Como central telef\u00f3nica, ofrece una calidad de voz n\u00edtida y m\u00faltiples funciones         <\/p>\n<p>Gracias a su sistema Master Mesh, garantiza cobertura Wi-Fi en toda la casa     <\/p>\n<p>                                              <img decoding=\"async\" alt=\"\" src=\"https:\/\/images-na.ssl-images-amazon.com\/images\/G\/01\/x-locale\/common\/grey-pixel.gif\" class=\"a-lazy-loaded\" data-src=\"https:\/\/m.media-amazon.com\/images\/S\/aplus-media-library-service-media\/d03d01aa-0da4-49e2-b870-f315e2d75e31.__CR0,0,315,145_PT0_SX315_V1___.jpg\"><img decoding=\"async\" alt=\"\" src=\"https:\/\/m.media-amazon.com\/images\/S\/aplus-media-library-service-media\/d03d01aa-0da4-49e2-b870-f315e2d75e31.__CR0,0,315,145_PT0_SX315_V1___.jpg\">  <\/p>\n<p> El standard Wi-Fi 6 tiene en cuenta el n\u00famero, cada vez mayor, de dispositivos Wi-Fi como smartphones, tablets, PCs y muchos m\u00e1s. <\/p>\n<p> Garantiza una mejor distribuci\u00f3n del ancho de banda disponible y ofrece un Wi-Fi m\u00e1s estable, mejores velocidades, bajos tiempos de latencia, m\u00e1xima seguridad en los datos a trav\u00e9s de WPA3 y mayor duraci\u00f3n de la bater\u00eda de los dispositivos Wi-Fi. <\/p>\n<p>                                              <img decoding=\"async\" alt=\"\" src=\"https:\/\/images-na.ssl-images-amazon.com\/images\/G\/01\/x-locale\/common\/grey-pixel.gif\" class=\"a-lazy-loaded\" data-src=\"https:\/\/m.media-amazon.com\/images\/S\/aplus-media-library-service-media\/3784e50a-5124-4b5b-8598-df9f58fe9eb6.__CR7,0,552,254_PT0_SX315_V1___.jpg\"><img decoding=\"async\" alt=\"\" src=\"https:\/\/m.media-amazon.com\/images\/S\/aplus-media-library-service-media\/3784e50a-5124-4b5b-8598-df9f58fe9eb6.__CR7,0,552,254_PT0_SX315_V1___.jpg\">  <\/p>\n<p> Mesh \u2013 \u00a1Ya incluido con FRITZ! <\/p>\n<p> Con Wi-Fi Mesh, varios dispositivos Wi-Fi se comunican entre s\u00ed y forman una gran red Wi-Fi que cubre todas las estancias de su casa con Internet de alta velocidad. <\/p>\n<p> El FRITZ!Box es el centro de la red Wi-Fi Mesh y puede ampliarse seg\u00fan sus necesidades con cualquiera de los FRITZ!Repeaters &#8211; para un Wi-Fi tal y como se merece. <\/p>\n<p>                                              <img decoding=\"async\" alt=\"\" src=\"https:\/\/images-na.ssl-images-amazon.com\/images\/G\/01\/x-locale\/common\/grey-pixel.gif\" class=\"a-lazy-loaded\" data-src=\"https:\/\/m.media-amazon.com\/images\/S\/aplus-media-library-service-media\/6b8aa1a3-fe75-41d8-8db0-0f2aa0f57722.__CR0,0,315,145_PT0_SX315_V1___.jpg\"><img decoding=\"async\" alt=\"\" src=\"https:\/\/m.media-amazon.com\/images\/S\/aplus-media-library-service-media\/6b8aa1a3-fe75-41d8-8db0-0f2aa0f57722.__CR0,0,315,145_PT0_SX315_V1___.jpg\">  <\/p>\n<p> Equipate para ganar <\/p>\n<p> Con FRITZ! podr\u00e1s jugar sin que se interrumpa la conexi\u00f3n y sin ning\u00fan tipo de lag. Porque, si tienes un FRITZ!Box, estar\u00e1s equipado con el hardware   perfecto y un software potente y de alto redimiento. <\/p>\n<p> \u00a1Arranca motores y bate tus propios r\u00e9cords! <\/p>\n<h3> Conectividad para cada ocasi\u00f3n <\/h3>\n<p class=\"apm-brand-story-stores-link\">\n<p> Product Dimensions                                            \u200f                                            :                                            \u200e                                            20.8 x 15 x 3.7 cm; 513 g   <br \/> Manufacturer                                            \u200f                                            :                                            \u200e                                            AVM   <br \/> ASIN                                            \u200f                                            :                                            \u200e                                            B0CV835KBQ   <br \/> Item model number                                            \u200f                                            :                                            \u200e                                            20003003   <br \/> Country of origin                                            \u200f                                            :                                            \u200e                                            Poland   <br \/> Guaranteed software updates until                                            \u200f                                            :                                            \u200e                                            unknown   <br \/>  Customer reviews:                                                                                            4.4               4.4 out of 5 stars                                  (2,033)                                              var dpAcrHasRegisteredArcLinkClickAction;                    P.when(&#8216;A&#8217;, &#8216;ready&#8217;).execute(function(A) {                        if (dpAcrHasRegisteredArcLinkClickAction !== true) {                            dpAcrHasRegisteredArcLinkClickAction = true;                            A.declarative(                                &#8216;acrLink-click-metrics&#8217;, &#8216;click&#8217;,                                { \u00aballowLinkDefault\u00bb: true },                                function (event) {                                    if (window.ue) {                                        ue.count(\u00abacrLinkClickCount\u00bb, (ue.count(\u00abacrLinkClickCount\u00bb) || 0) + 1);                                    }                                }                            );                        }                    });                                             P.when(&#8216;A&#8217;, &#8216;cf&#8217;).execute(function(A) {                A.declarative(&#8216;acrStarsLink-click-metrics&#8217;, &#8216;click&#8217;, { \u00aballowLinkDefault\u00bb : true },  function(event){                    if(window.ue) {                        ue.count(\u00abacrStarsLinkWithPopoverClickCount\u00bb, (ue.count(\u00abacrStarsLinkWithPopoverClickCount\u00bb) || 0) + 1);                    }                });            });                          <\/p>\n<p>Wi-Fi 6 router for fiber optic connections (AON and GPON): Wi-Fi with up to 3Gbps: 5GHz: 2400Mbps and 2.4GHz: 600Mbps, supports Wi-Fi Mesh<br \/>1x 2.5 Gigabit LAN port, 2x fast Gigabit LAN ports for computers, TVs and other network devices, integrated SFP slot with inserted FRITZ!SFP module<br \/>VoIP telephone switchboard with a wide range of additional functions for telephones (analog, DECT and IP), DECT base for up to six cordless phones (for example, all FRITZ!Fon models) and home automation applications, with MyFRITZ! You can securely access your FRITZ!Box and network storage device from anywhere in the world<br \/>Secure browsing with factory activated firewall, secure remote access to local or business network via VPN, simple and multilingual user interface for all settings<br \/>Package Contents: FRITZ!Box 5530 Fiber International Edition, FRITZ!SFP AON and FRITZ!SFP GPON, one power supply, 1.5m LAN cable, quick installation guide<\/p>\n\n","protected":false},"excerpt":{"rendered":"<p> From the brand La empresa AVM se fund\u00f3 en 1986 en Berl\u00edn y desde entonces<\/p>","protected":false},"featured_media":35958,"comment_status":"open","ping_status":"closed","template":"","meta":[],"product_brand":[],"product_cat":[71],"product_tag":[2080,2084,2078,964,2409,7175,2079,1092,2081,2083,3371,791,2082,2876,382,2088,2085,133,543,2076,2077],"class_list":{"0":"post-35957","1":"product","2":"type-product","3":"status-publish","4":"has-post-thumbnail","6":"product_cat-wifi-routers","7":"product_tag-5ghz-router","8":"product_tag-best-wifi-router","9":"product_tag-dual-band-router","10":"product_tag-edition","11":"product_tag-fiber","12":"product_tag-fritzbox","13":"product_tag-gaming-wifi-router","14":"product_tag-gigabit","15":"product_tag-high-speed-router","16":"product_tag-home-wifi-router","17":"product_tag-international","18":"product_tag-lan","19":"product_tag-mesh-wifi-router","20":"product_tag-optic","21":"product_tag-ports","22":"product_tag-router","23":"product_tag-router-price","24":"product_tag-usb","25":"product_tag-wifi","26":"product_tag-wifi-router","27":"product_tag-wireless-router","29":"first","30":"instock","31":"shipping-taxable","32":"product-type-external"},"_links":{"self":[{"href":"https:\/\/comprasyconsejos.store\/en\/wp-json\/wp\/v2\/product\/35957","targetHints":{"allow":["GET"]}}],"collection":[{"href":"https:\/\/comprasyconsejos.store\/en\/wp-json\/wp\/v2\/product"}],"about":[{"href":"https:\/\/comprasyconsejos.store\/en\/wp-json\/wp\/v2\/types\/product"}],"replies":[{"embeddable":true,"href":"https:\/\/comprasyconsejos.store\/en\/wp-json\/wp\/v2\/comments?post=35957"}],"version-history":[{"count":0,"href":"https:\/\/comprasyconsejos.store\/en\/wp-json\/wp\/v2\/product\/35957\/revisions"}],"wp:featuredmedia":[{"embeddable":true,"href":"https:\/\/comprasyconsejos.store\/en\/wp-json\/wp\/v2\/media\/35958"}],"wp:attachment":[{"href":"https:\/\/comprasyconsejos.store\/en\/wp-json\/wp\/v2\/media?parent=35957"}],"wp:term":[{"taxonomy":"product_brand","embeddable":true,"href":"https:\/\/comprasyconsejos.store\/en\/wp-json\/wp\/v2\/product_brand?post=35957"},{"taxonomy":"product_cat","embeddable":true,"href":"https:\/\/comprasyconsejos.store\/en\/wp-json\/wp\/v2\/product_cat?post=35957"},{"taxonomy":"product_tag","embeddable":true,"href":"https:\/\/comprasyconsejos.store\/en\/wp-json\/wp\/v2\/product_tag?post=35957"}],"curies":[{"name":"wp","href":"https:\/\/api.w.org\/{rel}","templated":true}]}}