{"id":35968,"date":"2026-02-27T13:04:46","date_gmt":"2026-02-27T13:04:46","guid":{"rendered":"https:\/\/comprasyconsejos.store\/product\/arctic-p8-80-mm-ventilador-de-caja-para-cpu-motor-muy-silencioso-computadora-3000-rpm-negro\/"},"modified":"2026-02-27T13:04:46","modified_gmt":"2026-02-27T13:04:46","slug":"arctic-p8-80-mm-ventilador-de-caja-para-cpu-motor-muy-silencioso-computadora-3000-rpm-negro","status":"publish","type":"product","link":"https:\/\/comprasyconsejos.store\/en\/product\/arctic-p8-80-mm-ventilador-de-caja-para-cpu-motor-muy-silencioso-computadora-3000-rpm-negro\/","title":{"rendered":"ARCTIC P8 &#8211; 80 mm Ventilador de Caja para CPU, Motor Muy Silencioso, Computadora, 3000 RPM &#8211; Negro"},"content":{"rendered":"<p>Price: <span style=\"color:#b12704\"><del>\u20ac9.99<\/del> - \u20ac7.99<\/span><br \/><i><small>(as of Feb 27, 2026 13:04:46 UTC &#8211; <span class=\"wp_automatic_amazon_disclaimer\" title=\"Product prices and availability are accurate as of the date\/time indicated and are subject to change. Any price and availability information displayed on [relevant Amazon Site(s), as applicable] at the time of purchase will apply to the purchase of this product.\">Details<\/span>)<\/small><\/i><\/p>\n<p><a href=\"https:\/\/amazon.es\/dp\/B07WS2G2RV?tag=man008-21\"><img decoding=\"async\" src=\"https:\/\/valvepress.s3.amazonaws.com\/imgs\/buy_now.png\"><\/a><br \/>\n<\/p>\n<p>                                             From the manufacturer   <\/p>\n<p>                                                  <img decoding=\"async\" alt=\"ventiladores 80mm 12v para ordenador fan cooler ventoinha 220v silencioso de pc gaming componentes\" src=\"https:\/\/images-na.ssl-images-amazon.com\/images\/G\/01\/x-locale\/common\/grey-pixel.gif\" class=\"a-lazy-loaded\" data-src=\"https:\/\/m.media-amazon.com\/images\/S\/aplus-media-library-service-media\/1ab6c709-04b6-45f5-b23b-33054b910816.__CR0,0,970,300_PT0_SX970_V1___.jpg\"><img decoding=\"async\" alt=\"ventiladores 80mm 12v para ordenador fan cooler ventoinha 220v silencioso de pc gaming componentes\" src=\"https:\/\/m.media-amazon.com\/images\/S\/aplus-media-library-service-media\/1ab6c709-04b6-45f5-b23b-33054b910816.__CR0,0,970,300_PT0_SX970_V1___.jpg\">  <\/p>\n<p class=\"apm-text-center\">\n                                                      <img decoding=\"async\" alt=\"ARCTIC P8\" src=\"https:\/\/images-na.ssl-images-amazon.com\/images\/G\/01\/x-locale\/common\/grey-pixel.gif\" class=\"a-lazy-loaded\" data-src=\"https:\/\/m.media-amazon.com\/images\/S\/aplus-media\/vc\/0919c3ef-ccb7-4307-9f24-4f7a30cd8538.__CR0,0,800,800_PT0_SX220_V1___.jpg\"><img decoding=\"async\" alt=\"ARCTIC P8\" src=\"https:\/\/m.media-amazon.com\/images\/S\/aplus-media\/vc\/0919c3ef-ccb7-4307-9f24-4f7a30cd8538.__CR0,0,800,800_PT0_SX220_V1___.jpg\">  <\/p>\n<p>                                                    Optimizado para alta presi\u00f3n est\u00e1tica                                     <\/p>\n<p class=\"a-size-small\"> Al desarrollar P8, se hizo especial hincapi\u00e9 en un flujo de aire enfocado y una alta presi\u00f3n est\u00e1tica. El ventilador garantiza un enfriamiento extremadamente eficiente, incluso con una mayor resistencia al aire. Por lo tanto, el P8 es particularmente adecuado para su uso en disipadores de calor, radiadores, as\u00ed como en orificios y filtros. <\/p>\n<p class=\"apm-text-center\">\n                                                      <img decoding=\"async\" alt=\"ARCTIC P8\" src=\"https:\/\/images-na.ssl-images-amazon.com\/images\/G\/01\/x-locale\/common\/grey-pixel.gif\" class=\"a-lazy-loaded\" data-src=\"https:\/\/m.media-amazon.com\/images\/S\/aplus-media-library-service-media\/8d9faf41-512f-4a88-8ed7-8002e17813b8.__CR0,0,722,722_PT0_SX220_V1___.jpg\"><img decoding=\"async\" alt=\"ARCTIC P8\" src=\"https:\/\/m.media-amazon.com\/images\/S\/aplus-media-library-service-media\/8d9faf41-512f-4a88-8ed7-8002e17813b8.__CR0,0,722,722_PT0_SX220_V1___.jpg\">  <\/p>\n<p>                                                    Larga vida \u00fatil                                     <\/p>\n<p class=\"a-size-small\"> El cojinete liso hidrodin\u00e1mico est\u00e1 equipado con una c\u00e1psula de aceite, para evitar la p\u00e9rdida de lubricante. Por esta raz\u00f3n, este cojinete es tan silencioso como un cojinete liso pero tiene una vida \u00fatil significativamente m\u00e1s larga. <\/p>\n<p class=\"apm-text-center\">\n                                                      <img decoding=\"async\" alt=\"ARCTIC P8\" src=\"https:\/\/images-na.ssl-images-amazon.com\/images\/G\/01\/x-locale\/common\/grey-pixel.gif\" class=\"a-lazy-loaded\" data-src=\"https:\/\/m.media-amazon.com\/images\/S\/aplus-media\/vc\/5a4e26db-bfca-4d3e-9c93-b179cf7f7dd8.__CR0,0,800,800_PT0_SX220_V1___.jpg\"><img decoding=\"async\" alt=\"ARCTIC P8\" src=\"https:\/\/m.media-amazon.com\/images\/S\/aplus-media\/vc\/5a4e26db-bfca-4d3e-9c93-b179cf7f7dd8.__CR0,0,800,800_PT0_SX220_V1___.jpg\">  <\/p>\n<p>                                                    Instalaci\u00f3n bidireccional                                     <\/p>\n<p class=\"a-size-small\"> Puede funcionar de dos maneras: Expulsando aire caliente del ordenador o introduciendo aire fr\u00edo en \u00e9l. <\/p>\n<p class=\"apm-text-center\">\n                                                      <img decoding=\"async\" alt=\"ARCTIC P8\" src=\"https:\/\/images-na.ssl-images-amazon.com\/images\/G\/01\/x-locale\/common\/grey-pixel.gif\" class=\"a-lazy-loaded\" data-src=\"https:\/\/m.media-amazon.com\/images\/S\/aplus-media\/vc\/03260f13-be05-45f5-80e3-c5cc3a62aadf.__CR0,0,800,800_PT0_SX220_V1___.jpg\"><img decoding=\"async\" alt=\"ARCTIC P8\" src=\"https:\/\/m.media-amazon.com\/images\/S\/aplus-media\/vc\/03260f13-be05-45f5-80e3-c5cc3a62aadf.__CR0,0,800,800_PT0_SX220_V1___.jpg\">  <\/p>\n<p>                                                    Altamente eficiente                                     <\/p>\n<p class=\"a-size-small\"> El ventilador de caja ARCTIC P8 es la mejor soluci\u00f3n para refrigeradores de PC. <\/p>\n<p>                                                      <img decoding=\"async\" alt=\"Datos generales\" src=\"https:\/\/images-na.ssl-images-amazon.com\/images\/G\/01\/x-locale\/common\/grey-pixel.gif\" class=\"a-spacing-mini a-lazy-loaded\" data-src=\"https:\/\/m.media-amazon.com\/images\/S\/aplus-media-library-service-media\/97f89293-9aeb-48ae-9bb4-dfca046a74c0.__CR0,0,800,800_PT0_SX300_V1___.jpg\"><img decoding=\"async\" alt=\"Datos generales\" src=\"https:\/\/m.media-amazon.com\/images\/S\/aplus-media-library-service-media\/97f89293-9aeb-48ae-9bb4-dfca046a74c0.__CR0,0,800,800_PT0_SX300_V1___.jpg\">  <\/p>\n<h3 class=\"a-spacing-mini\"> Datos generales <\/h3>\n<p>                                           Potencia                                     <\/p>\n<p class=\"a-spacing-base\"> Velocidad: 3000 rpm <\/p>\n<p class=\"a-spacing-base\"> Caudal de aire: 23,4 cfm | 39,76 m\u00b3\/h <\/p>\n<p class=\"a-spacing-base\"> Presi\u00f3n est\u00e1tica: 1,90 mmH\u2082O <\/p>\n<p class=\"a-spacing-base\"> Nivel de ruido: 0,3 Sone <\/p>\n<p class=\"a-spacing-base\"> Temperatura ambiente de funcionamiento: 0\u201340 \u00b0C <\/p>\n<p>                                           Ventilador                                     <\/p>\n<p class=\"a-spacing-base\"> Marco del ventilador: Est\u00e1ndar <\/p>\n<p class=\"a-spacing-base\"> Tipo de control: Velocidad fija <\/p>\n<p class=\"a-spacing-base\"> Conexi\u00f3n: conector de 3 pines <\/p>\n<p class=\"a-spacing-base\"> Rodamiento del ventilador: Rodamiento fluidodin\u00e1mico <\/p>\n<p>                                           Caracter\u00edsticas el\u00e9ctricas                                     <\/p>\n<p class=\"a-spacing-base\"> Tensi\u00f3n t\u00edpica: 12 V DC <\/p>\n<p class=\"a-spacing-base\"> Tensi\u00f3n de arranque: 2,4 V <\/p>\n<p class=\"a-spacing-base\"> Corriente | Tensi\u00f3n: 0,14 A | 12 V <\/p>\n<p class=\"a-spacing-base\"> Longitud del cable: 400 mm <\/p>\n<p>                                                         Tama\u00f1o y peso                                        Longitud: 80 mm       Anchura: 80 mm       Altura: 25 mm       Peso: 81 g       <\/p>\n<p>                         Add To Basket  <\/p>\n<p>                         Add To Basket  <\/p>\n<p>                         Add To Basket  <\/p>\n<p>                         Add To Basket  <\/p>\n<p>                         Add To Basket  <\/p>\n<p>                             Customer Reviews  <\/p>\n<p>                    4.5 out of 5 stars  942  <\/p>\n<p>                    4.5 out of 5 stars  121  <\/p>\n<p>                    4.5 out of 5 stars  942  <\/p>\n<p>                    4.6 out of 5 stars  519  <\/p>\n<p>                    4.6 out of 5 stars  531  <\/p>\n<p>                    4.7 out of 5 stars  277  <\/p>\n<p>                             Price  <\/p>\n<p>                                    \u20ac7.99\u20ac7.99<br \/>\n                                            \u2014 no data<br \/>\n                                                       \u20ac10.99\u20ac10.99                  \u20ac9.49\u20ac9.49                  \u20ac9.99\u20ac9.99                  \u20ac7.99\u20ac7.99        <\/p>\n<p>                             Tama\u00f1o<br \/>\n                                80 x 80 x 25 mm               80 x 80 x 25 mm               80 x 80 x 25 mm               80 x 80 x 25 mm               80 x 80 x 25 mm               80 x 80 x 15 mm        <\/p>\n<p>                             Velocidad de ventilaci\u00f3n<br \/>\n                                3000 rpm               2000 rpm               200\u20133000 rpm               200\u20133000 rpm               500\u20135000 rpm               300\u20133000 rpm        <\/p>\n<p>                             Flujo de aire<br \/>\n                                23,4 cfm | 39,76 m\u00b3\/h               31 cfm | 52,7 m\u00b3\/h               23,4 cfm | 39,76 m\u00b3\/h               23,4 cfm | 39,76 m\u00b3\/h               40 cfm | 67,96 m\u00b3\/h               22,5 cfm | 38,23 m\u00b3\/h        <\/p>\n<p>                             Control<br \/>\n                                Velocidad fija               Velocidad fija               PWM PST               PWM PST               PWM               PWM PST        <\/p>\n<p>                             Rodamiento<br \/>\n                                Rodamiento din\u00e1mico fluido               Rodamiento din\u00e1mico fluido               Doble rodamiento de bolas               Rodamiento din\u00e1mico fluido               Rodamiento din\u00e1mico fluido               Rodamiento din\u00e1mico fluido        <\/p>\n<p>                             Peso<br \/>\n                                78,5 g               71 g               78,5 g               78,5 g               84 g               45 g        <\/p>\n<p>                             Presi\u00f3n est\u00e1tica<br \/>\n                                1,9 mmH\u2082O               1,0 mmH\u2082O               1,9 mmH\u2082O               1,9 mmH\u2082O               5,3 mmH\u2082O               2,35 mmH\u2082O        <\/p>\n<p>                                                  <img decoding=\"async\" alt=\"refrigeracion liquida caja artic mini argb rgb controller controlador hub\" src=\"https:\/\/images-na.ssl-images-amazon.com\/images\/G\/01\/x-locale\/common\/grey-pixel.gif\" class=\"a-lazy-loaded\" data-src=\"https:\/\/m.media-amazon.com\/images\/S\/aplus-media-library-service-media\/b28c5aa2-6dd3-4a3e-bf82-3aeb5306abc5.__CR0,0,970,300_PT0_SX970_V1___.jpg\"><img decoding=\"async\" alt=\"refrigeracion liquida caja artic mini argb rgb controller controlador hub\" src=\"https:\/\/m.media-amazon.com\/images\/S\/aplus-media-library-service-media\/b28c5aa2-6dd3-4a3e-bf82-3aeb5306abc5.__CR0,0,970,300_PT0_SX970_V1___.jpg\">  <\/p>\n<p> Product Dimensions                                            \u200f                                            :                                            \u200e                                            8 x 8 x 2.5 cm; 78 g   <br \/> Date First Available                                            \u200f                                            :                                            \u200e                                            22 Aug. 2019   <br \/> Manufacturer                                            \u200f                                            :                                            \u200e                                            ARCTIC   <br \/> ASIN                                            \u200f                                            :                                            \u200e                                            B07WS2G2RV   <br \/> Item model number                                            \u200f                                            :                                            \u200e                                            ACFAN00147A   <br \/> Country of origin                                            \u200f                                            :                                            \u200e                                            China   <br \/>       Best Sellers Rank:  1,480 in Computers (See Top 100 in Computers)    43 in Computer Case Fans      <br \/>  Customer reviews:                                                                                            4.5               4.5 out of 5 stars                                  (942)                                              var dpAcrHasRegisteredArcLinkClickAction;                    P.when(&#8216;A&#8217;, &#8216;ready&#8217;).execute(function(A) {                        if (dpAcrHasRegisteredArcLinkClickAction !== true) {                            dpAcrHasRegisteredArcLinkClickAction = true;                            A.declarative(                                &#8216;acrLink-click-metrics&#8217;, &#8216;click&#8217;,                                { \u00aballowLinkDefault\u00bb: true },                                function (event) {                                    if (window.ue) {                                        ue.count(\u00abacrLinkClickCount\u00bb, (ue.count(\u00abacrLinkClickCount\u00bb) || 0) + 1);                                    }                                }                            );                        }                    });                                             P.when(&#8216;A&#8217;, &#8216;cf&#8217;).execute(function(A) {                A.declarative(&#8216;acrStarsLink-click-metrics&#8217;, &#8216;click&#8217;, { \u00aballowLinkDefault\u00bb : true },  function(event){                    if(window.ue) {                        ue.count(\u00abacrStarsLinkWithPopoverClickCount\u00bb, (ue.count(\u00abacrStarsLinkWithPopoverClickCount\u00bb) || 0) + 1);                    }                });            });                          <\/p>\n<p>STATIC PRESSURE: Due to the High Static Pressure, the Fan ensures efficient cooling even with increased air resistance, suitable for use in heat sinks and radiators<br \/>HIGH QUALITY BEARING: A combination of alloy and lubricant developed in Germany reduces friction inside the bearing, this prevents friction<br \/>LONGER LIFE: The P8 fan prevents excessive heat and bearing noise, resulting in a longer life span than its predecessors and competitors<br \/>REDESIGNED FAN BLADES: The P8 fan has completely redesigned fan blades and is optimized for High Static Pressure. For efficient operation without interference<br \/>TECHNICAL INFORMATION: Fan speed: 3000 rpm, Airflow: 23.4 cfm | 39.76 m\u00b3\/h, Static pressure: 1.9 mmH\u2082O, Noise level: 0.3 Sone, Pin: 3-pin<\/p>\n\n","protected":false},"excerpt":{"rendered":"<p> From the manufacturer Optimizado para alta presi\u00f3n est\u00e1tica Al desarrollar P8, se hizo especial hincapi\u00e9<\/p>","protected":false},"featured_media":35969,"comment_status":"open","ping_status":"closed","template":"","meta":[],"product_brand":[],"product_cat":[66],"product_tag":[2008,2880,2010,4205,4042,598,2002,2014,1997,2016,2006,1613,4206,3998,3954,1999,2012,2004,2474,4207,4204],"class_list":{"0":"post-35968","1":"product","2":"type-product","3":"status-publish","4":"has-post-thumbnail","6":"product_cat-cpu-fan","7":"product_tag-amd-cpu-cooler","8":"product_tag-arctic","9":"product_tag-best-cpu-fan","10":"product_tag-caja","11":"product_tag-computadora","12":"product_tag-cpu","13":"product_tag-cpu-air-cooler","14":"product_tag-cpu-cooling-fan","15":"product_tag-cpu-fan","16":"product_tag-cpu-fan-price","17":"product_tag-intel-cpu-fan","18":"product_tag-motor","19":"product_tag-muy","20":"product_tag-negro","21":"product_tag-para","22":"product_tag-processor-fan","23":"product_tag-quiet-cpu-cooler","24":"product_tag-rgb-cpu-cooler","25":"product_tag-rpm","26":"product_tag-silencioso","27":"product_tag-ventilador","29":"first","30":"instock","31":"sale","32":"shipping-taxable","33":"product-type-external"},"_links":{"self":[{"href":"https:\/\/comprasyconsejos.store\/en\/wp-json\/wp\/v2\/product\/35968","targetHints":{"allow":["GET"]}}],"collection":[{"href":"https:\/\/comprasyconsejos.store\/en\/wp-json\/wp\/v2\/product"}],"about":[{"href":"https:\/\/comprasyconsejos.store\/en\/wp-json\/wp\/v2\/types\/product"}],"replies":[{"embeddable":true,"href":"https:\/\/comprasyconsejos.store\/en\/wp-json\/wp\/v2\/comments?post=35968"}],"version-history":[{"count":0,"href":"https:\/\/comprasyconsejos.store\/en\/wp-json\/wp\/v2\/product\/35968\/revisions"}],"wp:featuredmedia":[{"embeddable":true,"href":"https:\/\/comprasyconsejos.store\/en\/wp-json\/wp\/v2\/media\/35969"}],"wp:attachment":[{"href":"https:\/\/comprasyconsejos.store\/en\/wp-json\/wp\/v2\/media?parent=35968"}],"wp:term":[{"taxonomy":"product_brand","embeddable":true,"href":"https:\/\/comprasyconsejos.store\/en\/wp-json\/wp\/v2\/product_brand?post=35968"},{"taxonomy":"product_cat","embeddable":true,"href":"https:\/\/comprasyconsejos.store\/en\/wp-json\/wp\/v2\/product_cat?post=35968"},{"taxonomy":"product_tag","embeddable":true,"href":"https:\/\/comprasyconsejos.store\/en\/wp-json\/wp\/v2\/product_tag?post=35968"}],"curies":[{"name":"wp","href":"https:\/\/api.w.org\/{rel}","templated":true}]}}