{"id":35980,"date":"2026-02-27T13:22:29","date_gmt":"2026-02-27T13:22:29","guid":{"rendered":"https:\/\/comprasyconsejos.store\/product\/canon-pixma-ts8750-3-in-1-multifunction-printer-inkjet-system-printing-scanning-and-copying-wifi-double-sided-printing-two-way-feed-black\/"},"modified":"2026-02-27T13:22:30","modified_gmt":"2026-02-27T13:22:30","slug":"canon-pixma-ts8750-3-in-1-multifunction-printer-inkjet-system-printing-scanning-and-copying-wifi-double-sided-printing-two-way-feed-black","status":"publish","type":"product","link":"https:\/\/comprasyconsejos.store\/en\/product\/canon-pixma-ts8750-3-in-1-multifunction-printer-inkjet-system-printing-scanning-and-copying-wifi-double-sided-printing-two-way-feed-black\/","title":{"rendered":"Canon Pixma TS8750 3-in-1 Multifunction Printer, Inkjet System, Printing, Scanning and Copying, WiFi, Double-Sided Printing, Two-Way Feed, Black"},"content":{"rendered":"<p>Price: <span style=\"color:#b12704\">\u20ac158.07<\/span><br \/><i><small>(as of Feb 27, 2026 13:22:29 UTC &#8211; <span class=\"wp_automatic_amazon_disclaimer\" title=\"Product prices and availability are accurate as of the date\/time indicated and are subject to change. Any price and availability information displayed on [relevant Amazon Site(s), as applicable] at the time of purchase will apply to the purchase of this product.\">Details<\/span>)<\/small><\/i><\/p>\n<p><a href=\"https:\/\/amazon.es\/dp\/B0CH8J3TV4?tag=man008-21\"><img decoding=\"async\" src=\"https:\/\/valvepress.s3.amazonaws.com\/imgs\/buy_now.png\"><\/a><br \/>\n<\/p>\n<p>                                             From the manufacturer   <\/p>\n<p>                                                                             <img decoding=\"async\" alt=\"CANON\" src=\"https:\/\/images-na.ssl-images-amazon.com\/images\/G\/01\/x-locale\/common\/grey-pixel.gif\" class=\"a-spacing-base a-lazy-loaded\" data-src=\"https:\/\/m.media-amazon.com\/images\/S\/aplus-media\/sota\/f6f57999-e50c-45c4-a04c-2128e32be6fe.__CR0,0,970,600_PT0_SX970_V1___.jpg\"><img decoding=\"async\" alt=\"CANON\" src=\"https:\/\/m.media-amazon.com\/images\/S\/aplus-media\/sota\/f6f57999-e50c-45c4-a04c-2128e32be6fe.__CR0,0,970,600_PT0_SX970_V1___.jpg\">                                                                     <\/p>\n<p class=\"a-spacing-base\"> Fundada en 1937, Canon es una empresa de tecnolog\u00eda dedicada a ayudar a las personas a reinventar y ampliar los l\u00edmites de lo que es posible a trav\u00e9s de la imagen. <\/p>\n<p class=\"a-spacing-base\"> La innovaci\u00f3n continua de Canon los ha mantenido a la vanguardia de la excelencia en im\u00e1genes a lo largo de sus 80 a\u00f1os de historia, lo que les ha permitido desarrollar tecnolog\u00eda l\u00edder en la industria para satisfacer las demandas futuras de fot\u00f3grafos, camar\u00f3grafos, trabajadores de oficina, impresores profesionales, expertos en im\u00e1genes m\u00e9dicas y mucho m\u00e1s. <\/p>\n<p class=\"a-spacing-base\"> Utilizan sus tecnolog\u00edas de imagen para ir m\u00e1s all\u00e1 de su gama completa de productos existentes y cultivar nuevas \u00e1reas comerciales donde su tecnolog\u00eda de imagen puede ampliar los l\u00edmites de lo que es posible. Esta filosof\u00eda se aplica a \u00e1reas como el desarrollo de sat\u00e9lites, los avances en medicina y las crecientes posibilidades de impresi\u00f3n, equipos industriales y c\u00e1maras de video en red, su contribuci\u00f3n a la creaci\u00f3n de ciudades inteligentes. Las principales tecnolog\u00edas \u00f3pticas y de im\u00e1genes de Canon tambi\u00e9n contribuyen a los avances en astronom\u00eda. <\/p>\n<p>                                                                             <img decoding=\"async\" alt=\"CANON\" src=\"https:\/\/images-na.ssl-images-amazon.com\/images\/G\/01\/x-locale\/common\/grey-pixel.gif\" class=\"a-spacing-base a-lazy-loaded\" data-src=\"https:\/\/m.media-amazon.com\/images\/S\/aplus-media\/sota\/f82edcb8-fd84-4862-89f5-3b1ed09d2387.__CR0,0,970,600_PT0_SX970_V1___.jpg\"><img decoding=\"async\" alt=\"CANON\" src=\"https:\/\/m.media-amazon.com\/images\/S\/aplus-media\/sota\/f82edcb8-fd84-4862-89f5-3b1ed09d2387.__CR0,0,970,600_PT0_SX970_V1___.jpg\">                                                                       <\/p>\n<p>                                                                             <img decoding=\"async\" alt=\"CANON\" src=\"https:\/\/images-na.ssl-images-amazon.com\/images\/G\/01\/x-locale\/common\/grey-pixel.gif\" class=\"a-spacing-base a-lazy-loaded\" data-src=\"https:\/\/m.media-amazon.com\/images\/S\/aplus-media\/sota\/1038a5f1-b6b8-46e8-a4fd-ea58f8355a31.__CR0,0,970,600_PT0_SX970_V1___.jpg\"><img decoding=\"async\" alt=\"CANON\" src=\"https:\/\/m.media-amazon.com\/images\/S\/aplus-media\/sota\/1038a5f1-b6b8-46e8-a4fd-ea58f8355a31.__CR0,0,970,600_PT0_SX970_V1___.jpg\">                                                                    <\/p>\n<p> Batteries                                            \u200f                                            :                                            \u200e                                            1 AAAA batteries required.   <br \/> Is discontinued by manufacturer                                            \u200f                                            :                                            \u200e                                            No   <br \/> Language                                            \u200f                                            :                                            \u200e                                            English   <br \/> Product Dimensions                                            \u200f                                            :                                            \u200e                                            21.3 x 44.6 x 48.5 cm; 6.6 kg   <br \/> Manufacturer                                            \u200f                                            :                                            \u200e                                            Canon   <br \/> ASIN                                            \u200f                                            :                                            \u200e                                            B0CH8J3TV4   <br \/> Item model number                                            \u200f                                            :                                            \u200e                                            TS8750   <br \/>  Customer reviews:                                                                                            4.4               4.4 out of 5 stars                                  (1,776)                                              var dpAcrHasRegisteredArcLinkClickAction;                    P.when(&#8216;A&#8217;, &#8216;ready&#8217;).execute(function(A) {                        if (dpAcrHasRegisteredArcLinkClickAction !== true) {                            dpAcrHasRegisteredArcLinkClickAction = true;                            A.declarative(                                &#8216;acrLink-click-metrics&#8217;, &#8216;click&#8217;,                                { \u00aballowLinkDefault\u00bb: true },                                function (event) {                                    if (window.ue) {                                        ue.count(\u00abacrLinkClickCount\u00bb, (ue.count(\u00abacrLinkClickCount\u00bb) || 0) + 1);                                    }                                }                            );                        }                    });                                             P.when(&#8216;A&#8217;, &#8216;cf&#8217;).execute(function(A) {                A.declarative(&#8216;acrStarsLink-click-metrics&#8217;, &#8216;click&#8217;, { \u00aballowLinkDefault\u00bb : true },  function(event){                    if(window.ue) {                        ue.count(\u00abacrStarsLinkWithPopoverClickCount\u00bb, (ue.count(\u00abacrStarsLinkWithPopoverClickCount\u00bb) || 0) + 1);                    }                });            });                          <\/p>\n<p>Easy to use with simpler menus: The PIXMA TS8750 is easy to use thanks to its large 4.3&#8243; tiltable display and optimized and customizable Switch touch interface.<br \/>Connected Printer \u2013 Print photos and documents wirelessly from your mobile device with the updated Canon PRINT app.<br \/>Fast, high-quality printing: Quickly print both sharp documents and photos in bright colours thanks to the six-ink system of individual inks.<br \/>Designed for you: Elegant, slim and compact premium printer that blends in with any home d\u00e9cor. Available in black and white finishes.<br \/>Productive and economical: Print on different media types thanks to two-way paper feed and save money with automatic two-sided printing.<\/p>\n\n","protected":false},"excerpt":{"rendered":"<p> From the manufacturer Fundada en 1937, Canon es una empresa de tecnolog\u00eda dedicada a ayudar<\/p>","protected":false},"featured_media":35981,"comment_status":"open","ping_status":"closed","template":"","meta":[],"product_brand":[],"product_cat":[59],"product_tag":[237,1946,1954,307,2184,6679,5376,5378,1951,1953,1961,2189,1948,1950,2185,1962,1955,1949,2276,3966,1578,10299,5377,543,1952,1947],"class_list":{"0":"post-35980","1":"product","2":"type-product","3":"status-publish","4":"has-post-thumbnail","6":"product_cat-printers-all-in-one","7":"product_tag-3in1","8":"product_tag-all-in-one-printer","9":"product_tag-best-all-in-one-printer","10":"product_tag-black","11":"product_tag-canon","12":"product_tag-copying","13":"product_tag-doublesided","14":"product_tag-feed","15":"product_tag-home-printer","16":"product_tag-ink-tank-printer","17":"product_tag-inkjet","18":"product_tag-multifunction","19":"product_tag-multifunction-printer","20":"product_tag-office-printer","21":"product_tag-pixma","22":"product_tag-printer","23":"product_tag-printer-price","24":"product_tag-printer-scanner-copier","25":"product_tag-printing","26":"product_tag-scanning","27":"product_tag-system","28":"product_tag-ts8750","29":"product_tag-twoway","30":"product_tag-wifi","31":"product_tag-wifi-printer","32":"product_tag-wireless-printer","34":"first","35":"instock","36":"shipping-taxable","37":"product-type-external"},"_links":{"self":[{"href":"https:\/\/comprasyconsejos.store\/en\/wp-json\/wp\/v2\/product\/35980","targetHints":{"allow":["GET"]}}],"collection":[{"href":"https:\/\/comprasyconsejos.store\/en\/wp-json\/wp\/v2\/product"}],"about":[{"href":"https:\/\/comprasyconsejos.store\/en\/wp-json\/wp\/v2\/types\/product"}],"replies":[{"embeddable":true,"href":"https:\/\/comprasyconsejos.store\/en\/wp-json\/wp\/v2\/comments?post=35980"}],"version-history":[{"count":0,"href":"https:\/\/comprasyconsejos.store\/en\/wp-json\/wp\/v2\/product\/35980\/revisions"}],"wp:featuredmedia":[{"embeddable":true,"href":"https:\/\/comprasyconsejos.store\/en\/wp-json\/wp\/v2\/media\/35981"}],"wp:attachment":[{"href":"https:\/\/comprasyconsejos.store\/en\/wp-json\/wp\/v2\/media?parent=35980"}],"wp:term":[{"taxonomy":"product_brand","embeddable":true,"href":"https:\/\/comprasyconsejos.store\/en\/wp-json\/wp\/v2\/product_brand?post=35980"},{"taxonomy":"product_cat","embeddable":true,"href":"https:\/\/comprasyconsejos.store\/en\/wp-json\/wp\/v2\/product_cat?post=35980"},{"taxonomy":"product_tag","embeddable":true,"href":"https:\/\/comprasyconsejos.store\/en\/wp-json\/wp\/v2\/product_tag?post=35980"}],"curies":[{"name":"wp","href":"https:\/\/api.w.org\/{rel}","templated":true}]}}