{"id":35983,"date":"2026-02-27T13:24:01","date_gmt":"2026-02-27T13:24:01","guid":{"rendered":"https:\/\/comprasyconsejos.store\/product\/dell-24-gaming-monitor-se2425hg-full-hd-1920x1080-200hz-fast-ips-1ms-amd-freesync-premium-99-srgb-vesa-100x100mm-displayport-2-hdmi-3-year-warranty-black\/"},"modified":"2026-02-27T13:24:06","modified_gmt":"2026-02-27T13:24:06","slug":"dell-24-gaming-monitor-se2425hg-full-hd-1920x1080-200hz-fast-ips-1ms-amd-freesync-premium-99-srgb-vesa-100x100mm-displayport-2-hdmi-3-year-warranty-black","status":"publish","type":"product","link":"https:\/\/comprasyconsejos.store\/en\/product\/dell-24-gaming-monitor-se2425hg-full-hd-1920x1080-200hz-fast-ips-1ms-amd-freesync-premium-99-srgb-vesa-100x100mm-displayport-2-hdmi-3-year-warranty-black\/","title":{"rendered":"DELL 24 Gaming Monitor &#8211; SE2425HG, Full HD (1920&#215;1080), 200Hz, Fast IPS, 1ms, AMD FreeSync Premium, 99% sRGB, VESA (100x100mm), DisplayPort, 2 HDMI, 3 Year Warranty, Black"},"content":{"rendered":"<p>Price: <span style=\"color:#b12704\">\u20ac110.99<\/span><br \/><i><small>(as of Feb 27, 2026 13:24:01 UTC &#8211; <span class=\"wp_automatic_amazon_disclaimer\" title=\"Product prices and availability are accurate as of the date\/time indicated and are subject to change. Any price and availability information displayed on [relevant Amazon Site(s), as applicable] at the time of purchase will apply to the purchase of this product.\">Details<\/span>)<\/small><\/i><\/p>\n<p><a href=\"https:\/\/amazon.es\/dp\/B0FHHVD75B?tag=man008-21\"><img decoding=\"async\" src=\"https:\/\/valvepress.s3.amazonaws.com\/imgs\/buy_now.png\"><\/a><br \/>\n<\/p>\n<p>                                             From the brand   <\/p>\n<p>                                              <img decoding=\"async\" alt=\"\" src=\"https:\/\/images-na.ssl-images-amazon.com\/images\/G\/01\/x-locale\/common\/grey-pixel.gif\" class=\"a-lazy-loaded\" data-src=\"https:\/\/m.media-amazon.com\/images\/S\/aplus-media-library-service-media\/7e08296d-2e1c-4b8d-a68e-f79dbbd6afae.__CR0,0,1464,625_PT0_SX1464_V1___.jpg\"><img decoding=\"async\" alt=\"\" src=\"https:\/\/m.media-amazon.com\/images\/S\/aplus-media-library-service-media\/7e08296d-2e1c-4b8d-a68e-f79dbbd6afae.__CR0,0,1464,625_PT0_SX1464_V1___.jpg\">  <\/p>\n<h3> Accesorios para PC <\/h3>\n<p> Complete su configuraci\u00f3n con monitores, teclados, ratones y otros accesorios. <\/p>\n<h3> Complete su configuraci\u00f3n <\/h3>\n<p class=\"apm-brand-story-stores-link\">\n<h3> Complete su configuraci\u00f3n <\/h3>\n<p class=\"apm-brand-story-stores-link\">\n<h3> Complete su configuraci\u00f3n <\/h3>\n<p class=\"apm-brand-story-stores-link\">\n<p>                                              <img decoding=\"async\" alt=\"Varias vistas de alguien trabajando en una configuraci\u00f3n de escritorio con un port\u00e1til y un monitor, que muestran diferentes \u00e1ngulos de la disposici\u00f3n del espacio de trabajo.\" src=\"https:\/\/images-na.ssl-images-amazon.com\/images\/G\/01\/x-locale\/common\/grey-pixel.gif\" class=\"a-lazy-loaded\" data-src=\"https:\/\/m.media-amazon.com\/images\/S\/aplus-media-library-service-media\/f5b94167-4394-4b19-b14a-381a9677239d.__CR3,0,400,500_PT0_SX362_V1___.jpg\"><img decoding=\"async\" alt=\"Varias vistas de alguien trabajando en una configuraci\u00f3n de escritorio con un port\u00e1til y un monitor, que muestran diferentes \u00e1ngulos de la disposici\u00f3n del espacio de trabajo.\" src=\"https:\/\/m.media-amazon.com\/images\/S\/aplus-media-library-service-media\/f5b94167-4394-4b19-b14a-381a9677239d.__CR3,0,400,500_PT0_SX362_V1___.jpg\">  <\/p>\n<h3> Complete su configuraci\u00f3n <\/h3>\n<p class=\"apm-brand-story-stores-link\">\n<p> Language                                            \u200f                                            :                                            \u200e                                            Spanish   <br \/> Product Dimensions                                            \u200f                                            :                                            \u200e                                            18.8 x 53.87 x 41.22 cm; 3.19 kg   <br \/> Manufacturer                                            \u200f                                            :                                            \u200e                                            Dell   <br \/> ASIN                                            \u200f                                            :                                            \u200e                                            B0FHHVD75B   <br \/> Item model number                                            \u200f                                            :                                            \u200e                                            Dell 24 200Hz Monitor &#8211; SE2425HG   <br \/> Country of origin                                            \u200f                                            :                                            \u200e                                            China   <br \/> Guaranteed software updates until                                            \u200f                                            :                                            \u200e                                            unknown   <br \/>  Customer reviews:                                                                                            4.6               4.6 out of 5 stars                                  (77)                                              var dpAcrHasRegisteredArcLinkClickAction;                    P.when(&#8216;A&#8217;, &#8216;ready&#8217;).execute(function(A) {                        if (dpAcrHasRegisteredArcLinkClickAction !== true) {                            dpAcrHasRegisteredArcLinkClickAction = true;                            A.declarative(                                &#8216;acrLink-click-metrics&#8217;, &#8216;click&#8217;,                                { \u00aballowLinkDefault\u00bb: true },                                function (event) {                                    if (window.ue) {                                        ue.count(\u00abacrLinkClickCount\u00bb, (ue.count(\u00abacrLinkClickCount\u00bb) || 0) + 1);                                    }                                }                            );                        }                    });                                             P.when(&#8216;A&#8217;, &#8216;cf&#8217;).execute(function(A) {                A.declarative(&#8216;acrStarsLink-click-metrics&#8217;, &#8216;click&#8217;, { \u00aballowLinkDefault\u00bb : true },  function(event){                    if(window.ue) {                        ue.count(\u00abacrStarsLinkWithPopoverClickCount\u00bb, (ue.count(\u00abacrStarsLinkWithPopoverClickCount\u00bb) || 0) + 1);                    }                });            });                          <\/p>\n<p>ULTRA FLUID IMAGES FOR ENTERTAINMENT AND GAMING: Enjoy a smooth, detailed viewing experience on a 23.8&#8243; Full HD (1920&#215;1080) display with 200Hz refresh rate, 1ms GTG response time, 16:9 aspect ratio, and VRR to eliminate image tearing.<br \/>IPS PANEL WITH EXCELLENT COLOR PRECISION: Fast IPS technology delivers crisp, consistent colors from wide 178\u00b0 viewing angles, with 99% coverage of sRGB space for a vibrant, lifelike visual experience.<br \/>FLUID PC AND CONSOLE GAMING EXPERIENCE: Eliminate image tearing with AMD FreeSync Premium and VRR over HDMI, providing a seamless gaming experience on both PC and consoles.<br \/>ENHANCED VISUAL COMFORT FOR LONGER USE: ComfortView Plus reduces harmful blue light without compromising color accuracy, integrated directly into the screen for consistent visual comfort.<br \/>CLEAN DESIGN &#038; SMART CONNECTIVITY: Modern slim bezels design with tilt stand and rear joystick for quick adjustments. Connections: 2x HDMI 2.0, 1x DisplayPort 1.4, headphone output. Compatible with VESA mounting (100&#215;100).<br \/>RELIABLE QUALITY WITH 3-YEAR WARRANTY: Enjoy peace of mind with 3-year limited hardware warranty and advanced exchange service, backed by reliable support from Dell.<\/p>\n\n","protected":false},"excerpt":{"rendered":"<p> From the brand Accesorios para PC Complete su configuraci\u00f3n con monitores, teclados, ratones y otros<\/p>","protected":false},"featured_media":35984,"comment_status":"open","ping_status":"closed","template":"","meta":[],"product_brand":[],"product_cat":[55],"product_tag":[6156,1934,704,1918,1936,3639,1935,1939,1802,530,1940,307,1784,809,1099,137,1922,560,617,1933,544,703,1937,844,1035,1938,10300,1313,2342,725,1128],"class_list":{"0":"post-35983","1":"product","2":"type-product","3":"status-publish","4":"has-post-thumbnail","6":"product_cat-gaming-monitors","7":"product_tag-100x100mm","8":"product_tag-144hz-gaming-monitor","9":"product_tag-1920x1080","10":"product_tag-1ms","11":"product_tag-1ms-gaming-monitor","12":"product_tag-200hz","13":"product_tag-240hz-gaming-monitor","14":"product_tag-27-inch-gaming-monitor","15":"product_tag-4k-gaming-monitor","16":"product_tag-amd","17":"product_tag-best-gaming-monitor","18":"product_tag-black","19":"product_tag-curved-gaming-monitor","20":"product_tag-dell","21":"product_tag-displayport","22":"product_tag-fast","23":"product_tag-freesync","24":"product_tag-full","25":"product_tag-gaming","26":"product_tag-gaming-monitor","27":"product_tag-hdmi","28":"product_tag-ips","29":"product_tag-ips-gaming-monitor","30":"product_tag-monitor","31":"product_tag-premium","32":"product_tag-rgb-gaming-monitor","33":"product_tag-se2425hg","34":"product_tag-srgb","35":"product_tag-vesa","36":"product_tag-warranty","37":"product_tag-year","39":"first","40":"instock","41":"shipping-taxable","42":"product-type-external"},"_links":{"self":[{"href":"https:\/\/comprasyconsejos.store\/en\/wp-json\/wp\/v2\/product\/35983","targetHints":{"allow":["GET"]}}],"collection":[{"href":"https:\/\/comprasyconsejos.store\/en\/wp-json\/wp\/v2\/product"}],"about":[{"href":"https:\/\/comprasyconsejos.store\/en\/wp-json\/wp\/v2\/types\/product"}],"replies":[{"embeddable":true,"href":"https:\/\/comprasyconsejos.store\/en\/wp-json\/wp\/v2\/comments?post=35983"}],"version-history":[{"count":0,"href":"https:\/\/comprasyconsejos.store\/en\/wp-json\/wp\/v2\/product\/35983\/revisions"}],"wp:featuredmedia":[{"embeddable":true,"href":"https:\/\/comprasyconsejos.store\/en\/wp-json\/wp\/v2\/media\/35984"}],"wp:attachment":[{"href":"https:\/\/comprasyconsejos.store\/en\/wp-json\/wp\/v2\/media?parent=35983"}],"wp:term":[{"taxonomy":"product_brand","embeddable":true,"href":"https:\/\/comprasyconsejos.store\/en\/wp-json\/wp\/v2\/product_brand?post=35983"},{"taxonomy":"product_cat","embeddable":true,"href":"https:\/\/comprasyconsejos.store\/en\/wp-json\/wp\/v2\/product_cat?post=35983"},{"taxonomy":"product_tag","embeddable":true,"href":"https:\/\/comprasyconsejos.store\/en\/wp-json\/wp\/v2\/product_tag?post=35983"}],"curies":[{"name":"wp","href":"https:\/\/api.w.org\/{rel}","templated":true}]}}