{"id":35986,"date":"2026-02-27T13:26:59","date_gmt":"2026-02-27T13:26:59","guid":{"rendered":"https:\/\/comprasyconsejos.store\/product\/support-for-2-gaming-monitors-for-screens-of-13-32-and-up-to-10-kg-tilt-swivel-and-rotate-ergonomic-monitor-stand-with-gas-spring-and-cable-management-vesa-75-100-mm-up-to-10-kg\/"},"modified":"2026-02-27T13:27:03","modified_gmt":"2026-02-27T13:27:03","slug":"support-for-2-gaming-monitors-for-screens-of-13-32-and-up-to-10-kg-tilt-swivel-and-rotate-ergonomic-monitor-stand-with-gas-spring-and-cable-management-vesa-75-100-mm-up-to-10-kg","status":"publish","type":"product","link":"https:\/\/comprasyconsejos.store\/en\/product\/support-for-2-gaming-monitors-for-screens-of-13-32-and-up-to-10-kg-tilt-swivel-and-rotate-ergonomic-monitor-stand-with-gas-spring-and-cable-management-vesa-75-100-mm-up-to-10-kg\/","title":{"rendered":"Support for 2 Gaming Monitors for Screens of 13-32&#8243; and up to 10 kg, Tilt, Swivel and Rotate, Ergonomic Monitor Stand with Gas Spring and Cable Management, VESA 75\/100 mm, up to 10 kg"},"content":{"rendered":"<p>Price: <span style=\"color:#b12704\">\u20ac89.99<\/span><br \/><i><small>(as of Feb 27, 2026 13:26:59 UTC &#8211; <span class=\"wp_automatic_amazon_disclaimer\" title=\"Product prices and availability are accurate as of the date\/time indicated and are subject to change. Any price and availability information displayed on [relevant Amazon Site(s), as applicable] at the time of purchase will apply to the purchase of this product.\">Details<\/span>)<\/small><\/i><\/p>\n<p><a href=\"https:\/\/amazon.es\/dp\/B0F3CZMZRQ?tag=man008-21\"><img decoding=\"async\" src=\"https:\/\/valvepress.s3.amazonaws.com\/imgs\/buy_now.png\"><\/a><br \/>\n<\/p>\n<p>                                             From the brand   <\/p>\n<p>                                              <img decoding=\"async\" alt=\"aplus content image\" src=\"https:\/\/images-na.ssl-images-amazon.com\/images\/G\/01\/x-locale\/common\/grey-pixel.gif\" class=\"a-lazy-loaded\" data-src=\"https:\/\/m.media-amazon.com\/images\/S\/aplus-media-library-service-media\/9bfa7d53-3c9f-4a39-8364-6e2af378b058.__CR0,0,1464,625_PT0_SX1464_V1___.jpg\"><img decoding=\"async\" alt=\"aplus content image\" src=\"https:\/\/m.media-amazon.com\/images\/S\/aplus-media-library-service-media\/9bfa7d53-3c9f-4a39-8364-6e2af378b058.__CR0,0,1464,625_PT0_SX1464_V1___.jpg\">  <\/p>\n<p>                                              <img decoding=\"async\" alt=\"El texto dice \u00abNearHub\u00bb y \u00abTransformiert Ihre Arbeitsprozesse\u00bb con vi\u00f1etas sobre \u00abLanglebigkeit\u00bb, \u00abSupport\u00bb y \u00abModern &amp;amp; Anpassungsf\u00e4hig\u00bb. Dise\u00f1o de marca corporativa en morado y blanco.\" src=\"https:\/\/images-na.ssl-images-amazon.com\/images\/G\/01\/x-locale\/common\/grey-pixel.gif\" class=\"a-lazy-loaded\" data-src=\"https:\/\/m.media-amazon.com\/images\/S\/aplus-media-library-service-media\/e944b513-a753-462f-b0d8-10eb875dc962.__CR0,5,362,453_PT0_SX362_V1___.jpg\"><img decoding=\"async\" alt=\"El texto dice \u00abNearHub\u00bb y \u00abTransformiert Ihre Arbeitsprozesse\u00bb con vi\u00f1etas sobre \u00abLanglebigkeit\u00bb, \u00abSupport\u00bb y \u00abModern &amp;amp; Anpassungsf\u00e4hig\u00bb. Dise\u00f1o de marca corporativa en morado y blanco.\" src=\"https:\/\/m.media-amazon.com\/images\/S\/aplus-media-library-service-media\/e944b513-a753-462f-b0d8-10eb875dc962.__CR0,5,362,453_PT0_SX362_V1___.jpg\">  <\/p>\n<p>                                              <img decoding=\"async\" alt=\"El texto dice \u00abVertrauen von \u00fcber 86.000+ zukunftsorientierten F\u00fchrungskr\u00e4ften und Bildungsexperten\u00bb. Configuraci\u00f3n de oficina en casa con escritorio con monitor, silla ergon\u00f3mica y equipo.\" src=\"https:\/\/images-na.ssl-images-amazon.com\/images\/G\/01\/x-locale\/common\/grey-pixel.gif\" class=\"a-lazy-loaded\" data-src=\"https:\/\/m.media-amazon.com\/images\/S\/aplus-media-library-service-media\/735f1e7a-7b2e-4368-9402-3694af6cec57.__CR0,5,362,453_PT0_SX362_V1___.jpg\"><img decoding=\"async\" alt=\"El texto dice \u00abVertrauen von \u00fcber 86.000+ zukunftsorientierten F\u00fchrungskr\u00e4ften und Bildungsexperten\u00bb. Configuraci\u00f3n de oficina en casa con escritorio con monitor, silla ergon\u00f3mica y equipo.\" src=\"https:\/\/m.media-amazon.com\/images\/S\/aplus-media-library-service-media\/735f1e7a-7b2e-4368-9402-3694af6cec57.__CR0,5,362,453_PT0_SX362_V1___.jpg\">  <\/p>\n<h3> NearHub Smart All-in-One Board <\/h3>\n<h3> Soporte de escritorio para monitor de 13-32 pulgadas <\/h3>\n<h3> Monitor Mount Gaming fo 13-32&#8243; <\/h3>\n<h3> Monitor Mount for Office13-32&#8243; <\/h3>\n<h3> Brazo de monitor ultraancho para 35 pulgadas <\/h3>\n<h3> Bandeja de teclado grande debajo del escritorio <\/h3>\n<h3> NearHub &#8211; Brazo ergon\u00f3mico para monitor <\/h3>\n<h3> NearHub &#8211; Brazo ergon\u00f3mico para monitor <\/h3>\n<h3> NearHub Ergonomic Series <\/h3>\n<h3> NearHub &#8211; Sillas ergon\u00f3micas <\/h3>\n<h3> NearHub Ergo Standing Desk <\/h3>\n<p>                                                         \u00bfCu\u00e1l es la tarea principal de NearHub?                                       <\/p>\n<p> Invierta en salud, cambie su vida diaria con NearHub Ergo <\/p>\n<p>                                                         Longevidad:                                       <\/p>\n<p> Los productos NearHub Ergo est\u00e1n dise\u00f1ados para durar y garantizan una durabilidad a largo plazo y un rendimiento fiable durante a\u00f1os. <\/p>\n<p>                                                         Soporte:                                       <\/p>\n<p> El equipo de NearHub siempre est\u00e1 a su disposici\u00f3n con asesoramiento y acci\u00f3n cuando necesite ayuda. <\/p>\n<p> Package Dimensions                                            \u200f                                            :                                            \u200e                                            41.1 x 25.7 x 10.6 cm; 3.94 kg   <br \/> Manufacturer                                            \u200f                                            :                                            \u200e                                            NearHub   <br \/> ASIN                                            \u200f                                            :                                            \u200e                                            B0F3CZMZRQ   <br \/> Country\/Region of Origin                                            \u200f                                            :                                            \u200e                                            China   <br \/> Guaranteed software updates until                                            \u200f                                            :                                            \u200e                                            unknown   <br \/>  Customer reviews:                                                                                            4.2               4.2 out of 5 stars                                  (91)                                              var dpAcrHasRegisteredArcLinkClickAction;                    P.when(&#8216;A&#8217;, &#8216;ready&#8217;).execute(function(A) {                        if (dpAcrHasRegisteredArcLinkClickAction !== true) {                            dpAcrHasRegisteredArcLinkClickAction = true;                            A.declarative(                                &#8216;acrLink-click-metrics&#8217;, &#8216;click&#8217;,                                { \u00aballowLinkDefault\u00bb: true },                                function (event) {                                    if (window.ue) {                                        ue.count(\u00abacrLinkClickCount\u00bb, (ue.count(\u00abacrLinkClickCount\u00bb) || 0) + 1);                                    }                                }                            );                        }                    });                                             P.when(&#8216;A&#8217;, &#8216;cf&#8217;).execute(function(A) {                A.declarative(&#8216;acrStarsLink-click-metrics&#8217;, &#8216;click&#8217;, { \u00aballowLinkDefault\u00bb : true },  function(event){                    if(window.ue) {                        ue.count(\u00abacrStarsLinkWithPopoverClickCount\u00bb, (ue.count(\u00abacrStarsLinkWithPopoverClickCount\u00bb) || 0) + 1);                    }                });            });                          <\/p>\n<p>Premium Gaming Accessories: The NearHub gaming monitor stand is designed to elevate your gaming experience. This computer screen mount offers stability, precise adjustments and immersive viewing angles, eliminating screen vibrations and awkward positions. It allows you to achieve a customized ergonomic setup that suits your individual preferences. Note: Not suitable for curved screens.<br \/>PROVEN STABILITY AND DURABILITY &#8211; Stability is critical for players. The NearHub monitor arm uses gas spring technology tested for 30,000 cycles, allowing for smooth adjustments and long-term durability, stays stable even during intense gaming sessions, provides reliable support, and prevents unwanted shaking and movement.<br \/>OPTIMAL MONITOR SCREEN POSITION: The adjustable desktop monitor stand allows +90\u00b0 to -45\u00b0 tilt, 180\u00b0 swivel, and 360\u00b0 rotation, with height adjustment along the pole for an ergonomic position, allowing monitors to be positioned in portrait or landscape orientation based on your viewing preferences.<br \/>Dual Mounting Options: You can install the NearHub stand on the edge of your desk using C-hug or hole base, compatible with surfaces up to 2.5 inches thick. Includes all mounting hardware, hardware, and instructions for simple installation.<br \/>More Desktop Space: Compatible with VESA 75x75mm and 100x100mm mounts, this robust single mount supports monitors up to 32&#8243; (81cm) and 10kg. Its integrated cable management hides cables, keeping your work area tidy.<\/p>\n\n","protected":false},"excerpt":{"rendered":"<p> From the brand NearHub Smart All-in-One Board Soporte de escritorio para monitor de 13-32 pulgadas<\/p>","protected":false},"featured_media":35987,"comment_status":"open","ping_status":"closed","template":"","meta":[],"product_brand":[],"product_cat":[54],"product_tag":[1791,1789,182,1787,1788,1792,1784,1786,1783,1790,1148,617,5764,2962,844,848,7104,1341,5765,227,1098,4763,1183,1785,2342],"class_list":{"0":"post-35986","1":"product","2":"type-product","3":"status-publish","4":"has-post-thumbnail","6":"product_cat-curved-monitors","7":"product_tag-144hz-curved-monitor","8":"product_tag-best-curved-monitor","9":"product_tag-cable","10":"product_tag-curved-27-inch-monitor","11":"product_tag-curved-32-inch-monitor","12":"product_tag-curved-computer-monitor","13":"product_tag-curved-gaming-monitor","14":"product_tag-curved-led-monitor","15":"product_tag-curved-monitor","16":"product_tag-curved-monitor-price","17":"product_tag-ergonomic","18":"product_tag-gaming","19":"product_tag-gas","20":"product_tag-management","21":"product_tag-monitor","22":"product_tag-monitors","23":"product_tag-rotate","24":"product_tag-screens","25":"product_tag-spring","26":"product_tag-stand","27":"product_tag-support","28":"product_tag-swivel","29":"product_tag-tilt","30":"product_tag-ultrawide-curved-monitor","31":"product_tag-vesa","33":"first","34":"instock","35":"shipping-taxable","36":"product-type-external"},"_links":{"self":[{"href":"https:\/\/comprasyconsejos.store\/en\/wp-json\/wp\/v2\/product\/35986","targetHints":{"allow":["GET"]}}],"collection":[{"href":"https:\/\/comprasyconsejos.store\/en\/wp-json\/wp\/v2\/product"}],"about":[{"href":"https:\/\/comprasyconsejos.store\/en\/wp-json\/wp\/v2\/types\/product"}],"replies":[{"embeddable":true,"href":"https:\/\/comprasyconsejos.store\/en\/wp-json\/wp\/v2\/comments?post=35986"}],"version-history":[{"count":0,"href":"https:\/\/comprasyconsejos.store\/en\/wp-json\/wp\/v2\/product\/35986\/revisions"}],"wp:featuredmedia":[{"embeddable":true,"href":"https:\/\/comprasyconsejos.store\/en\/wp-json\/wp\/v2\/media\/35987"}],"wp:attachment":[{"href":"https:\/\/comprasyconsejos.store\/en\/wp-json\/wp\/v2\/media?parent=35986"}],"wp:term":[{"taxonomy":"product_brand","embeddable":true,"href":"https:\/\/comprasyconsejos.store\/en\/wp-json\/wp\/v2\/product_brand?post=35986"},{"taxonomy":"product_cat","embeddable":true,"href":"https:\/\/comprasyconsejos.store\/en\/wp-json\/wp\/v2\/product_cat?post=35986"},{"taxonomy":"product_tag","embeddable":true,"href":"https:\/\/comprasyconsejos.store\/en\/wp-json\/wp\/v2\/product_tag?post=35986"}],"curies":[{"name":"wp","href":"https:\/\/api.w.org\/{rel}","templated":true}]}}