{"id":35995,"date":"2026-02-27T14:12:05","date_gmt":"2026-02-27T14:12:05","guid":{"rendered":"https:\/\/comprasyconsejos.store\/product\/ttartisan-50mm-f1-4-tilt-lens-compatible-with-sony-e-mount-mirrorless-camera-full-frame-alpha-a7-a7ii-a7iii-a7r-a7rii-a7riii-a7riv-a7s-a7sii-a9-a7c\/"},"modified":"2026-02-27T14:12:06","modified_gmt":"2026-02-27T14:12:06","slug":"ttartisan-50mm-f1-4-tilt-lens-compatible-with-sony-e-mount-mirrorless-camera-full-frame-alpha-a7-a7ii-a7iii-a7r-a7rii-a7riii-a7riv-a7s-a7sii-a9-a7c","status":"publish","type":"product","link":"https:\/\/comprasyconsejos.store\/en\/product\/ttartisan-50mm-f1-4-tilt-lens-compatible-with-sony-e-mount-mirrorless-camera-full-frame-alpha-a7-a7ii-a7iii-a7r-a7rii-a7riii-a7riv-a7s-a7sii-a9-a7c\/","title":{"rendered":"TTartisan 50mm F1.4 Tilt Lens, Compatible with Sony E-Mount Mirrorless Camera Full Frame Alpha a7 a7II a7III a7R a7RII a7RIII a7RIV a7S a7SII a9 a7C"},"content":{"rendered":"<p>Price: <span style=\"color:#b12704\">\u20ac269.00<\/span><br \/><i><small>(as of Feb 27, 2026 14:12:05 UTC &#8211; <span class=\"wp_automatic_amazon_disclaimer\" title=\"Product prices and availability are accurate as of the date\/time indicated and are subject to change. Any price and availability information displayed on [relevant Amazon Site(s), as applicable] at the time of purchase will apply to the purchase of this product.\">Details<\/span>)<\/small><\/i><\/p>\n<p><a href=\"https:\/\/amazon.es\/dp\/B0BJ2DDJ5T?tag=man008-21\"><img decoding=\"async\" src=\"https:\/\/valvepress.s3.amazonaws.com\/imgs\/buy_now.png\"><\/a><br \/>\n<\/p>\n<p>                                             Product Description   <\/p>\n<p>                                                                             <img decoding=\"async\" alt=\"1 US\" src=\"https:\/\/images-na.ssl-images-amazon.com\/images\/G\/01\/x-locale\/common\/grey-pixel.gif\" class=\"a-spacing-base a-lazy-loaded\" data-src=\"https:\/\/m.media-amazon.com\/images\/S\/aplus-media-library-service-media\/7c4fb32e-64ec-4ad6-9b71-54dab369c9e5.__CR0,0,970,600_PT0_SX970_V1___.jpg\"><img decoding=\"async\" alt=\"1 US\" src=\"https:\/\/m.media-amazon.com\/images\/S\/aplus-media-library-service-media\/7c4fb32e-64ec-4ad6-9b71-54dab369c9e5.__CR0,0,970,600_PT0_SX970_V1___.jpg\">                                         <\/p>\n<h3 class=\"a-spacing-mini\"> The Magic Lilliput <\/h3>\n<p class=\"a-spacing-base\"> En la lente de inclinaci\u00f3n, el mundo real se transforma en un bonito paisaje en miniatura, por lo que se siente como si hubieras entrado en el Lilliput en los viajes de Gulliver. <\/p>\n<p>                                                  <img decoding=\"async\" alt=\"A\" src=\"https:\/\/images-na.ssl-images-amazon.com\/images\/G\/01\/x-locale\/common\/grey-pixel.gif\" class=\"a-lazy-loaded\" data-src=\"https:\/\/m.media-amazon.com\/images\/S\/aplus-media-library-service-media\/3b57151c-bbab-4b24-81ca-1a53f57e9215.__CR0,0,970,300_PT0_SX970_V1___.jpg\"><img decoding=\"async\" alt=\"A\" src=\"https:\/\/m.media-amazon.com\/images\/S\/aplus-media-library-service-media\/3b57151c-bbab-4b24-81ca-1a53f57e9215.__CR0,0,970,300_PT0_SX970_V1___.jpg\">  <\/p>\n<p class=\"apm-text-center\">\n                                                      <img decoding=\"async\" alt=\"A\" src=\"https:\/\/images-na.ssl-images-amazon.com\/images\/G\/01\/x-locale\/common\/grey-pixel.gif\" class=\"a-spacing-mini a-lazy-loaded\" data-src=\"https:\/\/m.media-amazon.com\/images\/S\/aplus-media-library-service-media\/089e69eb-e2c4-41a1-9c1d-bb52b82b1baf.__CR0,0,300,300_PT0_SX300_V1___.jpg\"><img decoding=\"async\" alt=\"A\" src=\"https:\/\/m.media-amazon.com\/images\/S\/aplus-media-library-service-media\/089e69eb-e2c4-41a1-9c1d-bb52b82b1baf.__CR0,0,300,300_PT0_SX300_V1___.jpg\">  <\/p>\n<p>                                                    Lente 2 en 1:                                        <\/p>\n<p> Una lente de inclinaci\u00f3n se puede entender simplemente como: una lente convencional con un gran c\u00edrculo de imagen combinado con un mecanismo de inclinaci\u00f3n se convierte en una lente de inclinaci\u00f3n. Por lo tanto, cuando el \u00e1ngulo de inclinaci\u00f3n es de grados O, es una lente convencional de 50 mm f1.4 de gran apertura que se puede utilizar para retratos normales, humanidades, bocetos y otros temas. <\/p>\n<p class=\"apm-text-center\">\n                                                      <img decoding=\"async\" alt=\"A\" src=\"https:\/\/images-na.ssl-images-amazon.com\/images\/G\/01\/x-locale\/common\/grey-pixel.gif\" class=\"a-spacing-mini a-lazy-loaded\" data-src=\"https:\/\/m.media-amazon.com\/images\/S\/aplus-media-library-service-media\/240b0bf9-9778-4342-9044-77c7f5024d59.__CR0,0,300,300_PT0_SX300_V1___.jpg\"><img decoding=\"async\" alt=\"A\" src=\"https:\/\/m.media-amazon.com\/images\/S\/aplus-media-library-service-media\/240b0bf9-9778-4342-9044-77c7f5024d59.__CR0,0,300,300_PT0_SX300_V1___.jpg\">  <\/p>\n<p>                                                    El plano de enfoque est\u00e1 en tu control                                       <\/p>\n<p> Como se muestra en la siguiente figura, cuando no se utiliza la funci\u00f3n de inclinaci\u00f3n, solo parte de los patos est\u00e1n enfocados y el resto de la imagen es bokeh. Pero despu\u00e9s de usar la funci\u00f3n de inclinaci\u00f3n, los tres patos se pueden disparar claramente. <\/p>\n<p class=\"apm-text-center\">\n                                                      <img decoding=\"async\" alt=\"A\" src=\"https:\/\/images-na.ssl-images-amazon.com\/images\/G\/01\/x-locale\/common\/grey-pixel.gif\" class=\"a-spacing-mini a-lazy-loaded\" data-src=\"https:\/\/m.media-amazon.com\/images\/S\/aplus-media-library-service-media\/d83b865b-1aaa-4b57-9330-4ec4bd16d4d6.__CR0,0,300,300_PT0_SX300_V1___.jpg\"><img decoding=\"async\" alt=\"A\" src=\"https:\/\/m.media-amazon.com\/images\/S\/aplus-media-library-service-media\/d83b865b-1aaa-4b57-9330-4ec4bd16d4d6.__CR0,0,300,300_PT0_SX300_V1___.jpg\">  <\/p>\n<p>                                                    Funci\u00f3n de enfoque parcial                                       <\/p>\n<p> Al tomar fotos, a menudo encontramos la necesidad de hacer algunas \u00e1reas claras y otras \u00e1reas borrosas. Pero el uso de una lente de inclinaci\u00f3n puede satisfacer esta necesidad sin cambiar la apertura y hacer que las fotos sean m\u00e1s art\u00edsticas. <\/p>\n<p class=\"apm-text-center\">\n                                                      <img decoding=\"async\" alt=\"A\" src=\"https:\/\/images-na.ssl-images-amazon.com\/images\/G\/01\/x-locale\/common\/grey-pixel.gif\" class=\"a-spacing-mini a-lazy-loaded\" data-src=\"https:\/\/m.media-amazon.com\/images\/S\/aplus-media-library-service-media\/cbc59f53-ae3d-4311-8b53-68a6d49a986a.__CR0,0,300,300_PT0_SX300_V1___.jpg\"><img decoding=\"async\" alt=\"A\" src=\"https:\/\/m.media-amazon.com\/images\/S\/aplus-media-library-service-media\/cbc59f53-ae3d-4311-8b53-68a6d49a986a.__CR0,0,300,300_PT0_SX300_V1___.jpg\">  <\/p>\n<p>                                                    Mecanismo de rotaci\u00f3n                                       <\/p>\n<p> Utilizado junto con el mecanismo de inclinaci\u00f3n, el enfoque se puede mover 360 grados. (El \u00e1ngulo m\u00e1ximo de rotaci\u00f3n del mecanismo giratorio es de 90 grados). El mecanismo giratorio est\u00e1 marcado cada 15 grados de 0 a 90 grados y tiene un punto finito, lo que permite un control de \u00e1ngulo m\u00e1s preciso. <\/p>\n<p class=\"apm-text-center\">\n                                                      <img decoding=\"async\" alt=\"A\" src=\"https:\/\/images-na.ssl-images-amazon.com\/images\/G\/01\/x-locale\/common\/grey-pixel.gif\" class=\"a-spacing-mini a-lazy-loaded\" data-src=\"https:\/\/m.media-amazon.com\/images\/S\/aplus-media-library-service-media\/a2248307-cd27-49f9-b9eb-250a9b0ba48e.__CR0,0,300,300_PT0_SX300_V1___.jpg\"><img decoding=\"async\" alt=\"A\" src=\"https:\/\/m.media-amazon.com\/images\/S\/aplus-media-library-service-media\/a2248307-cd27-49f9-b9eb-250a9b0ba48e.__CR0,0,300,300_PT0_SX300_V1___.jpg\">  <\/p>\n<p>                                                    Mecanismo de inclinaci\u00f3n                                       <\/p>\n<p> Un mecanismo que inclina la parte delantera de la lente izquierda y derecha. (se pueden lograr m\u00e1s \u00e1ngulos de inclinaci\u00f3n con el mecanismo giratorio). A trav\u00e9s de este mecanismo, se puede cambiar el \u00e1ngulo entre el plano focal y el plano del CMOS. <\/p>\n<p class=\"apm-text-center\">\n                                                      <img decoding=\"async\" alt=\"A\" src=\"https:\/\/images-na.ssl-images-amazon.com\/images\/G\/01\/x-locale\/common\/grey-pixel.gif\" class=\"a-spacing-mini a-lazy-loaded\" data-src=\"https:\/\/m.media-amazon.com\/images\/S\/aplus-media-library-service-media\/72d92bfd-d1c0-473f-9c50-7fee05f76a3f.__CR0,0,300,300_PT0_SX300_V1___.jpg\"><img decoding=\"async\" alt=\"A\" src=\"https:\/\/m.media-amazon.com\/images\/S\/aplus-media-library-service-media\/72d92bfd-d1c0-473f-9c50-7fee05f76a3f.__CR0,0,300,300_PT0_SX300_V1___.jpg\">  <\/p>\n<p>                                                     Optimizaci\u00f3n espec\u00edfica para video                                       <\/p>\n<p> Para una grabaci\u00f3n de video m\u00e1s c\u00f3moda y profesional, la lente ha sido especialmente optimizada: el anillo de enfoque y el anillo de apertura est\u00e1n dise\u00f1ados para adaptarse a la mayor\u00eda de los seguidores de enfoque de acuerdo con la lente de cine. <\/p>\n<p class=\"apm-text-center\">\n                                                      <img decoding=\"async\" alt=\"1 US\" src=\"https:\/\/images-na.ssl-images-amazon.com\/images\/G\/01\/x-locale\/common\/grey-pixel.gif\" class=\"a-spacing-mini a-lazy-loaded\" data-src=\"https:\/\/m.media-amazon.com\/images\/S\/aplus-media-library-service-media\/69d1c113-1efc-4b04-948f-3066156ac65a.__CR0,0,300,300_PT0_SX300_V1___.jpg\"><img decoding=\"async\" alt=\"1 US\" src=\"https:\/\/m.media-amazon.com\/images\/S\/aplus-media-library-service-media\/69d1c113-1efc-4b04-948f-3066156ac65a.__CR0,0,300,300_PT0_SX300_V1___.jpg\">  <\/p>\n<p class=\"apm-text-center\">\n                                                      <img decoding=\"async\" alt=\"   1 US\" src=\"https:\/\/images-na.ssl-images-amazon.com\/images\/G\/01\/x-locale\/common\/grey-pixel.gif\" class=\"a-spacing-mini a-lazy-loaded\" data-src=\"https:\/\/m.media-amazon.com\/images\/S\/aplus-media-library-service-media\/bcef399a-797b-4b5d-a9a7-18b6aa2868f5.__CR0,0,300,300_PT0_SX300_V1___.jpg\"><img decoding=\"async\" alt=\"   1 US\" src=\"https:\/\/m.media-amazon.com\/images\/S\/aplus-media-library-service-media\/bcef399a-797b-4b5d-a9a7-18b6aa2868f5.__CR0,0,300,300_PT0_SX300_V1___.jpg\">  <\/p>\n<p class=\"apm-text-center\">\n                                                      <img decoding=\"async\" alt=\"A\" src=\"https:\/\/images-na.ssl-images-amazon.com\/images\/G\/01\/x-locale\/common\/grey-pixel.gif\" class=\"a-spacing-mini a-lazy-loaded\" data-src=\"https:\/\/m.media-amazon.com\/images\/S\/aplus-media-library-service-media\/e9aada28-cc44-4f1f-bc1f-508ddde742e5.__CR0,0,300,300_PT0_SX300_V1___.jpg\"><img decoding=\"async\" alt=\"A\" src=\"https:\/\/m.media-amazon.com\/images\/S\/aplus-media-library-service-media\/e9aada28-cc44-4f1f-bc1f-508ddde742e5.__CR0,0,300,300_PT0_SX300_V1___.jpg\">  <\/p>\n<p>                                                                             <img decoding=\"async\" alt=\"A\" src=\"https:\/\/images-na.ssl-images-amazon.com\/images\/G\/01\/x-locale\/common\/grey-pixel.gif\" class=\"a-spacing-base a-lazy-loaded\" data-src=\"https:\/\/m.media-amazon.com\/images\/S\/aplus-media-library-service-media\/d784e2e4-e1d0-4d52-9ce4-45ea093fe887.__CR0,0,970,600_PT0_SX970_V1___.jpg\"><img decoding=\"async\" alt=\"A\" src=\"https:\/\/m.media-amazon.com\/images\/S\/aplus-media-library-service-media\/d784e2e4-e1d0-4d52-9ce4-45ea093fe887.__CR0,0,970,600_PT0_SX970_V1___.jpg\">                                                                    <\/p>\n<p>                                                                                                                                                                                                                                                                                                                                                                 Longitud focal:                                     50 mm                                        Apertura m\u00e1xima:                                     F\/1.4                                        Apertura m\u00ednima:                                     F\/16                                        \u00c1ngulo de inclinaci\u00f3n:                                     8\u00b0                                        \u00c1ngulo de rotaci\u00f3n:                                     90\u00b0                                        Cobertura del formato de la lente:                                     Marco completo                                        \u00c1ngulo de visi\u00f3n:                                     45\u00b0                                        Distancia m\u00ednima de enfoque:                                     50 cm                                                         Dise\u00f1o \u00f3ptico                                    : 7 elementos en 6 grupos                                        Cuchillas de diafragma:                                     40 ES                                        Tipo de enfoque:                                     Enfoque manual                                        Estabilizaci\u00f3n de imagen                                    : No                                        Tama\u00f1o del filtro:                                     62 mm (delantero)                                        Dimensiones (di\u00e1metro x largo):                                     70 x 68 mm                                        Peso:                                     452 g                     <\/p>\n<p> Product Dimensions                                            \u200f                                            :                                            \u200e                                            10 x 9 x 9 cm; 690 g   <br \/> Date First Available                                            \u200f                                            :                                            \u200e                                            13 Oct. 2022   <br \/> Manufacturer                                            \u200f                                            :                                            \u200e                                            TTARTISAN   <br \/> ASIN                                            \u200f                                            :                                            \u200e                                            B0BJ2DDJ5T   <br \/> Item model number                                            \u200f                                            :                                            \u200e                                            TTartisan 50mm F1.4   <br \/> Country of origin                                            \u200f                                            :                                            \u200e                                            China   <br \/> Guaranteed software updates until                                            \u200f                                            :                                            \u200e                                            unknown   <br \/>       Best Sellers Rank:  22,150 in Electronics (See Top 100 in Electronics)    56 in Mirrorless Camera Lenses      <br \/>  Customer reviews:                                                                                            4.2               4.2 out of 5 stars                                  (56)                                              var dpAcrHasRegisteredArcLinkClickAction;                    P.when(&#8216;A&#8217;, &#8216;ready&#8217;).execute(function(A) {                        if (dpAcrHasRegisteredArcLinkClickAction !== true) {                            dpAcrHasRegisteredArcLinkClickAction = true;                            A.declarative(                                &#8216;acrLink-click-metrics&#8217;, &#8216;click&#8217;,                                { \u00aballowLinkDefault\u00bb: true },                                function (event) {                                    if (window.ue) {                                        ue.count(\u00abacrLinkClickCount\u00bb, (ue.count(\u00abacrLinkClickCount\u00bb) || 0) + 1);                                    }                                }                            );                        }                    });                                             P.when(&#8216;A&#8217;, &#8216;cf&#8217;).execute(function(A) {                A.declarative(&#8216;acrStarsLink-click-metrics&#8217;, &#8216;click&#8217;, { \u00aballowLinkDefault\u00bb : true },  function(event){                    if(window.ue) {                        ue.count(\u00abacrStarsLinkWithPopoverClickCount\u00bb, (ue.count(\u00abacrStarsLinkWithPopoverClickCount\u00bb) || 0) + 1);                    }                });            });                          <\/p>\n<p>FULL FRAME LENS &#8211; Standard length lens designed for Sony full-frame E-mount cameras that can also be used with APS-C models where it provides a 75mm equivalent focal length.<br \/>Bright Aperture &#8211; The bright f\/1.4 aperture is designed to suit jobs in a variety of lighting conditions and also to control depth of field and isolate the subject. The 12-blade diaphragm creates a smooth, circular bokeh as well as specular reflections when stopping and photographing point light sources.<br \/>Optical Design This lens has a 7-element optical design in 6 groups that with high refractive index glass elements help control distortion and spherical aberrations to improve sharpness and accurate reproduction.<br \/>Manual focus: Manual focus design and a minimum focusing distance of 50cm for working with close-up subjects. The click-open ring is staggered with the right amount of resistance and click, marking full stops from F\/2.8 to F\/16.<br \/>Video Specific Optimization &#8211; For more comfortable and professional video recording, the lens has been specially optimized: the focus ring and aperture ring are designed to fit most focus followers according to the cinema lens.<br \/>Partial Focus Function &#8211; When taking photos, we often find the need to make only some clear areas and others blurred. But using a tilt lens can meet this need without changing the aperture and making photos more artistic.<\/p>\n\n","protected":false},"excerpt":{"rendered":"<p> Product Description The Magic Lilliput En la lente de inclinaci\u00f3n, el mundo real se transforma<\/p>","protected":false},"featured_media":35996,"comment_status":"open","ping_status":"closed","template":"","meta":[],"product_brand":[],"product_cat":[96],"product_tag":[3694,5940,7077,4980,5936,7075,5937,5938,6990,7076,1858,2156,681,1859,1861,201,1854,1855,5490,6880,1573,560,2160,2161,1856,1863,1860,2155,1183,1862,10306,1857],"class_list":{"0":"post-35995","1":"product","2":"type-product","3":"status-publish","4":"has-post-thumbnail","6":"product_cat-photo-video","7":"product_tag-50mm","8":"product_tag-a7c","9":"product_tag-a7ii","10":"product_tag-a7iii","11":"product_tag-a7r","12":"product_tag-a7rii","13":"product_tag-a7riii","14":"product_tag-a7riv","15":"product_tag-a7s","16":"product_tag-a7sii","17":"product_tag-action-cameras","18":"product_tag-alpha","19":"product_tag-camera","20":"product_tag-camera-accessories","21":"product_tag-camera-lenses","22":"product_tag-compatible","23":"product_tag-digital-cameras","24":"product_tag-dslr-cameras","25":"product_tag-emount","26":"product_tag-f1-4","27":"product_tag-frame","28":"product_tag-full","29":"product_tag-lens","30":"product_tag-mirrorless","31":"product_tag-mirrorless-cameras","32":"product_tag-photo-equipment","33":"product_tag-professional-camera","34":"product_tag-sony","35":"product_tag-tilt","36":"product_tag-tripods","37":"product_tag-ttartisan","38":"product_tag-video-cameras","40":"first","41":"instock","42":"shipping-taxable","43":"product-type-external"},"_links":{"self":[{"href":"https:\/\/comprasyconsejos.store\/en\/wp-json\/wp\/v2\/product\/35995","targetHints":{"allow":["GET"]}}],"collection":[{"href":"https:\/\/comprasyconsejos.store\/en\/wp-json\/wp\/v2\/product"}],"about":[{"href":"https:\/\/comprasyconsejos.store\/en\/wp-json\/wp\/v2\/types\/product"}],"replies":[{"embeddable":true,"href":"https:\/\/comprasyconsejos.store\/en\/wp-json\/wp\/v2\/comments?post=35995"}],"version-history":[{"count":0,"href":"https:\/\/comprasyconsejos.store\/en\/wp-json\/wp\/v2\/product\/35995\/revisions"}],"wp:featuredmedia":[{"embeddable":true,"href":"https:\/\/comprasyconsejos.store\/en\/wp-json\/wp\/v2\/media\/35996"}],"wp:attachment":[{"href":"https:\/\/comprasyconsejos.store\/en\/wp-json\/wp\/v2\/media?parent=35995"}],"wp:term":[{"taxonomy":"product_brand","embeddable":true,"href":"https:\/\/comprasyconsejos.store\/en\/wp-json\/wp\/v2\/product_brand?post=35995"},{"taxonomy":"product_cat","embeddable":true,"href":"https:\/\/comprasyconsejos.store\/en\/wp-json\/wp\/v2\/product_cat?post=35995"},{"taxonomy":"product_tag","embeddable":true,"href":"https:\/\/comprasyconsejos.store\/en\/wp-json\/wp\/v2\/product_tag?post=35995"}],"curies":[{"name":"wp","href":"https:\/\/api.w.org\/{rel}","templated":true}]}}