{"id":35998,"date":"2026-02-27T14:17:08","date_gmt":"2026-02-27T14:17:08","guid":{"rendered":"https:\/\/comprasyconsejos.store\/product\/portable-game-console-for-kids-with-built-in-220-classic-video-games-system-3-0-lcd-birthday-blue\/"},"modified":"2026-02-27T14:17:09","modified_gmt":"2026-02-27T14:17:09","slug":"portable-game-console-for-kids-with-built-in-220-classic-video-games-system-3-0-lcd-birthday-blue","status":"publish","type":"product","link":"https:\/\/comprasyconsejos.store\/en\/product\/portable-game-console-for-kids-with-built-in-220-classic-video-games-system-3-0-lcd-birthday-blue\/","title":{"rendered":"Portable Game Console for Kids with Built in 220 Classic Video Games System 3.0&#8243; LCD Birthday (Blue)"},"content":{"rendered":"<p>Price: <span style=\"color:#b12704\"><del>\u20ac59.80<\/del> - \u20ac37.98<\/span><br \/><i><small>(as of Feb 27, 2026 14:17:08 UTC &#8211; <span class=\"wp_automatic_amazon_disclaimer\" title=\"Product prices and availability are accurate as of the date\/time indicated and are subject to change. Any price and availability information displayed on [relevant Amazon Site(s), as applicable] at the time of purchase will apply to the purchase of this product.\">Details<\/span>)<\/small><\/i><\/p>\n<p><a href=\"https:\/\/amazon.es\/dp\/B07LGMQRWL?tag=man008-21\"><img decoding=\"async\" src=\"https:\/\/valvepress.s3.amazonaws.com\/imgs\/buy_now.png\"><\/a><br \/>\n<\/p>\n<p>                                             Product Description   <\/p>\n<p>                                                         <img decoding=\"async\" alt=\"\" src=\"https:\/\/images-na.ssl-images-amazon.com\/images\/G\/01\/x-locale\/common\/grey-pixel.gif\" class=\"a-lazy-loaded\" data-src=\"https:\/\/m.media-amazon.com\/images\/S\/aplus-seller-content-images-us-east-1\/A1RKKUPIHCS9HS\/A16AAK3IWXZZTP\/B078LSPKYM\/c1iXBofcQea._UX600_TTW__.jpg\"><img decoding=\"async\" alt=\"\" src=\"https:\/\/m.media-amazon.com\/images\/S\/aplus-seller-content-images-us-east-1\/A1RKKUPIHCS9HS\/A16AAK3IWXZZTP\/B078LSPKYM\/c1iXBofcQea._UX600_TTW__.jpg\">      <\/p>\n<p> Bienvenido a la tienda ZHISHAN. Esta consola de juegos contiene 220 juegos retro cl\u00e1sicos, suficientes para que los ni\u00f1os disfruten.   Recargables, sin WIFI, brindan a los ni\u00f1os un tiempo de juego   incre\u00edblemente divertido. La manera perfecta de mantenerlos ocupados.   Cumplea\u00f1os, regalo de navidad. <\/p>\n<p>                                                                             <img decoding=\"async\" alt=\"01\" src=\"https:\/\/images-na.ssl-images-amazon.com\/images\/G\/01\/x-locale\/common\/grey-pixel.gif\" class=\"a-spacing-base a-lazy-loaded\" data-src=\"https:\/\/m.media-amazon.com\/images\/S\/aplus-media\/sc\/0a6b5c05-e012-4608-a5a9-05f99f1c7d2f.__CR0,0,970,600_PT0_SX970_V1___.jpg\"><img decoding=\"async\" alt=\"01\" src=\"https:\/\/m.media-amazon.com\/images\/S\/aplus-media\/sc\/0a6b5c05-e012-4608-a5a9-05f99f1c7d2f.__CR0,0,970,600_PT0_SX970_V1___.jpg\">                                                                       <\/p>\n<p>                                                  <img decoding=\"async\" alt=\"02\" src=\"https:\/\/images-na.ssl-images-amazon.com\/images\/G\/01\/x-locale\/common\/grey-pixel.gif\" class=\"a-lazy-loaded\" data-src=\"https:\/\/m.media-amazon.com\/images\/S\/aplus-media\/sc\/b8aa4982-718e-485d-abb9-b29d8b524b0e.__CR0,0,300,300_PT0_SX300_V1___.jpg\"><img decoding=\"async\" alt=\"02\" src=\"https:\/\/m.media-amazon.com\/images\/S\/aplus-media\/sc\/b8aa4982-718e-485d-abb9-b29d8b524b0e.__CR0,0,300,300_PT0_SX300_V1___.jpg\">  <\/p>\n<h3 class=\"a-spacing-mini\"> Construy\u00f3 220 juegos a 16 bit cl\u00e1sicos  <\/h3>\n<\/p>\n<p>Esta   consola de juegos tiene muchos juegos interesantes para que los ni\u00f1os   jueguen y exploren. Tiene 220 nuevos juegos cl\u00e1sicos incorporados.Incluye   deportes, rompecabezas y juegos de aventura, as\u00ed como juegos de   aprendizaje relacionados con la memoria, las matem\u00e1ticas y la l\u00f3gica, e   incluso el pensamiento. El pie puede estar ocupado durante mucho  tiempo.Siempre traer\u00e1 cosas nuevas e interesantes a tu peque\u00f1o y lindo, ya sea en casa o fuera de ella.     <\/p>\n<p>                                                  <img decoding=\"async\" alt=\"03\" src=\"https:\/\/images-na.ssl-images-amazon.com\/images\/G\/01\/x-locale\/common\/grey-pixel.gif\" class=\"a-spacing-mini a-lazy-loaded\" data-src=\"https:\/\/m.media-amazon.com\/images\/S\/aplus-media\/sc\/9a29a042-5cf2-4a59-864a-fd3374c93df4.__CR0,0,300,300_PT0_SX300_V1___.jpg\"><img decoding=\"async\" alt=\"03\" src=\"https:\/\/m.media-amazon.com\/images\/S\/aplus-media\/sc\/9a29a042-5cf2-4a59-864a-fd3374c93df4.__CR0,0,300,300_PT0_SX300_V1___.jpg\">  <\/p>\n<h3 class=\"a-spacing-mini\"> Recargable  <\/h3>\n<\/p>\n<p>Dise\u00f1o   l\u00edder de fuente de alimentaci\u00f3n doble, bater\u00eda de litio recargable o 3   bater\u00edas AAA.El uso de una bater\u00eda de litio recargable evita la  molestia  del reemplazo frecuente de la bater\u00eda.Con   la interfaz de carga Micro USB est\u00e1ndar, siempre puede encontrar el   cable de carga correcto. Solo se tarda 1 hora en cargarse completamente,   y puedes jugar durante aproximadamente 4 horas seguidas.Tambi\u00e9n puede ser alimentado por energ\u00eda m\u00f3vil sin bater\u00eda incorporada. Haga que sea f\u00e1cil disfrutar de su viaje.     <\/p>\n<p>                                                  <img decoding=\"async\" alt=\"04\" src=\"https:\/\/images-na.ssl-images-amazon.com\/images\/G\/01\/x-locale\/common\/grey-pixel.gif\" class=\"a-lazy-loaded\" data-src=\"https:\/\/m.media-amazon.com\/images\/S\/aplus-media\/sc\/3df4930a-612b-4749-a9e8-4667318c7861.__CR0,0,300,300_PT0_SX300_V1___.jpg\"><img decoding=\"async\" alt=\"04\" src=\"https:\/\/m.media-amazon.com\/images\/S\/aplus-media\/sc\/3df4930a-612b-4749-a9e8-4667318c7861.__CR0,0,300,300_PT0_SX300_V1___.jpg\">  <\/p>\n<h3 class=\"a-spacing-mini\"> Disfruta un tiempo feliz  <\/h3>\n<\/p>\n<p>Esta consola de juegos port\u00e1til simple pero elaborada puede brindar mucha diversi\u00f3n a sus hijos.A  veces se sorprender\u00e1 al  descubrir cu\u00e1n talentoso es el ni\u00f1o. Este  peque\u00f1o dispositivo puede  traer una alegr\u00eda diferente a su familia.Este  es un regalo perfecto  para ni\u00f1os mayores de 4 a\u00f1os para promover su  coordinaci\u00f3n mano-ojo y  habilidades de pensamiento, ejercitar su  atenci\u00f3n y estimular su  curiosidad.     <\/p>\n<p>                                                                             <img decoding=\"async\" alt=\"\" src=\"https:\/\/images-na.ssl-images-amazon.com\/images\/G\/01\/x-locale\/common\/grey-pixel.gif\" class=\"a-spacing-base a-lazy-loaded\" data-src=\"https:\/\/m.media-amazon.com\/images\/S\/aplus-seller-content-images-us-east-1\/A1RKKUPIHCS9HS\/A16AAK3IWXZZTP\/B078LSK61B\/08lfkFtXSxi2._UX970_TTW__.jpg\"><img decoding=\"async\" alt=\"\" src=\"https:\/\/m.media-amazon.com\/images\/S\/aplus-seller-content-images-us-east-1\/A1RKKUPIHCS9HS\/A16AAK3IWXZZTP\/B078LSK61B\/08lfkFtXSxi2._UX970_TTW__.jpg\">                                         <\/p>\n<h3 class=\"a-spacing-mini\"> Mejor regalo  <\/h3>\n<p class=\"a-spacing-base\">\n<p>Suspenda el trabajo, salga con su hijo y disfrute de su tiempo en familia.Juega con tus amigos, hermanos o hermanas; compartan momentos felices juntos.El regalo perfecto para cumplea\u00f1os, Navidad, A\u00f1o Nuevo u otros regalos de vacaciones \/ fiestas.      <\/p>\n<p class=\"a-spacing-base\"> Paquete contiene <\/p>\n<p class=\"a-spacing-base\">\n<p>1 x Consola de juegos1 x Manual de usuario1 x cable USB1 \u00d7 bater\u00eda de litio recargableCaja de regalo minorista especialmente dise\u00f1ada      <\/p>\n<p class=\"a-spacing-base\"> Precauciones <\/p>\n<p class=\"a-spacing-base\">\n<p>Antes de usar el producto, lea atentamente las instrucciones.\u00a1Haz un equilibrio adecuado entre jugar y descansar!Apto para ni\u00f1os 4+     <\/p>\n<p> Batteries                                            \u200f                                            :                                            \u200e                                            1 Lithium Ion batteries required. (included)   <br \/> Is discontinued by manufacturer                                            \u200f                                            :                                            \u200e                                            No   <br \/> Product Dimensions                                            \u200f                                            :                                            \u200e                                            16 x 7.62 x 2.29 cm; 121.7 g   <br \/> Item model number                                            \u200f                                            :                                            \u200e                                            BC-20X   <br \/> ASIN                                            \u200f                                            :                                            \u200e                                            B07LGMRKCL   <br \/> Country of origin                                            \u200f                                            :                                            \u200e                                            China   <br \/>  Customer reviews:                                                                                            4.0               4.0 out of 5 stars                                  (1,254)                                              var dpAcrHasRegisteredArcLinkClickAction;                    P.when(&#8216;A&#8217;, &#8216;ready&#8217;).execute(function(A) {                        if (dpAcrHasRegisteredArcLinkClickAction !== true) {                            dpAcrHasRegisteredArcLinkClickAction = true;                            A.declarative(                                &#8216;acrLink-click-metrics&#8217;, &#8216;click&#8217;,                                { \u00aballowLinkDefault\u00bb: true },                                function (event) {                                    if (window.ue) {                                        ue.count(\u00abacrLinkClickCount\u00bb, (ue.count(\u00abacrLinkClickCount\u00bb) || 0) + 1);                                    }                                }                            );                        }                    });                                             P.when(&#8216;A&#8217;, &#8216;cf&#8217;).execute(function(A) {                A.declarative(&#8216;acrStarsLink-click-metrics&#8217;, &#8216;click&#8217;, { \u00aballowLinkDefault\u00bb : true },  function(event){                    if(window.ue) {                        ue.count(\u00abacrStarsLinkWithPopoverClickCount\u00bb, (ue.count(\u00abacrStarsLinkWithPopoverClickCount\u00bb) || 0) + 1);                    }                });            });                          <\/p>\n<p>CLASSIC 16-BIT HD PUZZLE GAMES! It incorporates 220 interesting modern games. Such as: X-Racer III, Hit Mouse, Bubble Dragon, Mystery Cave, Basketball, Bowling, Rolling Maze, Kid Adventure, The Last Fortress. Regardless of adults, children and seniors, they love to play these games.<br \/>UNIQUE FEATURES! The size and design of the buttons of this game console comes from the wisdom of hardcore fans. Therefore, the game experience is great!<br \/>HUMANIZED DESIGN: Comes with a rechargeable lithium battery and a plug &#038; play USB cable. Once the kids start playing all those remarkable games they won&#8217;t stop playing until the battery runs out. Just recharge.<br \/>PERFECT FOR PARENT-CHILD INTERACTION &#8211; Maybe you will be pleasantly surprised to find that today&#8217;s children&#8217;s talent for playing is so powerful. We really aren&#8217;t sure we can go beyond them.<br \/>SURPRISE GIFT FOR YOUR CHILDREN &#8211; This iconic portable game console as a gift for kids or adults will be very impressive and full of meaning. 100% satisfaction and unconditional return guarantee within 30 days. Please order now.<\/p>\n\n","protected":false},"excerpt":{"rendered":"<p> Product Description Bienvenido a la tienda ZHISHAN. Esta consola de juegos contiene 220 juegos retro<\/p>","protected":false},"featured_media":35999,"comment_status":"open","ping_status":"closed","template":"","meta":[],"product_brand":[],"product_cat":[61],"product_tag":[3450,367,444,2232,1886,1880,1795,2234,1881,1875,1883,1884,1169,1186,1878,1876,290,1578,2230,1879,1882,1877],"class_list":{"0":"post-35998","1":"product","2":"type-product","3":"status-publish","4":"has-post-thumbnail","6":"product_cat-games-entertainment","7":"product_tag-birthday","8":"product_tag-blue","9":"product_tag-built","10":"product_tag-classic","11":"product_tag-console","12":"product_tag-console-games","13":"product_tag-game","14":"product_tag-games","15":"product_tag-gaming-accessories","16":"product_tag-gaming-consoles","17":"product_tag-gaming-controllers","18":"product_tag-home-gaming-system","19":"product_tag-kids","20":"product_tag-lcd","21":"product_tag-nintendo-console","22":"product_tag-playstation-console","23":"product_tag-portable","24":"product_tag-system","25":"product_tag-video","26":"product_tag-video-games","27":"product_tag-vr-headset","28":"product_tag-xbox-console","30":"first","31":"instock","32":"sale","33":"shipping-taxable","34":"product-type-external"},"_links":{"self":[{"href":"https:\/\/comprasyconsejos.store\/en\/wp-json\/wp\/v2\/product\/35998","targetHints":{"allow":["GET"]}}],"collection":[{"href":"https:\/\/comprasyconsejos.store\/en\/wp-json\/wp\/v2\/product"}],"about":[{"href":"https:\/\/comprasyconsejos.store\/en\/wp-json\/wp\/v2\/types\/product"}],"replies":[{"embeddable":true,"href":"https:\/\/comprasyconsejos.store\/en\/wp-json\/wp\/v2\/comments?post=35998"}],"version-history":[{"count":0,"href":"https:\/\/comprasyconsejos.store\/en\/wp-json\/wp\/v2\/product\/35998\/revisions"}],"wp:featuredmedia":[{"embeddable":true,"href":"https:\/\/comprasyconsejos.store\/en\/wp-json\/wp\/v2\/media\/35999"}],"wp:attachment":[{"href":"https:\/\/comprasyconsejos.store\/en\/wp-json\/wp\/v2\/media?parent=35998"}],"wp:term":[{"taxonomy":"product_brand","embeddable":true,"href":"https:\/\/comprasyconsejos.store\/en\/wp-json\/wp\/v2\/product_brand?post=35998"},{"taxonomy":"product_cat","embeddable":true,"href":"https:\/\/comprasyconsejos.store\/en\/wp-json\/wp\/v2\/product_cat?post=35998"},{"taxonomy":"product_tag","embeddable":true,"href":"https:\/\/comprasyconsejos.store\/en\/wp-json\/wp\/v2\/product_tag?post=35998"}],"curies":[{"name":"wp","href":"https:\/\/api.w.org\/{rel}","templated":true}]}}