{"id":36025,"date":"2026-02-27T15:38:30","date_gmt":"2026-02-27T15:38:30","guid":{"rendered":"https:\/\/comprasyconsejos.store\/product\/electronic-dnie-reader-7-in-1-smart-id-card-reader-with-sim-crs-cns-sim-microsd-sd-mmc-m2-iso-7816smart-card-reader-with-windows-and-linuxdigital-tacographdigital-signature\/"},"modified":"2026-02-27T15:38:35","modified_gmt":"2026-02-27T15:38:35","slug":"electronic-dnie-reader-7-in-1-smart-id-card-reader-with-sim-crs-cns-sim-microsd-sd-mmc-m2-iso-7816smart-card-reader-with-windows-and-linuxdigital-tacographdigital-signature","status":"publish","type":"product","link":"https:\/\/comprasyconsejos.store\/en\/product\/electronic-dnie-reader-7-in-1-smart-id-card-reader-with-sim-crs-cns-sim-microsd-sd-mmc-m2-iso-7816smart-card-reader-with-windows-and-linuxdigital-tacographdigital-signature\/","title":{"rendered":"Electronic Dnie Reader 7-in-1 Smart ID Card Reader with SIM\/CRS\/CNS\/SIM\/MicroSD\/SD\/MMC\/M2\/ISO 7816,Smart Card Reader with Windows and Linux,Digital Tacograph,Digital Signature"},"content":{"rendered":"<p>Price: <span style=\"color:#b12704\"><del>\u20ac19.99<\/del> - \u20ac18.99<\/span><br \/><i><small>(as of Feb 27, 2026 15:38:30 UTC &#8211; <span class=\"wp_automatic_amazon_disclaimer\" title=\"Product prices and availability are accurate as of the date\/time indicated and are subject to change. Any price and availability information displayed on [relevant Amazon Site(s), as applicable] at the time of purchase will apply to the purchase of this product.\">Details<\/span>)<\/small><\/i><\/p>\n<p><a href=\"https:\/\/amazon.es\/dp\/B0FNN3DR46?tag=man008-21\"><img decoding=\"async\" src=\"https:\/\/valvepress.s3.amazonaws.com\/imgs\/buy_now.png\"><\/a><br \/>\n<\/p>\n<p>                                             Product Description   <\/p>\n<p>                                                                                                       <img decoding=\"async\" alt=\"aplus content image\" src=\"https:\/\/images-na.ssl-images-amazon.com\/images\/G\/01\/x-locale\/common\/grey-pixel.gif\" class=\"a-lazy-loaded\" data-src=\"https:\/\/m.media-amazon.com\/images\/S\/aplus-media-library-service-media\/a776bd17-cc12-4daf-9de5-946c080a8fce.__CR0,0,1464,600_PT0_SX1464_V1___.jpg\"><img decoding=\"async\" alt=\"aplus content image\" src=\"https:\/\/m.media-amazon.com\/images\/S\/aplus-media-library-service-media\/a776bd17-cc12-4daf-9de5-946c080a8fce.__CR0,0,1464,600_PT0_SX1464_V1___.jpg\">                                               <\/p>\n<p>                                                                                                       <img decoding=\"async\" alt=\"aplus content image\" src=\"https:\/\/images-na.ssl-images-amazon.com\/images\/G\/01\/x-locale\/common\/grey-pixel.gif\" class=\"a-lazy-loaded\" data-src=\"https:\/\/m.media-amazon.com\/images\/S\/aplus-media-library-service-media\/c077d791-b4cd-45d9-9e8f-f6715bbe577d.__CR0,0,1464,600_PT0_SX1464_V1___.jpg\"><img decoding=\"async\" alt=\"aplus content image\" src=\"https:\/\/m.media-amazon.com\/images\/S\/aplus-media-library-service-media\/c077d791-b4cd-45d9-9e8f-f6715bbe577d.__CR0,0,1464,600_PT0_SX1464_V1___.jpg\">                                               <\/p>\n<p>                                                                                  <img decoding=\"async\" alt=\"aplus content image\" src=\"https:\/\/m.media-amazon.com\/images\/S\/aplus-media-library-service-media\/09fc87d6-2d59-4734-bb42-a96d38e93298.__CR0,0,1464,600_PT0_SX1464_V1___.jpg\">       <\/p>\n<p>                                                                                  <img decoding=\"async\" alt=\"aplus content image\" src=\"https:\/\/m.media-amazon.com\/images\/S\/aplus-media-library-service-media\/d6568196-2249-4893-982a-14478df513dd.__CR0,0,1464,600_PT0_SX1464_V1___.jpg\">       <\/p>\n<p>                                                                                                       <img decoding=\"async\" alt=\"aplus content image\" src=\"https:\/\/images-na.ssl-images-amazon.com\/images\/G\/01\/x-locale\/common\/grey-pixel.gif\" class=\"a-lazy-loaded\" data-src=\"https:\/\/m.media-amazon.com\/images\/S\/aplus-media-library-service-media\/f41bbb48-1e27-474a-8861-e50997ddf154.__CR0,0,1464,600_PT0_SX1464_V1___.jpg\"><img decoding=\"async\" alt=\"aplus content image\" src=\"https:\/\/m.media-amazon.com\/images\/S\/aplus-media-library-service-media\/f41bbb48-1e27-474a-8861-e50997ddf154.__CR0,0,1464,600_PT0_SX1464_V1___.jpg\">                                               <\/p>\n<p>                                                                                                       <img decoding=\"async\" alt=\"El texto dice \u00abSistema compatible\u00bb. Tabla de compatibilidad t\u00e9cnica que muestra varios \u00edconos de dispositivos y requisitos del sistema en varias columnas.\" src=\"https:\/\/images-na.ssl-images-amazon.com\/images\/G\/01\/x-locale\/common\/grey-pixel.gif\" class=\"a-lazy-loaded\" data-src=\"https:\/\/m.media-amazon.com\/images\/S\/aplus-media-library-service-media\/a55dcf52-1553-464a-96e2-c8b627403db2.__CR0,0,1464,600_PT0_SX1464_V1___.jpg\"><img decoding=\"async\" alt=\"El texto dice \u00abSistema compatible\u00bb. Tabla de compatibilidad t\u00e9cnica que muestra varios \u00edconos de dispositivos y requisitos del sistema en varias columnas.\" src=\"https:\/\/m.media-amazon.com\/images\/S\/aplus-media-library-service-media\/a55dcf52-1553-464a-96e2-c8b627403db2.__CR0,0,1464,600_PT0_SX1464_V1___.jpg\">                                               <\/p>\n<p>                                                                                                       <img decoding=\"async\" alt=\"Captura de pantalla de la interfaz que muestra el proceso de verificaci\u00f3n del pago con tarjeta de cr\u00e9dito con marcas de verificaci\u00f3n e indicadores de seguridad para transacciones en l\u00ednea.\" src=\"https:\/\/images-na.ssl-images-amazon.com\/images\/G\/01\/x-locale\/common\/grey-pixel.gif\" class=\"a-lazy-loaded\" data-src=\"https:\/\/m.media-amazon.com\/images\/S\/aplus-media-library-service-media\/4f424198-b1d9-4fa3-b821-c6195ac4cf77.__CR0,0,1464,600_PT0_SX1464_V1___.jpg\"><img decoding=\"async\" alt=\"Captura de pantalla de la interfaz que muestra el proceso de verificaci\u00f3n del pago con tarjeta de cr\u00e9dito con marcas de verificaci\u00f3n e indicadores de seguridad para transacciones en l\u00ednea.\" src=\"https:\/\/m.media-amazon.com\/images\/S\/aplus-media-library-service-media\/4f424198-b1d9-4fa3-b821-c6195ac4cf77.__CR0,0,1464,600_PT0_SX1464_V1___.jpg\">                                               <\/p>\n<p>                                                                                                       <img decoding=\"async\" alt=\"El texto dice \u00abDiversos escenarios de uso\u00bb. Serie de im\u00e1genes que muestran los procedimientos de reparaci\u00f3n o mantenimiento de dispositivos electr\u00f3nicos.\" src=\"https:\/\/images-na.ssl-images-amazon.com\/images\/G\/01\/x-locale\/common\/grey-pixel.gif\" class=\"a-lazy-loaded\" data-src=\"https:\/\/m.media-amazon.com\/images\/S\/aplus-media-library-service-media\/b33a4ce8-df8f-4932-8be7-4e97f6070a30.__CR0,0,1464,600_PT0_SX1464_V1___.jpg\"><img decoding=\"async\" alt=\"El texto dice \u00abDiversos escenarios de uso\u00bb. Serie de im\u00e1genes que muestran los procedimientos de reparaci\u00f3n o mantenimiento de dispositivos electr\u00f3nicos.\" src=\"https:\/\/m.media-amazon.com\/images\/S\/aplus-media-library-service-media\/b33a4ce8-df8f-4932-8be7-4e97f6070a30.__CR0,0,1464,600_PT0_SX1464_V1___.jpg\">                                               <\/p>\n<p> Package Dimensions                                            \u200f                                            :                                            \u200e                                            21.2 x 11.7 x 1.3 cm; 40 g   <br \/> Manufacturer                                            \u200f                                            :                                            \u200e                                            Rocketek   <br \/> ASIN                                            \u200f                                            :                                            \u200e                                            B0FNN3DR46   <br \/> Country\/Region of Origin                                            \u200f                                            :                                            \u200e                                            China   <br \/> Guaranteed software updates until                                            \u200f                                            :                                            \u200e                                            unknown   <br \/>  Customer reviews:                                                                                            4.0               4.0 out of 5 stars                                  (31)                                              var dpAcrHasRegisteredArcLinkClickAction;                    P.when(&#8216;A&#8217;, &#8216;ready&#8217;).execute(function(A) {                        if (dpAcrHasRegisteredArcLinkClickAction !== true) {                            dpAcrHasRegisteredArcLinkClickAction = true;                            A.declarative(                                &#8216;acrLink-click-metrics&#8217;, &#8216;click&#8217;,                                { \u00aballowLinkDefault\u00bb: true },                                function (event) {                                    if (window.ue) {                                        ue.count(\u00abacrLinkClickCount\u00bb, (ue.count(\u00abacrLinkClickCount\u00bb) || 0) + 1);                                    }                                }                            );                        }                    });                                             P.when(&#8216;A&#8217;, &#8216;cf&#8217;).execute(function(A) {                A.declarative(&#8216;acrStarsLink-click-metrics&#8217;, &#8216;click&#8217;, { \u00aballowLinkDefault\u00bb : true },  function(event){                    if(window.ue) {                        ue.count(\u00abacrStarsLinkWithPopoverClickCount\u00bb, (ue.count(\u00abacrStarsLinkWithPopoverClickCount\u00bb) || 0) + 1);                    }                });            });                          <\/p>\n<p>\u3010ID Reader for Military and Government Use\u3011 This USB Type-C and USB-A smart electronic ID reader is designed to read ID cards, government ID cards and national identity documents. It supports a wide range of chip cards (5V, 3V, 1.8V, ISO 7816 Class A, B and C and EMV2 2000 Level 1, CE,FCC,VCCI,CCID,Microsoft WHQL).<br \/>\u3010Professional Adapter for Electronic Dnie Reader\u3011 Our professional USB C and USB A smart card reader for military use is compatible with ID and CAC cards, government IDs, national identity documents, ActivClient, AKO, OWA, DKO, JKO, NKO, BOL, GKO, Marinenet, AF Portal, Pure Edge Viewer, ApproveIt, DCO, DTC. small,lps,disa Enterprise Email etc. Compatible with virtually all contact chip cards and CAC smart cards.<br \/>\u30107 in 1 Card Reader Design\u3011With 6 different card slots that support 7 types of cards, this reader is a versatile tool for those who work with different card formats. The USB Type-C + USB 2-in-1 combo connector ensures use with a variety of devices. It also supports a wide range of platforms, such as Microsoft Windows, Linux and macOS X, ensuring smooth connectivity between devices and systems.<br \/>\u3010Plug &#038; Play\u3011No need for complicated installations. Simply plug the electronic dni reader into your USB-A\/USB-C port and you&#8217;re ready to go. Compatible with Microsoft Windows XP or later, Mac OS 10.6.2 or later, Linux Fedora FC8 or later. Note: While this card reader works as a bridge, it does not include smart card drivers, as these depend on your country&#8217;s smart card provider. Mac OS does not support SIM\/CAC slots<br \/>\u3010Compact &#038; Portable Design\u3011The sleek and ergonomic design of this electronic dni reader makes it easy to carry and use both on desktop computers and anywhere. Its compact, lightweight design ensures portability without compromising performance, making it ideal for military personnel and professionals who need to access secure systems at work or while traveling.<\/p>\n\n","protected":false},"excerpt":{"rendered":"<p> Product Description Package Dimensions \u200f : \u200e 21.2 x 11.7 x 1.3 cm; 40 g<\/p>","protected":false},"featured_media":36026,"comment_status":"open","ping_status":"closed","template":"","meta":[],"product_brand":[],"product_cat":[47],"product_tag":[10324,3459,1420,1399,10322,2766,1411,1413,10325,1407,1409,1415,1416,1417,1421,1405,4671,10323,1593,10326,1403,537],"class_list":{"0":"post-36025","1":"product","2":"type-product","3":"status-publish","4":"has-post-thumbnail","6":"product_cat-card-readers","7":"product_tag-7816smart","8":"product_tag-7in1","9":"product_tag-card","10":"product_tag-card-reader","11":"product_tag-dnie","12":"product_tag-electronic","13":"product_tag-fast-card-reader","14":"product_tag-laptop-card-reader","15":"product_tag-linuxdigital","16":"product_tag-memory-card-reader","17":"product_tag-micro-sd-card-reader","18":"product_tag-multi-card-reader","19":"product_tag-otg-card-reader","20":"product_tag-portable-card-reader","21":"product_tag-reader","22":"product_tag-sd-card-reader","23":"product_tag-signature","24":"product_tag-simcrscnssimmicrosdsdmmcm2iso","25":"product_tag-smart","26":"product_tag-tacographdigital","27":"product_tag-usb-card-reader","28":"product_tag-windows","30":"first","31":"instock","32":"sale","33":"shipping-taxable","34":"product-type-external"},"_links":{"self":[{"href":"https:\/\/comprasyconsejos.store\/en\/wp-json\/wp\/v2\/product\/36025","targetHints":{"allow":["GET"]}}],"collection":[{"href":"https:\/\/comprasyconsejos.store\/en\/wp-json\/wp\/v2\/product"}],"about":[{"href":"https:\/\/comprasyconsejos.store\/en\/wp-json\/wp\/v2\/types\/product"}],"replies":[{"embeddable":true,"href":"https:\/\/comprasyconsejos.store\/en\/wp-json\/wp\/v2\/comments?post=36025"}],"version-history":[{"count":0,"href":"https:\/\/comprasyconsejos.store\/en\/wp-json\/wp\/v2\/product\/36025\/revisions"}],"wp:featuredmedia":[{"embeddable":true,"href":"https:\/\/comprasyconsejos.store\/en\/wp-json\/wp\/v2\/media\/36026"}],"wp:attachment":[{"href":"https:\/\/comprasyconsejos.store\/en\/wp-json\/wp\/v2\/media?parent=36025"}],"wp:term":[{"taxonomy":"product_brand","embeddable":true,"href":"https:\/\/comprasyconsejos.store\/en\/wp-json\/wp\/v2\/product_brand?post=36025"},{"taxonomy":"product_cat","embeddable":true,"href":"https:\/\/comprasyconsejos.store\/en\/wp-json\/wp\/v2\/product_cat?post=36025"},{"taxonomy":"product_tag","embeddable":true,"href":"https:\/\/comprasyconsejos.store\/en\/wp-json\/wp\/v2\/product_tag?post=36025"}],"curies":[{"name":"wp","href":"https:\/\/api.w.org\/{rel}","templated":true}]}}