{"id":36049,"date":"2026-02-27T17:04:35","date_gmt":"2026-02-27T17:04:35","guid":{"rendered":"https:\/\/comprasyconsejos.store\/product\/lenovo-idea-tab-plus-12-1-2-5k-mediatek-dimensity-6400-8gb-ram-256gb-ufs-2-2-90hz-4-speakers-microsd-slot-wi-fi-5-bluetooth-5-2-android-15-cloud-grey-includes-tab-pen\/"},"modified":"2026-02-27T17:04:40","modified_gmt":"2026-02-27T17:04:40","slug":"lenovo-idea-tab-plus-12-1-2-5k-mediatek-dimensity-6400-8gb-ram-256gb-ufs-2-2-90hz-4-speakers-microsd-slot-wi-fi-5-bluetooth-5-2-android-15-cloud-grey-includes-tab-pen","status":"publish","type":"product","link":"https:\/\/comprasyconsejos.store\/en\/product\/lenovo-idea-tab-plus-12-1-2-5k-mediatek-dimensity-6400-8gb-ram-256gb-ufs-2-2-90hz-4-speakers-microsd-slot-wi-fi-5-bluetooth-5-2-android-15-cloud-grey-includes-tab-pen\/","title":{"rendered":"Lenovo Idea Tab Plus &#8211; 12.1&#8243; 2.5K (MediaTek Dimensity 6400, 8GB RAM, 256GB UFS 2.2, 90Hz, 4 Speakers, MicroSD Slot, Wi-Fi 5, Bluetooth 5.2, Android 15) Cloud Grey &#8211; Includes Tab Pen"},"content":{"rendered":"<p>Price: <span style=\"color:#b12704\">\u20ac279.00<\/span><br \/><i><small>(as of Feb 27, 2026 17:04:36 UTC &#8211; <span class=\"wp_automatic_amazon_disclaimer\" title=\"Product prices and availability are accurate as of the date\/time indicated and are subject to change. Any price and availability information displayed on [relevant Amazon Site(s), as applicable] at the time of purchase will apply to the purchase of this product.\">Details<\/span>)<\/small><\/i><\/p>\n<p><a href=\"https:\/\/amazon.es\/dp\/B0FR9KSNHD?tag=man008-21\"><img decoding=\"async\" src=\"https:\/\/valvepress.s3.amazonaws.com\/imgs\/buy_now.png\"><\/a><br \/>\n<\/p>\n<p>                                             From the manufacturer   <\/p>\n<p>                                                                     Lenovo Idea Tab Plus                                             <img decoding=\"async\" alt=\"aplus content image\" src=\"https:\/\/images-na.ssl-images-amazon.com\/images\/G\/01\/x-locale\/common\/grey-pixel.gif\" class=\"a-lazy-loaded\" data-src=\"https:\/\/m.media-amazon.com\/images\/S\/aplus-media-library-service-media\/19108619-57cb-45c5-b975-062d8f1c7d01.__CR0,0,1464,600_PT0_SX1464_V1___.jpg\"><img decoding=\"async\" alt=\"aplus content image\" src=\"https:\/\/m.media-amazon.com\/images\/S\/aplus-media-library-service-media\/19108619-57cb-45c5-b975-062d8f1c7d01.__CR0,0,1464,600_PT0_SX1464_V1___.jpg\">                                               <\/p>\n<p>                                                                                                       <img decoding=\"async\" alt=\"El texto dice \u00abFina, ligera y siempre contigo\u00bb (\u00abFina, ligera y siempre contigo\u00bb). Cartel de marketing que muestra unos auriculares inal\u00e1mbricos con elementos de dise\u00f1o minimalista de color azul curvo.\" src=\"https:\/\/images-na.ssl-images-amazon.com\/images\/G\/01\/x-locale\/common\/grey-pixel.gif\" class=\"a-lazy-loaded\" data-src=\"https:\/\/m.media-amazon.com\/images\/S\/aplus-media-library-service-media\/f56db8e5-3283-4691-a573-c8ef29d6c14a.__CR0,0,1464,600_PT0_SX1464_V1___.jpg\"><img decoding=\"async\" alt=\"El texto dice \u00abFina, ligera y siempre contigo\u00bb (\u00abFina, ligera y siempre contigo\u00bb). Cartel de marketing que muestra unos auriculares inal\u00e1mbricos con elementos de dise\u00f1o minimalista de color azul curvo.\" src=\"https:\/\/m.media-amazon.com\/images\/S\/aplus-media-library-service-media\/f56db8e5-3283-4691-a573-c8ef29d6c14a.__CR0,0,1464,600_PT0_SX1464_V1___.jpg\">                                               <\/p>\n<p>The video showcases the product in use.The video guides you through product setup.The video compares multiple products.The video shows the product being unpacked. Lenovo Idea Tab Plus Merchant video<\/p>\n<p>                                                                                                                    <img decoding=\"async\" alt=\"aplus content image\" src=\"https:\/\/m.media-amazon.com\/images\/S\/aplus-media-library-service-media\/d3e65901-1279-4809-81df-8ff0431bcc13.__CR0,0,1464,600_PT0_SX1464_V1___.jpg\">                                                    <img decoding=\"async\" alt=\"El texto dice \u00abDeja fluir tu creatividad con velas DIY\u00bb. Colecci\u00f3n de velas decoradas que muestran patrones en espiral y dise\u00f1os coloridos en tonos rosas y azules.\" src=\"https:\/\/m.media-amazon.com\/images\/S\/aplus-media-library-service-media\/3752f6e1-ead4-41d5-ab4f-fe53f3298d3a.__CR0,0,1464,600_PT0_SX1464_V1___.jpg\">                                                    <img decoding=\"async\" alt=\"aplus content image\" src=\"https:\/\/m.media-amazon.com\/images\/S\/aplus-media-library-service-media\/1d092ebc-2ab4-449b-9b44-e5a3524ddb55.__CR0,0,1464,600_PT0_SX1464_V1___.jpg\">                                                    <img decoding=\"async\" alt=\"aplus content image\" src=\"https:\/\/m.media-amazon.com\/images\/S\/aplus-media-library-service-media\/270bdb93-a53f-482f-a52d-d9e77adfe581.__CR0,0,1464,600_PT0_SX1464_V1___.jpg\">                                                    <img decoding=\"async\" alt=\"Banner degradado morado y rosa que muestra una herramienta aplicadora de cosm\u00e9ticos sobre un fondo pastel.\" src=\"https:\/\/m.media-amazon.com\/images\/S\/aplus-media-library-service-media\/bcca5ce2-ff35-4a71-83b2-7d246995da82.__CR0,0,1464,600_PT0_SX1464_V1___.jpg\"><br \/>\n                            1 Colores vibrantes <\/p>\n<p>                            2 Alto rendimiento <\/p>\n<p>                            3 Protecci\u00f3n visual <\/p>\n<p>                            4 Lenovo Tab Pen <\/p>\n<p>                            5 Bater\u00eda de larga duraci\u00f3n <\/p>\n<p>                                                                                                       <img decoding=\"async\" alt=\"aplus content image\" src=\"https:\/\/images-na.ssl-images-amazon.com\/images\/G\/01\/x-locale\/common\/grey-pixel.gif\" class=\"a-lazy-loaded\" data-src=\"https:\/\/m.media-amazon.com\/images\/S\/aplus-media-library-service-media\/48c3aac1-eb70-4297-ad0c-c2a40ba979f0.__CR0,0,1464,600_PT0_SX1464_V1___.jpg\"><img decoding=\"async\" alt=\"aplus content image\" src=\"https:\/\/m.media-amazon.com\/images\/S\/aplus-media-library-service-media\/48c3aac1-eb70-4297-ad0c-c2a40ba979f0.__CR0,0,1464,600_PT0_SX1464_V1___.jpg\">                                               <\/p>\n<p>                                                                                                       <img decoding=\"async\" alt=\"El texto dice \u00abPuertas y ranuras\u00bb. Diagrama t\u00e9cnico o gu\u00eda de instalaci\u00f3n que muestra los puntos de montaje y las medidas sobre un fondo te\u00f1ido de p\u00farpura.\" src=\"https:\/\/images-na.ssl-images-amazon.com\/images\/G\/01\/x-locale\/common\/grey-pixel.gif\" class=\"a-lazy-loaded\" data-src=\"https:\/\/m.media-amazon.com\/images\/S\/aplus-media-library-service-media\/a0575019-5209-474f-848a-b2d94cedbdcb.__CR0,0,1464,600_PT0_SX1464_V1___.jpg\"><img decoding=\"async\" alt=\"El texto dice \u00abPuertas y ranuras\u00bb. Diagrama t\u00e9cnico o gu\u00eda de instalaci\u00f3n que muestra los puntos de montaje y las medidas sobre un fondo te\u00f1ido de p\u00farpura.\" src=\"https:\/\/m.media-amazon.com\/images\/S\/aplus-media-library-service-media\/a0575019-5209-474f-848a-b2d94cedbdcb.__CR0,0,1464,600_PT0_SX1464_V1___.jpg\">                                               <\/p>\n<h3 class=\"a-size-extra-large a-spacing-base a-text-center\"> Especificaciones especiales <\/h3>\n<p>                                                        Procesador                                    MediaTek Dimensity 6400                                         Gr\u00e1ficos                                    GPU integrada Arm Mali-G57 MC2                                        Chipset                                    Plataforma SoC de MediaTek                                        lector de tarjetas                                    Ranura para tarjeta microSD                                        Altavoces                                    4 altavoces optimizados con Dolby Atmos                                        Micr\u00f3fono                                    Micr\u00f3fono dual                                        C\u00e1mara                                    C\u00e1mara frontal de 8,0 MP \/ C\u00e1mara trasera de 13,0 MP                                        Pantalla                                      IPS de 12,1&#8243; y resoluci\u00f3n 2,5K (2560 x 1600)                                                         Tasa de refresco                                    90 Hz                                        Color                                    96 % DCI-P3                                        Pantalla t\u00e1ctil                                    Multit\u00e1ctil de 10 puntos                                        Relaci\u00f3n pantalla-cuerpo                                    87,5%                                        Sistema operativo                                     Android 15 o posterior                                        Conectividad                                    Wi-Fi 5 &#8211;  Bluetooth 5.2                                        Puertos est\u00e1ndar                                    1 puerto USB-C (USB de alta velocidad \/ USB 2.0), con carga, 1 ranura para tarjeta, 1 conector de pines Pogo (3 puntos)                                        Proteccion visual                                    T\u00dcV Rheinland Flicker Free y T\u00dcV Rheinland Low Blue Light (Soluci\u00f3n de Hardware)                     <\/p>\n<p> Batteries                                            \u200f                                            :                                            \u200e                                            AA batteries required. (included)   <br \/> Package Dimensions                                            \u200f                                            :                                            \u200e                                            28.7 x 19.5 x 3.7 cm; 530 g   <br \/> Manufacturer                                            \u200f                                            :                                            \u200e                                            Lenovo   <br \/> ASIN                                            \u200f                                            :                                            \u200e                                            B0FR9KSNHD   <br \/> Item model number                                            \u200f                                            :                                            \u200e                                            ZAG70372ES   <br \/> Country\/Region of Origin                                            \u200f                                            :                                            \u200e                                            China   <br \/> Guaranteed software updates until                                            \u200f                                            :                                            \u200e                                            unknown   <br \/>  Customer reviews:                                                                                            4.6               4.6 out of 5 stars                                  (39)                                              var dpAcrHasRegisteredArcLinkClickAction;                    P.when(&#8216;A&#8217;, &#8216;ready&#8217;).execute(function(A) {                        if (dpAcrHasRegisteredArcLinkClickAction !== true) {                            dpAcrHasRegisteredArcLinkClickAction = true;                            A.declarative(                                &#8216;acrLink-click-metrics&#8217;, &#8216;click&#8217;,                                { \u00aballowLinkDefault\u00bb: true },                                function (event) {                                    if (window.ue) {                                        ue.count(\u00abacrLinkClickCount\u00bb, (ue.count(\u00abacrLinkClickCount\u00bb) || 0) + 1);                                    }                                }                            );                        }                    });                                             P.when(&#8216;A&#8217;, &#8216;cf&#8217;).execute(function(A) {                A.declarative(&#8216;acrStarsLink-click-metrics&#8217;, &#8216;click&#8217;, { \u00aballowLinkDefault\u00bb : true },  function(event){                    if(window.ue) {                        ue.count(\u00abacrStarsLinkWithPopoverClickCount\u00bb, (ue.count(\u00abacrStarsLinkWithPopoverClickCount\u00bb) || 0) + 1);                    }                });            });                          <\/p>\n<p>On-the-Go Learning: Interact, have fun and explore with the 12.1&#8243; display and 2.5K resolution, which makes your access to knowledge more dynamic thanks to sharp images, a 90Hz refresh rate and 96% DCI-P3 color coverage, optimizing immersion in your content<br \/>Feel the power: The MTK Dimensity 6400 processor gives you 30% higher performance than the previous generation, making multitasking or integration activities faster and more efficient, taking your interaction to new levels<br \/>Unlock your limits: Elevate your learning and entertainment experience with AI features built into the Idea Tab Plus, allowing you to focus on your readings, take notes or perform immediate searches through Google&#8217;s Circle of Search, optimizing your full potential<br \/>EFFECTIVITY AT EVERY Stroke &#8211; Maximize your productivity with Lenovo Tab Pen, designed to deliver fine strokes and accurate, effective interaction with your notes and AI tools<br \/>Gemini AI, your smart partner: Study more efficiently and power your learning with integrated Google solutions designed to optimize your study experience<\/p>\n\n","protected":false},"excerpt":{"rendered":"<p> From the manufacturer Lenovo Idea Tab Plus The video showcases the product in use.The video<\/p>","protected":false},"featured_media":36050,"comment_status":"open","ping_status":"closed","template":"","meta":[],"product_brand":[],"product_cat":[93],"product_tag":[651,5814,512,622,833,391,646,648,726,650,2954,5775,655,204,10289,1196,1054,5462,1682,836,587,647,2597,1039,831,652,653,649,654,701,543],"class_list":{"0":"post-36049","1":"product","2":"type-product","3":"status-publish","4":"has-post-thumbnail","6":"product_cat-android-tablets","7":"product_tag-10-inch-tablet","8":"product_tag-2-5k","9":"product_tag-256gb","10":"product_tag-8gb","11":"product_tag-90hz","12":"product_tag-android","13":"product_tag-android-tablet","14":"product_tag-best-android-tablet","15":"product_tag-bluetooth","16":"product_tag-budget-android-tablet","17":"product_tag-cloud","18":"product_tag-dimensity","19":"product_tag-gaming-tablet","20":"product_tag-grey","21":"product_tag-idea","22":"product_tag-includes","23":"product_tag-lenovo","24":"product_tag-mediatek","25":"product_tag-microsd","26":"product_tag-pen","27":"product_tag-ram","28":"product_tag-samsung-android-tablet","29":"product_tag-slot","30":"product_tag-speakers","31":"product_tag-tab","32":"product_tag-tablet-for-kids","33":"product_tag-tablet-for-study","34":"product_tag-tablet-with-sim","35":"product_tag-tablet-with-stylus","36":"product_tag-ufs","37":"product_tag-wifi","39":"first","40":"instock","41":"shipping-taxable","42":"product-type-external"},"_links":{"self":[{"href":"https:\/\/comprasyconsejos.store\/en\/wp-json\/wp\/v2\/product\/36049","targetHints":{"allow":["GET"]}}],"collection":[{"href":"https:\/\/comprasyconsejos.store\/en\/wp-json\/wp\/v2\/product"}],"about":[{"href":"https:\/\/comprasyconsejos.store\/en\/wp-json\/wp\/v2\/types\/product"}],"replies":[{"embeddable":true,"href":"https:\/\/comprasyconsejos.store\/en\/wp-json\/wp\/v2\/comments?post=36049"}],"version-history":[{"count":0,"href":"https:\/\/comprasyconsejos.store\/en\/wp-json\/wp\/v2\/product\/36049\/revisions"}],"wp:featuredmedia":[{"embeddable":true,"href":"https:\/\/comprasyconsejos.store\/en\/wp-json\/wp\/v2\/media\/36050"}],"wp:attachment":[{"href":"https:\/\/comprasyconsejos.store\/en\/wp-json\/wp\/v2\/media?parent=36049"}],"wp:term":[{"taxonomy":"product_brand","embeddable":true,"href":"https:\/\/comprasyconsejos.store\/en\/wp-json\/wp\/v2\/product_brand?post=36049"},{"taxonomy":"product_cat","embeddable":true,"href":"https:\/\/comprasyconsejos.store\/en\/wp-json\/wp\/v2\/product_cat?post=36049"},{"taxonomy":"product_tag","embeddable":true,"href":"https:\/\/comprasyconsejos.store\/en\/wp-json\/wp\/v2\/product_tag?post=36049"}],"curies":[{"name":"wp","href":"https:\/\/api.w.org\/{rel}","templated":true}]}}