{"id":36059,"date":"2026-02-27T17:24:57","date_gmt":"2026-02-27T17:24:57","guid":{"rendered":"https:\/\/comprasyconsejos.store\/product\/acer-nitro-anv15-51-51m7-gaming-laptop-15-6-full-hd-ips-144hz-intel-core-i5-13420h-16gb-ram-512gb-ssd-nvidia-geforce-rtx-4050-without-operating-system-black-spanish-qwerty-k\/"},"modified":"2026-02-27T17:24:57","modified_gmt":"2026-02-27T17:24:57","slug":"acer-nitro-anv15-51-51m7-gaming-laptop-15-6-full-hd-ips-144hz-intel-core-i5-13420h-16gb-ram-512gb-ssd-nvidia-geforce-rtx-4050-without-operating-system-black-spanish-qwerty-k","status":"publish","type":"product","link":"https:\/\/comprasyconsejos.store\/en\/product\/acer-nitro-anv15-51-51m7-gaming-laptop-15-6-full-hd-ips-144hz-intel-core-i5-13420h-16gb-ram-512gb-ssd-nvidia-geforce-rtx-4050-without-operating-system-black-spanish-qwerty-k\/","title":{"rendered":"acer Nitro ANV15-51-51M7 \u2013 Gaming Laptop 15.6&#8243; Full HD IPS 144Hz (Intel Core i5-13420H, 16GB RAM, 512GB SSD, NVIDIA GeForce RTX 4050, Without Operating System) Black \u2013 Spanish QWERTY Keyboard"},"content":{"rendered":"<p>Price: <span style=\"color:#b12704\">\u20ac709.00<\/span><br \/><i><small>(as of Feb 27, 2026 17:24:57 UTC &#8211; <span class=\"wp_automatic_amazon_disclaimer\" title=\"Product prices and availability are accurate as of the date\/time indicated and are subject to change. Any price and availability information displayed on [relevant Amazon Site(s), as applicable] at the time of purchase will apply to the purchase of this product.\">Details<\/span>)<\/small><\/i><\/p>\n<p><a href=\"https:\/\/amazon.es\/dp\/B0CFFF13RK?tag=man008-21\"><img decoding=\"async\" src=\"https:\/\/valvepress.s3.amazonaws.com\/imgs\/buy_now.png\"><\/a><br \/>\n<\/p>\n<p>                                             From the manufacturer   <\/p>\n<p>                                                                                                       <img decoding=\"async\" alt=\"acer nitro\" src=\"https:\/\/images-na.ssl-images-amazon.com\/images\/G\/01\/x-locale\/common\/grey-pixel.gif\" class=\"a-lazy-loaded\" data-src=\"https:\/\/m.media-amazon.com\/images\/S\/aplus-media-library-service-media\/618bac9b-2f01-4105-9bfb-7387ec5ebbf9.__CR0,0,1464,600_PT0_SX1464_V1___.jpg\"><img decoding=\"async\" alt=\"acer nitro\" src=\"https:\/\/m.media-amazon.com\/images\/S\/aplus-media-library-service-media\/618bac9b-2f01-4105-9bfb-7387ec5ebbf9.__CR0,0,1464,600_PT0_SX1464_V1___.jpg\">                                                                                    ACER NITRO ANV15-51-51M7                                                                                          <\/p>\n<p>                                                                                                       <img decoding=\"async\" alt=\"nitro 5\" src=\"https:\/\/images-na.ssl-images-amazon.com\/images\/G\/01\/x-locale\/common\/grey-pixel.gif\" class=\"a-lazy-loaded\" data-src=\"https:\/\/m.media-amazon.com\/images\/S\/aplus-media-library-service-media\/5c4f91de-fdd8-4c53-a5bd-888a9f04df60.__CR0,0,1464,600_PT0_SX1464_V1___.png\"><img decoding=\"async\" alt=\"nitro 5\" src=\"https:\/\/m.media-amazon.com\/images\/S\/aplus-media-library-service-media\/5c4f91de-fdd8-4c53-a5bd-888a9f04df60.__CR0,0,1464,600_PT0_SX1464_V1___.png\">                                                                                    PRESTACIONES DE \u00c9LITE                                        <\/p>\n<p class=\"aplus-p2 aplus-module-2-description\"> Domina el mundo del Gaming con el procesador Intel Core i5-13420H y los gr\u00e1ficos NVIDIA GeForce RTX 4050. Configura tu port\u00e1til para obtener la m\u00e1xima velocidad y una gran capacidad de almacenamiento con el disco SSD de 512 GB  y 16 GB de RAM DDR5. <\/p>\n<p>                                                            NVIDIA RTX 40 Series                                            <img decoding=\"async\" alt=\"NVIDIA\" src=\"https:\/\/images-na.ssl-images-amazon.com\/images\/G\/01\/x-locale\/common\/grey-pixel.gif\" class=\"a-lazy-loaded\" data-src=\"https:\/\/m.media-amazon.com\/images\/S\/aplus-media-library-service-media\/4511c173-5ca4-463d-b782-591d65b7d674.__CR0,0,650,350_PT0_SX650_V1___.png\"><img decoding=\"async\" alt=\"NVIDIA\" src=\"https:\/\/m.media-amazon.com\/images\/S\/aplus-media-library-service-media\/4511c173-5ca4-463d-b782-591d65b7d674.__CR0,0,650,350_PT0_SX650_V1___.png\">                                            RTX RAY TRACING                                         <\/p>\n<p class=\"aplus-p3\"> NVIDIA RTX es la plataforma m\u00e1s avanzada para el trazado de rayos y tecnolog\u00edas de IA que est\u00e1n revolucionando la forma en que jugamos y creamos. M\u00e1s de 250 juegos top y aplicaciones ya usan RTX para ofrecer gr\u00e1ficos realistas con un incre\u00edblemente r\u00e1pido rendimiento. <\/p>\n<p>                                           <img decoding=\"async\" alt=\"NVIDIA\" src=\"https:\/\/images-na.ssl-images-amazon.com\/images\/G\/01\/x-locale\/common\/grey-pixel.gif\" class=\"a-lazy-loaded\" data-src=\"https:\/\/m.media-amazon.com\/images\/S\/aplus-media-library-service-media\/210ebf28-c9a5-40ab-84f2-021e3b84d883.__CR0,0,650,350_PT0_SX650_V1___.png\"><img decoding=\"async\" alt=\"NVIDIA\" src=\"https:\/\/m.media-amazon.com\/images\/S\/aplus-media-library-service-media\/210ebf28-c9a5-40ab-84f2-021e3b84d883.__CR0,0,650,350_PT0_SX650_V1___.png\">                                            NVIDIA DLSS                                         <\/p>\n<p class=\"aplus-p3\"> NVIDIA DLSS utiliza el renderizado de IA, lo que aumenta la velocidad de fotogramas sin comprometer la calidad de imagen. De este modo, puedes aumentar la configuraci\u00f3n y las resoluciones para obtener una experiencia visual sin precedentes. <\/p>\n<p>                                                                                              <img decoding=\"async\" alt=\"NVIDIA\" src=\"https:\/\/images-na.ssl-images-amazon.com\/images\/G\/01\/x-locale\/common\/grey-pixel.gif\" class=\"a-lazy-loaded\" data-src=\"https:\/\/m.media-amazon.com\/images\/S\/aplus-media-library-service-media\/a6d4b846-d1a4-4b57-93b6-cec9e85160db.__CR0,0,650,350_PT0_SX650_V1___.png\"><img decoding=\"async\" alt=\"NVIDIA\" src=\"https:\/\/m.media-amazon.com\/images\/S\/aplus-media-library-service-media\/a6d4b846-d1a4-4b57-93b6-cec9e85160db.__CR0,0,650,350_PT0_SX650_V1___.png\">                                            NVIDIA STUDIO                                         <\/p>\n<p class=\"aplus-p3\"> NVIDIA Studio es tu ventaja creativa con las \u00faltimas GPU RTX que potencia tus apps creativas. La suite Studio de herramientas asistidas por IA llevan las ideas desde la conceptualizaci\u00f3n hasta el resultado final m\u00e1s r\u00e1pido, adem\u00e1s los controladores Studio proporcionan la mayor fiabilidad. <\/p>\n<p>                                           <img decoding=\"async\" alt=\"NVIDIA\" src=\"https:\/\/images-na.ssl-images-amazon.com\/images\/G\/01\/x-locale\/common\/grey-pixel.gif\" class=\"a-lazy-loaded\" data-src=\"https:\/\/m.media-amazon.com\/images\/S\/aplus-media-library-service-media\/9fc5bfa1-4295-4ad9-bbea-eaa122312a92.__CR0,0,650,350_PT0_SX650_V1___.png\"><img decoding=\"async\" alt=\"NVIDIA\" src=\"https:\/\/m.media-amazon.com\/images\/S\/aplus-media-library-service-media\/9fc5bfa1-4295-4ad9-bbea-eaa122312a92.__CR0,0,650,350_PT0_SX650_V1___.png\">                                            NVIDIA REFLEX                                         <\/p>\n<p class=\"aplus-p3\"> NVIDIA Reflex ofrece la latencia m\u00e1s baja y el mejor tiempo de respuesta para obtener una ventaja competitiva. Reflex ofrece un apuntado m\u00e1s r\u00e1pido, mejores tiempos de reacci\u00f3n y la mayor precisi\u00f3n para juegos competitivos. <\/p>\n<p>                                                                                                       <img decoding=\"async\" alt=\"Nitro 5\" src=\"https:\/\/images-na.ssl-images-amazon.com\/images\/G\/01\/x-locale\/common\/grey-pixel.gif\" class=\"a-lazy-loaded\" data-src=\"https:\/\/m.media-amazon.com\/images\/S\/aplus-media-library-service-media\/c584cbaf-acb0-438d-ac8e-6dccf0f752ee.__CR0,15,2560,1049_PT0_SX1464_V1___.jpg\"><img decoding=\"async\" alt=\"Nitro 5\" src=\"https:\/\/m.media-amazon.com\/images\/S\/aplus-media-library-service-media\/c584cbaf-acb0-438d-ac8e-6dccf0f752ee.__CR0,15,2560,1049_PT0_SX1464_V1___.jpg\">                                                                                    INTENSIDAD VISUAL                                        <\/p>\n<p class=\"aplus-p2 aplus-module-2-description\"> Explora tus juegos con un nivel de detalle mucho mayor gracias a los n\u00edtidos gr\u00e1ficos de la pantalla IPS FHD de 15,6 pulgadas. Disfruta de una experiencia de Gaming fluida y sin distorsiones con una alta frecuencia de actualizaci\u00f3n. <\/p>\n<p>                                                                                                       <img decoding=\"async\" alt=\"Nitro 5\" src=\"https:\/\/images-na.ssl-images-amazon.com\/images\/G\/01\/x-locale\/common\/grey-pixel.gif\" class=\"a-lazy-loaded\" data-src=\"https:\/\/m.media-amazon.com\/images\/S\/aplus-media-library-service-media\/9a157d4a-db81-49b2-853e-228969ba550a.__CR0,52,1896,777_PT0_SX1464_V1___.jpg\"><img decoding=\"async\" alt=\"Nitro 5\" src=\"https:\/\/m.media-amazon.com\/images\/S\/aplus-media-library-service-media\/9a157d4a-db81-49b2-853e-228969ba550a.__CR0,52,1896,777_PT0_SX1464_V1___.jpg\">                                                                                    FRIALDAD BAJO EL FUEGO                                        <\/p>\n<p class=\"aplus-p2 aplus-module-2-description\"> Cuando el juego intenso haga subir la temperatura, mant\u00e9n la frescura gracias a los dos ventiladores, la tecnolog\u00eda Acer CoolBoost y los cuatro puertos de escape. CoolBoost aumenta la velocidad del ventilador en un 10% y la refrigeraci\u00f3n de CPU\/GPU en un 9% en comparaci\u00f3n con el modo autom\u00e1tico. <\/p>\n<h3 class=\"a-text-center aplus-h1 a-text-bold\"> ACCESORIOS NITRO <\/h3>\n<p>                         Add To Basket  <\/p>\n<p>                         Add To Basket  <\/p>\n<p>                         Add To Basket  <\/p>\n<p>                         Add To Basket  <\/p>\n<p>                         Add To Basket  <\/p>\n<p>                                     Customer Reviews  <\/p>\n<p>                    4.3 out of 5 stars  155  <\/p>\n<p>                    4.3 out of 5 stars  155  <\/p>\n<p>                    4.2 out of 5 stars  84  <\/p>\n<p>                \u2014                                     <\/p>\n<p>                    4.2 out of 5 stars  163  <\/p>\n<p>                                     Price  <\/p>\n<p>                                                        \u20ac22.73\u20ac22.73     <\/p>\n<p>                                                        \u20ac37.39\u20ac37.39     <\/p>\n<p>                                                        \u20ac32.40\u20ac32.40     <\/p>\n<p>                                                        \u20ac39.83\u20ac39.83     <\/p>\n<p>                                                        \u20ac95.00\u20ac95.00     <\/p>\n<p>                                     Descripci\u00f3n  <\/p>\n<p>                                                Rat\u00f3n Gaming USB    <\/p>\n<p>                                                Teclado Gaming para PC    <\/p>\n<p>                                                Auriculares Gaming    <\/p>\n<p>                                                Mochila Gaming 15.6&#8243;    <\/p>\n<p>                                                Silla Gaming    <\/p>\n<p>                                     Color  <\/p>\n<p>                                                Negro\/Rojo    <\/p>\n<p>                                                Negro    <\/p>\n<p>                                                Negro    <\/p>\n<p>                                                Negro\/Rojo    <\/p>\n<p>                                                Negro\/Azul    <\/p>\n<p>                                     Compatible con Nitro  <\/p>\n<p>                                                    \u2714       <\/p>\n<p>                                                    \u2714       <\/p>\n<p>                                                    \u2714       <\/p>\n<p>                                                    \u2714       <\/p>\n<p>                                                    \u2714       <\/p>\n<p>                                     Material  <\/p>\n<p>                                                Pl\u00e1stico    <\/p>\n<p>                                                Pl\u00e1stico    <\/p>\n<p>                                                Pl\u00e1stico    <\/p>\n<p>                                                Poli\u00e9ster    <\/p>\n<p>                                                Tejido Transpirable    <\/p>\n<p>                                     Conexiones  <\/p>\n<p>                                                USB    <\/p>\n<p>                                                USB    <\/p>\n<p>                                                Jack de 3,5 mm    <\/p>\n<p>                                                    \u2014    <\/p>\n<p>                                                    \u2014    <\/p>\n<p> Batteries                                            \u200f                                            :                                            \u200e                                            1 Lithium Ion batteries required. (included)   <br \/> Language                                            \u200f                                            :                                            \u200e                                            Spanish   <br \/> Product Dimensions                                            \u200f                                            :                                            \u200e                                            362.3 x 22.9 x 239.89 cm; 2.11 kg   <br \/> Manufacturer                                            \u200f                                            :                                            \u200e                                            Acer   <br \/> ASIN                                            \u200f                                            :                                            \u200e                                            B0CFFF13RK   <br \/> Item model number                                            \u200f                                            :                                            \u200e                                            ANV15-51   <br \/> Country of origin                                            \u200f                                            :                                            \u200e                                            China   <br \/> Guaranteed software updates until                                            \u200f                                            :                                            \u200e                                            unknown   <br \/>  Customer reviews:                                                                                            4.0               4.0 out of 5 stars                                  (49)                                              var dpAcrHasRegisteredArcLinkClickAction;                    P.when(&#8216;A&#8217;, &#8216;ready&#8217;).execute(function(A) {                        if (dpAcrHasRegisteredArcLinkClickAction !== true) {                            dpAcrHasRegisteredArcLinkClickAction = true;                            A.declarative(                                &#8216;acrLink-click-metrics&#8217;, &#8216;click&#8217;,                                { \u00aballowLinkDefault\u00bb: true },                                function (event) {                                    if (window.ue) {                                        ue.count(\u00abacrLinkClickCount\u00bb, (ue.count(\u00abacrLinkClickCount\u00bb) || 0) + 1);                                    }                                }                            );                        }                    });                                             P.when(&#8216;A&#8217;, &#8216;cf&#8217;).execute(function(A) {                A.declarative(&#8216;acrStarsLink-click-metrics&#8217;, &#8216;click&#8217;, { \u00aballowLinkDefault\u00bb : true },  function(event){                    if(window.ue) {                        ue.count(\u00abacrStarsLinkWithPopoverClickCount\u00bb, (ue.count(\u00abacrStarsLinkWithPopoverClickCount\u00bb) || 0) + 1);                    }                });            });                          <\/p>\n<p>15.6 inch display, FullHD IPS 1920 x 1080 pixels, 144Hz<br \/>Intel Core i5-13420H (8C\/OctaCore), 2.10GHz Processor<br \/>16GB DDR5 SDRAM RAM Memory<br \/>512GB PCIe NVMe SSD Storage<br \/>NVIDIA GeForce RTX 4050-6GB GDDR6 Graphics Card<br \/>No operating system<\/p>\n\n","protected":false},"excerpt":{"rendered":"<p> From the manufacturer ACER NITRO ANV15-51-51M7 PRESTACIONES DE \u00c9LITE Domina el mundo del Gaming con<\/p>","protected":false},"featured_media":36060,"comment_status":"open","ping_status":"closed","template":"","meta":[],"product_brand":[],"product_cat":[86],"product_tag":[853,526,509,536,558,10335,520,307,698,560,617,519,524,521,525,522,620,523,1065,562,703,518,159,1189,821,4444,528,858,587,527,621,5273,513,1578],"class_list":{"0":"post-36059","1":"product","2":"type-product","3":"status-publish","4":"has-post-thumbnail","6":"product_cat-gaming-laptop","7":"product_tag-144hz","8":"product_tag-144hz-gaming-laptop","9":"product_tag-16gb","10":"product_tag-512gb","11":"product_tag-acer","12":"product_tag-anv155151m7","13":"product_tag-best-gaming-laptop","14":"product_tag-black","15":"product_tag-core","16":"product_tag-full","17":"product_tag-gaming","18":"product_tag-gaming-laptop","19":"product_tag-gaming-laptop-16gb-ram","20":"product_tag-gaming-laptop-rtx","21":"product_tag-gaming-laptop-ssd","22":"product_tag-gaming-laptop-under-budget","23":"product_tag-geforce","24":"product_tag-high-performance-laptop","25":"product_tag-i513420h","26":"product_tag-intel","27":"product_tag-ips","28":"product_tag-keyboard","29":"product_tag-laptop","30":"product_tag-nitro","31":"product_tag-nvidia","32":"product_tag-operating","33":"product_tag-portable-gaming-laptop","34":"product_tag-qwerty","35":"product_tag-ram","36":"product_tag-rgb-gaming-laptop","37":"product_tag-rtx","38":"product_tag-spanish","39":"product_tag-ssd","40":"product_tag-system","42":"first","43":"instock","44":"shipping-taxable","45":"product-type-external"},"_links":{"self":[{"href":"https:\/\/comprasyconsejos.store\/en\/wp-json\/wp\/v2\/product\/36059","targetHints":{"allow":["GET"]}}],"collection":[{"href":"https:\/\/comprasyconsejos.store\/en\/wp-json\/wp\/v2\/product"}],"about":[{"href":"https:\/\/comprasyconsejos.store\/en\/wp-json\/wp\/v2\/types\/product"}],"replies":[{"embeddable":true,"href":"https:\/\/comprasyconsejos.store\/en\/wp-json\/wp\/v2\/comments?post=36059"}],"version-history":[{"count":0,"href":"https:\/\/comprasyconsejos.store\/en\/wp-json\/wp\/v2\/product\/36059\/revisions"}],"wp:featuredmedia":[{"embeddable":true,"href":"https:\/\/comprasyconsejos.store\/en\/wp-json\/wp\/v2\/media\/36060"}],"wp:attachment":[{"href":"https:\/\/comprasyconsejos.store\/en\/wp-json\/wp\/v2\/media?parent=36059"}],"wp:term":[{"taxonomy":"product_brand","embeddable":true,"href":"https:\/\/comprasyconsejos.store\/en\/wp-json\/wp\/v2\/product_brand?post=36059"},{"taxonomy":"product_cat","embeddable":true,"href":"https:\/\/comprasyconsejos.store\/en\/wp-json\/wp\/v2\/product_cat?post=36059"},{"taxonomy":"product_tag","embeddable":true,"href":"https:\/\/comprasyconsejos.store\/en\/wp-json\/wp\/v2\/product_tag?post=36059"}],"curies":[{"name":"wp","href":"https:\/\/api.w.org\/{rel}","templated":true}]}}