{"id":36068,"date":"2026-02-27T17:58:35","date_gmt":"2026-02-27T17:58:35","guid":{"rendered":"https:\/\/comprasyconsejos.store\/product\/apexel-universal-phone-camera-lens-set-0-45-x-140-wide-angle-lens-12-5x-macro-lens-for-iphone-samsung-and-most-android-smartphones\/"},"modified":"2026-02-27T17:58:36","modified_gmt":"2026-02-27T17:58:36","slug":"apexel-universal-phone-camera-lens-set-0-45-x-140-wide-angle-lens-12-5x-macro-lens-for-iphone-samsung-and-most-android-smartphones","status":"publish","type":"product","link":"https:\/\/comprasyconsejos.store\/en\/product\/apexel-universal-phone-camera-lens-set-0-45-x-140-wide-angle-lens-12-5x-macro-lens-for-iphone-samsung-and-most-android-smartphones\/","title":{"rendered":"APEXEL Universal Phone Camera Lens Set, 0.45 x 140\u00b0 Wide Angle Lens + 12.5x Macro Lens for iPhone, Samsung and Most Android Smartphones"},"content":{"rendered":"<p>Price: <span style=\"color:#b12704\">\u20ac21.99<\/span><br \/><i><small>(as of Feb 27, 2026 17:58:35 UTC &#8211; <span class=\"wp_automatic_amazon_disclaimer\" title=\"Product prices and availability are accurate as of the date\/time indicated and are subject to change. Any price and availability information displayed on [relevant Amazon Site(s), as applicable] at the time of purchase will apply to the purchase of this product.\">Details<\/span>)<\/small><\/i><\/p>\n<p><a href=\"https:\/\/amazon.es\/dp\/B07F1SMC3G?tag=man008-21\"><img decoding=\"async\" src=\"https:\/\/valvepress.s3.amazonaws.com\/imgs\/buy_now.png\"><\/a><br \/>\n<\/p>\n<p>                                             From the brand   <\/p>\n<p>                                              <img decoding=\"async\" alt=\"\" src=\"https:\/\/images-na.ssl-images-amazon.com\/images\/G\/01\/x-locale\/common\/grey-pixel.gif\" class=\"a-lazy-loaded\" data-src=\"https:\/\/m.media-amazon.com\/images\/S\/aplus-media-library-service-media\/28d562e6-332b-4518-941d-186307592a5f.__CR0,0,1464,625_PT0_SX1464_V1___.jpg\"><img decoding=\"async\" alt=\"\" src=\"https:\/\/m.media-amazon.com\/images\/S\/aplus-media-library-service-media\/28d562e6-332b-4518-941d-186307592a5f.__CR0,0,1464,625_PT0_SX1464_V1___.jpg\">  <\/p>\n<h3> Marca \u00f3ptica APEXEL <\/h3>\n<p> APEXEL es una empresa que integra <\/p>\n<p> investigaci\u00f3n y desarrollo de productos, <\/p>\n<p> dise\u00f1o, fabricaci\u00f3n y ventas. <\/p>\n<h3> APEXEL <\/h3>\n<p class=\"apm-brand-story-stores-link\">\n<h3> APEXEL <\/h3>\n<p class=\"apm-brand-story-stores-link\">\n<h3> APEXEL <\/h3>\n<p class=\"apm-brand-story-stores-link\">\n<h3> APEXEL <\/h3>\n<p class=\"apm-brand-story-stores-link\">\n<p>                                              <img decoding=\"async\" alt=\"\" src=\"https:\/\/images-na.ssl-images-amazon.com\/images\/G\/01\/x-locale\/common\/grey-pixel.gif\" class=\"a-lazy-loaded\" data-src=\"https:\/\/m.media-amazon.com\/images\/S\/aplus-media-library-service-media\/70fb7299-46dd-4cef-a750-b826f21b08f3.__CR0,0,315,145_PT0_SX315_V1___.jpg\"><img decoding=\"async\" alt=\"\" src=\"https:\/\/m.media-amazon.com\/images\/S\/aplus-media-library-service-media\/70fb7299-46dd-4cef-a750-b826f21b08f3.__CR0,0,315,145_PT0_SX315_V1___.jpg\">  <\/p>\n<p> APEXEL, se estableci\u00f3 en 2003 y es una empresa innovadora que se centra en el desarrollo, producci\u00f3n y equipos de fotograf\u00eda digital. Ofrecemos soluciones de fotograf\u00eda port\u00e1tiles incomparables. Hace una fotograf\u00eda de viajes fant\u00e1stica, experimenta una nueva fotograf\u00eda divertida. <\/p>\n<p> \u200b <\/p>\n<p> Batteries                                            \u200f                                            :                                            \u200e                                            1 AAA batteries required.   <br \/> Is discontinued by manufacturer                                            \u200f                                            :                                            \u200e                                            No   <br \/> Product Dimensions                                            \u200f                                            :                                            \u200e                                            1 x 1 x 1 cm; 110 g   <br \/> Manufacturer                                            \u200f                                            :                                            \u200e                                            Apexel   <br \/> ASIN                                            \u200f                                            :                                            \u200e                                            B07F1SMC3G   <br \/> Item model number                                            \u200f                                            :                                            \u200e                                            MS008   <br \/> Country\/Region of Origin                                            \u200f                                            :                                            \u200e                                            China   <br \/> Guaranteed software updates until                                            \u200f                                            :                                            \u200e                                            unknown   <br \/>  Customer reviews:                                                                                            3.7               3.7 out of 5 stars                                  (1,281)                                              var dpAcrHasRegisteredArcLinkClickAction;                    P.when(&#8216;A&#8217;, &#8216;ready&#8217;).execute(function(A) {                        if (dpAcrHasRegisteredArcLinkClickAction !== true) {                            dpAcrHasRegisteredArcLinkClickAction = true;                            A.declarative(                                &#8216;acrLink-click-metrics&#8217;, &#8216;click&#8217;,                                { \u00aballowLinkDefault\u00bb: true },                                function (event) {                                    if (window.ue) {                                        ue.count(\u00abacrLinkClickCount\u00bb, (ue.count(\u00abacrLinkClickCount\u00bb) || 0) + 1);                                    }                                }                            );                        }                    });                                             P.when(&#8216;A&#8217;, &#8216;cf&#8217;).execute(function(A) {                A.declarative(&#8216;acrStarsLink-click-metrics&#8217;, &#8216;click&#8217;, { \u00aballowLinkDefault\u00bb : true },  function(event){                    if(window.ue) {                        ue.count(\u00abacrStarsLinkWithPopoverClickCount\u00bb, (ue.count(\u00abacrStarsLinkWithPopoverClickCount\u00bb) || 0) + 1);                    }                });            });                          <\/p>\n<p>\u3010HIGH QUALITY 2-IN-1 DESIGN\u3011Professional HD lens minimizes glare, reflection, ghosting and other lens artifacts to provide excellent clarity. Premium aluminum construction increases product durability. It gives you a DSLR quality performance experience and captures stunning photos.<br \/>\u30100.45X Wide Angle Lens\u3011 To use the wide angle, just connect both lenses together.With the 0.45X super wide angle, you can make your world bigger, wider and brighter.Open your field of view for landscape photography or stunning selfies.Fit the whole family or the whole team in the picture.<br \/>\u301012.5X Macro Lens\u3011 To use the macro lens, simply unscrew the wide angle lens. Brings it 12.5X closer to the subject for extreme close-ups. Explore nature with a huge 12.5X macro magnification, with an optimal macro distance of 0.8 to 1.6&#8243; (2-4cm), it is perfect for close-ups of insects, jewelry, coins, plants and more.<br \/>\u3010UNIVERSAL LENS CLIP\u3011: Unique clamp design compatible with most smartphones and mobile devices, including iPhone 8 \/ X 7\/7 plus 6s \/ 6s plus \/ 6, Samsung Galaxy S8 S7 S6, iPad, tablet and most smartphones.<br \/>\u3010WHAT YOU GET\u3011: 1 x Wide Angle Lens + Macro Lens Kit, 1 x Lens Clip, 1 x Protective Case, 1 x Cleaning Cloth, 1 x User Guide. while you receive them.<\/p>\n\n","protected":false},"excerpt":{"rendered":"<p> From the brand Marca \u00f3ptica APEXEL APEXEL es una empresa que integra investigaci\u00f3n y desarrollo<\/p>","protected":false},"featured_media":36069,"comment_status":"open","ping_status":"closed","template":"","meta":[],"product_brand":[],"product_cat":[104],"product_tag":[10346,391,593,5337,681,147,3004,3003,3015,3008,3007,3010,3011,3000,3001,3013,3016,3014,3005,3002,3009,3017,3006,2160,2817,230,3012,249,1265,1588,1357,2561],"class_list":{"0":"post-36068","1":"product","2":"type-product","3":"status-publish","4":"has-post-thumbnail","6":"product_cat-apple-iphone","7":"product_tag-12-5x","8":"product_tag-android","9":"product_tag-angle","10":"product_tag-apexel","11":"product_tag-camera","12":"product_tag-iphone","13":"product_tag-iphone-13-accessories","14":"product_tag-iphone-14-case","15":"product_tag-iphone-adapter","16":"product_tag-iphone-battery-pack","17":"product_tag-iphone-cable","18":"product_tag-iphone-camera-lens","19":"product_tag-iphone-car-mount","20":"product_tag-iphone-case","21":"product_tag-iphone-charger","22":"product_tag-iphone-earbuds","23":"product_tag-iphone-gaming-controller","24":"product_tag-iphone-magsafe","25":"product_tag-iphone-pro-max-case","26":"product_tag-iphone-screen-protector","27":"product_tag-iphone-tempered-glass","28":"product_tag-iphone-tripod","29":"product_tag-iphone-wireless-charger","30":"product_tag-lens","31":"product_tag-macro","32":"product_tag-phone","33":"product_tag-refurbished-iphone","34":"product_tag-samsung","35":"product_tag-set","36":"product_tag-smartphones","37":"product_tag-universal","38":"product_tag-wide","40":"first","41":"instock","42":"shipping-taxable","43":"product-type-external"},"_links":{"self":[{"href":"https:\/\/comprasyconsejos.store\/en\/wp-json\/wp\/v2\/product\/36068","targetHints":{"allow":["GET"]}}],"collection":[{"href":"https:\/\/comprasyconsejos.store\/en\/wp-json\/wp\/v2\/product"}],"about":[{"href":"https:\/\/comprasyconsejos.store\/en\/wp-json\/wp\/v2\/types\/product"}],"replies":[{"embeddable":true,"href":"https:\/\/comprasyconsejos.store\/en\/wp-json\/wp\/v2\/comments?post=36068"}],"version-history":[{"count":0,"href":"https:\/\/comprasyconsejos.store\/en\/wp-json\/wp\/v2\/product\/36068\/revisions"}],"wp:featuredmedia":[{"embeddable":true,"href":"https:\/\/comprasyconsejos.store\/en\/wp-json\/wp\/v2\/media\/36069"}],"wp:attachment":[{"href":"https:\/\/comprasyconsejos.store\/en\/wp-json\/wp\/v2\/media?parent=36068"}],"wp:term":[{"taxonomy":"product_brand","embeddable":true,"href":"https:\/\/comprasyconsejos.store\/en\/wp-json\/wp\/v2\/product_brand?post=36068"},{"taxonomy":"product_cat","embeddable":true,"href":"https:\/\/comprasyconsejos.store\/en\/wp-json\/wp\/v2\/product_cat?post=36068"},{"taxonomy":"product_tag","embeddable":true,"href":"https:\/\/comprasyconsejos.store\/en\/wp-json\/wp\/v2\/product_tag?post=36068"}],"curies":[{"name":"wp","href":"https:\/\/api.w.org\/{rel}","templated":true}]}}