{"id":36074,"date":"2026-02-27T18:14:01","date_gmt":"2026-02-27T18:14:01","guid":{"rendered":"https:\/\/comprasyconsejos.store\/product\/luz-estroboscopica-para-dronluces-anticolision-de-vuelo-nocturnoled-strobe-light-para-dji-flipneomini-3-4-pro-4k-se-2air-3s-3-2-2smavic-3-2sparkfpvavata-2evo-drone-1-piezas\/"},"modified":"2026-02-27T18:14:02","modified_gmt":"2026-02-27T18:14:02","slug":"luz-estroboscopica-para-dronluces-anticolision-de-vuelo-nocturnoled-strobe-light-para-dji-flipneomini-3-4-pro-4k-se-2air-3s-3-2-2smavic-3-2sparkfpvavata-2evo-drone-1-piezas","status":"publish","type":"product","link":"https:\/\/comprasyconsejos.store\/en\/product\/luz-estroboscopica-para-dronluces-anticolision-de-vuelo-nocturnoled-strobe-light-para-dji-flipneomini-3-4-pro-4k-se-2air-3s-3-2-2smavic-3-2sparkfpvavata-2evo-drone-1-piezas\/","title":{"rendered":"Luz Estrobosc\u00f3pica para Dron,Luces Anticolisi\u00f3n de Vuelo Nocturno,LED Strobe Light para DJI Flip,Neo,Mini 3\/4 Pro\/4K\/SE\/2,Air 3S\/3\/2\/2S,Mavic 3\/2,Spark,FPV,Avata 2,EVO Drone (1 piezas)"},"content":{"rendered":"<p>Price: <span style=\"color:#b12704\">\u20ac17.99<\/span><br \/><i><small>(as of Feb 27, 2026 18:14:01 UTC &#8211; <span class=\"wp_automatic_amazon_disclaimer\" title=\"Product prices and availability are accurate as of the date\/time indicated and are subject to change. Any price and availability information displayed on [relevant Amazon Site(s), as applicable] at the time of purchase will apply to the purchase of this product.\">Details<\/span>)<\/small><\/i><\/p>\n<p><a href=\"https:\/\/amazon.es\/dp\/B0CZ3665RL?tag=man008-21\"><img decoding=\"async\" src=\"https:\/\/valvepress.s3.amazonaws.com\/imgs\/buy_now.png\"><\/a><br \/>\n<br \/>\n    <span>Universalidad: es adecuado para la mayor\u00eda de drones. Por ejemplo: DJI Flip, Neo, Mini 4 Pro, Mini 3, Mini 3 Pro, Mini 4K, Mini 2, Mini 2 SE, Mini SE, Mavic Mini, Air 3S, Air 3, Air 2S, Mavic Air 2, Mavic 3 Series, Mavic 2 Pro, Mavic 2 Zoom, Mavic Pro Series, Air 3S, Air 3, Air 2S, Mavic Air 2, Mavic Air. Spark, serie Evo DJI FPV, Avata, Avata 2, Phantom 4\/3 series, Holystone, RUKO drone, etc<\/span>    <br \/> Batteries                                            \u200f                                            :                                            \u200e                                            1 Lithium Ion batteries required. (included)   <br \/> Product Dimensions                                            \u200f                                            :                                            \u200e                                            3.6 x 1.6 x 1.2 cm; 40 g   <br \/> Manufacturer                                            \u200f                                            :                                            \u200e                                            LYONGTECH   <br \/> ASIN                                            \u200f                                            :                                            \u200e                                            B0CZ3665RL   <br \/> Item model number                                            \u200f                                            :                                            \u200e                                            LYONG-LED-31   <br \/> Country of origin                                            \u200f                                            :                                            \u200e                                            China   <br \/> Guaranteed software updates until                                            \u200f                                            :                                            \u200e                                            unknown   <br \/>  Customer reviews:                                                                                            4.8               4.8 out of 5 stars                                  (433)                                              var dpAcrHasRegisteredArcLinkClickAction;                    P.when(&#8216;A&#8217;, &#8216;ready&#8217;).execute(function(A) {                        if (dpAcrHasRegisteredArcLinkClickAction !== true) {                            dpAcrHasRegisteredArcLinkClickAction = true;                            A.declarative(                                &#8216;acrLink-click-metrics&#8217;, &#8216;click&#8217;,                                { \u00aballowLinkDefault\u00bb: true },                                function (event) {                                    if (window.ue) {                                        ue.count(\u00abacrLinkClickCount\u00bb, (ue.count(\u00abacrLinkClickCount\u00bb) || 0) + 1);                                    }                                }                            );                        }                    });                                             P.when(&#8216;A&#8217;, &#8216;cf&#8217;).execute(function(A) {                A.declarative(&#8216;acrStarsLink-click-metrics&#8217;, &#8216;click&#8217;, { \u00aballowLinkDefault\u00bb : true },  function(event){                    if(window.ue) {                        ue.count(\u00abacrStarsLinkWithPopoverClickCount\u00bb, (ue.count(\u00abacrStarsLinkWithPopoverClickCount\u00bb) || 0) + 1);                    }                });            });                          <\/p>\n<p>Universalidad: es adecuado para la mayor\u00eda de drones. Por ejemplo: DJI Flip, Neo, Mini 4 Pro, Mini 3, Mini 3 Pro, Mini 4K, Mini 2, Mini 2 SE, Mini SE, Mavic Mini, Air 3S, Air 3, Air 2S, Mavic Air 2, Mavic 3 Series, Mavic 2 Pro, Mavic 2 Zoom, Mavic Pro Series, Air 3S, Air 3, Air 2S, Mavic Air 2, Mavic Air. Spark, serie Evo DJI FPV, Avata, Avata 2, Phantom 4\/3 series, Holystone, RUKO drone, etc<br \/>Tama\u00f1o peque\u00f1o, 3,7 x 2,2 x 1,4 cm, peso ligero, solo 8,85g<br \/>Distancia visual 4,8 KM<br \/>Tiene 3 colores de iluminaci\u00f3n blanco, rojo, verde. 10 modos: luz blanca encendida, parpadeo r\u00e1pido blanco, parpadeo r\u00e1pido rojo, parpadeo r\u00e1pido verde, parpadeo lento blanco, parpadeo lento rojo, parpadeo lento verde, parpadeo lento verde, parpadeo r\u00e1pido blanco\/rojo, parpadeo r\u00e1pido blanco\/verde, parpadeo r\u00e1pido blanco\/verde<br \/>Dos modos de instalaci\u00f3n, f\u00e1cil de instalar: utiliza velcro para pegarlo f\u00e1cilmente al dron, como la parte superior, la cola y los lados del drone; utiliza una tira de goma, por ejemplo, para asegurarlo al brazo de un dron<br \/>Utiliza LED de alta calidad para una vida \u00fatil m\u00e1s brillante y m\u00e1s larga<br \/>Con una carcasa de pl\u00e1stico, es m\u00e1s duradera y Hermosa<br \/>Dependiendo del modo seleccionado, la bater\u00eda recargable integrada de 150 mAh proporciona hasta 1-7 horas de tiempo de funcionamiento<br \/>Lo que obtienes: 1 luz estrobosc\u00f3pica, 4 anillos de silicona, 1 cable de carga USB, 4 velcro (par) (Nota: dron no incluido)<\/p>\n\n","protected":false},"excerpt":{"rendered":"<p> Universalidad: es adecuado para la mayor\u00eda de drones. Por ejemplo: DJI Flip, Neo, Mini 4<\/p>","protected":false},"featured_media":36075,"comment_status":"open","ping_status":"closed","template":"","meta":[],"product_brand":[],"product_cat":[98],"product_tag":[10356,10355,10354,10349,2845,2358,2854,2852,2855,2853,2842,2844,2848,2846,2850,2838,2849,10348,10347,10352,2839,2840,2843,248,4813,2851,10350,3954,4203,10353,2841,2847,10351,4429],"class_list":{"0":"post-36074","1":"product","2":"type-product","3":"status-publish","4":"has-post-thumbnail","6":"product_cat-drones","7":"product_tag-2evo","8":"product_tag-32sparkfpvavata","9":"product_tag-3s322smavic","10":"product_tag-anticolision","11":"product_tag-beginner-drone","12":"product_tag-dji","13":"product_tag-dji-drone","14":"product_tag-dji-mavic","15":"product_tag-dji-mini-2","16":"product_tag-drone","17":"product_tag-drone-accessories","18":"product_tag-drone-battery","19":"product_tag-drone-gimbal","20":"product_tag-drone-propellers","21":"product_tag-drone-spare-parts","22":"product_tag-drone-with-camera","23":"product_tag-drones-under-200","24":"product_tag-dronluces","25":"product_tag-estroboscopica","26":"product_tag-flipneomini","27":"product_tag-foldable-drone","28":"product_tag-fpv-drone","29":"product_tag-hd-drone","30":"product_tag-light","31":"product_tag-luz","32":"product_tag-mini-drone","33":"product_tag-nocturnoled","34":"product_tag-para","35":"product_tag-piezas","36":"product_tag-pro4kse2air","37":"product_tag-quadcopter","38":"product_tag-remote-control-drone","39":"product_tag-strobe","40":"product_tag-vuelo","42":"first","43":"instock","44":"shipping-taxable","45":"product-type-external"},"_links":{"self":[{"href":"https:\/\/comprasyconsejos.store\/en\/wp-json\/wp\/v2\/product\/36074","targetHints":{"allow":["GET"]}}],"collection":[{"href":"https:\/\/comprasyconsejos.store\/en\/wp-json\/wp\/v2\/product"}],"about":[{"href":"https:\/\/comprasyconsejos.store\/en\/wp-json\/wp\/v2\/types\/product"}],"replies":[{"embeddable":true,"href":"https:\/\/comprasyconsejos.store\/en\/wp-json\/wp\/v2\/comments?post=36074"}],"version-history":[{"count":0,"href":"https:\/\/comprasyconsejos.store\/en\/wp-json\/wp\/v2\/product\/36074\/revisions"}],"wp:featuredmedia":[{"embeddable":true,"href":"https:\/\/comprasyconsejos.store\/en\/wp-json\/wp\/v2\/media\/36075"}],"wp:attachment":[{"href":"https:\/\/comprasyconsejos.store\/en\/wp-json\/wp\/v2\/media?parent=36074"}],"wp:term":[{"taxonomy":"product_brand","embeddable":true,"href":"https:\/\/comprasyconsejos.store\/en\/wp-json\/wp\/v2\/product_brand?post=36074"},{"taxonomy":"product_cat","embeddable":true,"href":"https:\/\/comprasyconsejos.store\/en\/wp-json\/wp\/v2\/product_cat?post=36074"},{"taxonomy":"product_tag","embeddable":true,"href":"https:\/\/comprasyconsejos.store\/en\/wp-json\/wp\/v2\/product_tag?post=36074"}],"curies":[{"name":"wp","href":"https:\/\/api.w.org\/{rel}","templated":true}]}}