{"id":36080,"date":"2026-02-27T18:24:05","date_gmt":"2026-02-27T18:24:05","guid":{"rendered":"https:\/\/comprasyconsejos.store\/product\/newfast-axe5400mbps-adaptador-wifi-usb-para-pc-tri-banda-antena-wifi-6e-usb-3-0-wpa3-receptor-wi-fi-%ef%bc%8cusb-wifi-para-pc-compatible-con-windows-10-11\/"},"modified":"2026-02-27T18:24:09","modified_gmt":"2026-02-27T18:24:09","slug":"newfast-axe5400mbps-adaptador-wifi-usb-para-pc-tri-banda-antena-wifi-6e-usb-3-0-wpa3-receptor-wi-fi-%ef%bc%8cusb-wifi-para-pc-compatible-con-windows-10-11","status":"publish","type":"product","link":"https:\/\/comprasyconsejos.store\/en\/product\/newfast-axe5400mbps-adaptador-wifi-usb-para-pc-tri-banda-antena-wifi-6e-usb-3-0-wpa3-receptor-wi-fi-%ef%bc%8cusb-wifi-para-pc-compatible-con-windows-10-11\/","title":{"rendered":"NEWFAST AXE5400Mbps Adaptador WiFi USB para PC Tri-Banda, Antena WiFi 6E USB 3.0, WPA3, Receptor Wi-Fi \uff0cUSB WiFi para PC Compatible con Windows 10\/11"},"content":{"rendered":"<p>Price: <span style=\"color:#b12704\">\u20ac43.99<\/span><br \/><i><small>(as of Feb 27, 2026 18:24:05 UTC &#8211; <span class=\"wp_automatic_amazon_disclaimer\" title=\"Product prices and availability are accurate as of the date\/time indicated and are subject to change. Any price and availability information displayed on [relevant Amazon Site(s), as applicable] at the time of purchase will apply to the purchase of this product.\">Details<\/span>)<\/small><\/i><\/p>\n<p><a href=\"https:\/\/amazon.es\/dp\/B0GCCMQTFM?tag=man008-21\"><img decoding=\"async\" src=\"https:\/\/valvepress.s3.amazonaws.com\/imgs\/buy_now.png\"><\/a><br \/>\n<\/p>\n<p>                                             Product Description   <\/p>\n<p>                                                                             <img decoding=\"async\" alt=\"con antenas duales se muestra junto a los dispositivos m\u00f3viles, anunciado como un dispositivo de mejora del rendimiento WiFi para PC\" src=\"https:\/\/images-na.ssl-images-amazon.com\/images\/G\/01\/x-locale\/common\/grey-pixel.gif\" class=\"a-spacing-base a-lazy-loaded\" data-src=\"https:\/\/m.media-amazon.com\/images\/S\/aplus-media-library-service-media\/93b35174-7c63-4ac9-ab59-b9a59b611687.__CR0,0,970,600_PT0_SX970_V1___.jpg\"><img decoding=\"async\" alt=\"con antenas duales se muestra junto a los dispositivos m\u00f3viles, anunciado como un dispositivo de mejora del rendimiento WiFi para PC\" src=\"https:\/\/m.media-amazon.com\/images\/S\/aplus-media-library-service-media\/93b35174-7c63-4ac9-ab59-b9a59b611687.__CR0,0,970,600_PT0_SX970_V1___.jpg\">                                                                    <\/p>\n<p>                                                                             <img decoding=\"async\" alt=\"del adaptador WiFi USB 3.0 muestra las funciones en espa\u00f1ol, incluida la f\u00e1cil instalaci\u00f3n para Windows 11\/10 con cuatro paneles de iconos azules\" src=\"https:\/\/images-na.ssl-images-amazon.com\/images\/G\/01\/x-locale\/common\/grey-pixel.gif\" class=\"a-spacing-base a-lazy-loaded\" data-src=\"https:\/\/m.media-amazon.com\/images\/S\/aplus-media-library-service-media\/5b00871c-b97b-466d-bd86-c0383849482a.__CR0,0,970,600_PT0_SX970_V1___.jpg\"><img decoding=\"async\" alt=\"del adaptador WiFi USB 3.0 muestra las funciones en espa\u00f1ol, incluida la f\u00e1cil instalaci\u00f3n para Windows 11\/10 con cuatro paneles de iconos azules\" src=\"https:\/\/m.media-amazon.com\/images\/S\/aplus-media-library-service-media\/5b00871c-b97b-466d-bd86-c0383849482a.__CR0,0,970,600_PT0_SX970_V1___.jpg\">                                                                    <\/p>\n<p>                                                  <img decoding=\"async\" alt=\"de alta velocidad con un diagrama que muestra el rango de conectividad para varios dispositivos, incluidos tel\u00e9fonos inteligentes, tabletas, computadoras port\u00e1tiles y sistemas de juegos.\" src=\"https:\/\/images-na.ssl-images-amazon.com\/images\/G\/01\/x-locale\/common\/grey-pixel.gif\" class=\"a-lazy-loaded\" data-src=\"https:\/\/m.media-amazon.com\/images\/S\/aplus-media-library-service-media\/c9d4e44b-95ae-4dde-809d-ff8575fb5745.__CR0,0,970,300_PT0_SX970_V1___.jpg\"><img decoding=\"async\" alt=\"de alta velocidad con un diagrama que muestra el rango de conectividad para varios dispositivos, incluidos tel\u00e9fonos inteligentes, tabletas, computadoras port\u00e1tiles y sistemas de juegos.\" src=\"https:\/\/m.media-amazon.com\/images\/S\/aplus-media-library-service-media\/c9d4e44b-95ae-4dde-809d-ff8575fb5745.__CR0,0,970,300_PT0_SX970_V1___.jpg\">  <\/p>\n<p>                                                                             <img decoding=\"async\" alt=\"3\" src=\"https:\/\/images-na.ssl-images-amazon.com\/images\/G\/01\/x-locale\/common\/grey-pixel.gif\" class=\"a-spacing-base a-lazy-loaded\" data-src=\"https:\/\/m.media-amazon.com\/images\/S\/aplus-media-library-service-media\/f015e484-c1ef-42d7-a2bd-49d3ea576043.__CR0,0,970,600_PT0_SX970_V1___.jpg\"><img decoding=\"async\" alt=\"3\" src=\"https:\/\/m.media-amazon.com\/images\/S\/aplus-media-library-service-media\/f015e484-c1ef-42d7-a2bd-49d3ea576043.__CR0,0,970,600_PT0_SX970_V1___.jpg\">                                                                    <\/p>\n<p>                                                                             <img decoding=\"async\" alt=\"Infograf\u00eda de conectividad de red que muestra las capacidades de los enrutadores tribanda: 6G (2400 Mbps), 5G (2000 Mbps) y 2,4 G (574 Mbps) con modos\" src=\"https:\/\/images-na.ssl-images-amazon.com\/images\/G\/01\/x-locale\/common\/grey-pixel.gif\" class=\"a-spacing-base a-lazy-loaded\" data-src=\"https:\/\/m.media-amazon.com\/images\/S\/aplus-media-library-service-media\/90c5b8b0-ed0c-4696-9b37-f979b29609df.__CR0,0,970,600_PT0_SX970_V1___.jpg\"><img decoding=\"async\" alt=\"Infograf\u00eda de conectividad de red que muestra las capacidades de los enrutadores tribanda: 6G (2400 Mbps), 5G (2000 Mbps) y 2,4 G (574 Mbps) con modos\" src=\"https:\/\/m.media-amazon.com\/images\/S\/aplus-media-library-service-media\/90c5b8b0-ed0c-4696-9b37-f979b29609df.__CR0,0,970,600_PT0_SX970_V1___.jpg\">                                                                    <\/p>\n<p>                                                  <img decoding=\"async\" alt=\"Se muestra una computadora port\u00e1til con la pantalla de configuraci\u00f3n de Windows 11\/10, que muestra los logotipos del sistema operativo y la interfaz de instalaci\u00f3n\" src=\"https:\/\/images-na.ssl-images-amazon.com\/images\/G\/01\/x-locale\/common\/grey-pixel.gif\" class=\"a-lazy-loaded\" data-src=\"https:\/\/m.media-amazon.com\/images\/S\/aplus-media-library-service-media\/b8d12e60-1def-4653-8564-58a157f94c97.__CR0,0,970,300_PT0_SX970_V1___.jpg\"><img decoding=\"async\" alt=\"Se muestra una computadora port\u00e1til con la pantalla de configuraci\u00f3n de Windows 11\/10, que muestra los logotipos del sistema operativo y la interfaz de instalaci\u00f3n\" src=\"https:\/\/m.media-amazon.com\/images\/S\/aplus-media-library-service-media\/b8d12e60-1def-4653-8564-58a157f94c97.__CR0,0,970,300_PT0_SX970_V1___.jpg\">  <\/p>\n<p>                         Add To Basket  <\/p>\n<p>                         Add To Basket  <\/p>\n<p>                         Add To Basket  <\/p>\n<p>                         Add To Basket  <\/p>\n<p>                             Customer Reviews  <\/p>\n<p>                \u2014                                   <\/p>\n<p>                    5.0 out of 5 stars  58  <\/p>\n<p>                    4.4 out of 5 stars  53  <\/p>\n<p>                    4.5 out of 5 stars  2  <\/p>\n<p>                    4.7 out of 5 stars  38  <\/p>\n<p>                             Price  <\/p>\n<p>                                    \u20ac43.99\u20ac43.99                  \u20ac56.99\u20ac56.99                  \u20ac29.99\u20ac29.99<br \/>\n                                            \u2014 no data<br \/>\n                                                       \u20ac79.99\u20ac79.99           <\/p>\n<p>                             Velocidad de transmisi\u00f3n<br \/>\n                                5400Mbps               6500Mbps                3000Mbps               1300Mbps               6500Mbps           <\/p>\n<p>                             Sistema<br \/>\n                                Win 11\/10               Win 11\/10               Win 11\/10               Win 11\/10\/8\/8.1\/7               Win 11\/10           <\/p>\n<p>                             Tipo<br \/>\n                                WiFi 6               WiFi 7               WiFi 6               WiFi 5               WiFi 7           <\/p>\n<p> Package Dimensions                                            \u200f                                            :                                            \u200e                                            14 x 9 x 2 cm; 50 g   <br \/> Manufacturer                                            \u200f                                            :                                            \u200e                                            NEWFAST   <br \/> ASIN                                            \u200f                                            :                                            \u200e                                            B0GCCMQTFM   <br \/> Country of origin                                            \u200f                                            :                                            \u200e                                            China   <br \/> Guaranteed software updates until                                            \u200f                                            :                                            \u200e                                            unknown   <\/p>\n<p>\ud83d\udcf6\u3010Excelente rendimiento WiFi 6E\u3011 El adaptador WiFi 6E admite una velocidad de transmisi\u00f3n m\u00e1xima de 5000 Mbps (2400 Mbps en 6 GHz, 2400 Mbps en 5 GHz y 574 Mbps en 2,4 GHz), lo que es m\u00e1s r\u00e1pido que las tarjetas de red gigabit tradicionales (1 Gbps) y adecuado para transferencias de archivos de gran tama\u00f1o, streaming de medios 4K\/8K o tareas de red con alta carga. El adaptador USB WiFi 6 proporciona un entorno de red de baja latencia y sin retrasos para juegos en l\u00ednea y streaming en directo de alta definici\u00f3n.<br \/>\ud83d\udcf6 \u3010Baja latencia\u3011 Dongle inal\u00e1mbrico con tecnolog\u00eda OFDMA y MU-MIMO, compatible con m\u00faltiples personas y dispositivos que utilizan la red para una transmisi\u00f3n m\u00e1s r\u00e1pida. Dongle WiFi para PC, adaptador USB 3.0 WiFi 6E para PC\/ordenador de sobremesa\/port\u00e1til. Actualiza de WiFi 5 a WiFi 6 a\u00f1adiendo la nueva tecnolog\u00eda WiFi 6 OFDMA a tu ordenador. Proporciona una red m\u00e1s eficiente y r\u00e1pida. Compatible con el protocolo de cifrado WPA3.<br \/>\ud83d\udcf6\u3010Est\u00e1ndares de cifrado seguros y fiables\u3011Adaptador inal\u00e1mbrico: en t\u00e9rminos de seguridad de red, el adaptador wifi adopta el \u00faltimo protocolo de seguridad WPA3 para proporcionar un mayor nivel de autenticaci\u00f3n y protecci\u00f3n de cifrado, lo que previene eficazmente los ataques a la red y las fugas de datos. Es compatible con varios m\u00e9todos de cifrado (WPA-WEP\/WPA-PSK\/WPA2-PSK\/WPA3).<br \/>\ud83d\udcf6\u3010Compatibilidad con Win10\/11\u3011El adaptador inal\u00e1mbrico Wifi 6 es compatible con los est\u00e1ndares IEEE 802.11ax\/ac\/a\/b\/g\/n. Controlador integrado, sin CD, doble clic para instalar el controlador r\u00e1pidamente. Si tiene alg\u00fan problema con la configuraci\u00f3n, le ofrecemos asistencia t\u00e9cnica. El adaptador USB 3.0 WIFI es compatible con Windows 10 y Windows 11 (64 bits), y con el est\u00e1ndar IEEE 802.11ax\/ac\/a\/b\/g\/n para m\u00faltiples dispositivos.<\/p>\n\n","protected":false},"excerpt":{"rendered":"<p> Product Description Add To Basket Add To Basket Add To Basket Add To Basket Customer<\/p>","protected":false},"featured_media":36081,"comment_status":"open","ping_status":"closed","template":"","meta":[],"product_brand":[],"product_cat":[72],"product_tag":[4152,4151,10358,201,3994,2110,2116,2114,2118,8150,3954,2112,4156,6138,133,2108,543,2104,2120,2102,537,2106,2095],"class_list":{"0":"post-36080","1":"product","2":"type-product","3":"status-publish","4":"has-post-thumbnail","6":"product_cat-wifi-sticks","7":"product_tag-adaptador","8":"product_tag-antena","9":"product_tag-axe5400mbps","10":"product_tag-compatible","11":"product_tag-con","12":"product_tag-dual-band-wifi-adapter","13":"product_tag-high-speed-wifi-usb","14":"product_tag-laptop-wifi-adapter","15":"product_tag-mini-wifi-adapter","16":"product_tag-newfast","17":"product_tag-para","18":"product_tag-pc-wifi-adapter","19":"product_tag-receptor","20":"product_tag-tribanda","21":"product_tag-usb","22":"product_tag-usb-wifi-dongle","23":"product_tag-wifi","24":"product_tag-wifi-stick","25":"product_tag-wifi-stick-price","26":"product_tag-wifi-usb-adapter","27":"product_tag-windows","28":"product_tag-wireless-usb-adapter","29":"product_tag-wpa3","31":"first","32":"instock","33":"shipping-taxable","34":"product-type-external"},"_links":{"self":[{"href":"https:\/\/comprasyconsejos.store\/en\/wp-json\/wp\/v2\/product\/36080","targetHints":{"allow":["GET"]}}],"collection":[{"href":"https:\/\/comprasyconsejos.store\/en\/wp-json\/wp\/v2\/product"}],"about":[{"href":"https:\/\/comprasyconsejos.store\/en\/wp-json\/wp\/v2\/types\/product"}],"replies":[{"embeddable":true,"href":"https:\/\/comprasyconsejos.store\/en\/wp-json\/wp\/v2\/comments?post=36080"}],"version-history":[{"count":0,"href":"https:\/\/comprasyconsejos.store\/en\/wp-json\/wp\/v2\/product\/36080\/revisions"}],"wp:featuredmedia":[{"embeddable":true,"href":"https:\/\/comprasyconsejos.store\/en\/wp-json\/wp\/v2\/media\/36081"}],"wp:attachment":[{"href":"https:\/\/comprasyconsejos.store\/en\/wp-json\/wp\/v2\/media?parent=36080"}],"wp:term":[{"taxonomy":"product_brand","embeddable":true,"href":"https:\/\/comprasyconsejos.store\/en\/wp-json\/wp\/v2\/product_brand?post=36080"},{"taxonomy":"product_cat","embeddable":true,"href":"https:\/\/comprasyconsejos.store\/en\/wp-json\/wp\/v2\/product_cat?post=36080"},{"taxonomy":"product_tag","embeddable":true,"href":"https:\/\/comprasyconsejos.store\/en\/wp-json\/wp\/v2\/product_tag?post=36080"}],"curies":[{"name":"wp","href":"https:\/\/api.w.org\/{rel}","templated":true}]}}