{"id":36083,"date":"2026-02-27T18:26:07","date_gmt":"2026-02-27T18:26:07","guid":{"rendered":"https:\/\/comprasyconsejos.store\/product\/cudy-wifi-7-be6500-dual-band-router-client-and-vpn-server-6500mbps-cudy-app-and-mesh-compatible-broadcom-2ghz-quad-core-cpu-wr6500\/"},"modified":"2026-02-27T18:26:08","modified_gmt":"2026-02-27T18:26:08","slug":"cudy-wifi-7-be6500-dual-band-router-client-and-vpn-server-6500mbps-cudy-app-and-mesh-compatible-broadcom-2ghz-quad-core-cpu-wr6500","status":"publish","type":"product","link":"https:\/\/comprasyconsejos.store\/en\/product\/cudy-wifi-7-be6500-dual-band-router-client-and-vpn-server-6500mbps-cudy-app-and-mesh-compatible-broadcom-2ghz-quad-core-cpu-wr6500\/","title":{"rendered":"Cudy WiFi 7 BE6500 Dual Band Router, Client and VPN Server, 6500Mbps, Cudy App and Mesh Compatible, Broadcom 2GHz Quad-Core CPU, WR6500"},"content":{"rendered":"<p>Price: <span style=\"color:#b12704\">\u20ac103.07<\/span><br \/><i><small>(as of Feb 27, 2026 18:26:08 UTC &#8211; <span class=\"wp_automatic_amazon_disclaimer\" title=\"Product prices and availability are accurate as of the date\/time indicated and are subject to change. Any price and availability information displayed on [relevant Amazon Site(s), as applicable] at the time of purchase will apply to the purchase of this product.\">Details<\/span>)<\/small><\/i><\/p>\n<p><a href=\"https:\/\/amazon.es\/dp\/B0DR8TJSSY?tag=man008-21\"><img decoding=\"async\" src=\"https:\/\/valvepress.s3.amazonaws.com\/imgs\/buy_now.png\"><\/a><br \/>\n<\/p>\n<p>                                             From the brand   <\/p>\n<p>                                              <img decoding=\"async\" alt=\"1\" src=\"https:\/\/images-na.ssl-images-amazon.com\/images\/G\/01\/x-locale\/common\/grey-pixel.gif\" class=\"a-lazy-loaded\" data-src=\"https:\/\/m.media-amazon.com\/images\/S\/aplus-media-library-service-media\/520a7b0b-1102-40fb-b55c-0bcbe95be90b.__CR0,0,1464,625_PT0_SX1464_V1___.jpg\"><img decoding=\"async\" alt=\"1\" src=\"https:\/\/m.media-amazon.com\/images\/S\/aplus-media-library-service-media\/520a7b0b-1102-40fb-b55c-0bcbe95be90b.__CR0,0,1464,625_PT0_SX1464_V1___.jpg\">  <\/p>\n<p>                                              <img decoding=\"async\" alt=\"\" src=\"https:\/\/images-na.ssl-images-amazon.com\/images\/G\/01\/x-locale\/common\/grey-pixel.gif\" class=\"a-lazy-loaded\" data-src=\"https:\/\/m.media-amazon.com\/images\/S\/aplus-media-library-service-media\/4cb9ed8a-8d8e-4854-9bcb-82bf51fed1fd.__CR0,0,315,145_PT0_SX315_V1___.jpg\"><img decoding=\"async\" alt=\"\" src=\"https:\/\/m.media-amazon.com\/images\/S\/aplus-media-library-service-media\/4cb9ed8a-8d8e-4854-9bcb-82bf51fed1fd.__CR0,0,315,145_PT0_SX315_V1___.jpg\">  <\/p>\n<p> Cree cada d\u00eda algo \u00fanico <\/p>\n<p> Cudy suministra routers Wi-Fi, routers 4G\/5G, gateways, switches, dispositivos PoE y equipos de fibra a m\u00e1s de 80 pa\u00edses de todo el mundo. <\/p>\n<p> Cudy se compromete a ofrecer tecnolog\u00eda de comunicaci\u00f3n de alto rendimiento y f\u00e1cil uso que mejore la vida cotidiana con prop\u00f3sito y facilidad. <\/p>\n<h3> Routers Wi-Fi 7 <\/h3>\n<h3> Routers 4G\/5G <\/h3>\n<h3> AP\/4G exterior <\/h3>\n<h3> Puertos de 2,5 Gbps <\/h3>\n<p>                                              <img decoding=\"async\" alt=\"Maqueta de interfaz de la aplicaci\u00f3n Cudy que muestra varias pantallas de tel\u00e9fonos inteligentes con dise\u00f1os de men\u00fa y texto en espa\u00f1ol sobre configuraci\u00f3n y administraci\u00f3n\" src=\"https:\/\/images-na.ssl-images-amazon.com\/images\/G\/01\/x-locale\/common\/grey-pixel.gif\" class=\"a-lazy-loaded\" data-src=\"https:\/\/m.media-amazon.com\/images\/S\/aplus-media-library-service-media\/5a6d0a6d-7da6-421b-96b1-b836689b6f12.__CR0,0,362,453_PT0_SX362_V1___.jpg\"><img decoding=\"async\" alt=\"Maqueta de interfaz de la aplicaci\u00f3n Cudy que muestra varias pantallas de tel\u00e9fonos inteligentes con dise\u00f1os de men\u00fa y texto en espa\u00f1ol sobre configuraci\u00f3n y administraci\u00f3n\" src=\"https:\/\/m.media-amazon.com\/images\/S\/aplus-media-library-service-media\/5a6d0a6d-7da6-421b-96b1-b836689b6f12.__CR0,0,362,453_PT0_SX362_V1___.jpg\">  <\/p>\n<p>                                              <img decoding=\"async\" alt=\"Diagrama 3D del sistema WiFi Cudy Mesh que muestra la cobertura de la red inal\u00e1mbrica en toda la casa, con texto en espa\u00f1ol que explica la compatibilidad del dispositivo\" src=\"https:\/\/images-na.ssl-images-amazon.com\/images\/G\/01\/x-locale\/common\/grey-pixel.gif\" class=\"a-lazy-loaded\" data-src=\"https:\/\/m.media-amazon.com\/images\/S\/aplus-media-library-service-media\/e7136e15-6fb5-4a34-9f71-66df8a644185.__CR0,0,362,453_PT0_SX362_V1___.jpg\"><img decoding=\"async\" alt=\"Diagrama 3D del sistema WiFi Cudy Mesh que muestra la cobertura de la red inal\u00e1mbrica en toda la casa, con texto en espa\u00f1ol que explica la compatibilidad del dispositivo\" src=\"https:\/\/m.media-amazon.com\/images\/S\/aplus-media-library-service-media\/e7136e15-6fb5-4a34-9f71-66df8a644185.__CR0,0,362,453_PT0_SX362_V1___.jpg\">  <\/p>\n<p>                                              <img decoding=\"async\" alt=\", incluidos WireGuard y OpenVPN. Iconos para varios protocolos de VPN: IKEv2, L2TP, PPTP. Escriba el texto \u00abVPN segura\" src=\"https:\/\/images-na.ssl-images-amazon.com\/images\/G\/01\/x-locale\/common\/grey-pixel.gif\" class=\"a-lazy-loaded\" data-src=\"https:\/\/m.media-amazon.com\/images\/S\/aplus-media-library-service-media\/6638f843-beac-416e-b2dc-2aa0b705fe6a.__CR0,0,362,453_PT0_SX362_V1___.jpg\"><img decoding=\"async\" alt=\", incluidos WireGuard y OpenVPN. Iconos para varios protocolos de VPN: IKEv2, L2TP, PPTP. Escriba el texto \u00abVPN segura\" src=\"https:\/\/m.media-amazon.com\/images\/S\/aplus-media-library-service-media\/6638f843-beac-416e-b2dc-2aa0b705fe6a.__CR0,0,362,453_PT0_SX362_V1___.jpg\">  <\/p>\n<p>                                                         \u00bfEs f\u00e1cil configurar un router Cudy?                                       <\/p>\n<p> Los productos Cudy son f\u00e1ciles de configurar. Los v\u00eddeos oficiales de Cudy te gu\u00edan paso a paso durante la configuraci\u00f3n, y la mayor\u00eda de los dispositivos dom\u00e9sticos de Cudy son compatibles con la app de Cudy <\/p>\n<p>                                                         \u00bfPor qu\u00e9 necesito una conexi\u00f3n Wi-Fi m\u00e1s r\u00e1pida que mi banda ancha?                                       <\/p>\n<p> La velocidad Wi-Fi no s\u00f3lo afecta a la velocidad de transmisi\u00f3n de los datos, sino tambi\u00e9n a su alcance. Un router de mayor velocidad permite una mayor degradaci\u00f3n antes de la desconexi\u00f3n a medida que te alejas del router. <\/p>\n<p> Package Dimensions                                            \u200f                                            :                                            \u200e                                            43.1 x 32.59 x 5.89 cm; 333.5 g   <br \/> Manufacturer                                            \u200f                                            :                                            \u200e                                            Shenzhen Cudy Technology Co., Ltd.   <br \/> ASIN                                            \u200f                                            :                                            \u200e                                            B0DR8TJSSY   <br \/> Item model number                                            \u200f                                            :                                            \u200e                                            WR6500   <br \/> Country\/Region of Origin                                            \u200f                                            :                                            \u200e                                            China   <br \/> Guaranteed software updates until                                            \u200f                                            :                                            \u200e                                            unknown   <br \/>  Customer reviews:                                                                                            4.3               4.3 out of 5 stars                                  (103)                                              var dpAcrHasRegisteredArcLinkClickAction;                    P.when(&#8216;A&#8217;, &#8216;ready&#8217;).execute(function(A) {                        if (dpAcrHasRegisteredArcLinkClickAction !== true) {                            dpAcrHasRegisteredArcLinkClickAction = true;                            A.declarative(                                &#8216;acrLink-click-metrics&#8217;, &#8216;click&#8217;,                                { \u00aballowLinkDefault\u00bb: true },                                function (event) {                                    if (window.ue) {                                        ue.count(\u00abacrLinkClickCount\u00bb, (ue.count(\u00abacrLinkClickCount\u00bb) || 0) + 1);                                    }                                }                            );                        }                    });                                             P.when(&#8216;A&#8217;, &#8216;cf&#8217;).execute(function(A) {                A.declarative(&#8216;acrStarsLink-click-metrics&#8217;, &#8216;click&#8217;, { \u00aballowLinkDefault\u00bb : true },  function(event){                    if(window.ue) {                        ue.count(\u00abacrStarsLinkWithPopoverClickCount\u00bb, (ue.count(\u00abacrStarsLinkWithPopoverClickCount\u00bb) || 0) + 1);                    }                });            });                          <\/p>\n<p>Ultra-fast 7-speed WiFi up to 6.5Gbps for gaming, smooth streaming, video conferencing and entertainment.<br \/>Full gigabit ports for fast wired connections. Data is transferred in an instant. Whether at work or in life, you need such efficiency.<br \/>The latest WiFi 7 is 1.2 times faster than WiFi 6, maximizing the performance of all devices, making video conferencing, gaming and smoother.<br \/>VPN server and customer support can meet your various remote streaming needs and protect your privacy and data security to the greatest extent. It is easy to operate and highly efficient.<br \/>Control via the Cudy APP and compatibility with Cudy Mesh, allowing you to easily control it from your mobile wherever you are.<\/p>\n\n","protected":false},"excerpt":{"rendered":"<p> From the brand Cree cada d\u00eda algo \u00fanico Cudy suministra routers Wi-Fi, routers 4G\/5G, gateways,<\/p>","protected":false},"featured_media":36084,"comment_status":"open","ping_status":"closed","template":"","meta":[],"product_brand":[],"product_cat":[71],"product_tag":[4507,2080,9762,2224,2217,2124,2084,10359,10115,201,598,5502,298,2078,2079,2081,2083,2449,2082,591,2088,2085,1721,2306,543,2076,2077,10360],"class_list":{"0":"post-36083","1":"product","2":"type-product","3":"status-publish","4":"has-post-thumbnail","6":"product_cat-wifi-routers","7":"product_tag-2ghz","8":"product_tag-5ghz-router","9":"product_tag-6500mbps","10":"product_tag-app","11":"product_tag-band","12":"product_tag-be6500","13":"product_tag-best-wifi-router","14":"product_tag-broadcom","15":"product_tag-client","16":"product_tag-compatible","17":"product_tag-cpu","18":"product_tag-cudy","19":"product_tag-dual","20":"product_tag-dual-band-router","21":"product_tag-gaming-wifi-router","22":"product_tag-high-speed-router","23":"product_tag-home-wifi-router","24":"product_tag-mesh","25":"product_tag-mesh-wifi-router","26":"product_tag-quadcore","27":"product_tag-router","28":"product_tag-router-price","29":"product_tag-server","30":"product_tag-vpn","31":"product_tag-wifi","32":"product_tag-wifi-router","33":"product_tag-wireless-router","34":"product_tag-wr6500","36":"first","37":"instock","38":"shipping-taxable","39":"product-type-external"},"_links":{"self":[{"href":"https:\/\/comprasyconsejos.store\/en\/wp-json\/wp\/v2\/product\/36083","targetHints":{"allow":["GET"]}}],"collection":[{"href":"https:\/\/comprasyconsejos.store\/en\/wp-json\/wp\/v2\/product"}],"about":[{"href":"https:\/\/comprasyconsejos.store\/en\/wp-json\/wp\/v2\/types\/product"}],"replies":[{"embeddable":true,"href":"https:\/\/comprasyconsejos.store\/en\/wp-json\/wp\/v2\/comments?post=36083"}],"version-history":[{"count":0,"href":"https:\/\/comprasyconsejos.store\/en\/wp-json\/wp\/v2\/product\/36083\/revisions"}],"wp:featuredmedia":[{"embeddable":true,"href":"https:\/\/comprasyconsejos.store\/en\/wp-json\/wp\/v2\/media\/36084"}],"wp:attachment":[{"href":"https:\/\/comprasyconsejos.store\/en\/wp-json\/wp\/v2\/media?parent=36083"}],"wp:term":[{"taxonomy":"product_brand","embeddable":true,"href":"https:\/\/comprasyconsejos.store\/en\/wp-json\/wp\/v2\/product_brand?post=36083"},{"taxonomy":"product_cat","embeddable":true,"href":"https:\/\/comprasyconsejos.store\/en\/wp-json\/wp\/v2\/product_cat?post=36083"},{"taxonomy":"product_tag","embeddable":true,"href":"https:\/\/comprasyconsejos.store\/en\/wp-json\/wp\/v2\/product_tag?post=36083"}],"curies":[{"name":"wp","href":"https:\/\/api.w.org\/{rel}","templated":true}]}}