{"id":36101,"date":"2026-02-27T19:46:09","date_gmt":"2026-02-27T19:46:09","guid":{"rendered":"https:\/\/comprasyconsejos.store\/product\/xerox-b225dni-a4-34ppm-black-white-mono-wireless-laser-multifunction-printer-with-duplex-duplex-printing-copy-print-scan\/"},"modified":"2026-02-27T19:46:10","modified_gmt":"2026-02-27T19:46:10","slug":"xerox-b225dni-a4-34ppm-black-white-mono-wireless-laser-multifunction-printer-with-duplex-duplex-printing-copy-print-scan","status":"publish","type":"product","link":"https:\/\/comprasyconsejos.store\/en\/product\/xerox-b225dni-a4-34ppm-black-white-mono-wireless-laser-multifunction-printer-with-duplex-duplex-printing-copy-print-scan\/","title":{"rendered":"Xerox B225dni A4 34ppm Black &#038; White (Mono) Wireless Laser Multifunction Printer with Duplex Duplex Printing &#8211; Copy\/Print\/Scan"},"content":{"rendered":"<p>Price: <span style=\"color:#b12704\">\u20ac153.18<\/span><br \/><i><small>(as of Feb 27, 2026 19:46:09 UTC &#8211; <span class=\"wp_automatic_amazon_disclaimer\" title=\"Product prices and availability are accurate as of the date\/time indicated and are subject to change. Any price and availability information displayed on [relevant Amazon Site(s), as applicable] at the time of purchase will apply to the purchase of this product.\">Details<\/span>)<\/small><\/i><\/p>\n<p><a href=\"https:\/\/amazon.es\/dp\/B099X6BS33?tag=man008-21\"><img decoding=\"async\" src=\"https:\/\/valvepress.s3.amazonaws.com\/imgs\/buy_now.png\"><\/a><br \/>\n<\/p>\n<p>                                             From the brand   <\/p>\n<p>                                              <img decoding=\"async\" alt=\"aplus content image\" src=\"https:\/\/images-na.ssl-images-amazon.com\/images\/G\/01\/x-locale\/common\/grey-pixel.gif\" class=\"a-lazy-loaded\" data-src=\"https:\/\/m.media-amazon.com\/images\/S\/aplus-media-library-service-media\/92374dd7-689b-41e6-980c-52a3f7ef5eb0.__CR0,0,1464,625_PT0_SX1464_V1___.png\"><img decoding=\"async\" alt=\"aplus content image\" src=\"https:\/\/m.media-amazon.com\/images\/S\/aplus-media-library-service-media\/92374dd7-689b-41e6-980c-52a3f7ef5eb0.__CR0,0,1464,625_PT0_SX1464_V1___.png\">  <\/p>\n<p>                                              <img decoding=\"async\" alt=\"aplus content image\" src=\"https:\/\/images-na.ssl-images-amazon.com\/images\/G\/01\/x-locale\/common\/grey-pixel.gif\" class=\"a-lazy-loaded\" data-src=\"https:\/\/m.media-amazon.com\/images\/S\/aplus-media-library-service-media\/df0c102c-0d50-4ebb-b52d-40701db71f0c.__CR0,0,362,453_PT0_SX362_V1___.jpg\"><img decoding=\"async\" alt=\"aplus content image\" src=\"https:\/\/m.media-amazon.com\/images\/S\/aplus-media-library-service-media\/df0c102c-0d50-4ebb-b52d-40701db71f0c.__CR0,0,362,453_PT0_SX362_V1___.jpg\">  <\/p>\n<p>                                              <img decoding=\"async\" alt=\"El texto dice \u00abAplicaci\u00f3n Easy Asset de Xerox\u00bb. Dispositivo m\u00f3vil que muestra una interfaz de aplicaci\u00f3n con iconos sobre un fondo oscuro con motivos geom\u00e9tricos.\" src=\"https:\/\/images-na.ssl-images-amazon.com\/images\/G\/01\/x-locale\/common\/grey-pixel.gif\" class=\"a-lazy-loaded\" data-src=\"https:\/\/m.media-amazon.com\/images\/S\/aplus-media-library-service-media\/9427e3e1-fc4c-4a22-a135-f99d245d0a86.__CR0,0,362,453_PT0_SX362_V1___.jpg\"><img decoding=\"async\" alt=\"El texto dice \u00abAplicaci\u00f3n Easy Asset de Xerox\u00bb. Dispositivo m\u00f3vil que muestra una interfaz de aplicaci\u00f3n con iconos sobre un fondo oscuro con motivos geom\u00e9tricos.\" src=\"https:\/\/m.media-amazon.com\/images\/S\/aplus-media-library-service-media\/9427e3e1-fc4c-4a22-a135-f99d245d0a86.__CR0,0,362,453_PT0_SX362_V1___.jpg\">  <\/p>\n<p> Is discontinued by manufacturer                                            \u200f                                            :                                            \u200e                                            No   <br \/> Language                                            \u200f                                            :                                            \u200e                                            Italian   <br \/> Product Dimensions                                            \u200f                                            :                                            \u200e                                            14.17 x 16.34 x 13.86 cm; 10 kg   <br \/> Manufacturer                                            \u200f                                            :                                            \u200e                                            Xerox   <br \/> ASIN                                            \u200f                                            :                                            \u200e                                            B099X6BS33   <br \/> Item model number                                            \u200f                                            :                                            \u200e                                            B225V_DNI   <br \/> Guaranteed software updates until                                            \u200f                                            :                                            \u200e                                            unknown   <br \/>  Customer reviews:                                                                                            4.1               4.1 out of 5 stars                                  (954)                                              var dpAcrHasRegisteredArcLinkClickAction;                    P.when(&#8216;A&#8217;, &#8216;ready&#8217;).execute(function(A) {                        if (dpAcrHasRegisteredArcLinkClickAction !== true) {                            dpAcrHasRegisteredArcLinkClickAction = true;                            A.declarative(                                &#8216;acrLink-click-metrics&#8217;, &#8216;click&#8217;,                                { \u00aballowLinkDefault\u00bb: true },                                function (event) {                                    if (window.ue) {                                        ue.count(\u00abacrLinkClickCount\u00bb, (ue.count(\u00abacrLinkClickCount\u00bb) || 0) + 1);                                    }                                }                            );                        }                    });                                             P.when(&#8216;A&#8217;, &#8216;cf&#8217;).execute(function(A) {                A.declarative(&#8216;acrStarsLink-click-metrics&#8217;, &#8216;click&#8217;, { \u00aballowLinkDefault\u00bb : true },  function(event){                    if(window.ue) {                        ue.count(\u00abacrStarsLinkWithPopoverClickCount\u00bb, (ue.count(\u00abacrStarsLinkWithPopoverClickCount\u00bb) || 0) + 1);                    }                });            });                          <\/p>\n<p>WORK FROM HOME: Perfect for small teams or home offices that need technology that fits into tight spaces and is easy to set up. The Xerox B225 is perfect for homeowners looking for a wireless black and white all-in-one printer.<br \/>RELIABLE PERFORMANCE: Wireless black and white printer, with print speeds of up to 36 pages Letter per minute\/34 A4 pages per minute, automatic two-sided printing, 250-sheet paper capacity, and high-resolution image quality<br \/>CONVENIENCE AND CONNECTIVITY: Built-in Wi-Fi for Apple AirPrint, Mopria Print Service, and Chromebook. Plus, a simple installation with no local IT support required means you&#8217;ll be up and running right out of the box.<br \/>STAY SAFE: Comprehensive security features protect against growing and increasingly sophisticated cyber threats by safeguarding access and protecting sensitive data and documents.<br \/>INTUITIVE INTELLIGENCE: Simplicity drives productivity with Xerox print drivers and Xerox Print &#038; Scan experience, take the guesswork out of complex tasks like auto straightening, receipt scanning, and automatic image cropping.<\/p>\n\n","protected":false},"excerpt":{"rendered":"<p> From the brand Is discontinued by manufacturer \u200f : \u200e No Language \u200f : \u200e<\/p>","protected":false},"featured_media":36102,"comment_status":"open","ping_status":"closed","template":"","meta":[],"product_brand":[],"product_cat":[58],"product_tag":[10375,10374,1973,307,1967,1975,1968,10376,1979,1972,1971,1978,1964,1974,1589,2189,1970,1962,2276,205,226,1969,7263],"class_list":{"0":"post-36101","1":"product","2":"type-product","3":"status-publish","4":"has-post-thumbnail","6":"product_cat-laser-printers","7":"product_tag-34ppm","8":"product_tag-b225dni","9":"product_tag-best-laser-printer","10":"product_tag-black","11":"product_tag-black-and-white-laser-printer","12":"product_tag-business-laser-printer","13":"product_tag-color-laser-printer","14":"product_tag-copyprintscan","15":"product_tag-duplex","16":"product_tag-duplex-laser-printer","17":"product_tag-fast-laser-printer","18":"product_tag-laser","19":"product_tag-laser-printer","20":"product_tag-laser-printer-price","21":"product_tag-mono","22":"product_tag-multifunction","23":"product_tag-office-laser-printer","24":"product_tag-printer","25":"product_tag-printing","26":"product_tag-white","27":"product_tag-wireless","28":"product_tag-wireless-laser-printer","29":"product_tag-xerox","31":"first","32":"instock","33":"shipping-taxable","34":"product-type-external"},"_links":{"self":[{"href":"https:\/\/comprasyconsejos.store\/en\/wp-json\/wp\/v2\/product\/36101","targetHints":{"allow":["GET"]}}],"collection":[{"href":"https:\/\/comprasyconsejos.store\/en\/wp-json\/wp\/v2\/product"}],"about":[{"href":"https:\/\/comprasyconsejos.store\/en\/wp-json\/wp\/v2\/types\/product"}],"replies":[{"embeddable":true,"href":"https:\/\/comprasyconsejos.store\/en\/wp-json\/wp\/v2\/comments?post=36101"}],"version-history":[{"count":0,"href":"https:\/\/comprasyconsejos.store\/en\/wp-json\/wp\/v2\/product\/36101\/revisions"}],"wp:featuredmedia":[{"embeddable":true,"href":"https:\/\/comprasyconsejos.store\/en\/wp-json\/wp\/v2\/media\/36102"}],"wp:attachment":[{"href":"https:\/\/comprasyconsejos.store\/en\/wp-json\/wp\/v2\/media?parent=36101"}],"wp:term":[{"taxonomy":"product_brand","embeddable":true,"href":"https:\/\/comprasyconsejos.store\/en\/wp-json\/wp\/v2\/product_brand?post=36101"},{"taxonomy":"product_cat","embeddable":true,"href":"https:\/\/comprasyconsejos.store\/en\/wp-json\/wp\/v2\/product_cat?post=36101"},{"taxonomy":"product_tag","embeddable":true,"href":"https:\/\/comprasyconsejos.store\/en\/wp-json\/wp\/v2\/product_tag?post=36101"}],"curies":[{"name":"wp","href":"https:\/\/api.w.org\/{rel}","templated":true}]}}