{"id":36106,"date":"2026-02-27T19:55:29","date_gmt":"2026-02-27T19:55:29","guid":{"rendered":"https:\/\/comprasyconsejos.store\/product\/brother-mfcj6940dw-professional-multifunction-ink-printer-up-to-a3-wifi-double-tray-and-duplex-up-to-a3-in-all-functions\/"},"modified":"2026-02-27T19:55:32","modified_gmt":"2026-02-27T19:55:32","slug":"brother-mfcj6940dw-professional-multifunction-ink-printer-up-to-a3-wifi-double-tray-and-duplex-up-to-a3-in-all-functions","status":"publish","type":"product","link":"https:\/\/comprasyconsejos.store\/en\/product\/brother-mfcj6940dw-professional-multifunction-ink-printer-up-to-a3-wifi-double-tray-and-duplex-up-to-a3-in-all-functions\/","title":{"rendered":"Brother MFCJ6940DW Professional Multifunction Ink Printer up to A3 WiFi, Double Tray and Duplex up to A3 in All Functions"},"content":{"rendered":"<p>Price: <span style=\"color:#b12704\"><del>\u20ac349.00<\/del> - \u20ac339.00<\/span><br \/><i><small>(as of Feb 27, 2026 19:55:29 UTC &#8211; <span class=\"wp_automatic_amazon_disclaimer\" title=\"Product prices and availability are accurate as of the date\/time indicated and are subject to change. Any price and availability information displayed on [relevant Amazon Site(s), as applicable] at the time of purchase will apply to the purchase of this product.\">Details<\/span>)<\/small><\/i><\/p>\n<p><a href=\"https:\/\/amazon.es\/dp\/B09WRKXT57?tag=man008-21\"><img decoding=\"async\" src=\"https:\/\/valvepress.s3.amazonaws.com\/imgs\/buy_now.png\"><\/a><br \/>\n<\/p>\n<p>                                             From the brand   <\/p>\n<p>                                              <img decoding=\"async\" alt=\"Soluciones de Brother en el mercado de la impresi\u00f3n\" src=\"https:\/\/images-na.ssl-images-amazon.com\/images\/G\/01\/x-locale\/common\/grey-pixel.gif\" class=\"a-lazy-loaded\" data-src=\"https:\/\/m.media-amazon.com\/images\/S\/aplus-media-library-service-media\/8c3e9233-2530-41f5-b4aa-24e486e1d3a0.__CR0,0,1464,625_PT0_SX1464_V1___.jpg\"><img decoding=\"async\" alt=\"Soluciones de Brother en el mercado de la impresi\u00f3n\" src=\"https:\/\/m.media-amazon.com\/images\/S\/aplus-media-library-service-media\/8c3e9233-2530-41f5-b4aa-24e486e1d3a0.__CR0,0,1464,625_PT0_SX1464_V1___.jpg\">  <\/p>\n<p>                                                         \u00bfPor qu\u00e9 estamos orgullosos de lo que hacemos?                                       <\/p>\n<p> Brother Group lleva m\u00e1s de 110 a\u00f1os \u00abAt your side\u00bb. Nuestro objetivo es establecer un contacto real con clientes de todo el mundo <\/p>\n<p>                                                         \u00bfCu\u00e1l es el compromiso con el medio ambiente?                                       <\/p>\n<p> La sostenibilidad est\u00e1 arraigada en la visa ambiental de Brother. <\/p>\n<p> Estamos comprometidos a producir productos cada vez m\u00e1s sostenibles protegiendo nuestro planeta y apoyando a nuestros empleados <\/p>\n<p>                                                         \u00bfQu\u00e9 ofrece Brother?                                       <\/p>\n<p> Impresoras, equipos multifunci\u00f3n, esc\u00e1neres y etiquetadoras: la elecci\u00f3n ideal para cualquier necesidad, desde el trabajo profesional hasta las necesidades diarias de la casa <\/p>\n<p>                                              <img decoding=\"async\" alt=\"\" src=\"https:\/\/images-na.ssl-images-amazon.com\/images\/G\/01\/x-locale\/common\/grey-pixel.gif\" class=\"a-lazy-loaded\" data-src=\"https:\/\/m.media-amazon.com\/images\/S\/aplus-media-library-service-media\/146224ee-04cd-4654-983d-ef50b895359d.__CR0,136,1184,545_PT0_SX315_V1___.jpg\"><img decoding=\"async\" alt=\"\" src=\"https:\/\/m.media-amazon.com\/images\/S\/aplus-media-library-service-media\/146224ee-04cd-4654-983d-ef50b895359d.__CR0,136,1184,545_PT0_SX315_V1___.jpg\">  <\/p>\n<p> \u00abAt your side\u00bb es el centro de lo que hacemos. Desarrollamos productos, servicios y soluciones para satisfacer sus necesidades en el hogar y en el trabajo. <\/p>\n<p> Utilizamos las \u00faltimas e innovadoras tecnolog\u00edas para garantizar que todos nuestros clientes reciban productos y soluciones de alta calidad. <\/p>\n<p> Desde el dise\u00f1o hasta el uso en cada etapa del ciclo de vida del producto, el impacto ambiental se minimiza sin comprometer la calidad del producto. <\/p>\n<p> Batteries                                            \u200f                                            :                                            \u200e                                            AA batteries required.   <br \/> Is discontinued by manufacturer                                            \u200f                                            :                                            \u200e                                            No   <br \/> Language                                            \u200f                                            :                                            \u200e                                            Spanish   <br \/> Product Dimensions                                            \u200f                                            :                                            \u200e                                            47.7 x 57.6 x 37.5 cm; 23.4 kg   <br \/> Manufacturer                                            \u200f                                            :                                            \u200e                                            BROTHER   <br \/> ASIN                                            \u200f                                            :                                            \u200e                                            B09WRKXT57   <br \/> Item model number                                            \u200f                                            :                                            \u200e                                            MFCJ6940DW   <br \/> Country of origin                                            \u200f                                            :                                            \u200e                                            Philippines   <br \/> Guaranteed software updates until                                            \u200f                                            :                                            \u200e                                            unknown   <br \/>  Customer reviews:                                                                                            4.4               4.4 out of 5 stars                                  (600)                                              var dpAcrHasRegisteredArcLinkClickAction;                    P.when(&#8216;A&#8217;, &#8216;ready&#8217;).execute(function(A) {                        if (dpAcrHasRegisteredArcLinkClickAction !== true) {                            dpAcrHasRegisteredArcLinkClickAction = true;                            A.declarative(                                &#8216;acrLink-click-metrics&#8217;, &#8216;click&#8217;,                                { \u00aballowLinkDefault\u00bb: true },                                function (event) {                                    if (window.ue) {                                        ue.count(\u00abacrLinkClickCount\u00bb, (ue.count(\u00abacrLinkClickCount\u00bb) || 0) + 1);                                    }                                }                            );                        }                    });                                             P.when(&#8216;A&#8217;, &#8216;cf&#8217;).execute(function(A) {                A.declarative(&#8216;acrStarsLink-click-metrics&#8217;, &#8216;click&#8217;, { \u00aballowLinkDefault\u00bb : true },  function(event){                    if(window.ue) {                        ue.count(\u00abacrStarsLinkWithPopoverClickCount\u00bb, (ue.count(\u00abacrStarsLinkWithPopoverClickCount\u00bb) || 0) + 1);                    }                });            });                          <\/p>\n<p>Print speed 28ppm mono\/color (ISO 24734)<br \/>Printing 1st page less than 5 seconds (ISO 17629)<br \/>Automatic double sided up to A3 in all functions<br \/>Wired and wireless connectivity; compatible with mobile devices &#8211; download app: Brother Mobile Connect<br \/>3.5 inch touch screen<\/p>\n\n","protected":false},"excerpt":{"rendered":"<p> From the brand \u00bfPor qu\u00e9 estamos orgullosos de lo que hacemos? Brother Group lleva m\u00e1s<\/p>","protected":false},"featured_media":36107,"comment_status":"open","ping_status":"closed","template":"","meta":[],"product_brand":[],"product_cat":[59],"product_tag":[1946,1954,1956,3984,1979,2169,1951,1980,1953,10379,2189,1948,1950,1962,1955,1949,814,4233,543,1952,1947],"class_list":{"0":"post-36106","1":"product","2":"type-product","3":"status-publish","4":"has-post-thumbnail","6":"product_cat-printers-all-in-one","7":"product_tag-all-in-one-printer","8":"product_tag-best-all-in-one-printer","9":"product_tag-brother","10":"product_tag-double","11":"product_tag-duplex","12":"product_tag-functions","13":"product_tag-home-printer","14":"product_tag-ink","15":"product_tag-ink-tank-printer","16":"product_tag-mfcj6940dw","17":"product_tag-multifunction","18":"product_tag-multifunction-printer","19":"product_tag-office-printer","20":"product_tag-printer","21":"product_tag-printer-price","22":"product_tag-printer-scanner-copier","23":"product_tag-professional","24":"product_tag-tray","25":"product_tag-wifi","26":"product_tag-wifi-printer","27":"product_tag-wireless-printer","29":"first","30":"instock","31":"sale","32":"shipping-taxable","33":"product-type-external"},"_links":{"self":[{"href":"https:\/\/comprasyconsejos.store\/en\/wp-json\/wp\/v2\/product\/36106","targetHints":{"allow":["GET"]}}],"collection":[{"href":"https:\/\/comprasyconsejos.store\/en\/wp-json\/wp\/v2\/product"}],"about":[{"href":"https:\/\/comprasyconsejos.store\/en\/wp-json\/wp\/v2\/types\/product"}],"replies":[{"embeddable":true,"href":"https:\/\/comprasyconsejos.store\/en\/wp-json\/wp\/v2\/comments?post=36106"}],"version-history":[{"count":0,"href":"https:\/\/comprasyconsejos.store\/en\/wp-json\/wp\/v2\/product\/36106\/revisions"}],"wp:featuredmedia":[{"embeddable":true,"href":"https:\/\/comprasyconsejos.store\/en\/wp-json\/wp\/v2\/media\/36107"}],"wp:attachment":[{"href":"https:\/\/comprasyconsejos.store\/en\/wp-json\/wp\/v2\/media?parent=36106"}],"wp:term":[{"taxonomy":"product_brand","embeddable":true,"href":"https:\/\/comprasyconsejos.store\/en\/wp-json\/wp\/v2\/product_brand?post=36106"},{"taxonomy":"product_cat","embeddable":true,"href":"https:\/\/comprasyconsejos.store\/en\/wp-json\/wp\/v2\/product_cat?post=36106"},{"taxonomy":"product_tag","embeddable":true,"href":"https:\/\/comprasyconsejos.store\/en\/wp-json\/wp\/v2\/product_tag?post=36106"}],"curies":[{"name":"wp","href":"https:\/\/api.w.org\/{rel}","templated":true}]}}