{"id":36121,"date":"2026-02-27T20:41:05","date_gmt":"2026-02-27T20:41:05","guid":{"rendered":"https:\/\/comprasyconsejos.store\/product\/toneof-173-cm-tripod-for-mobile-magnetic-selfie-stick-aluminium-magnetic-holder-360-rotatable-tripod-tripods-retractable-travel-tripod-with-metal-ring-control-for-phones-black\/"},"modified":"2026-02-27T20:41:07","modified_gmt":"2026-02-27T20:41:07","slug":"toneof-173-cm-tripod-for-mobile-magnetic-selfie-stick-aluminium-magnetic-holder-360-rotatable-tripod-tripods-retractable-travel-tripod-with-metal-ring-control-for-phones-black","status":"publish","type":"product","link":"https:\/\/comprasyconsejos.store\/en\/product\/toneof-173-cm-tripod-for-mobile-magnetic-selfie-stick-aluminium-magnetic-holder-360-rotatable-tripod-tripods-retractable-travel-tripod-with-metal-ring-control-for-phones-black\/","title":{"rendered":"TONEOF 173 cm Tripod for Mobile Magnetic Selfie Stick, Aluminium Magnetic Holder &#038; 360\u00b0 Rotatable Tripod Tripods, Retractable Travel Tripod with Metal Ring &#038; Control, for Phones &#8211; Black"},"content":{"rendered":"<p>Price: <span style=\"color:#b12704\"><del>\u20ac34.99<\/del> - \u20ac29.99<\/span><br \/><i><small>(as of Feb 27, 2026 20:41:05 UTC &#8211; <span class=\"wp_automatic_amazon_disclaimer\" title=\"Product prices and availability are accurate as of the date\/time indicated and are subject to change. Any price and availability information displayed on [relevant Amazon Site(s), as applicable] at the time of purchase will apply to the purchase of this product.\">Details<\/span>)<\/small><\/i><\/p>\n<p><a href=\"https:\/\/amazon.es\/dp\/B0F21QKCHB?tag=man008-21\"><img decoding=\"async\" src=\"https:\/\/valvepress.s3.amazonaws.com\/imgs\/buy_now.png\"><\/a><br \/>\n<\/p>\n<p>                                             Product Description   <\/p>\n<p>The video showcases the product in use.The video guides you through product setup.The video compares multiple products.The video shows the product being unpacked. TONEOF 173cm Tr\u00edpode Magn\u00e9tico para Palo Selfie Merchant video<\/p>\n<p>                                                                                                       <img decoding=\"async\" alt=\"aplus content image\" src=\"https:\/\/images-na.ssl-images-amazon.com\/images\/G\/01\/x-locale\/common\/grey-pixel.gif\" class=\"a-lazy-loaded\" data-src=\"https:\/\/m.media-amazon.com\/images\/S\/aplus-media-library-service-media\/eed1ce13-bd70-4a0d-81d9-049c1d0c49c0.__CR0,0,1464,600_PT0_SX1464_V1___.jpg\"><img decoding=\"async\" alt=\"aplus content image\" src=\"https:\/\/m.media-amazon.com\/images\/S\/aplus-media-library-service-media\/eed1ce13-bd70-4a0d-81d9-049c1d0c49c0.__CR0,0,1464,600_PT0_SX1464_V1___.jpg\">                                               <\/p>\n<p>                                                                                  <img decoding=\"async\" alt=\"El texto dice \u00abPara tel\u00e9fonos sin MagSafe\u00bb. Ilustraci\u00f3n t\u00e9cnica que muestra diagramas de compatibilidad magn\u00e9tica con s\u00edmbolos de advertencia e instrucciones de alineaci\u00f3n del dispositivo.\" src=\"https:\/\/m.media-amazon.com\/images\/S\/aplus-media-library-service-media\/4355cd12-9c8e-49f7-8dbf-e2e7d5a0be4d.__CR0,0,1464,600_PT0_SX1464_V1___.jpg\">       <\/p>\n<p>                                                                                  <img decoding=\"async\" alt=\"aplus content image\" src=\"https:\/\/m.media-amazon.com\/images\/S\/aplus-media-library-service-media\/22972085-f728-4593-9bbc-b3ae2dd4866f.__CR0,0,1464,600_PT0_SX1464_V1___.jpg\">       <\/p>\n<p>                                                                                  <img decoding=\"async\" alt=\"aplus content image\" src=\"https:\/\/m.media-amazon.com\/images\/S\/aplus-media-library-service-media\/e40da29e-17ec-4514-a9c7-bf3932e69349.__CR0,0,1464,600_PT0_SX1464_V1___.jpg\">       <\/p>\n<p>                                                                                  <img decoding=\"async\" alt=\"El texto dice \u00abESCENARIOS APLICABLES\u00bb. La imagen del producto muestra elementos de construcci\u00f3n de aleaci\u00f3n de aluminio. Especificaciones t\u00e9cnicas detalladas y componentes met\u00e1licos visibles.\" src=\"https:\/\/m.media-amazon.com\/images\/S\/aplus-media-library-service-media\/1ed860b6-efab-41da-8965-8067d5724f19.__CR0,0,1464,600_PT0_SX1464_V1___.jpg\">       <\/p>\n<p>                                                                                  <img decoding=\"async\" alt=\"aplus content image\" src=\"https:\/\/m.media-amazon.com\/images\/S\/aplus-media-library-service-media\/5662fcbe-b3f9-4330-ae53-67f66a50c1c5.__CR0,0,1464,600_PT0_SX1464_V1___.jpg\">       <\/p>\n<p>                                                                                                       <img decoding=\"async\" alt=\"aplus content image\" src=\"https:\/\/images-na.ssl-images-amazon.com\/images\/G\/01\/x-locale\/common\/grey-pixel.gif\" class=\"a-lazy-loaded\" data-src=\"https:\/\/m.media-amazon.com\/images\/S\/aplus-media-library-service-media\/8c11aebe-8d0a-482d-91a1-f2e0c7cc4b5e.__CR0,0,1464,600_PT0_SX1464_V1___.jpg\"><img decoding=\"async\" alt=\"aplus content image\" src=\"https:\/\/m.media-amazon.com\/images\/S\/aplus-media-library-service-media\/8c11aebe-8d0a-482d-91a1-f2e0c7cc4b5e.__CR0,0,1464,600_PT0_SX1464_V1___.jpg\">                                               <\/p>\n<p>                                                                                  <img decoding=\"async\" alt=\"Una persona con un equipo de esqu\u00ed azul que utiliza un soporte de c\u00e1mara con una fuerte conexi\u00f3n magn\u00e9tica, se mostr\u00f3 en un entorno monta\u00f1oso nevado.\" src=\"https:\/\/m.media-amazon.com\/images\/S\/aplus-media-library-service-media\/2374357c-ee6f-4fb0-9093-fb9f978944f4.__CR0,0,1464,600_PT0_SX1464_V1___.jpg\">       <\/p>\n<p>                                                                                  <img decoding=\"async\" alt=\"aplus content image\" src=\"https:\/\/m.media-amazon.com\/images\/S\/aplus-media-library-service-media\/310e0720-852e-413b-a3c7-849c33aa717b.__CR0,0,1464,600_PT0_SX1464_V1___.jpg\">       <\/p>\n<p>                                                                                  <img decoding=\"async\" alt=\"aplus content image\" src=\"https:\/\/m.media-amazon.com\/images\/S\/aplus-media-library-service-media\/efd246f5-b0b5-4e4d-9b3b-057162bc60a9.__CR0,0,1464,600_PT0_SX1464_V1___.jpg\">       <\/p>\n<p>                                                                                  <img decoding=\"async\" alt=\"aplus content image\" src=\"https:\/\/m.media-amazon.com\/images\/S\/aplus-media-library-service-media\/affdb36d-d43a-425c-a705-b9398e130925.__CR0,0,1464,600_PT0_SX1464_V1___.jpg\">       <\/p>\n<p> Batteries                                            \u200f                                            :                                            \u200e                                            1 Lithium Ion batteries required. (included)   <br \/> Package Dimensions                                            \u200f                                            :                                            \u200e                                            29.9 x 9.1 x 5.4 cm; 320 g   <br \/> Date First Available                                            \u200f                                            :                                            \u200e                                            15 Jun. 2025   <br \/> Manufacturer                                            \u200f                                            :                                            \u200e                                            TONEOF   <br \/> ASIN                                            \u200f                                            :                                            \u200e                                            B0F21QKCHB   <br \/> Item model number                                            \u200f                                            :                                            \u200e                                            CX609   <br \/> Country of origin                                            \u200f                                            :                                            \u200e                                            China   <br \/> Guaranteed software updates until                                            \u200f                                            :                                            \u200e                                            unknown   <br \/>       Best Sellers Rank:  568 in Electronics (See Top 100 in Electronics)    1 in Tripod Heads      <br \/>  Customer reviews:                                                                                            4.6               4.6 out of 5 stars                                  (8,653)                                              var dpAcrHasRegisteredArcLinkClickAction;                    P.when(&#8216;A&#8217;, &#8216;ready&#8217;).execute(function(A) {                        if (dpAcrHasRegisteredArcLinkClickAction !== true) {                            dpAcrHasRegisteredArcLinkClickAction = true;                            A.declarative(                                &#8216;acrLink-click-metrics&#8217;, &#8216;click&#8217;,                                { \u00aballowLinkDefault\u00bb: true },                                function (event) {                                    if (window.ue) {                                        ue.count(\u00abacrLinkClickCount\u00bb, (ue.count(\u00abacrLinkClickCount\u00bb) || 0) + 1);                                    }                                }                            );                        }                    });                                             P.when(&#8216;A&#8217;, &#8216;cf&#8217;).execute(function(A) {                A.declarative(&#8216;acrStarsLink-click-metrics&#8217;, &#8216;click&#8217;, { \u00aballowLinkDefault\u00bb : true },  function(event){                    if(window.ue) {                        ue.count(\u00abacrStarsLinkWithPopoverClickCount\u00bb, (ue.count(\u00abacrStarsLinkWithPopoverClickCount\u00bb) || 0) + 1);                    }                });            });                          <\/p>\n<p>MAGNETIC &#038; ALUMINUM PHONE HOLDER: This phone holder is made of aluminum and is compatible with MagSafe. Allows you to easily connect MagSafe compatible devices. Quick installation and removal are more convenient and stable than conventional spring clamps. The Tripod phone mount features a powerful magnet for a stable and secure hold.<br \/>Maximum height 68 inches: with 8 section aluminum alloy telescopic rods, this iPhone tripod extends from 11 inches to 68 inches, offering stability and versatility for various photography scenarios. Whether you&#8217;re taking group photos, recording vlogs or videos, the adjustable height ensures you get the perfect framing every time.<br \/>360\u00b0 FREE ROTATION: The magnetic selfie stick holder allows 360\u00b0 horizontal rotation and 210\u00b0 vertical tilt. This gives you full control over the position of your phone. This flexibility allows you to capture photos and videos from any angle, whether it&#8217;s landscapes, portraits, or dynamic action photos.<br \/>Built-in Remote Control &#038; Rechargeable: The tripod selfie stick for phone features a built-in wireless remote control, detachable and with charging function. This remote allows you to take photos or start or stop remote video recording, ideal for solo travelers, content creators and anyone wanting to work hands-free.<br \/>All-in-One Portable Design: This compact device combines a tripod for your phone, a selfie stick and a magnetic holder, making it especially portable and practical. The portable tripod weighs only 320g and folds to just 27.7cm, making it easy to carry in your purse or backpack, whether traveling, hiking or city walks.<br \/>Wide Compatibility&#038;Metal Ring: The MagSafe phone holder is compatible with iPhones of series 12\/13\/14\/15\/16\/17 and above (all phones with magnetic suction). For non-magnetic devices, the included metal ring can be attached to the phone, allowing it to work perfectly with the magnetic holder. This ensures wide compatibility with a variety of smartphones and makes it a versatile tool for all users.<\/p>\n\n","protected":false},"excerpt":{"rendered":"<p> Product Description The video showcases the product in use.The video guides you through product setup.The<\/p>","protected":false},"featured_media":36122,"comment_status":"open","ping_status":"closed","template":"","meta":[],"product_brand":[],"product_cat":[96],"product_tag":[1858,2199,307,1859,1861,1124,1854,1855,1566,238,2343,1856,1275,392,1863,1860,479,3818,5488,2513,2131,10383,240,2511,1862,1857],"class_list":{"0":"post-36121","1":"product","2":"type-product","3":"status-publish","4":"has-post-thumbnail","6":"product_cat-photo-video","7":"product_tag-action-cameras","8":"product_tag-aluminium","9":"product_tag-black","10":"product_tag-camera-accessories","11":"product_tag-camera-lenses","12":"product_tag-control","13":"product_tag-digital-cameras","14":"product_tag-dslr-cameras","15":"product_tag-holder","16":"product_tag-magnetic","17":"product_tag-metal","18":"product_tag-mirrorless-cameras","19":"product_tag-mobile","20":"product_tag-phones","21":"product_tag-photo-equipment","22":"product_tag-professional-camera","23":"product_tag-retractable","24":"product_tag-ring","25":"product_tag-rotatable","26":"product_tag-selfie","27":"product_tag-stick","28":"product_tag-toneof","29":"product_tag-travel","30":"product_tag-tripod","31":"product_tag-tripods","32":"product_tag-video-cameras","34":"first","35":"instock","36":"sale","37":"shipping-taxable","38":"product-type-external"},"_links":{"self":[{"href":"https:\/\/comprasyconsejos.store\/en\/wp-json\/wp\/v2\/product\/36121","targetHints":{"allow":["GET"]}}],"collection":[{"href":"https:\/\/comprasyconsejos.store\/en\/wp-json\/wp\/v2\/product"}],"about":[{"href":"https:\/\/comprasyconsejos.store\/en\/wp-json\/wp\/v2\/types\/product"}],"replies":[{"embeddable":true,"href":"https:\/\/comprasyconsejos.store\/en\/wp-json\/wp\/v2\/comments?post=36121"}],"version-history":[{"count":0,"href":"https:\/\/comprasyconsejos.store\/en\/wp-json\/wp\/v2\/product\/36121\/revisions"}],"wp:featuredmedia":[{"embeddable":true,"href":"https:\/\/comprasyconsejos.store\/en\/wp-json\/wp\/v2\/media\/36122"}],"wp:attachment":[{"href":"https:\/\/comprasyconsejos.store\/en\/wp-json\/wp\/v2\/media?parent=36121"}],"wp:term":[{"taxonomy":"product_brand","embeddable":true,"href":"https:\/\/comprasyconsejos.store\/en\/wp-json\/wp\/v2\/product_brand?post=36121"},{"taxonomy":"product_cat","embeddable":true,"href":"https:\/\/comprasyconsejos.store\/en\/wp-json\/wp\/v2\/product_cat?post=36121"},{"taxonomy":"product_tag","embeddable":true,"href":"https:\/\/comprasyconsejos.store\/en\/wp-json\/wp\/v2\/product_tag?post=36121"}],"curies":[{"name":"wp","href":"https:\/\/api.w.org\/{rel}","templated":true}]}}