{"id":36127,"date":"2026-02-27T21:14:43","date_gmt":"2026-02-27T21:14:43","guid":{"rendered":"https:\/\/comprasyconsejos.store\/product\/xiaomi-redmi-note-14-5g-8256gb-smartphone-6-67-amoled-fhd-120hz-display-mediatek-dimensity-7025-ultra-108mp-camera-5110mah-charger-not-included-black-es-version\/"},"modified":"2026-02-27T21:14:48","modified_gmt":"2026-02-27T21:14:48","slug":"xiaomi-redmi-note-14-5g-8256gb-smartphone-6-67-amoled-fhd-120hz-display-mediatek-dimensity-7025-ultra-108mp-camera-5110mah-charger-not-included-black-es-version","status":"publish","type":"product","link":"https:\/\/comprasyconsejos.store\/en\/product\/xiaomi-redmi-note-14-5g-8256gb-smartphone-6-67-amoled-fhd-120hz-display-mediatek-dimensity-7025-ultra-108mp-camera-5110mah-charger-not-included-black-es-version\/","title":{"rendered":"XIAOMI Redmi Note 14 5G &#8211; 8+256GB Smartphone, 6.67&#8243; AMOLED FHD+ 120Hz Display, MediaTek Dimensity 7025-Ultra, 108MP Camera, 5110mAh, Charger Not Included, Black (ES Version)"},"content":{"rendered":"<p>Price: <span style=\"color:#b12704\">\u20ac199.99<\/span><br \/><i><small>(as of Feb 27, 2026 21:14:43 UTC &#8211; <span class=\"wp_automatic_amazon_disclaimer\" title=\"Product prices and availability are accurate as of the date\/time indicated and are subject to change. Any price and availability information displayed on [relevant Amazon Site(s), as applicable] at the time of purchase will apply to the purchase of this product.\">Details<\/span>)<\/small><\/i><\/p>\n<p><a href=\"https:\/\/amazon.es\/dp\/B0DKP645L3?tag=man008-21\"><img decoding=\"async\" src=\"https:\/\/valvepress.s3.amazonaws.com\/imgs\/buy_now.png\"><\/a><br \/>\n<\/p>\n<p>                                             From the brand   <\/p>\n<p>                                              <img decoding=\"async\" alt=\"El texto dice \u00abImagen 3\u00bb, \u00abSerie REDMI Note 16\u00bb. Varias vistas de un smartphone de color oscuro, que muestran diferentes \u00e1ngulos del dispositivo.\" src=\"https:\/\/images-na.ssl-images-amazon.com\/images\/G\/01\/x-locale\/common\/grey-pixel.gif\" class=\"a-lazy-loaded\" data-src=\"https:\/\/m.media-amazon.com\/images\/S\/aplus-media-library-service-media\/0c545ed7-5132-44f3-be57-1ba5c4478a37.__CR0,0,1464,625_PT0_SX1464_V1___.jpg\"><img decoding=\"async\" alt=\"El texto dice \u00abImagen 3\u00bb, \u00abSerie REDMI Note 16\u00bb. Varias vistas de un smartphone de color oscuro, que muestran diferentes \u00e1ngulos del dispositivo.\" src=\"https:\/\/m.media-amazon.com\/images\/S\/aplus-media-library-service-media\/0c545ed7-5132-44f3-be57-1ba5c4478a37.__CR0,0,1464,625_PT0_SX1464_V1___.jpg\">  <\/p>\n<h3> REDMI Note 15 Series <\/h3>\n<p class=\"apm-brand-story-stores-link\">\n<p>                                              <img decoding=\"async\" alt=\"El texto dice \u00abSi\u00e9ntete como un tit\u00e1n\u00bb. Persona acostada boca abajo mirando un dispositivo m\u00f3vil en una habitaci\u00f3n con poca luz y una iluminaci\u00f3n ambiental c\u00e1lida.\" src=\"https:\/\/images-na.ssl-images-amazon.com\/images\/G\/01\/x-locale\/common\/grey-pixel.gif\" class=\"a-lazy-loaded\" data-src=\"https:\/\/m.media-amazon.com\/images\/S\/aplus-media-library-service-media\/3e5f0249-a7d0-4f88-9760-9edd1765e2e6.__CR0,0,362,453_PT0_SX362_V1___.jpg\"><img decoding=\"async\" alt=\"El texto dice \u00abSi\u00e9ntete como un tit\u00e1n\u00bb. Persona acostada boca abajo mirando un dispositivo m\u00f3vil en una habitaci\u00f3n con poca luz y una iluminaci\u00f3n ambiental c\u00e1lida.\" src=\"https:\/\/m.media-amazon.com\/images\/S\/aplus-media-library-service-media\/3e5f0249-a7d0-4f88-9760-9edd1765e2e6.__CR0,0,362,453_PT0_SX362_V1___.jpg\">  <\/p>\n<h3> POCO M8 Series <\/h3>\n<p class=\"apm-brand-story-stores-link\">\n<p>                                              <img decoding=\"async\" alt=\"El texto dice \u00abPOCO M3 Pro\u00bb y \u00abAll power\u00bb. Todos juegan. Se muestra el smartphone con un cable de carga amarillo sobre un fondo oscuro.\" src=\"https:\/\/images-na.ssl-images-amazon.com\/images\/G\/01\/x-locale\/common\/grey-pixel.gif\" class=\"a-lazy-loaded\" data-src=\"https:\/\/m.media-amazon.com\/images\/S\/aplus-media-library-service-media\/a1fbf0a3-e2bb-4cf3-9ca3-387ed456bb3b.__CR0,0,362,453_PT0_SX362_V1___.jpg\"><img decoding=\"async\" alt=\"El texto dice \u00abPOCO M3 Pro\u00bb y \u00abAll power\u00bb. Todos juegan. Se muestra el smartphone con un cable de carga amarillo sobre un fondo oscuro.\" src=\"https:\/\/m.media-amazon.com\/images\/S\/aplus-media-library-service-media\/a1fbf0a3-e2bb-4cf3-9ca3-387ed456bb3b.__CR0,0,362,453_PT0_SX362_V1___.jpg\">  <\/p>\n<p>                                              <img decoding=\"async\" alt=\"\" src=\"https:\/\/images-na.ssl-images-amazon.com\/images\/G\/01\/x-locale\/common\/grey-pixel.gif\" class=\"a-lazy-loaded\" data-src=\"https:\/\/m.media-amazon.com\/images\/S\/aplus-media-library-service-media\/e15e46bd-7821-4bcc-9d4a-f899b86cc79f.__CR0,0,362,453_PT0_SX362_V1___.png\"><img decoding=\"async\" alt=\"\" src=\"https:\/\/m.media-amazon.com\/images\/S\/aplus-media-library-service-media\/e15e46bd-7821-4bcc-9d4a-f899b86cc79f.__CR0,0,362,453_PT0_SX362_V1___.png\">  <\/p>\n<h3> REDMI Pad <\/h3>\n<h3> REDMI PAD <\/h3>\n<p class=\"apm-brand-story-stores-link\">\n<p> Batteries                                            \u200f                                            :                                            \u200e                                            1 A batteries required. (included)   <br \/> Language                                            \u200f                                            :                                            \u200e                                            English   <br \/> Package Dimensions                                            \u200f                                            :                                            \u200e                                            18.1 x 9.3 x 4.1 cm; 380 g   <br \/> Date First Available                                            \u200f                                            :                                            \u200e                                            15 Jan. 2025   <br \/> Manufacturer                                            \u200f                                            :                                            \u200e                                            Xiaomi   <br \/> ASIN                                            \u200f                                            :                                            \u200e                                            B0DKP645L3   <br \/> Item model number                                            \u200f                                            :                                            \u200e                                            Note 14 5G   <br \/> Country of origin                                            \u200f                                            :                                            \u200e                                            China   <br \/>       Best Sellers Rank:  196 in Electronics (See Top 100 in Electronics)    24 in SIM-Free &#038; Unlocked Mobile Phones      <br \/>  Customer reviews:                                                                                            4.4               4.4 out of 5 stars                                  (3,595)                                              var dpAcrHasRegisteredArcLinkClickAction;                    P.when(&#8216;A&#8217;, &#8216;ready&#8217;).execute(function(A) {                        if (dpAcrHasRegisteredArcLinkClickAction !== true) {                            dpAcrHasRegisteredArcLinkClickAction = true;                            A.declarative(                                &#8216;acrLink-click-metrics&#8217;, &#8216;click&#8217;,                                { \u00aballowLinkDefault\u00bb: true },                                function (event) {                                    if (window.ue) {                                        ue.count(\u00abacrLinkClickCount\u00bb, (ue.count(\u00abacrLinkClickCount\u00bb) || 0) + 1);                                    }                                }                            );                        }                    });                                             P.when(&#8216;A&#8217;, &#8216;cf&#8217;).execute(function(A) {                A.declarative(&#8216;acrStarsLink-click-metrics&#8217;, &#8216;click&#8217;, { \u00aballowLinkDefault\u00bb : true },  function(event){                    if(window.ue) {                        ue.count(\u00abacrStarsLinkWithPopoverClickCount\u00bb, (ue.count(\u00abacrStarsLinkWithPopoverClickCount\u00bb) || 0) + 1);                    }                });            });                          <\/p>\n<p>An Unsurpassed Visual Experience. Enjoy an unparalleled visual experience with the Redmi Note 14 5G&#8217;s 6.67-inch AMOLED display. With an FHD+ resolution (2400 x 1080 px) and a pixel density of 394 ppi, every detail will look sharp and vibrant<br \/>Its refresh rate of up to 120Hz ensures smooth navigation and an immersive experience when gaming or watching your favorite series. SGS Eye Care certification and TUV Rheinland Low Blue Light and Flicker Free technologies protect your eyes, even during long sessions of use. And with a maximum brightness of 2100 nits, visibility is guaranteed even in direct sunlight<br \/>Professional level photos and videos. Redmi Note 14 5G is equipped with a 108MP AI main camera that redefines mobile photography. Thanks to its advanced sensor, f\/1.59 aperture and optical image stabilization (OIS), your photos will be detailed and bright even in low-light conditions. Built-in AI automatically enhances your shots, optimizing portraits, landscapes and night shots with just one click<br \/>Maximum power and efficiency. Powered by the MediaTek Dimensity 7025-Ultra processor, the Redmi Note 14 5G combines power and efficiency. With a manufacturing process of 6nm and up to 8 cores (2 Cortex-A78 at 2.5 GHz and 6 Cortex-A55 at 2.0 GHz), this device is designed to handle demanding tasks from gaming to multitasking, effortlessly<br \/>Energy that lasts all day. Forget about worrying about the battery. The Redmi Note 14 5G features a capacity of 5110 mAh, which ensures you enough power for the whole day. Plus, thanks to 45W TurboCharge technology, you&#8217;ll be able to charge your device quickly, saving time for what really matters<\/p>\n\n","protected":false},"excerpt":{"rendered":"<p> From the brand REDMI Note 15 Series POCO M8 Series REDMI Pad REDMI PAD Batteries<\/p>","protected":false},"featured_media":36128,"comment_status":"open","ping_status":"closed","template":"","meta":[],"product_brand":[],"product_cat":[100],"product_tag":[5985,1634,10387,1890,10386,5233,2227,1891,1896,307,1893,681,152,5775,561,639,415,1892,1889,5462,1888,253,5677,1897,1894,1895,1588,724,5338],"class_list":{"0":"post-36127","1":"product","2":"type-product","3":"status-publish","4":"has-post-thumbnail","6":"product_cat-smartphones","7":"product_tag-108mp","8":"product_tag-120hz","9":"product_tag-5110mah","10":"product_tag-5g-smartphones","11":"product_tag-7025ultra","12":"product_tag-8256gb","13":"product_tag-amoled","14":"product_tag-android-phones","15":"product_tag-best-smartphones","16":"product_tag-black","17":"product_tag-budget-smartphones","18":"product_tag-camera","19":"product_tag-charger","20":"product_tag-dimensity","21":"product_tag-display","22":"product_tag-fhd","23":"product_tag-included","24":"product_tag-iphone-smartphones","25":"product_tag-latest-smartphones","26":"product_tag-mediatek","27":"product_tag-mobile-phones","28":"product_tag-note","29":"product_tag-redmi","30":"product_tag-smartphone","31":"product_tag-smartphone-deals","32":"product_tag-smartphone-price","33":"product_tag-smartphones","34":"product_tag-version","35":"product_tag-xiaomi","37":"first","38":"instock","39":"shipping-taxable","40":"product-type-external"},"_links":{"self":[{"href":"https:\/\/comprasyconsejos.store\/en\/wp-json\/wp\/v2\/product\/36127","targetHints":{"allow":["GET"]}}],"collection":[{"href":"https:\/\/comprasyconsejos.store\/en\/wp-json\/wp\/v2\/product"}],"about":[{"href":"https:\/\/comprasyconsejos.store\/en\/wp-json\/wp\/v2\/types\/product"}],"replies":[{"embeddable":true,"href":"https:\/\/comprasyconsejos.store\/en\/wp-json\/wp\/v2\/comments?post=36127"}],"version-history":[{"count":0,"href":"https:\/\/comprasyconsejos.store\/en\/wp-json\/wp\/v2\/product\/36127\/revisions"}],"wp:featuredmedia":[{"embeddable":true,"href":"https:\/\/comprasyconsejos.store\/en\/wp-json\/wp\/v2\/media\/36128"}],"wp:attachment":[{"href":"https:\/\/comprasyconsejos.store\/en\/wp-json\/wp\/v2\/media?parent=36127"}],"wp:term":[{"taxonomy":"product_brand","embeddable":true,"href":"https:\/\/comprasyconsejos.store\/en\/wp-json\/wp\/v2\/product_brand?post=36127"},{"taxonomy":"product_cat","embeddable":true,"href":"https:\/\/comprasyconsejos.store\/en\/wp-json\/wp\/v2\/product_cat?post=36127"},{"taxonomy":"product_tag","embeddable":true,"href":"https:\/\/comprasyconsejos.store\/en\/wp-json\/wp\/v2\/product_tag?post=36127"}],"curies":[{"name":"wp","href":"https:\/\/api.w.org\/{rel}","templated":true}]}}