{"id":36130,"date":"2026-02-27T21:16:41","date_gmt":"2026-02-27T21:16:41","guid":{"rendered":"https:\/\/comprasyconsejos.store\/product\/wd-red-plus-2tb-nas-internal-hard-drive-3-5-5400-rpm-sata-6-gb-s-cmr-64mb-cache\/"},"modified":"2026-02-27T21:16:42","modified_gmt":"2026-02-27T21:16:42","slug":"wd-red-plus-2tb-nas-internal-hard-drive-3-5-5400-rpm-sata-6-gb-s-cmr-64mb-cache","status":"publish","type":"product","link":"https:\/\/comprasyconsejos.store\/en\/product\/wd-red-plus-2tb-nas-internal-hard-drive-3-5-5400-rpm-sata-6-gb-s-cmr-64mb-cache\/","title":{"rendered":"WD Red Plus 2TB NAS Internal Hard Drive 3.5&#8243; &#8211; 5400 RPM, SATA 6 GB\/s, CMR, 64MB Cache"},"content":{"rendered":"<p>Price: <span style=\"color:#b12704\">\u20ac176.00<\/span><br \/><i><small>(as of Feb 27, 2026 21:16:41 UTC &#8211; <span class=\"wp_automatic_amazon_disclaimer\" title=\"Product prices and availability are accurate as of the date\/time indicated and are subject to change. Any price and availability information displayed on [relevant Amazon Site(s), as applicable] at the time of purchase will apply to the purchase of this product.\">Details<\/span>)<\/small><\/i><\/p>\n<p><a href=\"https:\/\/amazon.es\/dp\/B0DR8W8ZWF?tag=man008-21\"><img decoding=\"async\" src=\"https:\/\/valvepress.s3.amazonaws.com\/imgs\/buy_now.png\"><\/a><br \/>\n<\/p>\n<p>                                             From the manufacturer   <\/p>\n<p>                                                      <img decoding=\"async\" alt=\"WD Red Plus\" src=\"https:\/\/images-na.ssl-images-amazon.com\/images\/G\/01\/x-locale\/common\/grey-pixel.gif\" class=\"a-spacing-mini a-lazy-loaded\" data-src=\"https:\/\/m.media-amazon.com\/images\/S\/aplus-media-library-service-media\/c7b8bf54-7a8a-4508-b597-6075f66e1c59.__CR0,0,3000,3000_PT0_SX300_V1___.jpg\"><img decoding=\"async\" alt=\"WD Red Plus\" src=\"https:\/\/m.media-amazon.com\/images\/S\/aplus-media-library-service-media\/c7b8bf54-7a8a-4508-b597-6075f66e1c59.__CR0,0,3000,3000_PT0_SX300_V1___.jpg\">  <\/p>\n<h3 class=\"a-spacing-mini\"> WD Red Plus <\/h3>\n<p>                                           Domina las situaciones m\u00e1s intensas con WD Red Plus                                     <\/p>\n<p class=\"a-spacing-base\"> Los discos WD Red Plus tienen la potencia suficiente para usarse en entornos NAS, desde oficinas dom\u00e9sticas hasta empresas medianas, y son ideales para ayudar a proteger, archivar y compartir datos importantes en sistemas NAS con hasta 8 compartimentos. Los discos WD Red Plus NAS te ofrecen la flexibilidad, la versatilidad, y la confianza que necesitas para tus archivos dom\u00e9sticos y de trabajo m\u00e1s importantes. <\/p>\n<p>                                                         Caracter\u00edsticas destacadas del producto                                        Disponibles en capacidades de entre 1 y 14 TB1 y compatibles con sistemas NAS hasta 8 compartimentos       Admiten una carga de trabajo de hasta 180 TB\/a\u00f1o2       Firmware NASware que asegura la compatibilidad       Creados para sistemas NAS de peque\u00f1as o medianas empresas en entornos de funcionamiento las 24 x 7       3 a\u00f1os de gar-ant\u00eda limitada3       <\/p>\n<p class=\"apm-text-center\">\n                                                      <img decoding=\"async\" alt=\"WD Red Plus\" src=\"https:\/\/images-na.ssl-images-amazon.com\/images\/G\/01\/x-locale\/common\/grey-pixel.gif\" class=\"a-spacing-mini a-lazy-loaded\" data-src=\"https:\/\/m.media-amazon.com\/images\/S\/aplus-media-library-service-media\/c59db08f-3680-4fc7-8c06-6f5336fdef2f.__CR0,0,3000,3000_PT0_SX300_V1___.jpg\"><img decoding=\"async\" alt=\"WD Red Plus\" src=\"https:\/\/m.media-amazon.com\/images\/S\/aplus-media-library-service-media\/c59db08f-3680-4fc7-8c06-6f5336fdef2f.__CR0,0,3000,3000_PT0_SX300_V1___.jpg\">  <\/p>\n<p>                                                    M\u00e1ximo rendimiento en entornos que funcionan las 24 horas, los 7 d\u00edas de la semana                                       <\/p>\n<p> Puesto que un sistema NAS est\u00e1 siempre en funcionamiento, es esencial elegir un disco fiable. Gracias a que ofrece un MTBF de hasta 1 mill\u00f3n de horas4, WD Red Plus est\u00e1 dise\u00f1ado para entornos que funcionan las 24 horas, todos los d\u00edas. <\/p>\n<p class=\"apm-text-center\">\n                                                      <img decoding=\"async\" alt=\"WD Red Plus\" src=\"https:\/\/images-na.ssl-images-amazon.com\/images\/G\/01\/x-locale\/common\/grey-pixel.gif\" class=\"a-spacing-mini a-lazy-loaded\" data-src=\"https:\/\/m.media-amazon.com\/images\/S\/aplus-media-library-service-media\/3121b874-b1ec-4085-a646-75f73ad78b53.__CR0,0,3000,3000_PT0_SX300_V1___.jpg\"><img decoding=\"async\" alt=\"WD Red Plus\" src=\"https:\/\/m.media-amazon.com\/images\/S\/aplus-media-library-service-media\/3121b874-b1ec-4085-a646-75f73ad78b53.__CR0,0,3000,3000_PT0_SX300_V1___.jpg\">  <\/p>\n<p>                                                    Creado para una compatibilidad con NAS \u00f3ptima                                       <\/p>\n<p> Nuestro exclusivo algoritmo optimizado para sistemas NAS equilibra el rendimiento y la fiabilidad en los entornos NAS y RAID. Sencillamente, WD Red Plus es el disco m\u00e1s compatible con carcasas NAS que existe. Pero no te f\u00edes solo de nuestra palabra. Los discos WD Red Plus cuentan con una amplia lista de pruebas de compatibilidad y colaboraci\u00f3n con la tecnolog\u00eda NAS de nuestros socios. <\/p>\n<p class=\"apm-text-center\">\n                                                      <img decoding=\"async\" alt=\"WD Red Plus\" src=\"https:\/\/images-na.ssl-images-amazon.com\/images\/G\/01\/x-locale\/common\/grey-pixel.gif\" class=\"a-spacing-mini a-lazy-loaded\" data-src=\"https:\/\/m.media-amazon.com\/images\/S\/aplus-media-library-service-media\/18061533-3fea-407d-b70d-c4647be79a68.__CR0,0,3000,3000_PT0_SX300_V1___.jpg\"><img decoding=\"async\" alt=\"WD Red Plus\" src=\"https:\/\/m.media-amazon.com\/images\/S\/aplus-media-library-service-media\/18061533-3fea-407d-b70d-c4647be79a68.__CR0,0,3000,3000_PT0_SX300_V1___.jpg\">  <\/p>\n<p>                                                    Tecnolog\u00eda exclusiva NASware 3.0                                       <\/p>\n<p> La tecnolog\u00eda NASware 3.0, exclusiva de Western Digital, est\u00e1 integrada en todos los discos duros WD Red Plus. La tecnolog\u00eda avanzada de NASware 3.0 mejora el rendimiento del sistema NAS al aumentar la compatibilidad, integraci\u00f3n, capacidad de actualizaci\u00f3n y fiabilidad. Los discos WD Red Plus con tecnolog\u00eda NASware facilitan enormemente la elecci\u00f3n de los discos para tu sistema NAS. <\/p>\n<p class=\"apm-text-center\">\n                                                      <img decoding=\"async\" alt=\"WD Red Plus\" src=\"https:\/\/images-na.ssl-images-amazon.com\/images\/G\/01\/x-locale\/common\/grey-pixel.gif\" class=\"a-spacing-mini a-lazy-loaded\" data-src=\"https:\/\/m.media-amazon.com\/images\/S\/aplus-media-library-service-media\/5f65d258-c47d-4d3e-a003-7b8b59cf1b19.__CR0,0,3000,3000_PT0_SX300_V1___.jpg\"><img decoding=\"async\" alt=\"WD Red Plus\" src=\"https:\/\/m.media-amazon.com\/images\/S\/aplus-media-library-service-media\/5f65d258-c47d-4d3e-a003-7b8b59cf1b19.__CR0,0,3000,3000_PT0_SX300_V1___.jpg\">  <\/p>\n<p>                                                    Para peque\u00f1as y medianas empresas                                       <\/p>\n<p> Los discos WD Red Plus proporcionan la velocidad y la capacidad que los clientes empresariales necesitan para almacenar, proteger y compartir sus datos en constante crecimiento con un n\u00famero cada vez mayor de usuarios de NAS. En sistemas NAS de hasta 8 compartimentos, los discos WD Red Plus ofrecen un rendimiento sin concesiones. <\/p>\n<p class=\"apm-text-center\">\n                                                      <img decoding=\"async\" alt=\"WD Red Plus\" src=\"https:\/\/images-na.ssl-images-amazon.com\/images\/G\/01\/x-locale\/common\/grey-pixel.gif\" class=\"a-spacing-mini a-lazy-loaded\" data-src=\"https:\/\/m.media-amazon.com\/images\/S\/aplus-media-library-service-media\/52bbfe91-57bd-4e4f-9e01-2b72e82a5248.__CR0,0,3000,3000_PT0_SX300_V1___.jpg\"><img decoding=\"async\" alt=\"WD Red Plus\" src=\"https:\/\/m.media-amazon.com\/images\/S\/aplus-media-library-service-media\/52bbfe91-57bd-4e4f-9e01-2b72e82a5248.__CR0,0,3000,3000_PT0_SX300_V1___.jpg\">  <\/p>\n<p>                                                    Asistencia de calidad y gar-ant\u00eda limitada de 3 a\u00f1os3                                       <\/p>\n<p> Mejora con confianza el rendimiento de tus sistemas NAS con la seguridad que aportan la gar-ant\u00eda limitada de 3 a\u00f1os y el servicio de atenci\u00f3n al cliente de primera clase que incluyen los discos WD Red Plus. <\/p>\n<p class=\"apm-text-center\">\n<h3 class=\"a-size-extra-large aplus-13-heading-text a-text-bold\"> Las especificaciones est\u00e1n sujetas a cambios sin aviso previo. <\/h3>\n<p class=\"description\"> 1 1 MB = 1 mill\u00f3n de bytes, 1 GB = mil millones de bytes y 1 TB = 1 bill\u00f3n de bytes. Puede que la capacidad real del usuario sea menor en funci\u00f3n del entorno operativo. <\/p>\n<p class=\"description\"> 2 La tasa de carga de trabajo se define como la cantidad de datos de usuario transferidos desde o hacia el disco duro. La tasa de carga de trabajo est\u00e1 anualizada = (TB transferidos x (8760 \/ horas de funcionamiento registradas)). La tasa de carga de trabajo var\u00eda seg\u00fan los componentes de hardware y software y la configuraci\u00f3n. <\/p>\n<p class=\"description\"> 3 Consulta sup port.wdc.c om\/wa rranty para conocer los detalles de la gar ant\u00eda espec\u00edficos de cada regi\u00f3n. <\/p>\n<p class=\"description\"> 4 Las especificaciones de MTBF se basan en una muestra estad\u00edstica y se calculan usando datos estad\u00edsticos y algoritmos de aceleraci\u00f3n en las condiciones operativas t\u00edpicas: con una carga de trabajo de 90 TB\/a\u00f1o y una temperatura de disco de 40 \u00b0C. La reducci\u00f3n de las especificaciones de MTBF se producir\u00e1 por encima de estos par\u00e1metros, hasta 65 \u00b0C de temperatura de disco. El MTBF no predice la fiabilidad de un disco espec\u00edfico. Asimismo, tampoco es una gar ant\u00eda. Puede que no todos los productos est\u00e9n disponibles en todo el mundo. <\/p>\n<p class=\"description\"> 5 Puede que no todos los productos est\u00e9n disponibles en todo el mundo. <\/p>\n<p class=\"description\"> 6 Este disco duro cumple o supera los requisitos de conformidad de las directivas de la Uni\u00f3n Europea 2011\/65\/UE y 2015\/863\/UE sobre restricciones a la utilizaci\u00f3n de sustancias peligrosas (RoHS). <\/p>\n<p class=\"description\"> 7 Hasta alcanzar la velocidad indicada. 1 En lo que se refiere a velocidad de transferencia, 1 MB\/s = un mill\u00f3n de bytes por segundo. Seg\u00fan las pruebas internas, el rendimiento puede variar en funci\u00f3n del dispositivo, las condiciones de uso, la capacidad del disco y otros factores. <\/p>\n<p class=\"description\"> 8 La velocidad de rotaci\u00f3n del eje del motor para este modelo es de 7200 r. p. m.; sin embargo, el ID del dispositivo puede indicar 5400 para reflejar la designaci\u00f3n de clase de rendimiento anterior. Descarga controlada en condici\u00f3n ambiente. <\/p>\n<p class=\"description\"> 9 Descarga controlada en condici\u00f3n ambiente. <\/p>\n<p class=\"description\"> 10 Medidas energ\u00e9ticas a temperatura ambiente. <\/p>\n<p> Package Dimensions                                            \u200f                                            :                                            \u200e                                            19 x 12.8 x 6.5 cm; 449.06 g   <br \/> Manufacturer                                            \u200f                                            :                                            \u200e                                            Western Digital Technologies, Inc.   <br \/> ASIN                                            \u200f                                            :                                            \u200e                                            B0DR8W8ZWF   <br \/> Item model number                                            \u200f                                            :                                            \u200e                                            WD29EFPX-SPC4TN0   <br \/> Guaranteed software updates until                                            \u200f                                            :                                            \u200e                                            unknown   <br \/>  Customer reviews:                                                                                            4.4               4.4 out of 5 stars                                  (3,864)                                              var dpAcrHasRegisteredArcLinkClickAction;                    P.when(&#8216;A&#8217;, &#8216;ready&#8217;).execute(function(A) {                        if (dpAcrHasRegisteredArcLinkClickAction !== true) {                            dpAcrHasRegisteredArcLinkClickAction = true;                            A.declarative(                                &#8216;acrLink-click-metrics&#8217;, &#8216;click&#8217;,                                { \u00aballowLinkDefault\u00bb: true },                                function (event) {                                    if (window.ue) {                                        ue.count(\u00abacrLinkClickCount\u00bb, (ue.count(\u00abacrLinkClickCount\u00bb) || 0) + 1);                                    }                                }                            );                        }                    });                                             P.when(&#8216;A&#8217;, &#8216;cf&#8217;).execute(function(A) {                A.declarative(&#8216;acrStarsLink-click-metrics&#8217;, &#8216;click&#8217;, { \u00aballowLinkDefault\u00bb : true },  function(event){                    if(window.ue) {                        ue.count(\u00abacrStarsLinkWithPopoverClickCount\u00bb, (ue.count(\u00abacrStarsLinkWithPopoverClickCount\u00bb) || 0) + 1);                    }                });            });                          <\/p>\n<p>Adapted for NAS with NASware Western Digital exclusive NASware technology adjusts disk parameters to suit NAS workloads, increasing performance and reliability.<br \/>Designed for permanent operation Since a NAS is always up and running, it is essential to choose a reliable disk. WD Red Plus hard drives are designed for systems that are active 24\/7, giving users the confidence of knowing they can access their data reliably.<br \/>Proven and reliable compatibility Western Digital collaborates with a wide range of NAS system vendors to perform thorough testing to ensure compatibility with most NAS enclosures.<br \/>Optimized for lower TCO WD Red Plus drives are designed to use less power (compared to previous models) and heat less, reducing operating costs and helping reduce heat in temperature-challenged NAS enclosures.<br \/>Ready for high performance While using less power, drives have sufficient bandwidth to meet the mixed performance requirements of multi-disk NAS systems.<\/p>\n\n","protected":false},"excerpt":{"rendered":"<p> From the manufacturer WD Red Plus Domina las situaciones m\u00e1s intensas con WD Red Plus<\/p>","protected":false},"featured_media":36131,"comment_status":"open","ping_status":"closed","template":"","meta":[],"product_brand":[],"product_cat":[76],"product_tag":[1515,909,1516,2958,1572,4227,1519,795,1517,2475,794,1514,1513,1522,1120,1518,1520,1717,3398,2474,1646,1521],"class_list":{"0":"post-36130","1":"product","2":"type-product","3":"status-publish","4":"has-post-thumbnail","6":"product_cat-hdd-drive","7":"product_tag-1tb-hard-drive","8":"product_tag-2tb","9":"product_tag-2tb-hdd","10":"product_tag-64mb","11":"product_tag-cache","12":"product_tag-cmr","13":"product_tag-desktop-hdd","14":"product_tag-drive","15":"product_tag-external-hard-drive","16":"product_tag-gbs","17":"product_tag-hard","18":"product_tag-hard-drive","19":"product_tag-hdd","20":"product_tag-hdd-price","21":"product_tag-internal","22":"product_tag-internal-hard-drive","23":"product_tag-laptop-hdd","24":"product_tag-nas","25":"product_tag-red","26":"product_tag-rpm","27":"product_tag-sata","28":"product_tag-storage-hard-drive","30":"first","31":"instock","32":"shipping-taxable","33":"product-type-external"},"_links":{"self":[{"href":"https:\/\/comprasyconsejos.store\/en\/wp-json\/wp\/v2\/product\/36130","targetHints":{"allow":["GET"]}}],"collection":[{"href":"https:\/\/comprasyconsejos.store\/en\/wp-json\/wp\/v2\/product"}],"about":[{"href":"https:\/\/comprasyconsejos.store\/en\/wp-json\/wp\/v2\/types\/product"}],"replies":[{"embeddable":true,"href":"https:\/\/comprasyconsejos.store\/en\/wp-json\/wp\/v2\/comments?post=36130"}],"version-history":[{"count":0,"href":"https:\/\/comprasyconsejos.store\/en\/wp-json\/wp\/v2\/product\/36130\/revisions"}],"wp:featuredmedia":[{"embeddable":true,"href":"https:\/\/comprasyconsejos.store\/en\/wp-json\/wp\/v2\/media\/36131"}],"wp:attachment":[{"href":"https:\/\/comprasyconsejos.store\/en\/wp-json\/wp\/v2\/media?parent=36130"}],"wp:term":[{"taxonomy":"product_brand","embeddable":true,"href":"https:\/\/comprasyconsejos.store\/en\/wp-json\/wp\/v2\/product_brand?post=36130"},{"taxonomy":"product_cat","embeddable":true,"href":"https:\/\/comprasyconsejos.store\/en\/wp-json\/wp\/v2\/product_cat?post=36130"},{"taxonomy":"product_tag","embeddable":true,"href":"https:\/\/comprasyconsejos.store\/en\/wp-json\/wp\/v2\/product_tag?post=36130"}],"curies":[{"name":"wp","href":"https:\/\/api.w.org\/{rel}","templated":true}]}}